{"id":3222,"date":"2023-06-22T14:40:00","date_gmt":"2023-06-22T14:40:00","guid":{"rendered":"https:\/\/www.appyweb.es\/diccionario\/?post_type=project&#038;p=3222"},"modified":"2023-09-04T09:34:11","modified_gmt":"2023-09-04T09:34:11","slug":"notificaciones-push","status":"publish","type":"page","link":"https:\/\/www.appyweb.es\/diccionario\/notificaciones-push\/","title":{"rendered":"Notificaciones Push"},"content":{"rendered":"<p>&nbsp;<\/p>\n<p>Los mensajes que son enviados por parte del servidor, por ejemplo, <strong>las notificaciones Push en una aplicaci\u00f3n m\u00f3vil son los mensajes o avisos<\/strong> que lanza la aplicaci\u00f3n para avisar a los usuarios de una nueva actualizaci\u00f3n, noticias, descuentos o cualquier otra informaci\u00f3n.<\/p>\n<h2>\u00bfQu\u00e9 son las notificaciones push?<\/h2>\n<p>Son un recurso que funciona a trav\u00e9s de la tecnolog\u00eda <em>push<\/em>, consiste en una <strong>forma de comunicaci\u00f3n a trav\u00e9s de Internet que suele tener origen en el servidor<\/strong>. Es utilizado con frecuencia en <a href=\"https:\/\/www.appyweb.es\/desarrollo-app\/\">los proyectos de desarrollo de apps<\/a> para garantizar que los usuarios naveguen e interact\u00faen frecuentemente dentro de recursos m\u00f3viles.<\/p>\n<p>En contraparte, existe la tecnolog\u00eda pull, que tiene su origen por parte de una petici\u00f3n del cliente, es decir, el usuario ser\u00e1 el encargado de solicitar la nueva actualizaci\u00f3n. Por ejemplo, cuando este refresque la aplicaci\u00f3n de Facebook, no necesariamente se trata de un aviso.<\/p>\n<h2>Origen<\/h2>\n<p>Se puede decir que las notificaciones Push para las aplicaciones m\u00f3viles empezaron a utilizarse con la aparici\u00f3n de los dispositivos m\u00f3viles BlackBerry, de hecho, fueron los que desarrollaron la tecnolog\u00eda para sus aplicaciones y <strong>as\u00ed avisar a los usuarios de cualquier novedad<\/strong>. Sin embargo, este sistema ya se hab\u00eda empezado implementar con la aparici\u00f3n del correo electr\u00f3nico.<\/p>\n<p>En cualquier caso se trata de un excelente <a href=\"https:\/\/www.appyweb.es\/marketing-de-contenidos\/\">recurso para hacer marketing de contenidos<\/a>, ya que aplicaciones pueden notificar a los usuarios directamente sobre sus nuevas actualizaciones y as\u00ed garantizar un tr\u00e1fico continuo. De esta forma, actualmente la mayor\u00eda de los sitios web o aplicaciones requieren de un permiso previo para llevar a cabo los avisos.<\/p>\n<h2>\u00bfPara qu\u00e9 sirven las notificaciones push?<\/h2>\n<p>El uso de esta herramienta es de gran amplitud, ya que no solo pueden utilizarse en los avisos al m\u00f3vil, sino tambi\u00e9n a ordenadores o tabletas. De esta forma, es una forma de comunicar ofertas, actualizaciones, productos, promociones o s\u00f3lo un mensaje de recordatorio.<\/p>\n<p>Sin embargo, con el paso del tiempo, las herramientas han utilizado este recurso de forma exagerada haciendo que los usuarios incluso ignoren los avisos. Por eso es importante <strong>garantizar que el usuario s\u00ed est\u00e9 interesado por los avisos<\/strong> y solicitar un permiso antes de enviarlos.<\/p>\n<h2>Ejemplo<\/h2>\n<p>Son muchas las aplicaciones y recursos digitales que utilizan este tipo de tecnolog\u00eda, por ejemplo, la aplicaci\u00f3n de mensajer\u00eda WhatsApp env\u00eda <strong>notificaciones Push de forma autom\u00e1tica cada vez que un usuario recibe un mensaje nuevo<\/strong>. Gracias a esto, no es necesario que las personas revisen WhatsApp todo el tiempo para estar al tanto de los mensajes nuevos.<\/p>\n<p>Sin embargo, incluso esta aplicaci\u00f3n permite que los usuarios puedan configurar los avisos, silenciarlos, repetirlos, mostrarlos en pantalla, entre otros.<\/p>\n<p><script type=\"application\/ld+json\">{\"@context\":\"https:\/\/schema.org\",\"@type\":\"FAQPage\",\"mainEntity\":[ \n{\"@type\":\"Question\",\"name\":\"\ud83d\udccc \u00bfQu\u00e9 son las notificaciones Push?\",\"acceptedAnswer\":{\"@type\":\"Answer\",\"text\":\"<\/p>\n<p>Son un recurso que funciona a trav\u00e9s de la tecnolog\u00eda <em>push<\/em>, consiste en una <strong>forma de comunicaci\u00f3n a trav\u00e9s de Internet que suele tener origen en el servidor<\/strong>. Es utilizado con frecuencia en <a href='https:\/\/www.appyweb.es\/desarrollo-app\/'>los proyectos de desarrollo de apps<\/a> para garantizar que los usuarios naveguen e interact\u00faen frecuentemente dentro de recursos m\u00f3viles.<\/p>\n<p>En contraparte, existe la tecnolog\u00eda pull, que tiene su origen por parte de una petici\u00f3n del cliente, es decir, el usuario ser\u00e1 el encargado de solicitar la nueva actualizaci\u00f3n. Por ejemplo, cuando este refresque la aplicaci\u00f3n de Facebook, no necesariamente se trata de un aviso.<\/p>\n<p>\"}},\n{\"@type\":\"Question\",\"name\":\"\ud83d\udccc Origen\",\"acceptedAnswer\":{\"@type\":\"Answer\",\"text\":\"<\/p>\n<p>Se puede decir que las notificaciones Push para las aplicaciones m\u00f3viles empezaron a utilizarse con la aparici\u00f3n de los dispositivos m\u00f3viles BlackBerry, de hecho, fueron los que desarrollaron la tecnolog\u00eda para sus aplicaciones y <strong>as\u00ed avisar a los usuarios de cualquier novedad<\/strong>. Sin embargo, este sistema ya se hab\u00eda empezado implementar con la aparici\u00f3n del correo electr\u00f3nico.<\/p>\n<p>En cualquier caso se trata de un excelente <a href='https:\/\/www.appyweb.es\/marketing-de-contenidos\/'>recurso para hacer marketing de contenidos<\/a>, ya que aplicaciones pueden notificar a los usuarios directamente sobre sus nuevas actualizaciones y as\u00ed garantizar un tr\u00e1fico continuo. De esta forma, actualmente la mayor\u00eda de los sitios web o aplicaciones requieren de un permiso previo para llevar a cabo los avisos.<\/p>\n<p>\"}},\n{\"@type\":\"Question\",\"name\":\"\ud83d\udccc \u00bfPara qu\u00e9 sirven las notificaciones push?\",\"acceptedAnswer\":{\"@type\":\"Answer\",\"text\":\"<\/p>\n<p>El uso de esta herramienta es de gran amplitud, ya que no solo pueden utilizarse en los avisos al m\u00f3vil, sino tambi\u00e9n a ordenadores o tabletas. De esta forma, es una forma de comunicar ofertas, actualizaciones, productos, promociones o s\u00f3lo un mensaje de recordatorio.<\/p>\n<p>Sin embargo, con el paso del tiempo, las herramientas han utilizado este recurso de forma exagerada haciendo que los usuarios incluso ignoren los avisos. Por eso es importante <strong>garantizar que el usuario s\u00ed est\u00e9 interesado por los avisos<\/strong> y solicitar un permiso antes de enviarlos.<\/p>\n<p>\"}},\n{\"@type\":\"Question\",\"name\":\"\ud83d\udccc Ejemplo\",\"acceptedAnswer\":{\"@type\":\"Answer\",\"text\":\"<\/p>\n<p>Son muchas las aplicaciones y recursos digitales que utilizan este tipo de tecnolog\u00eda, por ejemplo, la aplicaci\u00f3n de mensajer\u00eda WhatsApp env\u00eda <strong>notificaciones Push de forma autom\u00e1tica cada vez que un usuario recibe un mensaje nuevo<\/strong>. Gracias a esto, no es necesario que las personas revisen WhatsApp todo el tiempo para estar al tanto de los mensajes nuevos.<\/p>\n<p>Sin embargo, incluso esta aplicaci\u00f3n permite que los usuarios puedan configurar los avisos, silenciarlos, repetirlos, mostrarlos en pantalla, entre otros.<\/p>\n<p>\"}}\n]}<\/script><\/p>\n<h2>M\u00e1s Informaci\u00f3n sobre notificaciones push<\/h2>\n<p>Algunos expertos en marketing indican que <strong>este tipo de tecnolog\u00eda puede llegar a ser muy invasiva<\/strong>, por eso es importante saber utilizarla. Si quieres tener un poco m\u00e1s informaci\u00f3n al respecto a los siguientes enlaces.<\/p>\n<ul>\n<li><a href=\"https:\/\/www.appyweb.es\/app-nativa-o-web-mobile\/\">\u00bfApp nativa o una web mobile para nuestro negocio?<\/a><\/li>\n<li><a href=\"https:\/\/www.iebschool.com\/blog\/conectar-audiencia-notificaciones-push-marketing-digital\/\" rel=\"nofollow noopener\" target=\"_blank\">C\u00f3mo conectar con tu audiencia a trav\u00e9s de las notificaciones push<\/a><\/li>\n<\/ul>\n<p>&nbsp;<\/p>\n","protected":false},"excerpt":{"rendered":"<p>&nbsp; Los mensajes que son enviados por parte del servidor, por ejemplo, las notificaciones Push en una aplicaci\u00f3n m\u00f3vil son los mensajes o avisos que lanza la aplicaci\u00f3n para avisar a los usuarios de una nueva actualizaci\u00f3n, noticias, descuentos o cualquier otra informaci\u00f3n. \u00bfQu\u00e9 son las notificaciones push? Son un recurso que funciona a trav\u00e9s [&hellip;]<\/p>\n","protected":false},"author":1,"featured_media":0,"parent":0,"menu_order":0,"comment_status":"open","ping_status":"closed","template":"","meta":{"inline_featured_image":false,"footnotes":""},"class_list":["post-3222","page","type-page","status-publish","hentry"],"_links":{"self":[{"href":"https:\/\/www.appyweb.es\/diccionario\/wp-json\/wp\/v2\/pages\/3222","targetHints":{"allow":["GET"]}}],"collection":[{"href":"https:\/\/www.appyweb.es\/diccionario\/wp-json\/wp\/v2\/pages"}],"about":[{"href":"https:\/\/www.appyweb.es\/diccionario\/wp-json\/wp\/v2\/types\/page"}],"author":[{"embeddable":true,"href":"https:\/\/www.appyweb.es\/diccionario\/wp-json\/wp\/v2\/users\/1"}],"replies":[{"embeddable":true,"href":"https:\/\/www.appyweb.es\/diccionario\/wp-json\/wp\/v2\/comments?post=3222"}],"version-history":[{"count":3,"href":"https:\/\/www.appyweb.es\/diccionario\/wp-json\/wp\/v2\/pages\/3222\/revisions"}],"predecessor-version":[{"id":9313,"href":"https:\/\/www.appyweb.es\/diccionario\/wp-json\/wp\/v2\/pages\/3222\/revisions\/9313"}],"wp:attachment":[{"href":"https:\/\/www.appyweb.es\/diccionario\/wp-json\/wp\/v2\/media?parent=3222"}],"curies":[{"name":"wp","href":"https:\/\/api.w.org\/{rel}","templated":true}]}}