{"id":3226,"date":"2023-06-22T14:41:12","date_gmt":"2023-06-22T14:41:12","guid":{"rendered":"https:\/\/www.appyweb.es\/diccionario\/?post_type=project&#038;p=3226"},"modified":"2023-09-04T09:34:18","modified_gmt":"2023-09-04T09:34:18","slug":"notoriedad","status":"publish","type":"page","link":"https:\/\/www.appyweb.es\/diccionario\/notoriedad\/","title":{"rendered":"Notoriedad"},"content":{"rendered":"<h1><\/h1>\n<p>Uno de los objetivos de cualquier marca es hacerse popular ampliando sus fuentes y canales de publicidad. Cuando los usuarios empiezan a reconocerla con mayor frecuencia, <strong>comienza a tener un alto nivel de notoriedad<\/strong>. De esta forma, se puede asociar a la marca con una idea de prestigio.<\/p>\n<h2>\u00bfQu\u00e9 es notoriedad?<\/h2>\n<p>Es un concepto que se utiliza en el marketing para hacer referencia al nivel de popularidad y <strong>reconocimiento que tiene una marca en su sector y frente a su audiencia<\/strong>, pero sobre todo con respecto a su competencia. Las marcas con una mayor notoriedad siempre tendr\u00e1n primero la atenci\u00f3n de los usuarios, As\u00ed que se trata de una estrategia que requiere de <a href=\"https:\/\/www.appyweb.es\/marketing-de-atraccion\/\">muchos recursos de marketing de atracci\u00f3n<\/a>.<\/p>\n<p>Gracias a esto, la empresa podr\u00e1 tener la capacidad de posicionarse como una primera opci\u00f3n en su sector. Con este nivel de inclusi\u00f3n en el mercado, se podr\u00e1n generar mejores resultados, tanto en el alcance de sus campa\u00f1as como en el aumento de las ventas.<\/p>\n<h2>Su origen<\/h2>\n<p>La palabra <em>notoriedad<\/em> viene del significado de caracter\u00edstica, cualidad, fama, \u00e9xito. Aparte de reputaci\u00f3n, prestigio y renombre. Su etimolog\u00eda corresponde a la palabra \u201cnotorio\u201d, del sufijo \u201cedad\u201d que simboliza cualidad. En este caso, puede ser dif\u00edcil encontrar un punto de origen sobre cu\u00e1ndo empez\u00f3 a utilizarse el t\u00e9rmino en el \u00e1mbito del marketing, sin embargo, los expertos indican que se hace presente cuando las personas <strong>utilizan el nombre de la marca para describir una categor\u00eda entera<\/strong> de servicios o productos.<\/p>\n<p>Por ejemplo, las personas utilizan la palabra Kleenex para hacer referencia a pa\u00f1uelos de forma gen\u00e9rica, sin embargo tambi\u00e9n es el nombre de una marca. Se puede decir que tiene una notoriedad importante, ya que los usuarios no s\u00f3lo lo prefieren, sino que tambi\u00e9n llaman de esta forma todos los productos relacionados, incluso si son de otra marca. Lo mismo ocurre con K\u00e9tchup y otras marcas.<\/p>\n<h2>\u00bfPara qu\u00e9 sirve la notoriedad?<\/h2>\n<p>En primer lugar, <strong>la notoriedad sirve para mejorar la reputaci\u00f3n de una marca<\/strong>, expandirla y exponerla frente al mercado. Aunque est\u00e1 ligada directamente <a href=\"https:\/\/www.appyweb.es\/conversion-web\/%7b\">al aumento de las conversiones<\/a> y ventas, su objetivo principal es incrementar el reconocimiento, es decir, que los usuarios sepan que se trata de cierta marca solo al escuchar su nombre o al ver su logo.<\/p>\n<p>De esta forma, generan una gran influencia en el mercado, llegando a <strong>tener relevancia en el Top Of Mind<\/strong>, es decir, lo primero que piensan las personas al referirse a un producto o servicio en espec\u00edfico. Igualmente, esto tambi\u00e9n tiene como funci\u00f3n medir el nivel de conocimiento que tiene el p\u00fablico sobre la marca.<\/p>\n<h2>Ejemplo<\/h2>\n<p>Coca Cola es una de las empresas de bebidas refrescantes m\u00e1s famosas del mundo, se ha colado en el subconsciente de tantas generaciones hasta llegar al nivel en que <strong>la silueta de su botella pueda ser reconocida incluso sin verla realmente<\/strong>.<\/p>\n<p>Durante el 2020, la empresa lanz\u00f3 una campa\u00f1a llamada <em>Feel It<\/em> o \u201csi\u00e9ntelo\u201d, donde expusieron varios anuncios solo con la palabra Coca-Cola alrededor de una silueta invisible de su botella, creando una ilusi\u00f3n \u00f3ptica. Incluso sin ver la botella, la mente de los consumidores puede presentirla, aqu\u00ed una imagen como ejemplo.<\/p>\n<p><script type=\"application\/ld+json\">{\"@context\":\"https:\/\/schema.org\",\"@type\":\"FAQPage\",\"mainEntity\":[ \n{\"@type\":\"Question\",\"name\":\"\ud83d\udccc \u00bfQu\u00e9 es notoriedad?\",\"acceptedAnswer\":{\"@type\":\"Answer\",\"text\":\"<\/p>\n<p>Es un concepto que se utiliza en el marketing para hacer referencia al nivel de popularidad y <strong>reconocimiento que tiene una marca en su sector y frente a su audiencia<\/strong>, pero sobre todo con respecto a su competencia. Las marcas con una mayor notoriedad siempre tendr\u00e1n primero la atenci\u00f3n de los usuarios, As\u00ed que se trata de una estrategia que requiere de <a href='https:\/\/www.appyweb.es\/marketing-de-atraccion\/'>muchos recursos de marketing de atracci\u00f3n<\/a>.<\/p>\n<p>Gracias a esto, la empresa podr\u00e1 tener la capacidad de posicionarse como una primera opci\u00f3n en su sector. Con este nivel de inclusi\u00f3n en el mercado, se podr\u00e1n generar mejores resultados, tanto en el alcance de sus campa\u00f1as como en el aumento de las ventas.<\/p>\n<p>\"}},\n{\"@type\":\"Question\",\"name\":\"\ud83d\udccc Su origen\",\"acceptedAnswer\":{\"@type\":\"Answer\",\"text\":\"<\/p>\n<p>La palabra <em>notoriedad<\/em> viene del significado de caracter\u00edstica, cualidad, fama, \u00e9xito. Aparte de reputaci\u00f3n, prestigio y renombre. Su etimolog\u00eda corresponde a la palabra \u201cnotorio\u201d, del sufijo \u201cedad\u201d que simboliza cualidad. En este caso, puede ser dif\u00edcil encontrar un punto de origen sobre cu\u00e1ndo empez\u00f3 a utilizarse el t\u00e9rmino en el \u00e1mbito del marketing, sin embargo, los expertos indican que se hace presente cuando las personas <strong>utilizan el nombre de la marca para describir una categor\u00eda entera<\/strong> de servicios o productos.<\/p>\n<p>Por ejemplo, las personas utilizan la palabra Kleenex para hacer referencia a pa\u00f1uelos de forma gen\u00e9rica, sin embargo tambi\u00e9n es el nombre de una marca. Se puede decir que tiene una notoriedad importante, ya que los usuarios no s\u00f3lo lo prefieren, sino que tambi\u00e9n llaman de esta forma todos los productos relacionados, incluso si son de otra marca. Lo mismo ocurre con K\u00e9tchup y otras marcas.<\/p>\n<p>\"}},\n{\"@type\":\"Question\",\"name\":\"\ud83d\udccc \u00bfPara qu\u00e9 sirve la notoriedad?\",\"acceptedAnswer\":{\"@type\":\"Answer\",\"text\":\"<\/p>\n<p>En primer lugar, <strong>la notoriedad sirve para mejorar la reputaci\u00f3n de una marca<\/strong>, expandirla y exponerla frente al mercado. Aunque est\u00e1 ligada directamente <a href='https:\/\/www.appyweb.es\/conversion-web\/%7b'>al aumento de las conversiones<\/a> y ventas, su objetivo principal es incrementar el reconocimiento, es decir, que los usuarios sepan que se trata de cierta marca solo al escuchar su nombre o al ver su logo.<\/p>\n<p>De esta forma, generan una gran influencia en el mercado, llegando a <strong>tener relevancia en el Top Of Mind<\/strong>, es decir, lo primero que piensan las personas al referirse a un producto o servicio en espec\u00edfico. Igualmente, esto tambi\u00e9n tiene como funci\u00f3n medir el nivel de conocimiento que tiene el p\u00fablico sobre la marca.<\/p>\n<p>\"}},\n{\"@type\":\"Question\",\"name\":\"\ud83d\udccc Ejemplo\",\"acceptedAnswer\":{\"@type\":\"Answer\",\"text\":\"<\/p>\n<p>Coca Cola es una de las empresas de bebidas refrescantes m\u00e1s famosas del mundo, se ha colado en el subconsciente de tantas generaciones hasta llegar al nivel en que <strong>la silueta de su botella pueda ser reconocida incluso sin verla realmente<\/strong>. <\/p>\n<p>Durante el 2020, la empresa lanz\u00f3 una campa\u00f1a llamada <em>Feel It<\/em> o \u201csi\u00e9ntelo\u201d, donde expusieron varios anuncios solo con la palabra Coca-Cola alrededor de una silueta invisible de su botella, creando una ilusi\u00f3n \u00f3ptica. Incluso sin ver la botella, la mente de los consumidores puede presentirla, aqu\u00ed una imagen como ejemplo.<\/p>\n<p>\"}}\n]}<\/script><\/p>\n<h2>M\u00e1s informaci\u00f3n sobre notoriedad<\/h2>\n<p>\u00bfTe gustar\u00eda que tu marca llegara a tener este tipo de reconocimiento?, mira los siguientes enlaces y te m\u00e1s informaci\u00f3n al respecto.<\/p>\n<ul>\n<li><a href=\"https:\/\/www.appyweb.es\/14-estrategias-aumentar-visibilidad-negocio\/\">14 estrategias para aumentar visibilidad de tu negocio<\/a><\/li>\n<li><a href=\"https:\/\/www.america-retail.com\/marketing\/marketing-como-aumentar-la-visibilidad-de-tu-marca-con-campanas-rsc\/\" rel=\"nofollow noopener\" target=\"_blank\">Marketing: \u00bfC\u00f3mo aumentar la visibilidad de tu marca con campa\u00f1as RSC?<\/a><\/li>\n<\/ul>\n<p>&nbsp;<\/p>\n","protected":false},"excerpt":{"rendered":"<p>Uno de los objetivos de cualquier marca es hacerse popular ampliando sus fuentes y canales de publicidad. Cuando los usuarios empiezan a reconocerla con mayor frecuencia, comienza a tener un alto nivel de notoriedad. De esta forma, se puede asociar a la marca con una idea de prestigio. \u00bfQu\u00e9 es notoriedad? Es un concepto que [&hellip;]<\/p>\n","protected":false},"author":1,"featured_media":0,"parent":0,"menu_order":0,"comment_status":"open","ping_status":"closed","template":"","meta":{"inline_featured_image":false,"footnotes":""},"class_list":["post-3226","page","type-page","status-publish","hentry"],"_links":{"self":[{"href":"https:\/\/www.appyweb.es\/diccionario\/wp-json\/wp\/v2\/pages\/3226","targetHints":{"allow":["GET"]}}],"collection":[{"href":"https:\/\/www.appyweb.es\/diccionario\/wp-json\/wp\/v2\/pages"}],"about":[{"href":"https:\/\/www.appyweb.es\/diccionario\/wp-json\/wp\/v2\/types\/page"}],"author":[{"embeddable":true,"href":"https:\/\/www.appyweb.es\/diccionario\/wp-json\/wp\/v2\/users\/1"}],"replies":[{"embeddable":true,"href":"https:\/\/www.appyweb.es\/diccionario\/wp-json\/wp\/v2\/comments?post=3226"}],"version-history":[{"count":3,"href":"https:\/\/www.appyweb.es\/diccionario\/wp-json\/wp\/v2\/pages\/3226\/revisions"}],"predecessor-version":[{"id":9314,"href":"https:\/\/www.appyweb.es\/diccionario\/wp-json\/wp\/v2\/pages\/3226\/revisions\/9314"}],"wp:attachment":[{"href":"https:\/\/www.appyweb.es\/diccionario\/wp-json\/wp\/v2\/media?parent=3226"}],"curies":[{"name":"wp","href":"https:\/\/api.w.org\/{rel}","templated":true}]}}