{"id":3250,"date":"2023-06-22T14:47:48","date_gmt":"2023-06-22T14:47:48","guid":{"rendered":"https:\/\/www.appyweb.es\/diccionario\/?post_type=project&#038;p=3250"},"modified":"2024-03-20T12:22:15","modified_gmt":"2024-03-20T12:22:15","slug":"ofuscar-enlace","status":"publish","type":"page","link":"https:\/\/www.appyweb.es\/diccionario\/ofuscar-enlace\/","title":{"rendered":"Ofuscar Enlace"},"content":{"rendered":"<h1><img loading=\"lazy\" decoding=\"async\" class=\"alignnone  wp-image-11579\" src=\"https:\/\/www.appyweb.es\/diccionario\/wp-content\/uploads\/2024\/03\/ofuscar-enlace-1-300x180.jpg\" alt=\"\" width=\"823\" height=\"494\" srcset=\"https:\/\/www.appyweb.es\/diccionario\/wp-content\/uploads\/2024\/03\/ofuscar-enlace-1-300x180.jpg 300w, https:\/\/www.appyweb.es\/diccionario\/wp-content\/uploads\/2024\/03\/ofuscar-enlace-1-768x461.jpg 768w, https:\/\/www.appyweb.es\/diccionario\/wp-content\/uploads\/2024\/03\/ofuscar-enlace-1.jpg 1000w\" sizes=\"auto, (max-width: 823px) 100vw, 823px\" \/><\/h1>\n<p>Es una acci\u00f3n que consiste en evitar que los rastreadores de los buscadores, como los bots de Google, puedan evaluar un URL dentro de un sitio. En este sentido, <strong>ofuscar un enlace tambi\u00e9n puede evitar la p\u00e9rdida de autoridad<\/strong> o link juice, es algo similar a los links nofollow, pero tienen una diferencia notable en comparaci\u00f3n.<\/p>\n<h2>\u00bfQu\u00e9 es ofuscar enlace?<\/h2>\n<p>Se trata de una acci\u00f3n que consiste en \u00abocultar\u00bb una URL frente a los crawlers o bots, esto evita que sean evaluados y posicionados. Puede ser una <a href=\"https:\/\/www.appyweb.es\/link-building\/\">t\u00e9cnica muy \u00fatil para el linkbuilding<\/a> por que tambi\u00e9n evita que el link juice sea filtrado por esto, <strong>permitiendo que se concentre la mayor cantidad dentro del sitio<\/strong>, algo que favorece a los links que s\u00ed se quieren posicionar.<\/p>\n<p>Se puede ofuscar un enlace tanto en URLs internas como externas, de forma que se pueda evitar el filtrado de zumo por v\u00ednculos que no son realmente \u00fatiles para el posicionamiento. Igualmente, se utilizan con frecuencia para reducir el n\u00famero de links dentro de una p\u00e1gina, ya que tener una cantidad exagerada tambi\u00e9n afecta el posicionamiento.<\/p>\n<h2>\u00bfPor qu\u00e9 ofuscar enlaces y no utilizar nofollow?<\/h2>\n<p>Existen varias etiquetas que pueden evitar que una p\u00e1gina tenga relevancia en <a href=\"https:\/\/www.appyweb.es\/posicionamiento-web\/\">la indexaci\u00f3n para el posicionamiento web<\/a>, por ejemplo, nofollow o noindex. Pero, ambas son una sugerencia frente a los crawlers, bien puede que Google no analicce las URL con esas etiquetas, pero todav\u00eda puede explorarlas para conocer su relevancia, as\u00ed que basicamente todav\u00eda comparten link juice.<\/p>\n<p>Por otro lado, <strong>al ofuscar enlace se estar\u00e1 eliminando el tributo <\/strong><strong>&lt;<\/strong><strong>a href del c\u00f3digo HTML<\/strong> que indica la URL, lo que significa que no estar\u00e1 disponible para rastrear, pero seguir\u00e1 all\u00ed. Esto permite \u00abenmascarar\u00bb el enlace frente a los crawlers y efectivamente, evita que se pierda link juice.<\/p>\n<h2>\u00bfPara qu\u00e9 sirve?<\/h2>\n<p>Su principal funci\u00f3n es <strong>optimizar al m\u00e1ximo la estrategia de construcci\u00f3n de links<\/strong>, ya que se evita que el sitio pierda autoridad o relevancia a trav\u00e9s de enlaces que no tienen nada que ver con la estrategia de posicionamiento. As\u00ed, todo el link juice se concentra en las p\u00e1ginas que est\u00e9n lo suficientemente optimizadas para impulsar al sitio en los resultados de b\u00fasqueda.<\/p>\n<p>En este sentido, es necesario mencionar que aunque ser\u00e1 invisible ante los bots de buscadores, seguir\u00e1 disponible frente a los usuarios, as\u00ed que no se perder\u00e1 el tr\u00e1fico que provenga o salga de all\u00ed. Esto puede ser rentable para blogs que enlazan a otros sitios de diferentes tem\u00e1ticas o anuncios por cuestiones de monetizaci\u00f3n.<\/p>\n<h2>\u00bfC\u00f3mo ofuscar un enlace?<\/h2>\n<p>Bien, como ya se mencion\u00f3 antes, es necesario ocultar el tributo &lt;a href del HTML, existen diversas formas de hacerlo. La m\u00e1s tradicional es crear una capa <em>span<\/em> o <em>div<\/em>, despu\u00e9s a\u00f1adir un evento <em>onclick<\/em> en JavaScript <strong>para que est\u00e9 disponible para los usuarios<\/strong> cuando pasen el cursor sobre esa \u00e1rea, con ayuda de estilos CSS. En este caso, el resultado ser\u00eda similar a esto.<\/p>\n<p><code>&lt;span class=\u201dofuscado\u201d onclick=\u00bbwindow.location.href=\u2019https:\/\/enlace.com\u2019;\u201d&gt;ACCEDER&lt;\/span&gt;<\/code><\/p>\n<p>Tambi\u00e9n existe otro m\u00e9todo para sitios web con WordPress, con ayuda de un plugin llamado <a href=\"https:\/\/www.fedegomez.es\/link-juice-optimizer-plugin-optimizar-crawl-budget\/\" rel=\"nofollow noopener\" target=\"_blank\">Link Juice Optimizer<\/a>, con esto se pueden ofuscar enlaces dentro de las p\u00e1ginas o post, en los widgets del sitio o links de tiendas online.<\/p>\n<p><script type=\"application\/ld+json\">{\"@context\":\"https:\/\/schema.org\",\"@type\":\"FAQPage\",\"mainEntity\":[ \n{\"@type\":\"Question\",\"name\":\"\ud83d\udccc \u00bfQu\u00e9 es ofuscar enlace?\",\"acceptedAnswer\":{\"@type\":\"Answer\",\"text\":\"<\/p>\n<p>Se trata de una acci\u00f3n que consiste en 'ocultar' una URL frente a los crawlers o bots, esto evita que sean evaluados y posicionados. Puede ser una <a href='https:\/\/www.appyweb.es\/link-building\/'>t\u00e9cnica muy \u00fatil para el linkbuilding<\/a> por que tambi\u00e9n evita que el link juice sea filtrado por esto, <strong>permitiendo que se concentre la mayor cantidad dentro del sitio<\/strong>, algo que favorece a los links que s\u00ed se quieren posicionar.<\/p>\n<p>Se puede ofuscar un enlace tanto en URLs internas como externas, de forma que se pueda evitar el filtrado de zumo por v\u00ednculos que no son realmente \u00fatiles para el posicionamiento. Igualmente, se utilizan con frecuencia para reducir el n\u00famero de links dentro de una p\u00e1gina, ya que tener una cantidad exagerada tambi\u00e9n afecta el posicionamiento.<\/p>\n<p>\"}},\n{\"@type\":\"Question\",\"name\":\"\ud83d\udccc \u00bfPor qu\u00e9 ofuscar enlaces y no utilizar nofollow?\",\"acceptedAnswer\":{\"@type\":\"Answer\",\"text\":\"<\/p>\n<p>Existen varias etiquetas que pueden evitar que una p\u00e1gina tenga relevancia en <a href='https:\/\/www.appyweb.es\/posicionamiento-web\/'>la indexaci\u00f3n para el posicionamiento web<\/a>, por ejemplo, nofollow o noindex. Pero, ambas son una sugerencia frente a los crawlers, bien puede que Google no analicce las URL con esas etiquetas, pero todav\u00eda puede explorarlas para conocer su relevancia, as\u00ed que basicamente todav\u00eda comparten link juice.<\/p>\n<p>Por otro lado, <strong>al ofuscar enlace se estar\u00e1 eliminando el tributo <a href del c\u00f3digo HTML<\/strong> que indica la URL, lo que significa que no estar\u00e1 disponible para rastrear, pero seguir\u00e1 all\u00ed. Esto permite 'enmascarar' el URL frente a los crawlers y efectivamente, evita que se pierda link juice.<\/p>\n<p>\"}},\n{\"@type\":\"Question\",\"name\":\"\ud83d\udccc \u00bfPara qu\u00e9 sirve?\",\"acceptedAnswer\":{\"@type\":\"Answer\",\"text\":\"<\/p>\n<p>Su principal funci\u00f3n es <strong>optimizar al m\u00e1ximo la estrategia de construcci\u00f3n de links<\/strong>, ya que se evita que el sitio pierda autoridad o relevancia a trav\u00e9s de enlaces que no tienen nada que ver con la estrategia de posicionamiento. As\u00ed, todo el link juice se concentra en las p\u00e1ginas que est\u00e9n lo suficientemente optimizadas para impulsar al sitio en los resultados de b\u00fasqueda.<\/p>\n<p>En este sentido, es necesario mencionar que aunque ser\u00e1 invisible ante los bots de buscadores, seguir\u00e1 disponible frente a los usuarios, as\u00ed que no se perder\u00e1 el tr\u00e1fico que provenga o salga de all\u00ed. Esto puede ser rentable para blogs que enlazan a otros sitios de diferentes tem\u00e1ticas o anuncios por cuestiones de monetizaci\u00f3n.<\/p>\n<p>\"}},\n{\"@type\":\"Question\",\"name\":\"\ud83d\udccc \u00bfC\u00f3mo ofuscar un enlace?\",\"acceptedAnswer\":{\"@type\":\"Answer\",\"text\":\"<\/p>\n<p>Bien, como ya se mencion\u00f3 antes, es necesario ocultar el tributo \u201c<a href\u201d del HTML, existen diversas formas de hacerlo. La m\u00e1s tradicional es crear una capa <em>span<\/em> o <em>div<\/em>, despu\u00e9s a\u00f1adir un evento <em>onclick<\/em> en JavaScript <strong>para que est\u00e9 disponible para los usuarios<\/strong> cuando pasen el cursor sobre esa \u00e1rea, con ayuda de estilos CSS. En este caso, el resultado ser\u00eda similar a esto.<\/p>\n<p>Tambi\u00e9n existe otro m\u00e9todo para sitios web con WordPress, con ayuda de un plugin llamado  <a href='https:\/\/www.fedegomez.es\/link-juice-optimizer-plugin-optimizar-crawl-budget\/'>Link Juice Optimizer<\/a>, con esto se pueden ofuscar enlaces dentro de las p\u00e1ginas o post, en los widgets del sitio o links de tiendas online.<\/p>\n<p>\"}}\n]}<\/script><\/p>\n<h2>M\u00e1s informaci\u00f3n sobre ofuscar enlace<\/h2>\n<p>Es uno de los mejores trucos para <strong>mejorar el rendimiento de tus estrategias de links<\/strong> \u00bfquieres saber m\u00e1s al respecto?, accede a los siguientes v\u00ednculos para tener m\u00e1s informaci\u00f3n.<\/p>\n<ul>\n<li><a href=\"https:\/\/www.appyweb.es\/diccionario\/enlace-dofollow\/\">\u00bfQu\u00e9 es el Enlace dofollow y para qu\u00e9 sirve?<\/a><\/li>\n<li><a href=\"https:\/\/www.bufa.es\/seo-como-ofuscar-enlaces-con-javascript\/\" rel=\"nofollow noopener\" target=\"_blank\">SEO: C\u00f3mo ofuscar enlaces con javascript<\/a><\/li>\n<\/ul>\n<p>&nbsp;<\/p>\n","protected":false},"excerpt":{"rendered":"<p>Es una acci\u00f3n que consiste en evitar que los rastreadores de los buscadores, como los bots de Google, puedan evaluar un URL dentro de un sitio. En este sentido, ofuscar un enlace tambi\u00e9n puede evitar la p\u00e9rdida de autoridad o link juice, es algo similar a los links nofollow, pero tienen una diferencia notable en [&hellip;]<\/p>\n","protected":false},"author":1,"featured_media":11579,"parent":0,"menu_order":0,"comment_status":"open","ping_status":"closed","template":"","meta":{"inline_featured_image":false,"footnotes":""},"class_list":["post-3250","page","type-page","status-publish","has-post-thumbnail","hentry"],"_links":{"self":[{"href":"https:\/\/www.appyweb.es\/diccionario\/wp-json\/wp\/v2\/pages\/3250","targetHints":{"allow":["GET"]}}],"collection":[{"href":"https:\/\/www.appyweb.es\/diccionario\/wp-json\/wp\/v2\/pages"}],"about":[{"href":"https:\/\/www.appyweb.es\/diccionario\/wp-json\/wp\/v2\/types\/page"}],"author":[{"embeddable":true,"href":"https:\/\/www.appyweb.es\/diccionario\/wp-json\/wp\/v2\/users\/1"}],"replies":[{"embeddable":true,"href":"https:\/\/www.appyweb.es\/diccionario\/wp-json\/wp\/v2\/comments?post=3250"}],"version-history":[{"count":6,"href":"https:\/\/www.appyweb.es\/diccionario\/wp-json\/wp\/v2\/pages\/3250\/revisions"}],"predecessor-version":[{"id":11583,"href":"https:\/\/www.appyweb.es\/diccionario\/wp-json\/wp\/v2\/pages\/3250\/revisions\/11583"}],"wp:featuredmedia":[{"embeddable":true,"href":"https:\/\/www.appyweb.es\/diccionario\/wp-json\/wp\/v2\/media\/11579"}],"wp:attachment":[{"href":"https:\/\/www.appyweb.es\/diccionario\/wp-json\/wp\/v2\/media?parent=3250"}],"curies":[{"name":"wp","href":"https:\/\/api.w.org\/{rel}","templated":true}]}}