{"id":3253,"date":"2023-06-22T14:48:35","date_gmt":"2023-06-22T14:48:35","guid":{"rendered":"https:\/\/www.appyweb.es\/diccionario\/?post_type=project&#038;p=3253"},"modified":"2024-03-20T15:56:04","modified_gmt":"2024-03-20T15:56:04","slug":"ontologias-web","status":"publish","type":"page","link":"https:\/\/www.appyweb.es\/diccionario\/ontologias-web\/","title":{"rendered":"Ontolog\u00edas Web"},"content":{"rendered":"<h1><img loading=\"lazy\" decoding=\"async\" class=\"alignnone  wp-image-11734\" src=\"https:\/\/www.appyweb.es\/diccionario\/wp-content\/uploads\/2024\/03\/ontologias-web-300x200.jpg\" alt=\"\" width=\"968\" height=\"645\" srcset=\"https:\/\/www.appyweb.es\/diccionario\/wp-content\/uploads\/2024\/03\/ontologias-web-300x200.jpg 300w, https:\/\/www.appyweb.es\/diccionario\/wp-content\/uploads\/2024\/03\/ontologias-web-1024x683.jpg 1024w, https:\/\/www.appyweb.es\/diccionario\/wp-content\/uploads\/2024\/03\/ontologias-web-768x513.jpg 768w, https:\/\/www.appyweb.es\/diccionario\/wp-content\/uploads\/2024\/03\/ontologias-web.jpg 1500w\" sizes=\"auto, (max-width: 968px) 100vw, 968px\" \/><\/h1>\n<p>Propiamente, la ontolog\u00eda es un concepto que se utiliza para definir tipos, propiedades y relaciones, b\u00e1sicamente es una taxonom\u00eda, sobre todo en las pr\u00e1cticas filos\u00f3ficas. Pero, cuando se habla de <strong>ontolog\u00edas web son un conjunto de variables aplicados a la inform\u00e1tica<\/strong> para establecer relaciones entre ellos.<\/p>\n<h2>\u00bfQu\u00e9 son las ontolog\u00edas web?<\/h2>\n<p>Son conceptos que se utilizan para limitar y organizar la informaci\u00f3n en Internet, esto se realiza <strong>a partir de un lenguaje de programaci\u00f3n tambi\u00e9n conocido como OWL<\/strong>. Actualmente, se utilizan para establecer la red sem\u00e1ntica, tambi\u00e9n conocida como el Internet 3.0, que consiste en alimentar procesos de inteligencia artificial.<\/p>\n<p>Un ejemplo de esto es Google, con su actualizaci\u00f3n BERT utiliza este tipo de taxonom\u00eda <a href=\"https:\/\/www.appyweb.es\/posicionamiento-web\/\">para mejorar el posicionamiento web<\/a> y optimizar las respuestas a las consultas de los usuarios, teniendo en cuenta la relaci\u00f3n de los conceptos o variables de su consulta, as\u00ed como otros factores propios del algoritmo.<\/p>\n<h2>\u00bfPara qu\u00e9 sirve?<\/h2>\n<p>En primero lugar, se empez\u00f3 a utilizar en los 80 con el objetivo de hacer una teor\u00eda de modelado para los sistemas de conocimiento o inteligencia artificial. De esta forma, los investigadores <strong>se inspiraron en ontolog\u00edas filos\u00f3ficas para aplicar a Internet<\/strong>. Por otro lado, tambi\u00e9n se utiliza para definir esquemas de etiquetas de medida aplicadas a la capacidad del XML.<\/p>\n<p>Asimismo, en el <a href=\"https:\/\/www.appyweb.es\/desarrollo-app\/\">\u00e1mbito del desarrollo de aplicaciones inteligentes<\/a>, se espera que las OWL ayuden a las m\u00e1quinas a hacer tareas de razonamiento a un nivel m\u00e1s alto.<\/p>\n<h2>Componentes de las ontolog\u00edas web<\/h2>\n<p>Suelen definirse con diferentes estructuras y componentes, pero todas pueden describir individuos, clases, conceptos, atributos, etc. Sus componentes m\u00e1s b\u00e1sicos son estos.<\/p>\n<ul>\n<li><strong>Individuos<\/strong>: Hace referencia a objetos o instancias.<\/li>\n<li><strong>Clases<\/strong>: Son colecciones, conceptos o tipos de cosas.<\/li>\n<li><strong>Atributos<\/strong>: Se refiere a aspectos, propiedades o caracter\u00edsticas de los objetos.<\/li>\n<li><strong>Relaciones<\/strong>: C\u00f3mo se relacionan los objetos con otros.<\/li>\n<li><strong>Funciones<\/strong>: Son estructuras con relaci\u00f3n que se utilizan en lugar de un t\u00e9rmino individual.<\/li>\n<\/ul>\n<h2>\u00bfCu\u00e1les son los documentos del lenguaje OWL?<\/h2>\n<p>Las ontolog\u00edas de p\u00e1ginas presentan tres tipos de sublenguajes con diferentes tipos de expresividad, los cuales han sido elaborados para sean <strong>utilizados por las comunidades de desarrolladores de aplicaciones y usuarios<\/strong>. Los tres sublenguajes son:<\/p>\n<ul>\n<li><strong>OWL Lite<\/strong>: Permite realizar una clasificaci\u00f3n jer\u00e1rquica y restricciones simples.<\/li>\n<li><strong>OWL DL<\/strong>: Para aquellos usuarios que necesitan mayor expresividad, garantizando conclusiones computables y mayor resoluci\u00f3n de c\u00e1lculos.<\/li>\n<li><strong>OWL Full<\/strong>: Permite a los usuarios mayor libertad en sintaxis, se puede aumentar el significado del vocabulario que ha sido establecido, obteni\u00e9ndose mayor razonamiento del contenido digital.<\/li>\n<\/ul>\n<p><script type=\"application\/ld+json\">{\"@context\":\"https:\/\/schema.org\",\"@type\":\"FAQPage\",\"mainEntity\":[ \n{\"@type\":\"Question\",\"name\":\"\ud83d\udccc \u00bfQu\u00e9 son las ontolog\u00edas web?\",\"acceptedAnswer\":{\"@type\":\"Answer\",\"text\":\"<\/p>\n<p>Son conceptos que se utilizan para limitar y organizar la informaci\u00f3n en Internet, esto se realiza <strong>a partir de un lenguaje de programaci\u00f3n tambi\u00e9n conocido como OWL<\/strong>. Actualmente, se utilizan para establecer la red sem\u00e1ntica, tambi\u00e9n conocida como el Internet 3.0, que consiste en alimentar procesos de inteligencia artificial.<\/p>\n<p>Un ejemplo de esto es Google, con su actualizaci\u00f3n BERT utiliza este tipo de taxonom\u00eda <a href='https:\/\/www.appyweb.es\/posicionamiento-web\/'>para mejorar el posicionamiento web<\/a> y optimizar las respuestas a las consultas de los usuarios, teniendo en cuenta la relaci\u00f3n de los conceptos o variables de su consulta, as\u00ed como otros factores propios del algoritmo.<\/p>\n<p>\"}},\n{\"@type\":\"Question\",\"name\":\"\ud83d\udccc \u00bfPara qu\u00e9 sirve?\",\"acceptedAnswer\":{\"@type\":\"Answer\",\"text\":\"<\/p>\n<p>En primero lugar, se empez\u00f3 a utilizar en los 80 con el objetivo de hacer una teor\u00eda de modelado para los sistemas de conocimiento o inteligencia artificial. De esta forma, los investigadores <strong>se inspiraron en ontolog\u00edas filos\u00f3ficas para aplicar a Internet<\/strong>. Por otro lado, tambi\u00e9n se utiliza para definir esquemas de etiquetas de medida aplicadas a la capacidad del XML.<\/p>\n<p>Asimismo, en el <a href='https:\/\/www.appyweb.es\/desarrollo-app\/'>\u00e1mbito del desarrollo de aplicaciones inteligentes<\/a>, se espera que las OWL ayuden a las m\u00e1quinas a hacer tareas de razonamiento a un nivel m\u00e1s alto.<\/p>\n<p>\"}},\n{\"@type\":\"Question\",\"name\":\"\ud83d\udccc Componentes de las ontolog\u00edas web\",\"acceptedAnswer\":{\"@type\":\"Answer\",\"text\":\"<\/p>\n<p>Suelen definirse con diferentes estructuras y componentes, pero todas pueden describir individuos, clases, conceptos, atributos, etc. Sus componentes m\u00e1s b\u00e1sicos son estos.<\/p>\n<\/p>\n<ul>\n<\/p>\n<li><strong>Individuos<\/strong>: Hace referencia a objetos o instancias.<\/li>\n<\/p>\n<\/p>\n<\/p>\n<li><strong>Clases<\/strong>: Son colecciones, conceptos o tipos de cosas.<\/li>\n<\/p>\n<\/p>\n<\/p>\n<li><strong>Atributos<\/strong>: Se refiere a aspectos, propiedades o caracter\u00edsticas de los objetos.<\/li>\n<\/p>\n<\/p>\n<\/p>\n<li><strong>Relaciones<\/strong>: C\u00f3mo se relacionan los objetos con otros.<\/li>\n<\/p>\n<\/p>\n<\/p>\n<li><strong>Funciones<\/strong>: Son estructuras con relaci\u00f3n que se utilizan en lugar de un t\u00e9rmino individual.<\/li>\n<\/p>\n<\/p>\n<\/ul>\n<\/p>\n<\/p>\n<p>\"}},\n{\"@type\":\"Question\",\"name\":\"\ud83d\udccc \u00bfCu\u00e1les son los documentos del lenguaje OWL?\",\"acceptedAnswer\":{\"@type\":\"Answer\",\"text\":\"<\/p>\n<p>Las ontolog\u00edas de p\u00e1ginas presentan tres tipos de sublenguajes con diferentes tipos de expresividad, los cuales han sido elaborados para sean <strong>utilizados por las comunidades de desarrolladores de aplicaciones y usuarios<\/strong>. Los tres sublenguajes son:<\/p>\n<\/p>\n<ul>\n<\/p>\n<li><strong>OWL Lite<\/strong>: Permite realizar una clasificaci\u00f3n jer\u00e1rquica y restricciones simples.<\/li>\n<\/p>\n<\/p>\n<\/p>\n<li><strong>OWL DL<\/strong>: Para aquellos usuarios que necesitan mayor expresividad, garantizando conclusiones computables y mayor resoluci\u00f3n de c\u00e1lculos.<\/li>\n<\/p>\n<\/p>\n<\/p>\n<li><strong>OWL Full<\/strong>: Permite a los usuarios mayor libertad en sintaxis, se puede aumentar el significado del vocabulario que ha sido establecido, obteni\u00e9ndose mayor razonamiento del contenido digital.<\/li>\n<\/p>\n<\/p>\n<\/ul>\n<\/p>\n<\/p>\n<p>\"}}\n]}<\/script><\/p>\n<h2>M\u00e1s informaci\u00f3n de ontolog\u00edas web<\/h2>\n<p>Es interesante c\u00f3mo las nuevas tecnolog\u00edas pueden hacer una sint\u00e1xis casi humana con ayuda de los OWL \u00bfquieres saber m\u00e1s al respecto? lee estos enlaces.<\/p>\n<ul>\n<li><a href=\"https:\/\/www.appyweb.es\/diccionario\/extractor-de-entidades\/\">\u00bfQu\u00e9 es el Extractor de entidades y para qu\u00e9 sirve?<\/a><\/li>\n<li><a href=\"http:\/\/www.hipertexto.info\/documentos\/web_semantica.htm#:~:text=La%20Web%20Sem%C3%A1ntica%20vendr%C3%ADa%20a,humanos%20como%20por%20agentes%20computerizados.\" rel=\"nofollow noopener\" target=\"_blank\">\u00bfQu\u00e9 es y c\u00f3mo fuciona la web sem\u00e1ntica?<\/a><\/li>\n<\/ul>\n<p>&nbsp;<\/p>\n","protected":false},"excerpt":{"rendered":"<p>Propiamente, la ontolog\u00eda es un concepto que se utiliza para definir tipos, propiedades y relaciones, b\u00e1sicamente es una taxonom\u00eda, sobre todo en las pr\u00e1cticas filos\u00f3ficas. Pero, cuando se habla de ontolog\u00edas web son un conjunto de variables aplicados a la inform\u00e1tica para establecer relaciones entre ellos. \u00bfQu\u00e9 son las ontolog\u00edas web? Son conceptos que se [&hellip;]<\/p>\n","protected":false},"author":1,"featured_media":11734,"parent":0,"menu_order":0,"comment_status":"open","ping_status":"closed","template":"","meta":{"inline_featured_image":false,"footnotes":""},"class_list":["post-3253","page","type-page","status-publish","has-post-thumbnail","hentry"],"_links":{"self":[{"href":"https:\/\/www.appyweb.es\/diccionario\/wp-json\/wp\/v2\/pages\/3253","targetHints":{"allow":["GET"]}}],"collection":[{"href":"https:\/\/www.appyweb.es\/diccionario\/wp-json\/wp\/v2\/pages"}],"about":[{"href":"https:\/\/www.appyweb.es\/diccionario\/wp-json\/wp\/v2\/types\/page"}],"author":[{"embeddable":true,"href":"https:\/\/www.appyweb.es\/diccionario\/wp-json\/wp\/v2\/users\/1"}],"replies":[{"embeddable":true,"href":"https:\/\/www.appyweb.es\/diccionario\/wp-json\/wp\/v2\/comments?post=3253"}],"version-history":[{"count":5,"href":"https:\/\/www.appyweb.es\/diccionario\/wp-json\/wp\/v2\/pages\/3253\/revisions"}],"predecessor-version":[{"id":11736,"href":"https:\/\/www.appyweb.es\/diccionario\/wp-json\/wp\/v2\/pages\/3253\/revisions\/11736"}],"wp:featuredmedia":[{"embeddable":true,"href":"https:\/\/www.appyweb.es\/diccionario\/wp-json\/wp\/v2\/media\/11734"}],"wp:attachment":[{"href":"https:\/\/www.appyweb.es\/diccionario\/wp-json\/wp\/v2\/media?parent=3253"}],"curies":[{"name":"wp","href":"https:\/\/api.w.org\/{rel}","templated":true}]}}