{"id":3262,"date":"2023-06-22T14:50:39","date_gmt":"2023-06-22T14:50:39","guid":{"rendered":"https:\/\/www.appyweb.es\/diccionario\/?post_type=project&#038;p=3262"},"modified":"2023-09-04T09:34:51","modified_gmt":"2023-09-04T09:34:51","slug":"obl","status":"publish","type":"page","link":"https:\/\/www.appyweb.es\/diccionario\/obl\/","title":{"rendered":"OBL"},"content":{"rendered":"<h1><\/h1>\n<p>Son las siglas de Out-Bound Link, se utiliza para hacer referencia a los enlaces salientes de un sitio web. De esta forma, <strong>los OBL se tienen en cuenta para optimizar estrategias de enlaces<\/strong> y mejorar el posicionamiento web.<\/p>\n<h2>\u00bfQu\u00e9 es OBL?<\/h2>\n<p>Hace referencia a la cantidad de enlaces salientes que vincula un sitio hacia otras plataformas digitales. Se consideran en las <a href=\"https:\/\/www.appyweb.es\/link-building\/\">estrategias de linkbuilding<\/a> por que si hay una gran cantidad de OBL en un sitio, puede que su link juice o nivel de autoridad se vea reducido.<\/p>\n<p>Esto ocurre de forma natural y org\u00e1nica, mientras m\u00e1s enlaces salientes o externos m\u00e1s autoridad de p\u00e1gina se debe repartir, esto puede hacer que <strong>el nivel de link juice no sea apropiado para conseguir un buen posicionamiento<\/strong> (o por el contrario, puede aumentar) y por eso es necesario estudiar los outbound links.<\/p>\n<h2>\u00bfPara qu\u00e9 sirven los OBL?<\/h2>\n<ul>\n<li>Conocer si un sitio digital es spam o se han creado gran cantidad de enlaces salientes en \u00e9l.<\/li>\n<li>Determinar si el sitio digital ha sido agredido por SEO negativo.<\/li>\n<li>Observar si se puede conseguir un enlace provechoso para el posicionamiento de la p\u00e1gina.<\/li>\n<li>Verificar la proporci\u00f3n de link juice que puede ofrecer el enlace saliente.<\/li>\n<\/ul>\n<h2>\u00bfQu\u00e9 tener en cuenta al crear OBL?<\/h2>\n<p>Lo principal es <strong>analizar la tem\u00e1tica del sitio a vincular<\/strong>, debe estar relacionado con el contenido o texto donde se enlazar\u00e1 o bien con la tem\u00e1tica general del sitio. Aunque \u00e9sta es la caracter\u00edstica principal <a href=\"https:\/\/www.appyweb.es\/posicionamiento-web\/\">para tener un buen posicionamiento web<\/a>, tambi\u00e9n se deben tener en cuenta las siguientes.<\/p>\n<ul>\n<li>En anchor text debe ser corto, consiso y que indique una acci\u00f3n concreta, debe incluir las palabras clave principales.<\/li>\n<li>Posici\u00f3n del v\u00ednculo en la p\u00e1gina, naturalmente, <strong>tendr\u00e1 m\u00e1s relevancia mientras m\u00e1s arriba se encuentre<\/strong>.<\/li>\n<li>Considerar cu\u00e1l puede ser dofollow o nofollow.<\/li>\n<\/ul>\n<h2>C\u00f3mo analizar los outbound links<\/h2>\n<p>Se deben utilizar algunas herramientas SEO, los m\u00e1s utilizados son los siguientes.<\/p>\n<ul>\n<li><strong>Screaming Frog<\/strong>: Muestra el n\u00famero de OBL totales y agrupados.<\/li>\n<li><strong>Ahrefs<\/strong>: Ofrece el n\u00famero de enlaces en la secci\u00f3n de dominios enlazados.<\/li>\n<li><strong>Open Link Profiler<\/strong>: Indica detalles y tem\u00e1ticas de enlaces propios o de la competencia.<\/li>\n<\/ul>\n<p><script type=\"application\/ld+json\">{\"@context\":\"https:\/\/schema.org\",\"@type\":\"FAQPage\",\"mainEntity\":[ \n{\"@type\":\"Question\",\"name\":\"\ud83d\udccc \u00bfQu\u00e9 es OBL?\",\"acceptedAnswer\":{\"@type\":\"Answer\",\"text\":\"<\/p>\n<p>Hace referencia a la cantidad de enlaces salientes que vincula un sitio hacia otras plataformas digitales. Se consideran en las <a href='https:\/\/www.appyweb.es\/link-building\/'>estrategias de linkbuilding<\/a> por que si hay una gran cantidad de OBL en un sitio, puede que su link juice o nivel de autoridad se vea reducido.<\/p>\n<p>Esto ocurre de forma natural y org\u00e1nica, mientras m\u00e1s enlaces salientes o externos m\u00e1s autoridad de p\u00e1gina se debe repartir, esto puede hacer que <strong>el nivel de link juice no sea apropiado para conseguir un buen posicionamiento<\/strong> (o por el contrario, puede aumentar) y por eso es necesario estudiar los outbound links.<\/p>\n<p>\"}},\n{\"@type\":\"Question\",\"name\":\"\ud83d\udccc \u00bfPara qu\u00e9 sirven los OBL?\",\"acceptedAnswer\":{\"@type\":\"Answer\",\"text\":\"<\/p>\n<ul>\n<li>Conocer si un sitio digital es spam o se han creado gran cantidad de enlaces salientes en \u00e9l.<\/li>\n<\/p>\n<li>Determinar si el sitio digital ha sido agredido por SEO negativo.<\/li>\n<\/p>\n<li>Observar si se puede conseguir un enlace provechoso para el posicionamiento de la p\u00e1gina.<\/li>\n<\/p>\n<li>Verificar la proporci\u00f3n de link juice que puede ofrecer el enlace saliente.<\/li>\n<\/p>\n<\/ul>\n<\/p>\n<p>\"}},\n{\"@type\":\"Question\",\"name\":\"\ud83d\udccc \u00bfQu\u00e9 tener en cuenta al crear OBL?\",\"acceptedAnswer\":{\"@type\":\"Answer\",\"text\":\"<\/p>\n<p>Lo principal es <strong>analizar la tem\u00e1tica del sitio a vincular<\/strong>, debe estar relacionado con el contenido o texto donde se enlazar\u00e1 o bien con la tem\u00e1tica general del sitio. Aunque \u00e9sta es la caracter\u00edstica principal <a href='https:\/\/www.appyweb.es\/posicionamiento-web\/'>para tener un buen posicionamiento web<\/a>, tambi\u00e9n se deben tener en cuenta las siguientes.<\/p>\n<ul>\n<li>En anchor text debe ser corto, consiso y que indique una acci\u00f3n concreta, debe incluir las palabras clave principales.<\/li>\n<\/p>\n<li>Posici\u00f3n del v\u00ednculo en la p\u00e1gina, naturalmente, <strong>tendr\u00e1 m\u00e1s relevancia mientras m\u00e1s arriba se encuentre<\/strong>.<\/li>\n<\/p>\n<li>Considerar cu\u00e1l puede ser dofollow o nofollow.<\/li>\n<\/p>\n<\/ul>\n<\/p>\n<p>\"}},\n{\"@type\":\"Question\",\"name\":\"\ud83d\udccc C\u00f3mo analizar los outbound links\",\"acceptedAnswer\":{\"@type\":\"Answer\",\"text\":\"<\/p>\n<p>Se deben utilizar algunas herramientas SEO, los m\u00e1s utilizados son los siguientes.<\/p>\n<ul>\n<li><strong>Screaming Frog<\/strong>: Muestra el n\u00famero de OBL totales y agrupados.<\/li>\n<\/p>\n<li><strong>Ahrefs<\/strong>: Ofrece el n\u00famero de enlaces en la secci\u00f3n de dominios enlazados.<\/li>\n<\/p>\n<li><strong>Open Link Profiler<\/strong>: Indica detalles y tem\u00e1ticas de enlaces propios o de la competencia.<\/li>\n<\/p>\n<\/ul>\n<\/p>\n<p>\"}}\n]}<\/script><\/p>\n<h2>M\u00e1s informaci\u00f3n sobre outbound links<\/h2>\n<p>Tus enlaces salientes son tan importantes como los backlinks o de entrada, \u00bfquieres saber un poco m\u00e1s sobre ellos? sigue estos enlaces.<\/p>\n<ul>\n<li><a href=\"https:\/\/www.appyweb.es\/sube-posicones-google-ahrefs\/\">Sube posiciones en Google con la ayuda de Ahrefs<\/a><\/li>\n<li><a href=\"https:\/\/luismvillanueva.com\/seo\/enlaces-salientes-seo.html\" rel=\"nofollow noopener\" target=\"_blank\">\u00bfPor qu\u00e9 los enlaces salientes son buenos para tu SEO?<\/a><\/li>\n<\/ul>\n<p>&nbsp;<\/p>\n","protected":false},"excerpt":{"rendered":"<p>Son las siglas de Out-Bound Link, se utiliza para hacer referencia a los enlaces salientes de un sitio web. De esta forma, los OBL se tienen en cuenta para optimizar estrategias de enlaces y mejorar el posicionamiento web. \u00bfQu\u00e9 es OBL? Hace referencia a la cantidad de enlaces salientes que vincula un sitio hacia otras [&hellip;]<\/p>\n","protected":false},"author":1,"featured_media":0,"parent":0,"menu_order":0,"comment_status":"open","ping_status":"closed","template":"","meta":{"inline_featured_image":false,"footnotes":""},"class_list":["post-3262","page","type-page","status-publish","hentry"],"_links":{"self":[{"href":"https:\/\/www.appyweb.es\/diccionario\/wp-json\/wp\/v2\/pages\/3262","targetHints":{"allow":["GET"]}}],"collection":[{"href":"https:\/\/www.appyweb.es\/diccionario\/wp-json\/wp\/v2\/pages"}],"about":[{"href":"https:\/\/www.appyweb.es\/diccionario\/wp-json\/wp\/v2\/types\/page"}],"author":[{"embeddable":true,"href":"https:\/\/www.appyweb.es\/diccionario\/wp-json\/wp\/v2\/users\/1"}],"replies":[{"embeddable":true,"href":"https:\/\/www.appyweb.es\/diccionario\/wp-json\/wp\/v2\/comments?post=3262"}],"version-history":[{"count":3,"href":"https:\/\/www.appyweb.es\/diccionario\/wp-json\/wp\/v2\/pages\/3262\/revisions"}],"predecessor-version":[{"id":9321,"href":"https:\/\/www.appyweb.es\/diccionario\/wp-json\/wp\/v2\/pages\/3262\/revisions\/9321"}],"wp:attachment":[{"href":"https:\/\/www.appyweb.es\/diccionario\/wp-json\/wp\/v2\/media?parent=3262"}],"curies":[{"name":"wp","href":"https:\/\/api.w.org\/{rel}","templated":true}]}}