{"id":3266,"date":"2023-06-22T14:51:27","date_gmt":"2023-06-22T14:51:27","guid":{"rendered":"https:\/\/www.appyweb.es\/diccionario\/?post_type=project&#038;p=3266"},"modified":"2024-03-22T08:05:57","modified_gmt":"2024-03-22T08:05:57","slug":"doble-opt-in","status":"publish","type":"page","link":"https:\/\/www.appyweb.es\/diccionario\/doble-opt-in\/","title":{"rendered":"Doble Opt-in"},"content":{"rendered":"<h1><\/h1>\n<p><img loading=\"lazy\" decoding=\"async\" class=\"alignnone wp-image-12197\" src=\"https:\/\/www.appyweb.es\/diccionario\/wp-content\/uploads\/2024\/03\/DobleOpt-in-300x180.jpg\" alt=\"Doble Opt-in\" width=\"1148\" height=\"689\" srcset=\"https:\/\/www.appyweb.es\/diccionario\/wp-content\/uploads\/2024\/03\/DobleOpt-in-300x180.jpg 300w, https:\/\/www.appyweb.es\/diccionario\/wp-content\/uploads\/2024\/03\/DobleOpt-in-768x461.jpg 768w, https:\/\/www.appyweb.es\/diccionario\/wp-content\/uploads\/2024\/03\/DobleOpt-in.jpg 1000w\" sizes=\"auto, (max-width: 1148px) 100vw, 1148px\" \/><\/p>\n<p>Se trata de una pr\u00e1ctica de email marketing que consiste en confirmar que usuario ha dado su consentimiento para recibir los env\u00edos de una empresa. <strong>El doble opt-in se lleva a cabo despu\u00e9s de la suscripci\u00f3n<\/strong>, de forma que la empresa pueda determinar si en realidad el usuario quiere recibir los correos en su mail.<\/p>\n<h2>\u00bfQu\u00e9 es Doble Opt-in?<\/h2>\n<p>Como se mencion\u00f3 arriba, el Doble Opt-in en un factor crucial sobre <a href=\"https:\/\/www.appyweb.es\/email-marketing-para-empresas\/\">la t\u00e9cnica de email marketing<\/a>, se basa en confirmar que los suscriptores que se han registrado una p\u00e1gina web <strong>desean recibir informaci\u00f3n en su cuenta personal o en su email<\/strong>. Es importante para la empresa porque as\u00ed puede verificar que se trata de usuario interesado.<\/p>\n<p>El proceso se lleva a cabo cuando el usuario llena un formulario e <strong>ingresa una direcci\u00f3n de email que debe ser verificada por el mismo usuario<\/strong>. La forma de verificar esa direcci\u00f3n de email o correo electr\u00f3nico, es aceptar la confirmaci\u00f3n desde un env\u00edo de la empresa. Ese env\u00edo tiene un enlace que redirige nuevamente al lugar de suscripci\u00f3n, notificando que todos los requisitos han sido aceptados.<\/p>\n<h2>\u00bfPara qu\u00e9 sirve el Doble Opt-in?<\/h2>\n<p>La funci\u00f3n principal del doble opt-in es <strong>evitar que los env\u00edos en empresa ingresen a la bandeja de spam<\/strong>, esto sucede con mucha frecuencia cuando se realizan env\u00edos que no han sido verificados por el usuario. De esta forma, la <a href=\"https:\/\/www.appyweb.es\/embudo-ventas-e-commerce\/\">estrategia del embudo de ventas<\/a> puede llevarse a cabo con mayor efectividad. Igualmente, es una herramienta positiva para los usuarios porque ellos mismos pueden verificar si acepta o no \u00e9sta configuraci\u00f3n.<\/p>\n<p>La segunda funci\u00f3n m\u00e1s importante es cumplir con la ley, actualmente existe un <em>Reglamento General de Protecci\u00f3n de Datos<\/em> aprobado por la Uni\u00f3n Europea, en el cual se expresa que es necesario <strong>contar con el consentimiento de los usuarios antes de hacer env\u00edos de email<\/strong>.<\/p>\n<h2>\u00bfC\u00f3mo se realiza el proceso de Doble Opt-in?<\/h2>\n<ol>\n<li>El primer paso es cuando el usuario rellena un formulario con su informaci\u00f3n personal, incluyendo el correo electr\u00f3nico.<\/li>\n<li>Seguidamente, marca una casilla que indica que da su permiso para recibir los env\u00edos de la empresa, a esto se le conoce como <em>opt-in simple<\/em>.<\/li>\n<li>Al hacer clic en <em>enviar<\/em> aparece <strong>una notificaci\u00f3n que indica que debe revisar su correo<\/strong>, ya que se le ha enviado una segunda verificaci\u00f3n, este el <em>opt-in doble<\/em>.<\/li>\n<li>En ese correo de confirmaci\u00f3n se indica un bot\u00f3n en donde el usuario dar\u00e1 su consentimiento final.<\/li>\n<li>Al hacer clic en el bot\u00f3n se redirige a una p\u00e1gina que indica que la suscripci\u00f3n ha sido aceptada.<\/li>\n<\/ol>\n<h2>\u00bfPor qu\u00e9 es necesario hacer Doble Opt-in?<\/h2>\n<p>Este factor de verificaci\u00f3n es relevante tanto para las empresas como para los usuarios, en primera, evitan entrar en la bandeja de spam, por lo que <strong>la empresa se cuida de ingresar a listas negras de env\u00edos<\/strong>, y los usuarios pueden dejar de recibir correo basura.<\/p>\n<p>Al mismo tiempo, tambi\u00e9n es una forma muy efectiva de cuidar la calidad de la base de datos para la empresa, ya que de esta forma se verifica que se trata de un usuario real y no un Bot que puede poner en peligro la seguridad de la empresa. Igualmente, tambi\u00e9n es una buena estrategia de marketing ya que se puede verificar si el usuario est\u00e1 interesado, de forma que los esfuerzos comerciales sean exitosos.<\/p>\n<p><script type=\"application\/ld+json\">{\"@context\":\"https:\/\/schema.org\",\"@type\":\"FAQPage\",\"mainEntity\":[ \n{\"@type\":\"Question\",\"name\":\"\ud83d\udccc \u00bfQu\u00e9 es Doble Opt-in?\",\"acceptedAnswer\":{\"@type\":\"Answer\",\"text\":\"<\/p>\n<p>Como se mencion\u00f3 arriba, el Doble Opt-in en un factor crucial sobre <a href='https:\/\/www.appyweb.es\/email-marketing-para-empresas\/'>la t\u00e9cnica de email marketing<\/a>, se basa en confirmar que los suscriptores que se han registrado una p\u00e1gina web <strong>desean recibir informaci\u00f3n en su cuenta personal o en su email<\/strong>. Es importante para la empresa porque as\u00ed puede verificar que se trata de usuario interesado. <\/p>\n<p>El proceso se lleva a cabo cuando el usuario llena un formulario e <strong>ingresa una direcci\u00f3n de email que debe ser verificada por el mismo usuario<\/strong>. La forma de verificar esa direcci\u00f3n de email o correo electr\u00f3nico, es aceptar la confirmaci\u00f3n desde un env\u00edo de la empresa. Ese env\u00edo tiene un enlace que redirige nuevamente al lugar de suscripci\u00f3n, notificando que todos los requisitos han sido aceptados.<\/p>\n<p>\"}},\n{\"@type\":\"Question\",\"name\":\"\ud83d\udccc \u00bfPara qu\u00e9 sirve el Doble Opt-in?\",\"acceptedAnswer\":{\"@type\":\"Answer\",\"text\":\"<\/p>\n<p>La funci\u00f3n principal del doble opt-in es <strong>evitar que los env\u00edos en empresa ingresen a la bandeja de spam<\/strong>, esto sucede con mucha frecuencia cuando se realizan env\u00edos que no han sido verificados por el usuario. De esta forma, la <a href='https:\/\/www.appyweb.es\/embudo-ventas-e-commerce\/'>estrategia del embudo de ventas<\/a> puede llevarse a cabo con mayor efectividad. Igualmente, es una herramienta positiva para los usuarios porque ellos mismos pueden verificar si acepta o no \u00e9sta configuraci\u00f3n.<\/p>\n<p>La segunda funci\u00f3n m\u00e1s importante es cumplir con la ley, actualmente existe un <em>Reglamento General de Protecci\u00f3n de Datos<\/em> aprobado por la Uni\u00f3n Europea, en el cual se expresa que es necesario <strong>contar con el consentimiento de los usuarios antes de hacer env\u00edos de email<\/strong>.<\/p>\n<p>\"}},\n{\"@type\":\"Question\",\"name\":\"\ud83d\udccc \u00bfC\u00f3mo se realiza el proceso de Doble Opt-in?\",\"acceptedAnswer\":{\"@type\":\"Answer\",\"text\":\"<\/p>\n<\/p>\n<\/p>\n<ol>\n<\/p>\n<\/p>\n<li>El primer paso es cuando el usuario rellena un formulario con su informaci\u00f3n personal, incluyendo el correo electr\u00f3nico.<\/li>\n<\/p>\n<\/p>\n<\/p>\n<\/p>\n<\/p>\n<\/p>\n<\/p>\n<li>Seguidamente, marca una casilla que indica que da su permiso para recibir los env\u00edos de la empresa, a esto se le conoce como <em>opt-in simple<\/em>.<\/li>\n<\/p>\n<\/p>\n<\/p>\n<\/p>\n<\/p>\n<\/p>\n<\/p>\n<li>Al hacer clic en <em>enviar<\/em> aparece <strong>una notificaci\u00f3n que indica que debe revisar su correo<\/strong>, ya que se le ha enviado una segunda verificaci\u00f3n, este el <em>opt-in doble<\/em>.<\/li>\n<\/p>\n<\/p>\n<\/p>\n<\/p>\n<\/p>\n<\/p>\n<\/p>\n<li>En ese correo de confirmaci\u00f3n se indica un bot\u00f3n en donde el usuario dar\u00e1 su consentimiento final.<\/li>\n<\/p>\n<\/p>\n<\/p>\n<\/p>\n<\/p>\n<\/p>\n<\/p>\n<li>Al hacer clic en el bot\u00f3n se redirige a una p\u00e1gina que indica que la suscripci\u00f3n ha sido aceptada.<\/li>\n<\/p>\n<\/p>\n<\/p>\n<\/p>\n<\/p>\n<\/ol>\n<\/p>\n<\/p>\n<\/p>\n<\/p>\n<\/p>\n<p>\"}},\n{\"@type\":\"Question\",\"name\":\"\ud83d\udccc \u00bfPor qu\u00e9 es necesario hacer Doble Opt-in?\",\"acceptedAnswer\":{\"@type\":\"Answer\",\"text\":\"<\/p>\n<p>Este factor de verificaci\u00f3n es relevante tanto para las empresas como para los usuarios, en primera, evitan entrar en la bandeja de spam, por lo que <strong>la empresa se cuida de ingresar a listas negras de env\u00edos<\/strong>, y los usuarios pueden dejar de recibir correo basura.<\/p>\n<p>Al mismo tiempo, tambi\u00e9n es una forma muy efectiva de cuidar la calidad de la base de datos para la empresa, ya que de esta forma se verifica que se trata de un usuario real y no un Bot que puede poner en peligro la seguridad de la empresa. Igualmente, tambi\u00e9n es una buena estrategia de marketing ya que se puede verificar si el usuario est\u00e1 interesado, de forma que los esfuerzos comerciales sean exitosos.<\/p>\n<p>\"}}\n]}<\/script><\/p>\n<h2>M\u00e1s informaci\u00f3n sobre Doble Opt-in<\/h2>\n<p>El email marketing es una pr\u00e1ctica que requiere de mucha seguridad, el doble opt-in te ofrece eso y m\u00e1s, conoce otros aspectos aqu\u00ed.<\/p>\n<ul>\n<li><a href=\"https:\/\/www.appyweb.es\/importancia-newsletter-empresa\/\">La importancia de la newsletter para tu empresa<\/a><\/li>\n<li><a href=\"https:\/\/www.rdstation.com\/es\/blog\/opt-in\/\" rel=\"nofollow noopener\" target=\"_blank\">Opt-in, double opt-in y soft opt-in: \u00bfqu\u00e9 son y cu\u00e1l opci\u00f3n usar?<\/a><\/li>\n<\/ul>\n<p>&nbsp;<\/p>\n","protected":false},"excerpt":{"rendered":"<p>Se trata de una pr\u00e1ctica de email marketing que consiste en confirmar que usuario ha dado su consentimiento para recibir los env\u00edos de una empresa. El doble opt-in se lleva a cabo despu\u00e9s de la suscripci\u00f3n, de forma que la empresa pueda determinar si en realidad el usuario quiere recibir los correos en su mail. [&hellip;]<\/p>\n","protected":false},"author":1,"featured_media":12197,"parent":0,"menu_order":0,"comment_status":"open","ping_status":"closed","template":"","meta":{"inline_featured_image":false,"footnotes":""},"class_list":["post-3266","page","type-page","status-publish","has-post-thumbnail","hentry"],"_links":{"self":[{"href":"https:\/\/www.appyweb.es\/diccionario\/wp-json\/wp\/v2\/pages\/3266","targetHints":{"allow":["GET"]}}],"collection":[{"href":"https:\/\/www.appyweb.es\/diccionario\/wp-json\/wp\/v2\/pages"}],"about":[{"href":"https:\/\/www.appyweb.es\/diccionario\/wp-json\/wp\/v2\/types\/page"}],"author":[{"embeddable":true,"href":"https:\/\/www.appyweb.es\/diccionario\/wp-json\/wp\/v2\/users\/1"}],"replies":[{"embeddable":true,"href":"https:\/\/www.appyweb.es\/diccionario\/wp-json\/wp\/v2\/comments?post=3266"}],"version-history":[{"count":6,"href":"https:\/\/www.appyweb.es\/diccionario\/wp-json\/wp\/v2\/pages\/3266\/revisions"}],"predecessor-version":[{"id":12199,"href":"https:\/\/www.appyweb.es\/diccionario\/wp-json\/wp\/v2\/pages\/3266\/revisions\/12199"}],"wp:featuredmedia":[{"embeddable":true,"href":"https:\/\/www.appyweb.es\/diccionario\/wp-json\/wp\/v2\/media\/12197"}],"wp:attachment":[{"href":"https:\/\/www.appyweb.es\/diccionario\/wp-json\/wp\/v2\/media?parent=3266"}],"curies":[{"name":"wp","href":"https:\/\/api.w.org\/{rel}","templated":true}]}}