{"id":3271,"date":"2023-06-22T14:52:17","date_gmt":"2023-06-22T14:52:17","guid":{"rendered":"https:\/\/www.appyweb.es\/diccionario\/?post_type=project&#038;p=3271"},"modified":"2024-03-20T16:54:15","modified_gmt":"2024-03-20T16:54:15","slug":"opt-out","status":"publish","type":"page","link":"https:\/\/www.appyweb.es\/diccionario\/opt-out\/","title":{"rendered":"Opt-Out"},"content":{"rendered":"<h1><img loading=\"lazy\" decoding=\"async\" class=\"alignnone  wp-image-11803\" src=\"https:\/\/www.appyweb.es\/diccionario\/wp-content\/uploads\/2024\/03\/opt-out-300x180.jpg\" alt=\"\" width=\"967\" height=\"580\" srcset=\"https:\/\/www.appyweb.es\/diccionario\/wp-content\/uploads\/2024\/03\/opt-out-300x180.jpg 300w, https:\/\/www.appyweb.es\/diccionario\/wp-content\/uploads\/2024\/03\/opt-out-768x461.jpg 768w, https:\/\/www.appyweb.es\/diccionario\/wp-content\/uploads\/2024\/03\/opt-out.jpg 1000w\" sizes=\"auto, (max-width: 967px) 100vw, 967px\" \/><\/h1>\n<p>Cuando un usuario pierde el inter\u00e9s por la informaci\u00f3n recibida en una newsletter puede decidir\u00a0darse de baja. Es posible hacerlo directamente desde dicho correo o desde el sitio web, <strong>a\u00a0esto se le conoce como Opt Out<\/strong> u \u00aboptar por salir\u00bb.<\/p>\n<h2>\u00bfQu\u00e9 es opt-out?<\/h2>\n<p>El Opt Out se refiere al proceso que ocurre cuando un usuario decide darse de baja ante una suscripci\u00f3n por correo electr\u00f3nico. Aunque, <strong>opt out tambi\u00e9n hace referencia a cualquier otro servicio de marketing directo<\/strong>, como SMS. Esto quiere decir que es todo lo contrario al <em>Opt In<\/em>, que es la opci\u00f3n que tienen los usuarios de suscribirse a una lista de correos.<\/p>\n<p>Es uno de los pasos m\u00e1s imprescindibles <a href=\"https:\/\/www.appyweb.es\/gestion-newsletters\/\">cuando se trata de gestionar newsletters<\/a>, ya que seg\u00fan el <em>Reglamento General de Protecci\u00f3n de Datos<\/em> de la Uni\u00f3n Europea indica que el usuario es el \u00fanico que puede decidir si ingresar a la lista de correo, salir de ella y eliminar sus datos a futuro.<\/p>\n<h2>\u00bfPara qu\u00e9 sirve?<\/h2>\n<p>Esta opci\u00f3n, como se dijo anteriormente, le permite al usuario <strong>tener la libertad de darse de baja ante una suscripci\u00f3n<\/strong>. Ya sea para evitar llenar su bandeja de entrada o porque dej\u00f3 de interesarse en el contenido que se le enviaba. Es importante que todas las marcas y sitios digitales tengan esta opci\u00f3n en cada email que env\u00ede, para evitar molestias con sus clientes.<\/p>\n<p>Tambi\u00e9n existen otras herramientas que permiten instalar opt-out cookies, estas sirven para que el usuario pueda evitar la instalaci\u00f3n de cookies de sitios web, aunque tambi\u00e9n es posible ajustar la configuraci\u00f3n de las mismas desde el navegador. Por eso es importante <a href=\"https:\/\/www.appyweb.es\/marketing-de-atraccion\/\">garantizar estrategias de marketing de atracci\u00f3n<\/a> menos invasivas.<\/p>\n<h2>Tipos de Opt Out<\/h2>\n<p>Existen dos tipos de opt out a los que puede acceder el usuario, son los siguientes.<\/p>\n<h3>Opt Out activo<\/h3>\n<p>Se trata de la acci\u00f3n voluntaria y consciente del usuario al <strong>decidir no suscribirse o darse de baja en alg\u00fan sitio digital<\/strong>. Muchas veces, durante el proceso de registro, se marca la opci\u00f3n de recibir newsletters, ofertas, etc. v\u00eda email. El Opt Out activo en este caso, ser\u00eda la opci\u00f3n de no marcar la casilla para evitar recibir dichos correos.<\/p>\n<h3>Opt Out pasivo<\/h3>\n<p>Este Opt Out se da cuando el usuario no ha dado su consentimiento de recibir emails y de igual forma llegan a su correo. Se marca como spam y <strong>el usuario puede decidir darse de baja<\/strong>, ya sea haciendo clic en la opci\u00f3n de <em>anular suscripci\u00f3n<\/em> o utilizando los recursos de la misma plataforma de correo (Gmail, Outlook, etc.) para bloquearlos.<\/p>\n<h2>\u00bfC\u00f3mo es el c\u00f3digo \u00abno rastrear\u00bb?<\/h2>\n<p>Se trata de una etiqueta del encabezado que se denomina DNT (del ingl\u00e9s <em>do not track<\/em> o \u201cno rastrear\u201d), se basa en una configuraci\u00f3n que insta a las aplicaciones o sitios web con cookies y otros sistemas de rastreo del usuario, evita el seguimiento de un usuario individual.<\/p>\n<p>Tiene tres variables, \u00ab1\u00bb que indica cuando el usuario no quiere ser rastreado, es decir, opt-out, \u00ab0\u00bb cuando s\u00ed quiere aceptar las cookies y \u00abnull\u00bb que expresa que el usuario no ha elegido una preferencia.<\/p>\n<p><script type=\"application\/ld+json\">{\"@context\":\"https:\/\/schema.org\",\"@type\":\"FAQPage\",\"mainEntity\":[ \n{\"@type\":\"Question\",\"name\":\"\ud83d\udccc \u00bfQu\u00e9 es opt-out?\",\"acceptedAnswer\":{\"@type\":\"Answer\",\"text\":\"<\/p>\n<p>El Opt Out se refiere al proceso que ocurre cuando  un usuario decide darse de baja ante una suscripci\u00f3n por correo electr\u00f3nico. Aunque, <strong>opt out tambi\u00e9n hace referencia a cualquier otro servicio de marketing directo<\/strong>, como SMS. Esto quiere decir que es todo lo contrario al <em>Opt In<\/em>, que es la opci\u00f3n que tienen los usuarios de suscribirse a una lista de correos.<\/p>\n<p>Es uno de los pasos m\u00e1s imprescindibles <a href='https:\/\/www.appyweb.es\/gestion-newsletters\/'>cuando se trata de gestionar newsletters<\/a>, ya que seg\u00fan el <em>Reglamento General de Protecci\u00f3n de Datos<\/em> de la Uni\u00f3n Europea indica que el usuario es el \u00fanico que puede decidir si ingresar a la lista de correo, salir de ella y eliminar sus datos a futuro.<\/p>\n<p>\"}},\n{\"@type\":\"Question\",\"name\":\"\ud83d\udccc \u00bfPara qu\u00e9 sirve?\",\"acceptedAnswer\":{\"@type\":\"Answer\",\"text\":\"<\/p>\n<p>Esta opci\u00f3n, como se dijo anteriormente, le permite al usuario <strong>tener la libertad de darse de baja ante una suscripci\u00f3n<\/strong>. Ya sea para evitar llenar su bandeja de entrada o porque dej\u00f3 de interesarse en el contenido que se le enviaba. Es importante que todas las marcas y sitios digitales tengan esta opci\u00f3n en cada email que env\u00ede, para evitar molestias con sus clientes.<\/p>\n<p>Tambi\u00e9n existen otras herramientas que permiten instalar opt-out cookies, estas sirven para que el usuario pueda evitar la instalaci\u00f3n de cookies de sitios web, aunque tambi\u00e9n es posible ajustar la configuraci\u00f3n de las mismas desde el navegador. Por eso es importante <a href='https:\/\/www.appyweb.es\/marketing-de-atraccion\/'>garantizar estrategias de marketing de atracci\u00f3n<\/a> menos invasivas.<\/p>\n<p>\"}},\n{\"@type\":\"Question\",\"name\":\"\ud83d\udccc Tipos de Opt Out\",\"acceptedAnswer\":{\"@type\":\"Answer\",\"text\":\"<\/p>\n<p>Existen dos tipos de opt out a los que puede acceder el usuario, son los siguientes.<\/p>\n<\/p>\n<h3>Opt Out activo<\/h3>\n<\/p>\n<\/p>\n<\/p>\n<p>Se trata de la acci\u00f3n voluntaria y consciente del usuario al <strong>decidir no suscribirse o darse de baja en alg\u00fan sitio digital<\/strong>. Muchas veces, durante el proceso de registro, se marca la opci\u00f3n de recibir newsletters, ofertas, etc. v\u00eda email. El Opt Out activo en este caso, ser\u00eda la opci\u00f3n de no marcar la casilla para evitar recibir dichos correos.<\/p>\n<\/p>\n<h3>Opt Out pasivo<\/h3>\n<\/p>\n<\/p>\n<\/p>\n<p>Este Opt Out se da cuando el usuario no ha dado su consentimiento de recibir emails y de igual forma llegan a su correo. Se marca como spam y <strong>el usuario puede decidir darse de baja<\/strong>, ya sea haciendo clic en la opci\u00f3n de <em>anular suscripci\u00f3n<\/em> o utilizando los recursos de la misma plataforma de correo (Gmail, Outlook, etc.) para bloquearlos.<\/p>\n<p>\"}},\n{\"@type\":\"Question\",\"name\":\"\ud83d\udccc \u00bfC\u00f3mo es el c\u00f3digo 'no rastrear'?\",\"acceptedAnswer\":{\"@type\":\"Answer\",\"text\":\"<\/p>\n<p>Se trata de una etiqueta del encabezado que se denomina DNT (del ingl\u00e9s <em>do not track<\/em> o \u201cno rastrear\u201d), se basa en una configuraci\u00f3n que insta a las aplicaciones o sitios web con cookies y otros sistemas de rastreo del usuario, evita el seguimiento de un usuario individual.<\/p>\n<p>Tiene tres variables, '1' que indica cuando el usuario no quiere ser rastreado, es decir, opt-out, '0' cuando s\u00ed quiere aceptar las cookies y 'null' que expresa que el usuario no ha elegido una preferencia.<\/p>\n<p>\"}}\n]}<\/script><\/p>\n<h2>M\u00e1s informaci\u00f3n sobre opt-out<\/h2>\n<p>Aunque es una de las opciones m\u00e1s beneficiosas para las empresas, siguen siendo una alternativa, as\u00ed que debes informarte m\u00e1s al respecto antes de ponerlo en pr\u00e1ctica en tus campa\u00f1as de marketing directo.<\/p>\n<ul>\n<li><a href=\"https:\/\/www.appyweb.es\/diccionario\/opt-in\/\">\u00bfQu\u00e9 es Opt-in y para qu\u00e9 sirve?<\/a><\/li>\n<li><a href=\"https:\/\/dircomfidencial.com\/marketing-digital\/proteccion-de-datos-admite-que-las-empresas-pueden-enviar-publicidad-sin-consentimiento-20200626-0403\/\" rel=\"nofollow noopener\" target=\"_blank\">Protecci\u00f3n de datos admite que las empresas pueden enviar publicidad sin consentimiento<\/a><\/li>\n<\/ul>\n<p>&nbsp;<\/p>\n","protected":false},"excerpt":{"rendered":"<p>Cuando un usuario pierde el inter\u00e9s por la informaci\u00f3n recibida en una newsletter puede decidir\u00a0darse de baja. Es posible hacerlo directamente desde dicho correo o desde el sitio web, a\u00a0esto se le conoce como Opt Out u \u00aboptar por salir\u00bb. \u00bfQu\u00e9 es opt-out? El Opt Out se refiere al proceso que ocurre cuando un usuario [&hellip;]<\/p>\n","protected":false},"author":1,"featured_media":11803,"parent":0,"menu_order":0,"comment_status":"open","ping_status":"closed","template":"","meta":{"inline_featured_image":false,"footnotes":""},"class_list":["post-3271","page","type-page","status-publish","has-post-thumbnail","hentry"],"_links":{"self":[{"href":"https:\/\/www.appyweb.es\/diccionario\/wp-json\/wp\/v2\/pages\/3271","targetHints":{"allow":["GET"]}}],"collection":[{"href":"https:\/\/www.appyweb.es\/diccionario\/wp-json\/wp\/v2\/pages"}],"about":[{"href":"https:\/\/www.appyweb.es\/diccionario\/wp-json\/wp\/v2\/types\/page"}],"author":[{"embeddable":true,"href":"https:\/\/www.appyweb.es\/diccionario\/wp-json\/wp\/v2\/users\/1"}],"replies":[{"embeddable":true,"href":"https:\/\/www.appyweb.es\/diccionario\/wp-json\/wp\/v2\/comments?post=3271"}],"version-history":[{"count":5,"href":"https:\/\/www.appyweb.es\/diccionario\/wp-json\/wp\/v2\/pages\/3271\/revisions"}],"predecessor-version":[{"id":11805,"href":"https:\/\/www.appyweb.es\/diccionario\/wp-json\/wp\/v2\/pages\/3271\/revisions\/11805"}],"wp:featuredmedia":[{"embeddable":true,"href":"https:\/\/www.appyweb.es\/diccionario\/wp-json\/wp\/v2\/media\/11803"}],"wp:attachment":[{"href":"https:\/\/www.appyweb.es\/diccionario\/wp-json\/wp\/v2\/media?parent=3271"}],"curies":[{"name":"wp","href":"https:\/\/api.w.org\/{rel}","templated":true}]}}