{"id":3275,"date":"2023-06-22T14:53:02","date_gmt":"2023-06-22T14:53:02","guid":{"rendered":"https:\/\/www.appyweb.es\/diccionario\/?post_type=project&#038;p=3275"},"modified":"2024-03-21T09:25:10","modified_gmt":"2024-03-21T09:25:10","slug":"optimizacion-seo","status":"publish","type":"page","link":"https:\/\/www.appyweb.es\/diccionario\/optimizacion-seo\/","title":{"rendered":"Optimizaci\u00f3n SEO"},"content":{"rendered":"<h1><img loading=\"lazy\" decoding=\"async\" class=\"alignnone  wp-image-11868\" src=\"https:\/\/www.appyweb.es\/diccionario\/wp-content\/uploads\/2024\/03\/Optimizacion-SEO-300x180.jpg\" alt=\"Optimizaci\u00f3n SEO\" width=\"972\" height=\"583\" srcset=\"https:\/\/www.appyweb.es\/diccionario\/wp-content\/uploads\/2024\/03\/Optimizacion-SEO-300x180.jpg 300w, https:\/\/www.appyweb.es\/diccionario\/wp-content\/uploads\/2024\/03\/Optimizacion-SEO-768x461.jpg 768w, https:\/\/www.appyweb.es\/diccionario\/wp-content\/uploads\/2024\/03\/Optimizacion-SEO.jpg 1000w\" sizes=\"auto, (max-width: 972px) 100vw, 972px\" \/><\/h1>\n<p>Se trata de un conjunto de pr\u00e1cticas que consiste en mejorar la parte t\u00e9cnica fuera y dentro de un sitio web, para mejorar su visibilidad en buscadores. <strong>La optimizaci\u00f3n SEO solo se aplica para resultados org\u00e1nicos<\/strong>, es decir, no involucra m\u00e9todos de pago como anuncios.<\/p>\n<h2>\u00bfQu\u00e9 es la optimizaci\u00f3n SEO?<\/h2>\n<p>Se trata de una serie de estrategias que se aplican en conjunto para <a href=\"https:\/\/www.appyweb.es\/posicionamiento-web\/\">mejorar el posicionamiento web<\/a> de un sitio en Internet, frente a los motores de b\u00fasqueda. Es importante mencionar que cuando se trata de estas pr\u00e1cticas, todas las t\u00e9cnicas tienen una base org\u00e1nica, es decir, que no involucra estrategias de pago como Ads, banners, etc.<\/p>\n<p>El objetivo final de esto es lograr que los crawlers o bots de los buscadores, como los Google Bots puedan <strong>indexar los sitios web con mayor facilidad<\/strong>. Esto es relevante porque mientras m\u00e1s f\u00e1cil y r\u00e1pido sea para los crawlers realizar su trabajo, m\u00e1s beneficios obtendr\u00e1 el sitio en la p\u00e1gina de resultados de b\u00fasqueda.<\/p>\n<h2>Factores a tener en cuenta<\/h2>\n<p>La optimizaci\u00f3n SEO cuenta con muchos <strong>aspectos que se deben considerar para tener una mejor visibilidad<\/strong>, con el tiempo, estos cambian, se reemplazan o se transforman, pero existen tres factores b\u00e1sicos que se deben tener en cuenta en cualquier estrategia de posicionamiento, son los siguientes.<\/p>\n<ul>\n<li><strong>Palabras clave<\/strong>: Su b\u00fasqueda e implementaci\u00f3n correcta es lo principal para mejorar el posicionamiento del sitio y sus contenidos.<\/li>\n<li><strong>Estructura del sitio<\/strong>: Se deben emplear archivos como robots.txt o mapas de navegaci\u00f3n con estructuras bien organizadas.<\/li>\n<li><strong>Backlinks<\/strong>: La <a href=\"https:\/\/www.appyweb.es\/link-building\/\">estrategia de link building<\/a> es indispensable, esto aumenta la relevancia y mejora el posicionamiento a largo plazo.<\/li>\n<\/ul>\n<h2>Tipos de optimizaci\u00f3n SEO<\/h2>\n<p>Como se mencion\u00f3 al principio, se trata de un conjunto de pr\u00e1cticas que pueden llevar a cabo tanto dentro como fuera del sitio web, se clasifican de la siguiente forma.<\/p>\n<h3>On-Site<\/h3>\n<p>Son los <strong>cambios que se realizan dentro del sitio<\/strong>, incluye el uso de keywords, mejorar del dise\u00f1o de interfaz, la experiencia del usuario, etc. Para visualizar los resultados del on-site se utilizan herramientas como Google Analytics.<\/p>\n<h3>Off-Site<\/h3>\n<p>Son los trabajos que se realizan fuera de la plataforma para obtener m\u00e1s audiencia. De esta forma, se hace publicidad en redes sociales, estrategias de influencers, construcci\u00f3n de enlaces externos, colaboraciones con blogs, entre otros. Aqu\u00ed tambi\u00e9n <strong>se incluyen estrategias de publicidad tradicional<\/strong>, como anuncios en TV, radio o revistas.<\/p>\n<h2>\u00bfEs lo mismo que la optimizaci\u00f3n SEM?<\/h2>\n<p>No, la verdad es que el SEM se refiere a las estrategias que se utilizan para posicionar un sitio web con m\u00e9todos de pago de por medio, por ejemplo, a trav\u00e9s de Google Ads. Es decir, que no se involucra con el posicionamiento org\u00e1nico. Sin embargo, ambas pr\u00e1cticas est\u00e1n ligadas entre s\u00ed, por tanto <strong>es posible que la optimizaci\u00f3n se pueda tener influencia en el SEM y viceversa<\/strong>.<\/p>\n<p>De hecho, algunas <strong>funciones de Google Ads pueden ser de ayuda para mejorar la optimizaci\u00f3n<\/strong> <strong>SEO<\/strong>, por ejemplo, la b\u00fasqueda de palabras claves y la proyecci\u00f3n de los anuncios pueden ser \u00fatiles para determinar cu\u00e1l ser\u00e1 la relevancia de las palabras claves utilizadas en estrategias org\u00e1nicas.<\/p>\n<p><script type=\"application\/ld+json\">{\"@context\":\"https:\/\/schema.org\",\"@type\":\"FAQPage\",\"mainEntity\":[ \n{\"@type\":\"Question\",\"name\":\"\ud83d\udccc \u00bfQu\u00e9 es la optimizaci\u00f3n SEO?\",\"acceptedAnswer\":{\"@type\":\"Answer\",\"text\":\"<\/p>\n<p>Se trata de una serie de estrategias que se aplican en conjunto para <a href='https:\/\/www.appyweb.es\/posicionamiento-web\/'>mejorar el posicionamiento web<\/a> de un sitio en Internet, frente a los motores de b\u00fasqueda. Es importante mencionar que cuando se trata de estas pr\u00e1cticas, todas las t\u00e9cnicas tienen una base org\u00e1nica, es decir, que no involucra estrategias de pago como Ads, banners, etc.<\/p>\n<p>El objetivo final de esto es lograr que los crawlers o bots de los buscadores, como los Google Bots puedan <strong>indexar los sitios web con mayor facilidad<\/strong>. Esto es relevante porque mientras m\u00e1s f\u00e1cil y r\u00e1pido sea para los crawlers realizar su trabajo, m\u00e1s beneficios obtendr\u00e1 el sitio en la p\u00e1gina de resultados de b\u00fasqueda.<\/p>\n<p>\"}},\n{\"@type\":\"Question\",\"name\":\"\ud83d\udccc Factores a tener en cuenta\",\"acceptedAnswer\":{\"@type\":\"Answer\",\"text\":\"<\/p>\n<p>La optimizaci\u00f3n SEO cuenta con muchos <strong>aspectos que se deben considerar para tener una mejor visibilidad<\/strong>, con el tiempo, estos cambian, se reemplazan o se transforman, pero existen tres factores b\u00e1sicos que se deben tener en cuenta en cualquier estrategia de posicionamiento, son los siguientes.<\/p>\n<\/p>\n<ul>\n<\/p>\n<li><strong>Palabras clave<\/strong>: Su b\u00fasqueda e implementaci\u00f3n correcta es lo principal para mejorar el posicionamiento del sitio y sus contenidos.<\/li>\n<\/p>\n<\/p>\n<\/p>\n<li><strong>Estructura del sitio<\/strong>: Se deben emplear archivos como robots.txt o mapas de navegaci\u00f3n con estructuras bien organizadas.<\/li>\n<\/p>\n<\/p>\n<\/p>\n<li><strong>Backlinks<\/strong>: La <a href='https:\/\/www.appyweb.es\/link-building\/'>estrategia de link building<\/a> es indispensable, esto aumenta la relevancia y mejora el posicionamiento a largo plazo.<\/li>\n<\/p>\n<\/p>\n<\/ul>\n<\/p>\n<\/p>\n<p>\"}},\n{\"@type\":\"Question\",\"name\":\"\ud83d\udccc Tipos de optimizaci\u00f3n SEO\",\"acceptedAnswer\":{\"@type\":\"Answer\",\"text\":\"<\/p>\n<p>Como se mencion\u00f3 al principio, se trata de un conjunto de pr\u00e1cticas que pueden llevar a cabo tanto dentro como fuera del sitio web, se clasifican de la siguiente forma.<\/p>\n<p>On-Site<\/p>\n<p>Son los <strong>cambios que se realizan dentro del sitio<\/strong>, incluye el uso de keywords, mejorar del dise\u00f1o de interfaz, la experiencia del usuario, etc. Para visualizar los resultados del on-site se utilizan herramientas como Google Analytics.<\/p>\n<p>Off-Site<\/p>\n<p>Son los trabajos que se realizan fuera de la plataforma para obtener m\u00e1s audiencia. De esta forma, se hace publicidad en redes sociales, estrategias de influencers, construcci\u00f3n de enlaces externos, colaboraciones con blogs, entre otros. Aqu\u00ed tambi\u00e9n <strong>se incluyen estrategias de publicidad tradicional<\/strong>, como anuncios en TV, radio o revistas.<\/p>\n<p>\"}},\n{\"@type\":\"Question\",\"name\":\"\ud83d\udccc \u00bfEs lo mismo que la optimizaci\u00f3n SEM?\",\"acceptedAnswer\":{\"@type\":\"Answer\",\"text\":\"<\/p>\n<p>No, la verdad es que el SEM se refiere a las estrategias que se utilizan para posicionar un sitio web con m\u00e9todos de pago de por medio, por ejemplo, a trav\u00e9s de Google Ads. Es decir, que no se involucra con el posicionamiento org\u00e1nico. Sin embargo, ambas pr\u00e1cticas est\u00e1n ligadas entre s\u00ed,  por tanto <strong>es posible que la optimizaci\u00f3n se pueda tener influencia en el SEM y viceversa<\/strong>.<\/p>\n<p>De hecho, algunas <strong>funciones de Google Ads pueden ser de ayuda para mejorar la optimizaci\u00f3n<\/strong> <strong>SEO<\/strong>, por ejemplo, la b\u00fasqueda de palabras claves y la proyecci\u00f3n de los anuncios pueden ser \u00fatiles para determinar cu\u00e1l ser\u00e1 la relevancia de las palabras claves utilizadas en estrategias org\u00e1nicas.<\/p>\n<p>\"}}\n]}<\/script><\/p>\n<h2>M\u00e1s informaci\u00f3n sobre optimizaci\u00f3n SEO<\/h2>\n<p>Es importante estar al tanto de todos los cambios de los algoritmos de los buscadores, ya que \u00e9stos <strong>tienen influencia directa en las estrategias de optimizaci\u00f3n<\/strong>, obt\u00e9n m\u00e1s informaci\u00f3n al respecto en los siguientes enlaces.<\/p>\n<ul>\n<li><a href=\"https:\/\/www.appyweb.es\/los-6-consejos-seo-fundamentales-posicionar-web\/\">Los 6 consejos SEO fundamentales para posicionar tu web<\/a><\/li>\n<li><a href=\"https:\/\/www.diariobahiadecadiz.com\/noticias\/el-resto-del-mundo\/como-aumentar-tus-ventas-mediante-el-seo-local\/\" rel=\"nofollow noopener\" target=\"_blank\">C\u00f3mo aumentar tus ventas mediante el SEO local<\/a><\/li>\n<\/ul>\n<p>&nbsp;<\/p>\n","protected":false},"excerpt":{"rendered":"<p>Se trata de un conjunto de pr\u00e1cticas que consiste en mejorar la parte t\u00e9cnica fuera y dentro de un sitio web, para mejorar su visibilidad en buscadores. La optimizaci\u00f3n SEO solo se aplica para resultados org\u00e1nicos, es decir, no involucra m\u00e9todos de pago como anuncios. \u00bfQu\u00e9 es la optimizaci\u00f3n SEO? Se trata de una serie [&hellip;]<\/p>\n","protected":false},"author":1,"featured_media":11868,"parent":0,"menu_order":0,"comment_status":"open","ping_status":"closed","template":"","meta":{"inline_featured_image":false,"footnotes":""},"class_list":["post-3275","page","type-page","status-publish","has-post-thumbnail","hentry"],"_links":{"self":[{"href":"https:\/\/www.appyweb.es\/diccionario\/wp-json\/wp\/v2\/pages\/3275","targetHints":{"allow":["GET"]}}],"collection":[{"href":"https:\/\/www.appyweb.es\/diccionario\/wp-json\/wp\/v2\/pages"}],"about":[{"href":"https:\/\/www.appyweb.es\/diccionario\/wp-json\/wp\/v2\/types\/page"}],"author":[{"embeddable":true,"href":"https:\/\/www.appyweb.es\/diccionario\/wp-json\/wp\/v2\/users\/1"}],"replies":[{"embeddable":true,"href":"https:\/\/www.appyweb.es\/diccionario\/wp-json\/wp\/v2\/comments?post=3275"}],"version-history":[{"count":5,"href":"https:\/\/www.appyweb.es\/diccionario\/wp-json\/wp\/v2\/pages\/3275\/revisions"}],"predecessor-version":[{"id":11870,"href":"https:\/\/www.appyweb.es\/diccionario\/wp-json\/wp\/v2\/pages\/3275\/revisions\/11870"}],"wp:featuredmedia":[{"embeddable":true,"href":"https:\/\/www.appyweb.es\/diccionario\/wp-json\/wp\/v2\/media\/11868"}],"wp:attachment":[{"href":"https:\/\/www.appyweb.es\/diccionario\/wp-json\/wp\/v2\/media?parent=3275"}],"curies":[{"name":"wp","href":"https:\/\/api.w.org\/{rel}","templated":true}]}}