{"id":3278,"date":"2023-06-22T14:55:16","date_gmt":"2023-06-22T14:55:16","guid":{"rendered":"https:\/\/www.appyweb.es\/diccionario\/?post_type=project&#038;p=3278"},"modified":"2024-03-21T09:40:24","modified_gmt":"2024-03-21T09:40:24","slug":"optimizaclick","status":"publish","type":"page","link":"https:\/\/www.appyweb.es\/diccionario\/optimizaclick\/","title":{"rendered":"Optimizaclick"},"content":{"rendered":"<h1><img loading=\"lazy\" decoding=\"async\" class=\"alignnone  wp-image-11877\" src=\"https:\/\/www.appyweb.es\/diccionario\/wp-content\/uploads\/2024\/03\/optimizaclick-300x180.jpg\" alt=\"optimizaclick\" width=\"975\" height=\"585\" srcset=\"https:\/\/www.appyweb.es\/diccionario\/wp-content\/uploads\/2024\/03\/optimizaclick-300x180.jpg 300w, https:\/\/www.appyweb.es\/diccionario\/wp-content\/uploads\/2024\/03\/optimizaclick-768x461.jpg 768w, https:\/\/www.appyweb.es\/diccionario\/wp-content\/uploads\/2024\/03\/optimizaclick.jpg 1000w\" sizes=\"auto, (max-width: 975px) 100vw, 975px\" \/><\/h1>\n<p>Se trata de una empresa que ofrece diversos servicios de marketing digital, en <strong>OptmizaClick se enfocan en el desarrollo web<\/strong>, en el posicionamiento org\u00e1nico, publicidad con anuncios, redes sociales, marketing de contenidos, entre otros.<\/p>\n<h2>\u00bfQu\u00e9 es Optimizaclick?<\/h2>\n<p>Es una empresa que ofrece servicios integrales de marketing digital, entre los nombrados en la introducci\u00f3n se puede a\u00f1adir la construcci\u00f3n de p\u00e1ginas web, alojamiento web, <a href=\"https:\/\/www.appyweb.es\/auditoria-seo\/\">auditor\u00eda SEO<\/a> consultor\u00eda, publicidad para YouTube, Google Shopping, blogging, entre otros.<\/p>\n<p>Esta organizaci\u00f3n tambi\u00e9n se destaca por contar un gran equipo de trabajo humano, integrado por expertos en t\u00e9cnicas PPC (t\u00e9cnica de pago por clic). Aunque tambi\u00e9n <strong>se destaca profesionales especializados en posicionamiento estrat\u00e9gico<\/strong>, construcci\u00f3n de enlaces e hiperlinks patrocinados.<\/p>\n<h2>Origen<\/h2>\n<p>Optimizaclick empez\u00f3 a funcionar en el a\u00f1o 1997, a partir de la experiencia de una empresa llamada QDQ Media, donde se <strong>desarrollaban servicios de desarrollo web y promoci\u00f3n a gran escala digital<\/strong>. Despu\u00e9s de casi una d\u00e9cada, en el a\u00f1o 2009 cambiaron de nombre y de modelo de negocio para empezar a tener una proyecci\u00f3n m\u00e1s exclusiva en Asturias, Espa\u00f1a<\/p>\n<p>Sin embargo, actualmente cuentan con una plantilla de clientes de todos los tama\u00f1os e incluso trabajan con agencias de marketing digital de forma directa, siendo un gran referente incluso entre su competencia.<\/p>\n<h2>Servicios de Optimizaclick<\/h2>\n<ul>\n<li><strong>Desarrollo web<\/strong>: Cuenta con un servicio nuevo conocido como <em>optimizar<\/em> donde se <a href=\"https:\/\/www.appyweb.es\/posicionamiento-web\/\">involucran estrategias org\u00e1nicas<\/a> para optimizar un sitio al m\u00e1ximo. Tambi\u00e9n se concentran en mejorar el rendimiento de las p\u00e1ginas web y las p\u00e1ginas de registro. Al mismo tiempo, se involucran con el alojamiento web y la administraci\u00f3n de dominios.<\/li>\n<li><strong>SEO<\/strong>: Se concentran en hacer una mejora del posicionamiento web por palabras clave, tambi\u00e9n <strong>incluyen el desarrollo de auditor\u00edas constantes y consultor\u00edas<\/strong>. Igualmente, analizan constantemente el tr\u00e1fico obtenido por SEO.<\/li>\n<li><strong>SEM<\/strong>: Realizan campa\u00f1as en Google Ads, publicidad en YouTube y campa\u00f1as en redes sociales.<\/li>\n<li><strong>Marketing de contenidos<\/strong>: Se concentran en el blogging, en la optimizaci\u00f3n de los contenidos web, tambi\u00e9n realizan publirreportajes para medios de comunicaci\u00f3n. Aparte, ofrecen otros productos en cuanto a publicidad tradicional, como foto negocio y foto producto.<\/li>\n<li><strong>Redes sociales<\/strong>: Incluyen la el desarrollo de la comunidad digital a trav\u00e9s de Facebook, Twitter, Instagram, YouTube y otras redes sociales adem\u00e1s realizan sorteos y promociones.<\/li>\n<\/ul>\n<h2>Opiniones de Optimizaclick<\/h2>\n<p>En cuanto a las opiniones de los clientes de esta empresa, se puede decir que cuentan con un promedio de 4.1 de 16 opiniones en Google, <strong>la mayor\u00eda de las cuales son muy positivas<\/strong>. De hecho, algunos de los usuarios comentan que se trata de la mejor agencia de marketing online en Asturias.<\/p>\n<p>Algunos de los comentarios que incluyen en su sitio web mencionan clientes como <em>Multisac<\/em> que halagan efectividad de los trabajos y su trato personal y cercano.<\/p>\n<p><script type=\"application\/ld+json\">{\"@context\":\"https:\/\/schema.org\",\"@type\":\"FAQPage\",\"mainEntity\":[ \n{\"@type\":\"Question\",\"name\":\"\ud83d\udccc \u00bfQu\u00e9 es Optimizaclick?\",\"acceptedAnswer\":{\"@type\":\"Answer\",\"text\":\"<\/p>\n<p>Es una empresa que ofrece servicios integrales de marketing digital, entre los nombrados en la introducci\u00f3n se puede a\u00f1adir la construcci\u00f3n de p\u00e1ginas web, alojamiento web, <a href='https:\/\/www.appyweb.es\/auditoria-seo\/'>auditor\u00eda SEO<\/a> consultor\u00eda, publicidad para YouTube, Google Shopping, blogging, entre otros.<\/p>\n<p>Esta organizaci\u00f3n tambi\u00e9n se destaca por contar un gran equipo de trabajo humano, integrado por expertos en t\u00e9cnicas PPC (t\u00e9cnica de pago por clic). Aunque tambi\u00e9n <strong>se destaca profesionales especializados en posicionamiento estrat\u00e9gico<\/strong>, construcci\u00f3n de enlaces e hiperlinks patrocinados.<\/p>\n<p>\"}},\n{\"@type\":\"Question\",\"name\":\"\ud83d\udccc Origen\",\"acceptedAnswer\":{\"@type\":\"Answer\",\"text\":\"<\/p>\n<p>Optimizaclick empez\u00f3 a funcionar en el a\u00f1o 1997, a partir de la experiencia de una empresa llamada QDQ Media, donde se <strong>desarrollaban servicios de desarrollo web y promoci\u00f3n a gran escala digital<\/strong>. Despu\u00e9s de casi una d\u00e9cada, en el a\u00f1o 2009 cambiaron de nombre y de modelo de negocio para empezar a tener una proyecci\u00f3n m\u00e1s exclusiva en Asturias, Espa\u00f1a<\/p>\n<p>Sin embargo, actualmente cuentan con una plantilla de clientes de todos los tama\u00f1os e incluso trabajan con agencias de marketing digital de forma directa, siendo un gran referente incluso entre su competencia.<\/p>\n<p>\"}},\n{\"@type\":\"Question\",\"name\":\"\ud83d\udccc Servicios de Optimizaclick\",\"acceptedAnswer\":{\"@type\":\"Answer\",\"text\":\"<\/p>\n<\/p>\n<ul>\n<\/p>\n<li><strong>Desarrollo web<\/strong>: Cuenta con un servicio nuevo conocido como <em>optimizar<\/em> donde se <a href='https:\/\/www.appyweb.es\/posicionamiento-web\/'>involucran estrategias org\u00e1nicas<\/a> para optimizar un sitio al m\u00e1ximo. Tambi\u00e9n se concentran en mejorar el rendimiento de las p\u00e1ginas web y las p\u00e1ginas de registro. Al mismo tiempo, se involucran con el alojamiento web y la administraci\u00f3n de dominios.<\/li>\n<\/p>\n<\/p>\n<\/p>\n<li><strong>SEO<\/strong>: Se concentran en hacer una mejora del posicionamiento web por palabras clave, tambi\u00e9n <strong>incluyen el desarrollo de auditor\u00edas constantes y consultor\u00edas<\/strong>. Igualmente, analizan constantemente el tr\u00e1fico obtenido por SEO.<\/li>\n<\/p>\n<\/p>\n<\/p>\n<li><strong>SEM<\/strong>: Realizan campa\u00f1as en Google Ads, publicidad en YouTube y campa\u00f1as en redes sociales.<\/li>\n<\/p>\n<\/p>\n<\/p>\n<li><strong>Marketing de contenidos<\/strong>: Se concentran en el blogging, en la optimizaci\u00f3n de los contenidos web, tambi\u00e9n realizan publirreportajes para medios de comunicaci\u00f3n. Aparte, ofrecen otros productos en cuanto a publicidad tradicional, como foto negocio y foto producto.<\/li>\n<\/p>\n<\/p>\n<\/p>\n<li><strong>Redes sociales<\/strong>: Incluyen la el desarrollo de la comunidad digital a trav\u00e9s de Facebook, Twitter, Instagram, YouTube y otras redes sociales adem\u00e1s realizan sorteos y promociones.<\/li>\n<\/p>\n<\/p>\n<\/ul>\n<\/p>\n<\/p>\n<p>\"}},\n{\"@type\":\"Question\",\"name\":\"\ud83d\udccc Opiniones de Optimizaclick\",\"acceptedAnswer\":{\"@type\":\"Answer\",\"text\":\"<\/p>\n<p>En cuanto a las opiniones de los clientes de esta empresa, se puede decir que cuentan con un promedio de 4.1 de 16 opiniones en Google, <strong>la mayor\u00eda de las cuales son muy positivas<\/strong>. De hecho, algunos de los usuarios comentan que se trata de la mejor agencia de marketing online en Asturias.<\/p>\n<p>Algunos de los comentarios que incluyen en su sitio web mencionan clientes como <em>Multisac<\/em> que halagan efectividad de los trabajos y su trato personal y cercano.<\/p>\n<p>\"}}\n]}<\/script><\/p>\n<h2>M\u00e1s informaci\u00f3n sobre Optimizaclick<\/h2>\n<p>Es\u00a0importante mencionar que esta empresa <strong>tambi\u00e9n ofrece servicios de marketing 360\u00b0<\/strong>, as\u00ed que si te interesa tener m\u00e1s informaci\u00f3n, en estos enlaces puedes encontrarla.<\/p>\n<ul>\n<li><a href=\"https:\/\/www.appyweb.es\/diccionario\/marketing-360\/\">\u00bfQu\u00e9 es el Marketing 360 y para qu\u00e9 sirve?<\/a><\/li>\n<li><a href=\"https:\/\/www.optimizaclick.com\/contacto\/\" rel=\"nofollow noopener\" target=\"_blank\">C\u00f3mo rentabilizar la presencia online con Optimizaclick<\/a><\/li>\n<\/ul>\n<p>&nbsp;<\/p>\n","protected":false},"excerpt":{"rendered":"<p>Se trata de una empresa que ofrece diversos servicios de marketing digital, en OptmizaClick se enfocan en el desarrollo web, en el posicionamiento org\u00e1nico, publicidad con anuncios, redes sociales, marketing de contenidos, entre otros. \u00bfQu\u00e9 es Optimizaclick? Es una empresa que ofrece servicios integrales de marketing digital, entre los nombrados en la introducci\u00f3n se puede [&hellip;]<\/p>\n","protected":false},"author":1,"featured_media":11877,"parent":0,"menu_order":0,"comment_status":"open","ping_status":"closed","template":"","meta":{"inline_featured_image":false,"footnotes":""},"class_list":["post-3278","page","type-page","status-publish","has-post-thumbnail","hentry"],"_links":{"self":[{"href":"https:\/\/www.appyweb.es\/diccionario\/wp-json\/wp\/v2\/pages\/3278","targetHints":{"allow":["GET"]}}],"collection":[{"href":"https:\/\/www.appyweb.es\/diccionario\/wp-json\/wp\/v2\/pages"}],"about":[{"href":"https:\/\/www.appyweb.es\/diccionario\/wp-json\/wp\/v2\/types\/page"}],"author":[{"embeddable":true,"href":"https:\/\/www.appyweb.es\/diccionario\/wp-json\/wp\/v2\/users\/1"}],"replies":[{"embeddable":true,"href":"https:\/\/www.appyweb.es\/diccionario\/wp-json\/wp\/v2\/comments?post=3278"}],"version-history":[{"count":5,"href":"https:\/\/www.appyweb.es\/diccionario\/wp-json\/wp\/v2\/pages\/3278\/revisions"}],"predecessor-version":[{"id":11882,"href":"https:\/\/www.appyweb.es\/diccionario\/wp-json\/wp\/v2\/pages\/3278\/revisions\/11882"}],"wp:featuredmedia":[{"embeddable":true,"href":"https:\/\/www.appyweb.es\/diccionario\/wp-json\/wp\/v2\/media\/11877"}],"wp:attachment":[{"href":"https:\/\/www.appyweb.es\/diccionario\/wp-json\/wp\/v2\/media?parent=3278"}],"curies":[{"name":"wp","href":"https:\/\/api.w.org\/{rel}","templated":true}]}}