{"id":3281,"date":"2023-06-22T14:57:28","date_gmt":"2023-06-22T14:57:28","guid":{"rendered":"https:\/\/www.appyweb.es\/diccionario\/?post_type=project&#038;p=3281"},"modified":"2024-03-21T09:54:26","modified_gmt":"2024-03-21T09:54:26","slug":"optimizador-de-conversiones","status":"publish","type":"page","link":"https:\/\/www.appyweb.es\/diccionario\/optimizador-de-conversiones\/","title":{"rendered":"Optimizador de conversiones"},"content":{"rendered":"<h1><img loading=\"lazy\" decoding=\"async\" class=\"alignnone  wp-image-11889\" src=\"https:\/\/www.appyweb.es\/diccionario\/wp-content\/uploads\/2024\/03\/optimizacion-de-conversiones-300x180.jpg\" alt=\"Optimizaci\u00f3n de conversiones\" width=\"972\" height=\"583\" srcset=\"https:\/\/www.appyweb.es\/diccionario\/wp-content\/uploads\/2024\/03\/optimizacion-de-conversiones-300x180.jpg 300w, https:\/\/www.appyweb.es\/diccionario\/wp-content\/uploads\/2024\/03\/optimizacion-de-conversiones-768x461.jpg 768w, https:\/\/www.appyweb.es\/diccionario\/wp-content\/uploads\/2024\/03\/optimizacion-de-conversiones.jpg 1000w\" sizes=\"auto, (max-width: 972px) 100vw, 972px\" \/><\/h1>\n<p>Se trata de una herramienta de Google Ads, m\u00e1s espec\u00edficamente, <strong>el optimizador de conversiones se utiliza en la funci\u00f3n de Display<\/strong>. Se utiliza para mejorar el rendimiento de un sitio web para generar leads a menor coste.<\/p>\n<h2>\u00bfQu\u00e9 es el optimizador de conversiones?<\/h2>\n<p>Es una funci\u00f3n que aporta el servicio en l\u00ednea <a href=\"https:\/\/www.appyweb.es\/campanas-google-adwords\/\">Google Ads (Adwords)<\/a>, que permite conocer algunos datos que pueden mejorar las campa\u00f1as, por ejemplo, al utilizar el optimizador de conversiones se pueden <strong>conocer las localizaciones m\u00e1s adecuadas para mostrar el anuncio<\/strong>, teniendo en cuenta el precio de la oferta por el coste de adquisici\u00f3n.<\/p>\n<p>Esto quiere decir que con ayuda de la herramienta se puede <strong>alcanzar la meta de conversi\u00f3n seg\u00fan la cantidad m\u00e1xima que se est\u00e1 dispuesto a pagar<\/strong>. Tambi\u00e9n permite tener un nivel de conversi\u00f3n m\u00e1s \u00f3ptimo, esto se calcula a trav\u00e9s de un porcentaje para cada subasta.<\/p>\n<h2>\u00bfPara qu\u00e9 sirve?<\/h2>\n<p>Su funci\u00f3n principal es hacer que la tasa de leads de las empresas suba por cada campa\u00f1a, sin tener que estar atados a una condici\u00f3n que implicaba tener al menos 15 adquisiciones por d\u00eda durante 30 d\u00edas para poder activar la herramienta. De esta forma, el <a href=\"https:\/\/www.appyweb.es\/conversion-web\/\">optimizador de conversiones web<\/a> tambi\u00e9n es \u00fatil para <strong>aprovechar al m\u00e1ximo la inversi\u00f3n en anuncios<\/strong>.<\/p>\n<p>La \u00fanica condici\u00f3n que se establece para utilizar esta herramienta <strong>es tener activado el seguimiento de leads<\/strong>. De esta forma, los usuarios s\u00f3lo tendr\u00e1n que invertir en las campa\u00f1as que s\u00ed puedan generar conversaciones positivas para su objetivo.<\/p>\n<h2>C\u00f3mo funciona el optimizador de conversiones<\/h2>\n<p>Una vez habilitada la herramienta, es necesario seguir pagando por los clics, pero esta vez, en lugar de seguir un m\u00e9todo de pago de coste por clic (CPC) se establece un coste por adquisici\u00f3n (CPA). De esta forma, la herramienta solo cobrar\u00e1 por cada conversi\u00f3n. Pero <strong>lo mejor es que ser\u00e1n leads de gran calidad<\/strong>, tendr\u00e1n caracter\u00edsticas distintivas del perfil de cliente que quiere la empresa.<\/p>\n<p>Igualmente, esta herramienta trabajar\u00e1 con el historial de conversiones, es decir, tendr\u00e1 en cuenta las caracter\u00edsticas principales de los usuarios que se han convertido anteriormente en las campa\u00f1as de Ads. Pero, tambi\u00e9n tendr\u00e1 en cuenta la localizaci\u00f3n y el tiempo cuando se generaron, optimizando al m\u00e1ximo la aparici\u00f3n de los anuncios.<\/p>\n<h2>\u00bfCu\u00e1les son los aspectos que tienen en cuenta el optimizador de conversiones?<\/h2>\n<p>Para ser m\u00e1s espec\u00edficos es importante mostrar c\u00f3mo se precisa el porcentaje de conversiones y los factores que utilizaron para esto, son las siguientes.<\/p>\n<ul>\n<li><strong>Consulta de b\u00fasqueda<\/strong>: Es decir, el porcentaje de leads obtenidas a partir de la b\u00fasqueda de un usuario.<\/li>\n<li><strong>Localizaci\u00f3n del usuario<\/strong>: Se refiere a la cantidad de leads que se generaron en cierta localizaci\u00f3n geogr\u00e1fica donde se muestran los anuncios.<\/li>\n<li><strong>Historial de contenidos<\/strong>: Es la posibilidad de obtener clientes a partir de un cierto tipo de contenido o un sitio en com\u00fan.<\/li>\n<\/ul>\n<p><script type=\"application\/ld+json\">{\"@context\":\"https:\/\/schema.org\",\"@type\":\"FAQPage\",\"mainEntity\":[ \n{\"@type\":\"Question\",\"name\":\"\ud83d\udccc \u00bfQu\u00e9 es el optimizador de conversiones?\",\"acceptedAnswer\":{\"@type\":\"Answer\",\"text\":\"<\/p>\n<p>Es una funci\u00f3n que aporta el servicio en l\u00ednea <a href='https:\/\/www.appyweb.es\/campanas-google-adwords\/'>Google Ads (Adwords)<\/a>, que permite conocer algunos datos que pueden mejorar las campa\u00f1as, por ejemplo, al utilizar el optimizador de conversiones se pueden <strong>conocer las localizaciones m\u00e1s adecuadas para mostrar el anuncio<\/strong>, teniendo en cuenta el precio de la oferta por el coste de adquisici\u00f3n.<\/p>\n<p>Esto quiere decir que con ayuda de la herramienta se puede <strong>alcanzar la meta de conversi\u00f3n seg\u00fan la cantidad m\u00e1xima que se est\u00e1 dispuesto a pagar<\/strong>. Tambi\u00e9n permite tener un nivel de conversi\u00f3n m\u00e1s \u00f3ptimo, esto se calcula a trav\u00e9s de un porcentaje para cada subasta.<\/p>\n<p>\"}},\n{\"@type\":\"Question\",\"name\":\"\ud83d\udccc \u00bfPara qu\u00e9 sirve?\",\"acceptedAnswer\":{\"@type\":\"Answer\",\"text\":\"<\/p>\n<p>Su funci\u00f3n principal es hacer que la tasa de leads de las empresas suba por cada campa\u00f1a, sin tener que estar atados a una condici\u00f3n que implicaba tener al menos 15 adquisiciones por d\u00eda durante 30 d\u00edas para poder activar la herramienta. De esta forma, el <a href='https:\/\/www.appyweb.es\/conversion-web\/'>optimizador de conversiones web<\/a> tambi\u00e9n es \u00fatil para <strong>aprovechar al m\u00e1ximo la inversi\u00f3n en anuncios<\/strong>.<\/p>\n<p>La \u00fanica condici\u00f3n que se establece para utilizar esta herramienta <strong>es tener activado el seguimiento de leads<\/strong>. De esta forma, los usuarios s\u00f3lo tendr\u00e1n que invertir en las campa\u00f1as que s\u00ed puedan generar conversaciones positivas para su objetivo.<\/p>\n<p>\"}},\n{\"@type\":\"Question\",\"name\":\"\ud83d\udccc C\u00f3mo funciona el optimizador de conversiones\",\"acceptedAnswer\":{\"@type\":\"Answer\",\"text\":\"<\/p>\n<p>Una vez habilitada la herramienta, es necesario seguir pagando por los clics, pero esta vez, en lugar de seguir un m\u00e9todo de pago de coste por clic (CPC) se establece un coste por adquisici\u00f3n (CPA). De esta forma, la herramienta solo cobrar\u00e1 por cada conversi\u00f3n. Pero <strong>lo mejor es que ser\u00e1n leads de gran calidad<\/strong>, tendr\u00e1n caracter\u00edsticas distintivas del perfil de cliente que quiere la empresa.<\/p>\n<p>Igualmente, esta herramienta trabajar\u00e1 con el historial de conversiones, es decir, tendr\u00e1 en cuenta las caracter\u00edsticas principales de los usuarios que se han convertido anteriormente en las campa\u00f1as de Ads. Pero, tambi\u00e9n tendr\u00e1 en cuenta la localizaci\u00f3n y el tiempo cuando se generaron, optimizando al m\u00e1ximo la aparici\u00f3n de los anuncios.<\/p>\n<p>\"}},\n{\"@type\":\"Question\",\"name\":\"\ud83d\udccc \u00bfCu\u00e1les son los aspectos que tienen en cuenta el optimizador de conversiones?\",\"acceptedAnswer\":{\"@type\":\"Answer\",\"text\":\"<\/p>\n<p>Para ser m\u00e1s espec\u00edficos es importante mostrar c\u00f3mo se precisa el porcentaje de conversiones y los factores que utilizaron para esto, son las siguientes.<\/p>\n<\/p>\n<ul>\n<\/p>\n<li><strong>Consulta de b\u00fasqueda<\/strong>: Es decir, el porcentaje de leads obtenidas a partir de la b\u00fasqueda de un usuario.<\/li>\n<\/p>\n<\/p>\n<\/p>\n<li><strong>Localizaci\u00f3n del usuario<\/strong>: Se refiere a la cantidad de leads que se generaron en cierta localizaci\u00f3n geogr\u00e1fica donde se muestran los anuncios.<\/li>\n<\/p>\n<\/p>\n<\/p>\n<li><strong>Historial de contenidos<\/strong>: Es la posibilidad de obtener clientes a partir de un cierto tipo de contenido o un sitio en com\u00fan.<\/li>\n<\/p>\n<\/p>\n<\/ul>\n<\/p>\n<\/p>\n<p>\"}}\n]}<\/script><\/p>\n<h2>M\u00e1s informaci\u00f3n sobre optimizador de conversiones<\/h2>\n<p>\u00bfQuieres activar esta funcionalidad? mira los siguientes enlaces y activa el seguimiento de tu generaci\u00f3n de leads.<\/p>\n<ul>\n<li><a href=\"https:\/\/www.appyweb.es\/11-estrategias-aumentar-conversion-la-fidelizacion-clientes\/\">11 estrategias para aumentar la conversi\u00f3n y fidelizaci\u00f3n<\/a><\/li>\n<li><a href=\"http:\/\/adwords.google.com\/support\/bin\/answer.py?answer=6099&amp;topic=61\" rel=\"nofollow noopener\" target=\"_blank\">Implementar el seguimiento de conversiones<\/a><\/li>\n<\/ul>\n<p>&nbsp;<\/p>\n","protected":false},"excerpt":{"rendered":"<p>Se trata de una herramienta de Google Ads, m\u00e1s espec\u00edficamente, el optimizador de conversiones se utiliza en la funci\u00f3n de Display. Se utiliza para mejorar el rendimiento de un sitio web para generar leads a menor coste. \u00bfQu\u00e9 es el optimizador de conversiones? Es una funci\u00f3n que aporta el servicio en l\u00ednea Google Ads (Adwords), [&hellip;]<\/p>\n","protected":false},"author":1,"featured_media":11889,"parent":0,"menu_order":0,"comment_status":"open","ping_status":"closed","template":"","meta":{"inline_featured_image":false,"footnotes":""},"class_list":["post-3281","page","type-page","status-publish","has-post-thumbnail","hentry"],"_links":{"self":[{"href":"https:\/\/www.appyweb.es\/diccionario\/wp-json\/wp\/v2\/pages\/3281","targetHints":{"allow":["GET"]}}],"collection":[{"href":"https:\/\/www.appyweb.es\/diccionario\/wp-json\/wp\/v2\/pages"}],"about":[{"href":"https:\/\/www.appyweb.es\/diccionario\/wp-json\/wp\/v2\/types\/page"}],"author":[{"embeddable":true,"href":"https:\/\/www.appyweb.es\/diccionario\/wp-json\/wp\/v2\/users\/1"}],"replies":[{"embeddable":true,"href":"https:\/\/www.appyweb.es\/diccionario\/wp-json\/wp\/v2\/comments?post=3281"}],"version-history":[{"count":5,"href":"https:\/\/www.appyweb.es\/diccionario\/wp-json\/wp\/v2\/pages\/3281\/revisions"}],"predecessor-version":[{"id":11894,"href":"https:\/\/www.appyweb.es\/diccionario\/wp-json\/wp\/v2\/pages\/3281\/revisions\/11894"}],"wp:featuredmedia":[{"embeddable":true,"href":"https:\/\/www.appyweb.es\/diccionario\/wp-json\/wp\/v2\/media\/11889"}],"wp:attachment":[{"href":"https:\/\/www.appyweb.es\/diccionario\/wp-json\/wp\/v2\/media?parent=3281"}],"curies":[{"name":"wp","href":"https:\/\/api.w.org\/{rel}","templated":true}]}}