{"id":329,"date":"2023-06-19T14:43:05","date_gmt":"2023-06-19T14:43:05","guid":{"rendered":"https:\/\/www.appyweb.es\/diccionario\/?page_id=329"},"modified":"2024-03-17T19:14:40","modified_gmt":"2024-03-17T19:14:40","slug":"brandwatch","status":"publish","type":"page","link":"https:\/\/www.appyweb.es\/diccionario\/brandwatch\/","title":{"rendered":"Brandwatch"},"content":{"rendered":"<h1 class=\"entry-title main_title\"><img loading=\"lazy\" decoding=\"async\" class=\" wp-image-10404 aligncenter\" src=\"https:\/\/www.appyweb.es\/diccionario\/wp-content\/uploads\/2023\/09\/brandwatch-logo-300x167.jpg\" alt=\"\" width=\"842\" height=\"469\" srcset=\"https:\/\/www.appyweb.es\/diccionario\/wp-content\/uploads\/2023\/09\/brandwatch-logo-300x167.jpg 300w, https:\/\/www.appyweb.es\/diccionario\/wp-content\/uploads\/2023\/09\/brandwatch-logo-768x427.jpg 768w, https:\/\/www.appyweb.es\/diccionario\/wp-content\/uploads\/2023\/09\/brandwatch-logo.jpg 900w\" sizes=\"auto, (max-width: 842px) 100vw, 842px\" \/><\/h1>\n<p>Es una plataforma de an\u00e1lisis social que permite saber y entender que se dice en Internet sobre una marca. Utiliza la inteligencia artificial como medio para obtener la informaci\u00f3n que necesitan,\u00a0<strong>a trav\u00e9s de Brandwatch es m\u00e1s f\u00e1cil identificar a las audiencias<\/strong>\u00a0y hacer b\u00fasqueda de consumidores.<\/p>\n<h2>\u00bfQu\u00e9 es Brandwatch?<\/h2>\n<p>Esta empresa naci\u00f3 con el objetivo de ofrecer <strong>herramientas inteligentes para el estudio del consumidor online<\/strong>. La m\u00e1s famosa de su cat\u00e1logo es Buzzsumo, por sus anal\u00edticas y <a href=\"https:\/\/www.appyweb.es\/diccionario\/marketing-medios-sociales\/\">generaci\u00f3n de contenidos<\/a>.<br \/>\nSin embargo, tambi\u00e9n cuenta con otra opci\u00f3n poderosa como lo es Brandwatch Consumer Research, que es una aplicaci\u00f3n o software de servicio capaz de archivar toda la informaci\u00f3n recopilada de redes sociales y otros medios digitales, para luego analizarla por segmentos y estudiar el nivel de presencia de una marca.<\/p>\n<h2>Origen de Brandwatch<\/h2>\n<p>Fue fundada en 1999 en Brighton, Inglaterra, de la mano de Giles Palmer. En ese entonces, se le conoc\u00eda como Runtime Collective LTD y se dedicaba especialmente a la creaci\u00f3n de ingenier\u00eda web avanzada. Despu\u00e9s, en el a\u00f1o 2005 gan\u00f3 popularidad gracias a su herramienta conocida como Magpie Search and Alert, un buscador especializado en finanzas y patentes.<\/p>\n<p>Finalmente, en el 2007 se renov\u00f3 bajo el nombre de Brandwatch, cambiando todo su concepto del an\u00e1lisis de finanzas a <strong>la recopilaci\u00f3n de datos a partir de menciones en redes sociales<\/strong>, con la idea de perfeccionar <a href=\"https:\/\/diseno20.appyweb.es\/social-media-manager\/\" rel=\"nofollow noopener\" target=\"_blank\">campa\u00f1as como en Facebook Ads<\/a>. Actualmente, la empresa cuenta con m\u00e1s de 2000 clientes y tienen oficinas localizadas en Boston, Berl\u00edn, Nueva York, Singapur, Par\u00eds y S\u00eddney.<\/p>\n<h2>Servicios de Brandwatch<\/h2>\n<p>Los servicios de software que ofrece esta plataforma permiten hacer un seguimiento del contenido que se publica en Internet sobre una marca, as\u00ed como registrar cu\u00e1l es la respuesta del p\u00fablico ante esta. Entre las funciones que aplican para conseguirlo, \u00e9stas son las m\u00e1s importantes.<\/p>\n<ul>\n<li>Segmentar las conversaciones que se hagan sobre la marca, comentarios positivos o negativos, temas de conversaciones que generen los usuarios en su entorno. De all\u00ed surgen insights, que fomentan la creaci\u00f3n de nuevas estrategias para la marca.<\/li>\n<li><strong>Medir el impacto en redes sociales e Internet de las campa\u00f1as que se generen<\/strong>. Su impacto en el p\u00fablico, las emociones que gener\u00f3 entre los usuarios, visualizaciones e interacci\u00f3n entre el consumidor y la marca.<\/li>\n<li>Cuenta con un sistema de alarma que <a href=\"https:\/\/diseno20.appyweb.es\/email-marketing-para-empresas\/\" rel=\"nofollow noopener\" target=\"_blank\">informa v\u00eda email<\/a> cu\u00e1ndo se genera alguna campa\u00f1a que ponga en duda la reputaci\u00f3n de la compa\u00f1\u00eda en tiempo real.<\/li>\n<\/ul>\n<h2>Brandwatch precio<\/h2>\n<p>La empresa ofrece <strong>distintos paquetes de precio para cumplir las necesidades de sus clientes<\/strong>, el coste para contratar sus servicios se divide de la siguiente forma.<\/p>\n<ul>\n<li><strong>Pro<\/strong>: Ofrece 10 mil menciones analizadas por mes, 650 euros. Se puede extender hasta 20 mil menciones por 1100 euros, 50 mil menciones por 1550 euros y 100 mil menciones por 1999 euros.<\/li>\n<li><strong>Enterprise M<\/strong>: Este paquete ofrece un l\u00edmite al mostrar la cantidad de menciones, pero el cliente puede acceder a un <strong>n\u00famero ilimitado de veces para hacer b\u00fasquedas en Queries <\/strong>(otro servicio de la empresa). Su precio es desde 2600 hasta 5300 euros.<\/li>\n<li><strong>Enterprise Q<\/strong>: Es al contrario del anterior, ofrece menciones ilimitadas, pero sesiones limitadas del uso del buscador, tiene el mismo rango de precio, dependiendo de la necesidad del cliente, desde 2600 euros hasta 5300 euros.<\/li>\n<\/ul>\n<p><script type=\"application\/ld+json\">{\"@context\":\"https:\/\/schema.org\",\"@type\":\"FAQPage\",\"mainEntity\":[ \n{\"@type\":\"Question\",\"name\":\"\u00bfQu\u00e9 es Brandwatch?\",\"acceptedAnswer\":{\"@type\":\"Answer\",\"text\":\"<\/p>\n<\/p>\n<\/p>\n<\/p>\n<\/p>\n<\/p>\n<\/p>\n<\/p>\n<\/p>\n<p>Esta empresa naci\u00f3 con el objetivo de ofrecer <strong>herramientas inteligentes para el estudio del consumidor online<\/strong>. La m\u00e1s famosa de su cat\u00e1logo es Buzzsumo, por sus anal\u00edticas y <a href='https:\/\/www.appyweb.es\/diccionario\/marketing-medios-sociales\/'>generaci\u00f3n de contenidos<\/a>.<br \/>Sin embargo, tambi\u00e9n cuenta con otra opci\u00f3n poderosa como lo es Brandwatch Consumer Research, que es una aplicaci\u00f3n o software de servicio capaz de archivar toda la informaci\u00f3n recopilada de redes sociales y otros medios digitales, para luego analizarla por segmentos y estudiar el nivel de presencia de una marca.<\/p>\n<\/p>\n<\/p>\n<\/p>\n<\/p>\n<\/p>\n<\/p>\n<\/p>\n<\/p>\n<p>\"}},\n{\"@type\":\"Question\",\"name\":\"Origen de Brandwatch\",\"acceptedAnswer\":{\"@type\":\"Answer\",\"text\":\"<\/p>\n<\/p>\n<\/p>\n<\/p>\n<\/p>\n<\/p>\n<\/p>\n<\/p>\n<\/p>\n<p>Fue fundada en 1999 en Brighton, Inglaterra, de la mano de Giles Palmer. En ese entonces, se le conoc\u00eda como Runtime Collective LTD y se dedicaba especialmente a la creaci\u00f3n de ingenier\u00eda web avanzada. Despu\u00e9s, en el a\u00f1o 2005 gan\u00f3 popularidad gracias a su herramienta conocida como Magpie Search and Alert, un buscador especializado en finanzas y patentes.<\/p>\n<\/p>\n<\/p>\n<\/p>\n<\/p>\n<\/p>\n<\/p>\n<\/p>\n<\/p>\n<\/p>\n<\/p>\n<\/p>\n<\/p>\n<\/p>\n<\/p>\n<\/p>\n<\/p>\n<p>Finalmente, en el 2007 se renov\u00f3 bajo el nombre de Brandwatch, cambiando todo su concepto del an\u00e1lisis de finanzas a <strong>la recopilaci\u00f3n de datos a partir de menciones en redes sociales<\/strong>, con la idea de perfeccionar <a href='https:\/\/diseno20.appyweb.es\/social-media-manager\/'>campa\u00f1as como en Facebook Ads<\/a>. Actualmente, la empresa cuenta con m\u00e1s de 2000 clientes y tienen oficinas localizadas en Boston, Berl\u00edn, Nueva York, Singapur, Par\u00eds y S\u00eddney.<\/p>\n<\/p>\n<\/p>\n<\/p>\n<\/p>\n<\/p>\n<\/p>\n<\/p>\n<\/p>\n<p>\"}},\n{\"@type\":\"Question\",\"name\":\"Servicios de Brandwatch\",\"acceptedAnswer\":{\"@type\":\"Answer\",\"text\":\"<\/p>\n<\/p>\n<\/p>\n<\/p>\n<\/p>\n<\/p>\n<\/p>\n<\/p>\n<\/p>\n<p>Los servicios de software que ofrece esta plataforma permiten hacer un seguimiento del contenido que se publica en Internet sobre una marca, as\u00ed como registrar cu\u00e1l es la respuesta del p\u00fablico ante esta. Entre las funciones que aplican para conseguirlo, \u00e9stas son las m\u00e1s importantes.<\/p>\n<\/p>\n<\/p>\n<\/p>\n<\/p>\n<\/p>\n<\/p>\n<\/p>\n<\/p>\n<\/p>\n<\/p>\n<\/p>\n<\/p>\n<\/p>\n<\/p>\n<\/p>\n<\/p>\n<ul>\n<\/p>\n<\/p>\n<\/p>\n<\/p>\n<\/p>\n<\/p>\n<\/p>\n<\/p>\n<li>Segmentar las conversaciones que se hagan sobre la marca, comentarios positivos o negativos, temas de conversaciones que generen los usuarios en su entorno. De all\u00ed surgen insights, que fomentan la creaci\u00f3n de nuevas estrategias para la marca.<\/li>\n<\/p>\n<\/p>\n<\/p>\n<\/p>\n<\/p>\n<\/p>\n<\/p>\n<\/p>\n<\/p>\n<\/p>\n<\/p>\n<\/p>\n<\/p>\n<\/p>\n<\/p>\n<li><strong>Medir el impacto en redes sociales e Internet de las campa\u00f1as que se generen<\/strong>. Su impacto en el p\u00fablico, las emociones que gener\u00f3 entre los usuarios, visualizaciones e interacci\u00f3n entre el consumidor y la marca.<\/li>\n<\/p>\n<\/p>\n<\/p>\n<\/p>\n<\/p>\n<\/p>\n<\/p>\n<\/p>\n<\/p>\n<\/p>\n<\/p>\n<\/p>\n<\/p>\n<\/p>\n<\/p>\n<li>Cuenta con un sistema de alarma que <a href='https:\/\/diseno20.appyweb.es\/email-marketing-para-empresas\/'>informa v\u00eda email<\/a> cu\u00e1ndo se genera alguna campa\u00f1a que ponga en duda la reputaci\u00f3n de la compa\u00f1\u00eda en tiempo real.<\/li>\n<\/p>\n<\/p>\n<\/p>\n<\/p>\n<\/p>\n<\/p>\n<\/p>\n<\/ul>\n<\/p>\n<\/p>\n<\/p>\n<\/p>\n<\/p>\n<\/p>\n<\/p>\n<p>\"}},\n{\"@type\":\"Question\",\"name\":\"Brandwatch precio\",\"acceptedAnswer\":{\"@type\":\"Answer\",\"text\":\"<\/p>\n<\/p>\n<\/p>\n<\/p>\n<\/p>\n<\/p>\n<\/p>\n<\/p>\n<\/p>\n<p>La empresa ofrece <strong>distintos paquetes de precio para cumplir las necesidades de sus clientes<\/strong>, el coste para contratar sus servicios se divide de la siguiente forma.<\/p>\n<\/p>\n<\/p>\n<\/p>\n<\/p>\n<\/p>\n<\/p>\n<\/p>\n<\/p>\n<\/p>\n<\/p>\n<\/p>\n<\/p>\n<\/p>\n<\/p>\n<\/p>\n<\/p>\n<ul>\n<\/p>\n<\/p>\n<\/p>\n<\/p>\n<\/p>\n<\/p>\n<\/p>\n<\/p>\n<li><strong>Pro<\/strong>: Ofrece 10 mil menciones analizadas por mes, 650 euros. Se puede extender hasta 20 mil menciones por 1100 euros, 50 mil menciones por 1550 euros y 100 mil menciones por 1999 euros.<\/li>\n<\/p>\n<\/p>\n<\/p>\n<\/p>\n<\/p>\n<\/p>\n<\/p>\n<\/p>\n<\/p>\n<\/p>\n<\/p>\n<\/p>\n<\/p>\n<\/p>\n<\/p>\n<li><strong>Enterprise M<\/strong>: Este paquete ofrece un l\u00edmite al mostrar la cantidad de menciones, pero el cliente puede acceder a un <strong>n\u00famero ilimitado de veces para hacer b\u00fasquedas en Queries <\/strong>(otro servicio de la empresa). Su precio es desde 2600 hasta 5300 euros.<\/li>\n<\/p>\n<\/p>\n<\/p>\n<\/p>\n<\/p>\n<\/p>\n<\/p>\n<\/p>\n<\/p>\n<\/p>\n<\/p>\n<\/p>\n<\/p>\n<\/p>\n<\/p>\n<li><strong>Enterprise Q<\/strong>: Es al contrario del anterior, ofrece menciones ilimitadas, pero sesiones limitadas del uso del buscador, tiene el mismo rango de precio, dependiendo de la necesidad del cliente, desde 2600 euros hasta 5300 euros.<\/li>\n<\/p>\n<\/p>\n<\/p>\n<\/p>\n<\/p>\n<\/p>\n<\/p>\n<\/ul>\n<\/p>\n<\/p>\n<\/p>\n<\/p>\n<\/p>\n<\/p>\n<\/p>\n<p>\"}}\n]}<\/script><\/p>\n<p>&nbsp;<\/p>\n<h2><span id=\"%F0%9F%93%8C_Mas_informacion_sobre_Brandwatch\" class=\"ez-toc-section\"><\/span>M\u00e1s informaci\u00f3n sobre Brandwatch<\/h2>\n<ul>\n<li><a href=\"https:\/\/diseno20.appyweb.es\/estrategia-marketing-360\/\" rel=\"nofollow noopener\" target=\"_blank\">Todo lo que debes saber sobre captar clientes<\/a>.<\/li>\n<li><a href=\"https:\/\/www.brandwatch.com\/es\/blog\/entender-a-los-consumidores\/\" rel=\"nofollow noopener\" target=\"_blank\">C\u00f3mo utilizar Brandwatch para entender a los consumidores<\/a>.<\/li>\n<\/ul>\n<p>&nbsp;<\/p>\n","protected":false},"excerpt":{"rendered":"<p>Es una plataforma de an\u00e1lisis social que permite saber y entender que se dice en Internet sobre una marca. Utiliza la inteligencia artificial como medio para obtener la informaci\u00f3n que necesitan,\u00a0a trav\u00e9s de Brandwatch es m\u00e1s f\u00e1cil identificar a las audiencias\u00a0y hacer b\u00fasqueda de consumidores. \u00bfQu\u00e9 es Brandwatch? Esta empresa naci\u00f3 con el objetivo de [&hellip;]<\/p>\n","protected":false},"author":1,"featured_media":10404,"parent":0,"menu_order":0,"comment_status":"closed","ping_status":"closed","template":"","meta":{"inline_featured_image":false,"footnotes":""},"class_list":["post-329","page","type-page","status-publish","has-post-thumbnail","hentry"],"_links":{"self":[{"href":"https:\/\/www.appyweb.es\/diccionario\/wp-json\/wp\/v2\/pages\/329","targetHints":{"allow":["GET"]}}],"collection":[{"href":"https:\/\/www.appyweb.es\/diccionario\/wp-json\/wp\/v2\/pages"}],"about":[{"href":"https:\/\/www.appyweb.es\/diccionario\/wp-json\/wp\/v2\/types\/page"}],"author":[{"embeddable":true,"href":"https:\/\/www.appyweb.es\/diccionario\/wp-json\/wp\/v2\/users\/1"}],"replies":[{"embeddable":true,"href":"https:\/\/www.appyweb.es\/diccionario\/wp-json\/wp\/v2\/comments?post=329"}],"version-history":[{"count":14,"href":"https:\/\/www.appyweb.es\/diccionario\/wp-json\/wp\/v2\/pages\/329\/revisions"}],"predecessor-version":[{"id":11433,"href":"https:\/\/www.appyweb.es\/diccionario\/wp-json\/wp\/v2\/pages\/329\/revisions\/11433"}],"wp:featuredmedia":[{"embeddable":true,"href":"https:\/\/www.appyweb.es\/diccionario\/wp-json\/wp\/v2\/media\/10404"}],"wp:attachment":[{"href":"https:\/\/www.appyweb.es\/diccionario\/wp-json\/wp\/v2\/media?parent=329"}],"curies":[{"name":"wp","href":"https:\/\/api.w.org\/{rel}","templated":true}]}}