{"id":3301,"date":"2023-06-22T15:02:20","date_gmt":"2023-06-22T15:02:20","guid":{"rendered":"https:\/\/www.appyweb.es\/diccionario\/?post_type=project&#038;p=3301"},"modified":"2024-03-21T14:41:58","modified_gmt":"2024-03-21T14:41:58","slug":"overblog","status":"publish","type":"page","link":"https:\/\/www.appyweb.es\/diccionario\/overblog\/","title":{"rendered":"Overblog"},"content":{"rendered":"<h1><img loading=\"lazy\" decoding=\"async\" class=\"alignnone  wp-image-12063\" src=\"https:\/\/www.appyweb.es\/diccionario\/wp-content\/uploads\/2024\/03\/Overblog-300x180.jpg\" alt=\"Overblog\" width=\"972\" height=\"583\" srcset=\"https:\/\/www.appyweb.es\/diccionario\/wp-content\/uploads\/2024\/03\/Overblog-300x180.jpg 300w, https:\/\/www.appyweb.es\/diccionario\/wp-content\/uploads\/2024\/03\/Overblog-768x461.jpg 768w, https:\/\/www.appyweb.es\/diccionario\/wp-content\/uploads\/2024\/03\/Overblog.jpg 1000w\" sizes=\"auto, (max-width: 972px) 100vw, 972px\" \/><\/h1>\n<p>Es una\u00a0plataforma de blogging,\u00a0en el cual se puede albergar y\/o\u00a0administrar distintos tipos de blog\u00a0de forma f\u00e1cil, r\u00e1pida y \u00fatil. <strong>Overblog funciona desde cualquier parte del mundo y desde diferentes dispositivos\u00a0m\u00f3viles<\/strong>, como laptops, ordenadores o m\u00f3viles.\u00a0En uno de los servicios m\u00e1s competitivos\u00a0del mercado de blogs del mundo.<\/p>\n<h2>\u00bfQu\u00e9 es Overblog?<\/h2>\n<p>Es un tipo de servicio que ofrece <strong>un espacio para la administraci\u00f3n de blogs de cualquier tipo<\/strong>. Overblog se caracteriza por la forma f\u00e1cil y r\u00e1pida de <a href=\"https:\/\/www.appyweb.es\/gestion-blog-empresas\/\">crear o gestionar un blog de empresas<\/a>, pero tambi\u00e9n es llamativo porque cuenta con la posibilidad de administrarlo desde cualquier dispositivo.<\/p>\n<p>Actualmente, es una de las competencias del gigante Blogger, sobre todo en el mercado europeo, <strong>la posibilidad de encontrar la plataforma en diferentes idiomas<\/strong>, tambi\u00e9n le da un toque extra, los usuarios tienen la posibilidad de acceder en idiomas como el italiano, franc\u00e9s, alem\u00e1n, espa\u00f1ol e ingl\u00e9s.<\/p>\n<h2>Origen<\/h2>\n<p>Overblog es una plataforma de origen franc\u00e9s, creada por Fr\u00e9d\u00e9ric Montagnon, Giles Moncaubeing y Julien Romanetto. Juntos fundaron la compa\u00f1\u00eda Ebuzzing en el 2004 en Toulouse, Francia y terminaron por fusionar ambas ideas en una sola.<\/p>\n<p>En octubre de 2004, los fundadores y creadores de <strong>Overblog lanzaron al mercado la plataforma en Francia<\/strong>. Gracias a su popularizaci\u00f3n ha llegado a pa\u00edses como Espa\u00f1a, Italia, Alemania e incluso Estados Unidos. Seg\u00fan Quantcast, el sitio web contaba con al menos 62 millones de usuarios activos para febrero del 2014.<\/p>\n<h2>\u00bfPara qu\u00e9 sirve?<\/h2>\n<p>El servicio de Overblog es fundamental para los usuarios <strong>puedan crear y a la vez administrar distintos blogs al mismo tiempo<\/strong>. Incluye diferentes dise\u00f1os de temas gratuitos y una interfaz r\u00e1pida, esto permite que los usuarios <a href=\"https:\/\/www.appyweb.es\/diseno-web\/\">puedan dise\u00f1ar su sitio web<\/a> en cuesti\u00f3n de minutos, pero que tambi\u00e9n puedan crear diferentes representaciones o versiones para diferentes regiones.<\/p>\n<p>Tambi\u00e9n ofrece <strong>muchas ventajas cuando se trata de usuarios nuevos o principiantes<\/strong>, su interfaz es muy intuitiva, por lo que es una de las mejores opciones para los que quieren empezar su blog sin tener demasiados conocimientos en dise\u00f1o web. Pero, tambi\u00e9n es una excelente alternativa para desarrolladores experimentados o expertos en marketing de contenidos.<\/p>\n<h2>Ventajas de Overblog<\/h2>\n<ul>\n<li>Tiene una gran trayectoria internacional, tiene una buena reputaci\u00f3n y es recomendada por miles de blogueros.<\/li>\n<li>Permite <strong>reservar el dominio y conseguirlo a precios muy competitivos<\/strong>.<\/li>\n<li>Tambi\u00e9n se pueden elegir servicios de almacenamiento o hosting gratuito, ideal para proyectos que no pueden esperar.<\/li>\n<li>Es muy intuitivo y ofrece un alto nivel de personalizaci\u00f3n, los blogs no se parecen entre s\u00ed.<\/li>\n<li>Tiene servicio de migraci\u00f3n hacia otras plataformas como WordPress.<\/li>\n<li>Cuenta con una biblioteca de plantillas muy amplia y diversa, hay estilos para todos los gustos.<\/li>\n<li>Incluye su propia herramienta de anuncios para mejorar los ingresos publicitarios de los bloggers.<\/li>\n<\/ul>\n<p><script type=\"application\/ld+json\">{\"@context\":\"https:\/\/schema.org\",\"@type\":\"FAQPage\",\"mainEntity\":[ \n{\"@type\":\"Question\",\"name\":\"\ud83d\udccc \u00bfQu\u00e9 es Overblog?\",\"acceptedAnswer\":{\"@type\":\"Answer\",\"text\":\"<\/p>\n<p>Es un tipo de servicio que ofrece <strong>un espacio para la administraci\u00f3n de blogs de cualquier tipo<\/strong>. Overblog se caracteriza por la forma f\u00e1cil y r\u00e1pida de <a href='https:\/\/www.appyweb.es\/gestion-blog-empresas\/'>crear o gestionar un blog de empresas<\/a>, pero tambi\u00e9n es llamativo porque cuenta con la posibilidad de administrarlo desde cualquier dispositivo.<\/p>\n<p>Actualmente, es una de las competencias del gigante Blogger, sobre todo en el mercado europeo, <strong>la posibilidad de encontrar la plataforma en diferentes idiomas<\/strong>, tambi\u00e9n le da un toque extra, los usuarios tienen la posibilidad de acceder en idiomas como el italiano, franc\u00e9s, alem\u00e1n, espa\u00f1ol e ingl\u00e9s.<\/p>\n<p>\"}},\n{\"@type\":\"Question\",\"name\":\"\ud83d\udccc Origen\",\"acceptedAnswer\":{\"@type\":\"Answer\",\"text\":\"<\/p>\n<p>Overblog es una plataforma de origen franc\u00e9s, creada por Fr\u00e9d\u00e9ric Montagnon, Giles Moncaubeing y Julien Romanetto. Juntos fundaron la compa\u00f1\u00eda Ebuzzing en el 2004 en Toulouse, Francia y terminaron por fusionar ambas ideas en una sola.<\/p>\n<p>En octubre de 2004, los fundadores y creadores de <strong>Overblog lanzaron al mercado la plataforma en Francia<\/strong>. Gracias a su popularizaci\u00f3n ha llegado a pa\u00edses como Espa\u00f1a, Italia, Alemania e incluso Estados Unidos. Seg\u00fan Quantcast, el sitio web contaba con al menos 62 millones de usuarios activos para febrero del 2014.<\/p>\n<p>\"}},\n{\"@type\":\"Question\",\"name\":\"\ud83d\udccc \u00bfPara qu\u00e9 sirve?\",\"acceptedAnswer\":{\"@type\":\"Answer\",\"text\":\"<\/p>\n<p>El servicio de Overblog es fundamental para los usuarios <strong>puedan crear y a la vez administrar distintos blogs al mismo tiempo<\/strong>. Incluye diferentes dise\u00f1os de temas gratuitos y una interfaz r\u00e1pida, esto permite que los usuarios <a href='https:\/\/www.appyweb.es\/diseno-web\/'>puedan dise\u00f1ar su sitio web<\/a> en cuesti\u00f3n de minutos, pero que tambi\u00e9n puedan crear diferentes representaciones o versiones para diferentes regiones.<\/p>\n<p>Tambi\u00e9n ofrece <strong>muchas ventajas cuando se trata de usuarios nuevos o principiantes<\/strong>, su interfaz es muy intuitiva, por lo que es una de las mejores opciones para los que quieren empezar su blog sin tener demasiados conocimientos en dise\u00f1o web. Pero, tambi\u00e9n es una excelente alternativa para desarrolladores experimentados o expertos en marketing de contenidos.<\/p>\n<p>\"}},\n{\"@type\":\"Question\",\"name\":\"\ud83d\udccc Ventajas de Overblog\",\"acceptedAnswer\":{\"@type\":\"Answer\",\"text\":\"<\/p>\n<\/p>\n<ul>\n<\/p>\n<li>Tiene una gran trayectoria internacional, tiene una buena reputaci\u00f3n y es recomendada por miles de blogueros.<\/li>\n<\/p>\n<\/p>\n<\/p>\n<li>Permite <strong>reservar el dominio y conseguirlo a precios muy competitivos<\/strong>.<\/li>\n<\/p>\n<\/p>\n<\/p>\n<li>Tambi\u00e9n se pueden elegir servicios de almacenamiento o hosting gratuito, ideal para proyectos que no pueden esperar.<\/li>\n<\/p>\n<\/p>\n<\/p>\n<li>Es muy intuitivo y ofrece un alto nivel de personalizaci\u00f3n, los blogs no se parecen entre s\u00ed.<\/li>\n<\/p>\n<\/p>\n<\/p>\n<li>Tiene servicio de migraci\u00f3n hacia otras plataformas como WordPress.<\/li>\n<\/p>\n<\/p>\n<\/p>\n<li>Cuenta con una biblioteca de plantillas muy amplia y diversa, hay estilos para todos los gustos.<\/li>\n<\/p>\n<\/p>\n<\/p>\n<li>Incluye su propia herramienta de anuncios para mejorar los ingresos publicitarios de los bloggers.<\/li>\n<\/p>\n<\/p>\n<\/ul>\n<\/p>\n<\/p>\n<p>\"}}\n]}<\/script><\/p>\n<h2>M\u00e1s informaci\u00f3n sobre Overblog<\/h2>\n<p>Esta gran plataforma es la mejor idea para principiantes que quieren emprender su propio blog \u00bfquieres m\u00e1s informaci\u00f3n al respecto? mira estos enlaces.<\/p>\n<ul>\n<li><a href=\"https:\/\/www.appyweb.es\/diccionario\/blog-post\/\">\u00bfQu\u00e9 es Blog Post y para qu\u00e9 sirve?<\/a><\/li>\n<li><a href=\"https:\/\/es.over-blog.com\/creacion\" rel=\"nofollow noopener\" target=\"_blank\">\u00bfC\u00f3mo crear un blog en Overblog?<\/a><\/li>\n<\/ul>\n<p>&nbsp;<\/p>\n","protected":false},"excerpt":{"rendered":"<p>Es una\u00a0plataforma de blogging,\u00a0en el cual se puede albergar y\/o\u00a0administrar distintos tipos de blog\u00a0de forma f\u00e1cil, r\u00e1pida y \u00fatil. Overblog funciona desde cualquier parte del mundo y desde diferentes dispositivos\u00a0m\u00f3viles, como laptops, ordenadores o m\u00f3viles.\u00a0En uno de los servicios m\u00e1s competitivos\u00a0del mercado de blogs del mundo. \u00bfQu\u00e9 es Overblog? Es un tipo de servicio que [&hellip;]<\/p>\n","protected":false},"author":1,"featured_media":12063,"parent":0,"menu_order":0,"comment_status":"open","ping_status":"closed","template":"","meta":{"inline_featured_image":false,"footnotes":""},"class_list":["post-3301","page","type-page","status-publish","has-post-thumbnail","hentry"],"_links":{"self":[{"href":"https:\/\/www.appyweb.es\/diccionario\/wp-json\/wp\/v2\/pages\/3301","targetHints":{"allow":["GET"]}}],"collection":[{"href":"https:\/\/www.appyweb.es\/diccionario\/wp-json\/wp\/v2\/pages"}],"about":[{"href":"https:\/\/www.appyweb.es\/diccionario\/wp-json\/wp\/v2\/types\/page"}],"author":[{"embeddable":true,"href":"https:\/\/www.appyweb.es\/diccionario\/wp-json\/wp\/v2\/users\/1"}],"replies":[{"embeddable":true,"href":"https:\/\/www.appyweb.es\/diccionario\/wp-json\/wp\/v2\/comments?post=3301"}],"version-history":[{"count":5,"href":"https:\/\/www.appyweb.es\/diccionario\/wp-json\/wp\/v2\/pages\/3301\/revisions"}],"predecessor-version":[{"id":12066,"href":"https:\/\/www.appyweb.es\/diccionario\/wp-json\/wp\/v2\/pages\/3301\/revisions\/12066"}],"wp:featuredmedia":[{"embeddable":true,"href":"https:\/\/www.appyweb.es\/diccionario\/wp-json\/wp\/v2\/media\/12063"}],"wp:attachment":[{"href":"https:\/\/www.appyweb.es\/diccionario\/wp-json\/wp\/v2\/media?parent=3301"}],"curies":[{"name":"wp","href":"https:\/\/api.w.org\/{rel}","templated":true}]}}