{"id":3304,"date":"2023-06-22T15:03:16","date_gmt":"2023-06-22T15:03:16","guid":{"rendered":"https:\/\/www.appyweb.es\/diccionario\/?post_type=project&#038;p=3304"},"modified":"2024-03-21T15:16:38","modified_gmt":"2024-03-21T15:16:38","slug":"packaging","status":"publish","type":"page","link":"https:\/\/www.appyweb.es\/diccionario\/packaging\/","title":{"rendered":"Packaging"},"content":{"rendered":"<h1><img loading=\"lazy\" decoding=\"async\" class=\"alignnone  wp-image-12094\" src=\"https:\/\/www.appyweb.es\/diccionario\/wp-content\/uploads\/2024\/03\/packaging-300x180.jpg\" alt=\"Packaging\" width=\"972\" height=\"583\" srcset=\"https:\/\/www.appyweb.es\/diccionario\/wp-content\/uploads\/2024\/03\/packaging-300x180.jpg 300w, https:\/\/www.appyweb.es\/diccionario\/wp-content\/uploads\/2024\/03\/packaging-768x461.jpg 768w, https:\/\/www.appyweb.es\/diccionario\/wp-content\/uploads\/2024\/03\/packaging.jpg 1000w\" sizes=\"auto, (max-width: 972px) 100vw, 972px\" \/><\/h1>\n<p>Se traduce al espa\u00f1ol como \u201cembalaje\u201d. Es un anglicismo usado <strong>para referirse al contenedor de un producto o a su embalaje<\/strong>. Pero, actualmente, el packaging es un concepto que se utiliza para hacer referencia al dise\u00f1o y las estrategias visuales del mismo.<\/p>\n<h2>\u00bfQu\u00e9 es packaging?<\/h2>\n<p>Hace referencia al empaquetado o la etiqueta que contienen los productos para mostrar aspectos del branding, es decir, el logo, el slogan, entre otros. Pero, estos dos t\u00e9rminos se diferencian entre s\u00ed por que el primero, el packaging se <a href=\"https:\/\/www.appyweb.es\/diseno-grafico\/\">relaciona con el dise\u00f1o gr\u00e1fico<\/a> asociado directamente al producto.<\/p>\n<p>Actualmente, tambi\u00e9n existen tendencias de empaquetado que han crecido con la demanda de las entregas a delivery. Su objetivo principal es llamar la atenci\u00f3n del cliente y cautivarlo cuando se disponga a disfrutar del producto.<\/p>\n<h2>La importancia del packaging<\/h2>\n<p>En primer lugar, se puede decir que es el escudo protector del producto, los materiales para su composici\u00f3n pueden ser muy diversos, lo que ser\u00e1 una decisi\u00f3n \u00f3ptima para la debida conservaci\u00f3n del producto, por ejemplo, papel, cart\u00f3n, pl\u00e1stico u otros. Por otro lado, tambi\u00e9n es indispensable para mejorar la imagen de marca, <strong>un buen packaging puede ser suficiente para fidelizar clientes<\/strong>.<\/p>\n<p>Igualmente, es una excelente estrategia de marketing para el branding, en conjunto con la <a href=\"https:\/\/www.appyweb.es\/fotografia-producto-360\/\">fotograf\u00eda 360<\/a> se pueden crear campa\u00f1as muy creativas.<\/p>\n<h2>\u00bfPara qu\u00e9 sirve?<\/h2>\n<p>El packaging tiene dos objetivos principales. La promoci\u00f3n y diferenciaci\u00f3n del producto, como se mencion\u00f3 arriba, el empaquetado puede ser suficiente para lograr que un cliente vuelva a comprar, incluso si se trata de algo tan simple como un par de medias. Igualmente, es necesario tanto para mejorar la imagen frente al cliente, <strong>como para llamar la atenci\u00f3n en los establecimientos<\/strong>.<\/p>\n<p>Su dise\u00f1o <strong>har\u00e1 la diferencia entre el \u00e9xito y el fracaso del producto<\/strong>, por tal motivo aspectos como el uso de la psicolog\u00eda de los colores, la estructura del contenedor, la informaci\u00f3n del etiquetado y el logo de la compa\u00f1\u00eda deben estar presentes dentro del packaging.<\/p>\n<p>Todos estos elementos utilizados de forma inteligente, atraer\u00e1n al consumidor final hacia el producto, captando su atenci\u00f3n y hacer que lo adquiera, incluso sin utilizar otros elementos como de marketing como descuentos, ofertas, etc.<\/p>\n<h2>\u00bfQu\u00e9 informaci\u00f3n debe registrar el packaging?<\/h2>\n<p>Debe registrar informaci\u00f3n b\u00e1sica de la empresa, como su logo y slogan, pero tambi\u00e9n elementos que se indican en las normativas para la exposici\u00f3n de productos, como la fecha de caducidad (si aplica), la informaci\u00f3n nutricional, certificado de garant\u00eda, entre otros.<\/p>\n<p>Tambi\u00e9n se puede <strong>incluir informaci\u00f3n de contacto y otros elementos de branding<\/strong>, por ejemplo, algunas tendencias incluyen stickers con el logo de la empresa, sorpresas, accesorios adicionales, etc.<\/p>\n<p><script type=\"application\/ld+json\">{\"@context\":\"https:\/\/schema.org\",\"@type\":\"FAQPage\",\"mainEntity\":[ \n{\"@type\":\"Question\",\"name\":\"\ud83d\udccc \u00bfQu\u00e9 es packaging?\",\"acceptedAnswer\":{\"@type\":\"Answer\",\"text\":\"<\/p>\n<p>Hace referencia al empaquetado o la etiqueta que contienen los productos para mostrar aspectos del branding, es decir, el logo, el slogan, entre otros. Pero, estos dos t\u00e9rminos se diferencian entre s\u00ed por que el primero, el packaging se <a href='https:\/\/www.appyweb.es\/diseno-grafico\/'>relaciona con el dise\u00f1o gr\u00e1fico<\/a> asociado directamente al producto.<\/p>\n<p>Actualmente, tambi\u00e9n existen tendencias de empaquetado que han crecido con la demanda de las entregas a delivery. Su objetivo principal es llamar la atenci\u00f3n del cliente y cautivarlo cuando se disponga a disfrutar del producto.<\/p>\n<p>\"}},\n{\"@type\":\"Question\",\"name\":\"\ud83d\udccc La importancia del packaging\",\"acceptedAnswer\":{\"@type\":\"Answer\",\"text\":\"<\/p>\n<p>En primer lugar, se puede decir que es el escudo protector del producto, los materiales para su composici\u00f3n pueden ser muy diversos, lo que ser\u00e1 una decisi\u00f3n \u00f3ptima para la debida conservaci\u00f3n del producto, por ejemplo, papel, cart\u00f3n, pl\u00e1stico u otros. Por otro lado, tambi\u00e9n es indispensable para mejorar la imagen de marca, <strong>un buen packaging puede ser suficiente para fidelizar clientes<\/strong>.<\/p>\n<p>Igualmente, es una excelente estrategia de marketing para el branding, en conjunto con la <a href='https:\/\/www.appyweb.es\/fotografia-producto-360\/'>fotograf\u00eda 360<\/a> se pueden crear campa\u00f1as muy creativas.<\/p>\n<p>\"}},\n{\"@type\":\"Question\",\"name\":\"\ud83d\udccc \u00bfPara qu\u00e9 sirve?\",\"acceptedAnswer\":{\"@type\":\"Answer\",\"text\":\"<\/p>\n<p>El packaging tiene dos objetivos principales. La promoci\u00f3n y diferenciaci\u00f3n del producto, como se mencion\u00f3 arriba, el empaquetado puede ser suficiente para lograr que un cliente vuelva a comprar, incluso si se trata de algo tan simple como un par de medias. Igualmente, es necesario tanto para mejorar la imagen frente al cliente, <strong>como para llamar la atenci\u00f3n en los establecimientos<\/strong>.<\/p>\n<p>Su dise\u00f1o <strong>har\u00e1 la diferencia entre el \u00e9xito y el fracaso del producto<\/strong>, por tal motivo aspectos como el uso de la psicolog\u00eda de los colores, la estructura del contenedor, la informaci\u00f3n del etiquetado y el logo de la compa\u00f1\u00eda deben estar presentes dentro del packaging.<\/p>\n<p>Todos estos elementos utilizados de forma inteligente, atraer\u00e1n al consumidor final hacia el producto, captando su atenci\u00f3n y hacer que lo adquiera, incluso sin utilizar otros elementos como de marketing como descuentos, ofertas, etc.<\/p>\n<p>\"}},\n{\"@type\":\"Question\",\"name\":\"\ud83d\udccc \u00bfQu\u00e9 informaci\u00f3n debe registrar el packaging?\",\"acceptedAnswer\":{\"@type\":\"Answer\",\"text\":\"<\/p>\n<p>Debe registrar informaci\u00f3n b\u00e1sica de la empresa, como su logo y slogan, pero tambi\u00e9n elementos que se indican en las normativas para la exposici\u00f3n de productos, como la fecha de caducidad (si aplica), la informaci\u00f3n nutricional, certificado de garant\u00eda, entre otros.<\/p>\n<p>Tambi\u00e9n se puede <strong>incluir informaci\u00f3n de contacto y otros elementos de branding<\/strong>, por ejemplo, algunas tendencias incluyen stickers con el logo de la empresa, sorpresas, accesorios adicionales, etc.<\/p>\n<p>\"}}\n]}<\/script><\/p>\n<h2>M\u00e1s informaci\u00f3n sobre packaging<\/h2>\n<p>Es interesante c\u00f3mo el empaquetado puede hacer que la experiencia del cliente sea a\u00fan mejor \u00bfquieres saber m\u00e1s al respecto? mira estos links.<\/p>\n<ul>\n<li><a href=\"https:\/\/www.appyweb.es\/importancia-branding-visual-negocio\/\">La importancia del branding visual en tu negocio<\/a><\/li>\n<li><a href=\"https:\/\/www.america-retail.com\/sostenibilidad\/supply-chain-los-packaging-ecologicos-son-la-gran-novedad-en-la-industria\/\" rel=\"nofollow noopener\" target=\"_blank\">Sostenibilidad: Los \u201cpackaging ecol\u00f3gicos\u201d son la gran novedad en la industria<\/a><\/li>\n<\/ul>\n<p>&nbsp;<\/p>\n","protected":false},"excerpt":{"rendered":"<p>Se traduce al espa\u00f1ol como \u201cembalaje\u201d. Es un anglicismo usado para referirse al contenedor de un producto o a su embalaje. Pero, actualmente, el packaging es un concepto que se utiliza para hacer referencia al dise\u00f1o y las estrategias visuales del mismo. \u00bfQu\u00e9 es packaging? Hace referencia al empaquetado o la etiqueta que contienen los [&hellip;]<\/p>\n","protected":false},"author":1,"featured_media":12094,"parent":0,"menu_order":0,"comment_status":"open","ping_status":"closed","template":"","meta":{"inline_featured_image":false,"footnotes":""},"class_list":["post-3304","page","type-page","status-publish","has-post-thumbnail","hentry"],"_links":{"self":[{"href":"https:\/\/www.appyweb.es\/diccionario\/wp-json\/wp\/v2\/pages\/3304","targetHints":{"allow":["GET"]}}],"collection":[{"href":"https:\/\/www.appyweb.es\/diccionario\/wp-json\/wp\/v2\/pages"}],"about":[{"href":"https:\/\/www.appyweb.es\/diccionario\/wp-json\/wp\/v2\/types\/page"}],"author":[{"embeddable":true,"href":"https:\/\/www.appyweb.es\/diccionario\/wp-json\/wp\/v2\/users\/1"}],"replies":[{"embeddable":true,"href":"https:\/\/www.appyweb.es\/diccionario\/wp-json\/wp\/v2\/comments?post=3304"}],"version-history":[{"count":6,"href":"https:\/\/www.appyweb.es\/diccionario\/wp-json\/wp\/v2\/pages\/3304\/revisions"}],"predecessor-version":[{"id":12101,"href":"https:\/\/www.appyweb.es\/diccionario\/wp-json\/wp\/v2\/pages\/3304\/revisions\/12101"}],"wp:featuredmedia":[{"embeddable":true,"href":"https:\/\/www.appyweb.es\/diccionario\/wp-json\/wp\/v2\/media\/12094"}],"wp:attachment":[{"href":"https:\/\/www.appyweb.es\/diccionario\/wp-json\/wp\/v2\/media?parent=3304"}],"curies":[{"name":"wp","href":"https:\/\/api.w.org\/{rel}","templated":true}]}}