{"id":3311,"date":"2023-06-22T15:05:03","date_gmt":"2023-06-22T15:05:03","guid":{"rendered":"https:\/\/www.appyweb.es\/diccionario\/?post_type=project&#038;p=3311"},"modified":"2024-03-21T15:25:09","modified_gmt":"2024-03-21T15:25:09","slug":"page-rank","status":"publish","type":"page","link":"https:\/\/www.appyweb.es\/diccionario\/page-rank\/","title":{"rendered":"Page Rank"},"content":{"rendered":"<h1><img loading=\"lazy\" decoding=\"async\" class=\"alignnone  wp-image-12106\" src=\"https:\/\/www.appyweb.es\/diccionario\/wp-content\/uploads\/2024\/03\/page-rank-300x180.jpg\" alt=\"Page Rank\" width=\"963\" height=\"578\" srcset=\"https:\/\/www.appyweb.es\/diccionario\/wp-content\/uploads\/2024\/03\/page-rank-300x180.jpg 300w, https:\/\/www.appyweb.es\/diccionario\/wp-content\/uploads\/2024\/03\/page-rank-768x461.jpg 768w, https:\/\/www.appyweb.es\/diccionario\/wp-content\/uploads\/2024\/03\/page-rank.jpg 1000w\" sizes=\"auto, (max-width: 963px) 100vw, 963px\" \/><\/h1>\n<p>Fue desarrollado en los 90 por\u00a0\u00a0Larry Page y Sergey Brin para Google, <em>Page Rank<\/em> es un sistema que muestra cu\u00e1les son las <strong>propiedades que tiene en cuenta el motor de b\u00fasqueda para evaluar la relevancia<\/strong> de una p\u00e1gina.<\/p>\n<h2>\u00bfQu\u00e9 es el Page Rank?<\/h2>\n<p>Es un sistema que <strong>mide la relevancia de un sitio web en un top del 0 al 10<\/strong>, tiene en cuenta varios aspectos, como la cantidad y calidad de enlaces externos e internos que vinculan. Los indicadores del algoritmo estuvieron disponibles de forma p\u00fablica durante un tiempo, pero despu\u00e9s Google los hizo secretos, pero eso no quiere decir que haya dejado de funcionar.<\/p>\n<p>Aunque algunos <a href=\"https:\/\/www.appyweb.es\/posicionamiento-web\/\">expertos en posicionamiento web<\/a> han asegurado que el <strong>Page Rank tiene en cuenta otros aspectos adicionales<\/strong> que nunca estuvieron disponibles de forma p\u00fablica, aparte, se a\u00f1aden varios par\u00e1metros que han logrado ser medidos con ayuda de herramientas de an\u00e1lisis SEO.<\/p>\n<h2>\u00bfPara qu\u00e9 sirve y c\u00f3mo funciona?<\/h2>\n<p>Su principal objetivo es clasificar a un sitio digital dentro de los motores de b\u00fasqueda, conocer qu\u00e9 posici\u00f3n tiene respecto a otras p\u00e1ginas. En el pasado, una gran cantidad de palabras clave y una buena estructura de enlaces internos y externos eran suficientes para posicionar. Pero, en la actualidad esos aspectos han cambiado e incluso de han a\u00f1adido otros, como <a href=\"https:\/\/www.appyweb.es\/optimizacion-velocidad-web\/\">la velocidad de carga de p\u00e1gina<\/a>.<\/p>\n<p>En cualquier caso, para el <strong>Page Rank es m\u00e1s importante la calidad que la cantidad<\/strong>, pero \u00bfc\u00f3mo un algoritmo puede evaluar la calidad? Seg\u00fan sus desarrolladores, se basan en la probabilidad de que un usuario haga clic en un enlace, pero una vez m\u00e1s, hay variables desconocidas que lo hacen funcionar.<\/p>\n<h2>\u00bfPor qu\u00e9 el Page Rank es secreto?<\/h2>\n<p>En diciembre del 2013 se llev\u00f3 a cabo <strong>la \u00faltima actualizaci\u00f3n del Page Rank de Google<\/strong> de forma p\u00fablica, a partir de all\u00ed, la empresa empezar\u00eda a tener m\u00e1s discreci\u00f3n con respecto a su algoritmo. Para algunos expertos, esto fue considerado como una previsi\u00f3n para impulsar el uso de su herramienta de anuncios Google Ads.<\/p>\n<p>Pero, la empresa resalt\u00f3 que fue una decisi\u00f3n necesaria <strong>para evitar que el algoritmo fuera manipulado<\/strong>, especialmente por los expertos en Black Hat SEO. Son estrategias de posicionamiento que buscan impulsar la calidad de un sitio web de forma poco ortodoxa, por ejemplo, el spam, el plagio, compra de enlaces, etc.<\/p>\n<h2>Page Rank en la actualidad<\/h2>\n<p>Despu\u00e9s de que se detuvieran sus actualizaciones, este algoritmo se elimin\u00f3 en el 2016, sin embargo, se sabe que <strong>Google cuenta con un Page Rank interno<\/strong> a\u00fan m\u00e1s actualizado para clasificar los resultados en el motor de b\u00fasqueda, teniendo en cuenta otras actualizaciones, por ejemplo, BERT.<\/p>\n<p>Es m\u00e1s como una inteligencia artificial muy avanzada, ya que utiliza las relaciones sem\u00e1nticas del lenguaje, por lo que tiene en cuenta cada consulta de un usuario, su historial, como se comunica, etc. Ya no se trata tanto de c\u00f3mo se conectan los sitios con el algoritmo, sino como lo hacen los usuarios.<\/p>\n<p><script type=\"application\/ld+json\">{\"@context\":\"https:\/\/schema.org\",\"@type\":\"FAQPage\",\"mainEntity\":[ \n{\"@type\":\"Question\",\"name\":\"\ud83d\udccc \u00bfQu\u00e9 es el Page Rank?\",\"acceptedAnswer\":{\"@type\":\"Answer\",\"text\":\"<\/p>\n<p>Es un sistema que <strong>mide la relevancia de un sitio web en un top del 0 al 10<\/strong>, tiene en cuenta varios aspectos, como la cantidad y calidad de enlaces externos e internos que vinculan. Los indicadores del algoritmo estuvieron disponibles de forma p\u00fablica durante un tiempo, pero despu\u00e9s Google los hizo secretos, pero eso no quiere decir que haya dejado de funcionar.<\/p>\n<p>Aunque algunos <a href='https:\/\/www.appyweb.es\/posicionamiento-web\/'>expertos en posicionamiento web<\/a> han asegurado que el <strong>Page Rank tiene en cuenta otros aspectos adicionales<\/strong> que nunca estuvieron disponibles de forma p\u00fablica, aparte, se a\u00f1aden varios par\u00e1metros que han logrado ser medidos con ayuda de herramientas de an\u00e1lisis SEO.<\/p>\n<p>\"}},\n{\"@type\":\"Question\",\"name\":\"\ud83d\udccc \u00bfPara qu\u00e9 sirve y c\u00f3mo funciona?\",\"acceptedAnswer\":{\"@type\":\"Answer\",\"text\":\"<\/p>\n<p>Su principal objetivo es clasificar a un sitio digital dentro de los motores de b\u00fasqueda, conocer qu\u00e9 posici\u00f3n tiene respecto a otras p\u00e1ginas. En el pasado, una gran cantidad de palabras clave y una buena estructura de enlaces internos y externos eran suficientes para posicionar. Pero, en la actualidad esos aspectos han cambiado e incluso de han a\u00f1adido otros, como <a href='https:\/\/www.appyweb.es\/optimizacion-velocidad-web\/'>la velocidad de carga de p\u00e1gina<\/a>.<\/p>\n<p>En cualquier caso, para el <strong>Page Rank es m\u00e1s importante la calidad que la cantidad<\/strong>, pero \u00bfc\u00f3mo un algoritmo puede evaluar la calidad? Seg\u00fan sus desarrolladores, se basan en la probabilidad de que un usuario haga clic en un enlace, pero una vez m\u00e1s, hay variables desconocidas que lo hacen funcionar.<\/p>\n<p>\"}},\n{\"@type\":\"Question\",\"name\":\"\ud83d\udccc \u00bfPor qu\u00e9 el Page Rank es secreto?\",\"acceptedAnswer\":{\"@type\":\"Answer\",\"text\":\"<\/p>\n<p>En diciembre del 2013 se llev\u00f3 a cabo <strong>la \u00faltima actualizaci\u00f3n del Page Rank de Google<\/strong> de forma p\u00fablica, a partir de all\u00ed, la empresa empezar\u00eda a tener m\u00e1s discreci\u00f3n con respecto a su algoritmo. Para algunos expertos, esto fue considerado como una previsi\u00f3n para impulsar el uso de su herramienta de anuncios Google Ads.<\/p>\n<p>Pero, la empresa resalt\u00f3 que fue una decisi\u00f3n necesaria <strong>para evitar que el algoritmo fuera manipulado<\/strong>, especialmente por los expertos en Black Hat SEO. Son estrategias de posicionamiento que buscan impulsar la calidad de un sitio web de forma poco ortodoxa, por ejemplo, el spam, el plagio, compra de enlaces, etc.<\/p>\n<p>\"}},\n{\"@type\":\"Question\",\"name\":\"\ud83d\udccc Page Rank en la actualidad\",\"acceptedAnswer\":{\"@type\":\"Answer\",\"text\":\"<\/p>\n<p>Despu\u00e9s de que se detuvieran sus actualizaciones, este algoritmo se elimin\u00f3 en el 2016, sin embargo, se sabe que <strong>Google cuenta con un Page Rank interno<\/strong> a\u00fan m\u00e1s actualizado para clasificar los resultados en el motor de b\u00fasqueda, teniendo en cuenta otras actualizaciones, por ejemplo, BERT.<\/p>\n<p>Es m\u00e1s como una inteligencia artificial muy avanzada, ya que utiliza las relaciones sem\u00e1nticas del lenguaje, por lo que tiene en cuenta cada consulta de un usuario, su historial, como se comunica, etc. Ya no se trata tanto de c\u00f3mo se conectan los sitios con el algoritmo, sino como lo hacen los usuarios.<\/p>\n<p>\"}}\n]}<\/script><\/p>\n<h2>M\u00e1s informaci\u00f3n sobre Page Rank<\/h2>\n<p>\u00bfCrees que este sistema ya est\u00e1 obsoleto? mira lo que dicen estos enlaces al respecto.<\/p>\n<ul>\n<li><a href=\"https:\/\/www.appyweb.es\/diccionario\/googlebot\/\">\u00bfQu\u00e9 es Googlebot y para qu\u00e9 sirve?<\/a><\/li>\n<li><a href=\"https:\/\/ahrefs.com\/blog\/es\/google-pagerank\/\" rel=\"nofollow noopener\" target=\"_blank\">Google PageRank no muri\u00f3: por qu\u00e9 sigue siendo importante<\/a><\/li>\n<\/ul>\n<p>&nbsp;<\/p>\n","protected":false},"excerpt":{"rendered":"<p>Fue desarrollado en los 90 por\u00a0\u00a0Larry Page y Sergey Brin para Google, Page Rank es un sistema que muestra cu\u00e1les son las propiedades que tiene en cuenta el motor de b\u00fasqueda para evaluar la relevancia de una p\u00e1gina. \u00bfQu\u00e9 es el Page Rank? Es un sistema que mide la relevancia de un sitio web en [&hellip;]<\/p>\n","protected":false},"author":1,"featured_media":12106,"parent":0,"menu_order":0,"comment_status":"open","ping_status":"closed","template":"","meta":{"inline_featured_image":false,"footnotes":""},"class_list":["post-3311","page","type-page","status-publish","has-post-thumbnail","hentry"],"_links":{"self":[{"href":"https:\/\/www.appyweb.es\/diccionario\/wp-json\/wp\/v2\/pages\/3311","targetHints":{"allow":["GET"]}}],"collection":[{"href":"https:\/\/www.appyweb.es\/diccionario\/wp-json\/wp\/v2\/pages"}],"about":[{"href":"https:\/\/www.appyweb.es\/diccionario\/wp-json\/wp\/v2\/types\/page"}],"author":[{"embeddable":true,"href":"https:\/\/www.appyweb.es\/diccionario\/wp-json\/wp\/v2\/users\/1"}],"replies":[{"embeddable":true,"href":"https:\/\/www.appyweb.es\/diccionario\/wp-json\/wp\/v2\/comments?post=3311"}],"version-history":[{"count":5,"href":"https:\/\/www.appyweb.es\/diccionario\/wp-json\/wp\/v2\/pages\/3311\/revisions"}],"predecessor-version":[{"id":12110,"href":"https:\/\/www.appyweb.es\/diccionario\/wp-json\/wp\/v2\/pages\/3311\/revisions\/12110"}],"wp:featuredmedia":[{"embeddable":true,"href":"https:\/\/www.appyweb.es\/diccionario\/wp-json\/wp\/v2\/media\/12106"}],"wp:attachment":[{"href":"https:\/\/www.appyweb.es\/diccionario\/wp-json\/wp\/v2\/media?parent=3311"}],"curies":[{"name":"wp","href":"https:\/\/api.w.org\/{rel}","templated":true}]}}