{"id":3345,"date":"2023-06-22T15:13:10","date_gmt":"2023-06-22T15:13:10","guid":{"rendered":"https:\/\/www.appyweb.es\/diccionario\/?post_type=project&#038;p=3345"},"modified":"2024-03-21T16:12:24","modified_gmt":"2024-03-21T16:12:24","slug":"palabra-clave-short-tail","status":"publish","type":"page","link":"https:\/\/www.appyweb.es\/diccionario\/palabra-clave-short-tail\/","title":{"rendered":"Palabra clave short tail"},"content":{"rendered":"<h1><img loading=\"lazy\" decoding=\"async\" class=\"alignnone  wp-image-12151\" src=\"https:\/\/www.appyweb.es\/diccionario\/wp-content\/uploads\/2024\/03\/short-tail-300x180.jpg\" alt=\"Short Tail\" width=\"972\" height=\"583\" srcset=\"https:\/\/www.appyweb.es\/diccionario\/wp-content\/uploads\/2024\/03\/short-tail-300x180.jpg 300w, https:\/\/www.appyweb.es\/diccionario\/wp-content\/uploads\/2024\/03\/short-tail-768x461.jpg 768w, https:\/\/www.appyweb.es\/diccionario\/wp-content\/uploads\/2024\/03\/short-tail.jpg 1000w\" sizes=\"auto, (max-width: 972px) 100vw, 972px\" \/><\/h1>\n<p>El volumen de b\u00fasqueda de una keywords se mide en gr\u00e1ficos, estos arrojan cu\u00e1les son las de uso m\u00e1s frecuentes y cu\u00e1les no, formando una curva que asemeja a una cola.\u00a0<strong>Las palabras clave short tail se encuentran en la punta de estos gr\u00e1ficos<\/strong>,\u00a0 de all\u00ed su nombre que se traduce del ingl\u00e9s como \u201ccola corta\u201d.<\/p>\n<h2>\u00bfQu\u00e9 es una palabra clave short tail?<\/h2>\n<p>Son las keywords m\u00e1s utilizadas a la hora de hacer una b\u00fasqueda sobre una tem\u00e1tica, este tipo <strong>tambi\u00e9n se conoce como palabras claves gen\u00e9ricas<\/strong>. Aunque no son muy efectivas en <a href=\"https:\/\/www.appyweb.es\/posicionamiento-web\/\">posicionamiento SEO para principiantes<\/a>, pueden ser una gu\u00eda ideal para empezar a construir las etiquetas de un sitio de Internet.<\/p>\n<p>Suelen estar compuestas por uno o dos t\u00e9rminos m\u00e1ximo. Su volumen de b\u00fasqueda suele ser muy alto, por lo tanto, <strong>la cantidad de resultados con este tipo de keywords tambi\u00e9n lo ser\u00e1<\/strong>. Sin embargo, debido a su alta relevancia, tambi\u00e9n cuenta con una alta competencia, esto quiere decir que es muy dif\u00edcil llegar a los primeros lugares de las SERP\\&#8217;s.<\/p>\n<h2>\u00bfPor qu\u00e9 utilizarlas?<\/h2>\n<p>Es recomendable utilizarlas si se trata de un sitio digital con un posicionamiento web alto o junto a otras palabras claves, por ejemplo, para <a href=\"https:\/\/www.appyweb.es\/marketing-de-atraccion\/\">perfeccionar las estrategias de marketing de atracci\u00f3n<\/a>, pues al no delimitar la b\u00fasqueda los resultados de esta ser\u00e1n muy altos.<\/p>\n<p>Si bien muchas p\u00e1ginas tendr\u00e1n coincidencia con la keyword, <strong>la competencia entre los primeros lugares de los resultados ser\u00e1 mayor<\/strong>, por lo que prevalecer\u00e1n las p\u00e1ginas, que tengan un posicionamiento SEO mayor. Esto es negativo para una p\u00e1gina emergente, que apenas est\u00e1 construyendo su camino dentro del SEO. Por tal motivo, <strong>usar s\u00f3lo palabras claves short tail no es conveniente para el contenido de un sitio digital<\/strong>.<\/p>\n<p>Lo mejor es que se haga una combinaci\u00f3n, en el uso de los tres tipos de palabras claves short tail, middle tail y long tail. Por ejemplo \u201cperfumes\u201d, \u201cperfumes en oferta\u201d y \u201cperfumes en oferta chanel n\u00famero cinco\u201d.<\/p>\n<h2>\u00bfD\u00f3nde utilizarlas?<\/h2>\n<p>Es recomendable que este tipo de palabras claves se encuentren en los t\u00edtulos y algunos subt\u00edtulos del contenido, tambi\u00e9n a lo largo del cuerpo del texto. Pero, <strong>e<\/strong><strong>s importante utilizarlas de forma prudente<\/strong>, ya que si existe una densidad exagerada, herramientas como Google Panda pueden hacer una penalizaci\u00f3n.<\/p>\n<p>Otra de las <strong>mejores opciones para utilizar keywords de cola corta<\/strong> es en los anuncios para buscadores, tambi\u00e9n conocidos como SEM. Pero, es importante tener en cuenta que las subastas de este tipo de ejemplares suelen ser muy altas, ya que es necesario competir con sitios web bien consolidados, con mejor calidad de anuncios y mucho dinero para sus campa\u00f1as.<\/p>\n<h2>\u00bfCu\u00e1l es mejor, short tail o long tail?<\/h2>\n<p>Todo depender\u00e1 del tipo de empresa, por ejemplo, una gran empresa bien posicionada, cuya marca ya es reconocida, puede utilizar keywords gen\u00e9ricas para <strong>llevar a cabo cualquier tipo de estrategia en buscadores<\/strong>, bien sea org\u00e1nicas o de pago. Pero si se trata de una empresa peque\u00f1a o un emprendimiento, es m\u00e1s dif\u00edcil empezar a posicionarse utilizando este tipo de elementos.<\/p>\n<p>Es por eso que para los sitios web que apenas est\u00e1n empezando a optimizar sus estrategias es m\u00e1s rentable utilizar keywords de cola larga.<\/p>\n<p><script type=\"application\/ld+json\">{\"@context\":\"https:\/\/schema.org\",\"@type\":\"FAQPage\",\"mainEntity\":[ \n{\"@type\":\"Question\",\"name\":\"\ud83d\udccc \u00bfQu\u00e9 es una palabra clave short tail?\",\"acceptedAnswer\":{\"@type\":\"Answer\",\"text\":\"<\/p>\n<p>Son las keywords m\u00e1s utilizadas a la hora de hacer una b\u00fasqueda sobre una tem\u00e1tica, este tipo <strong>tambi\u00e9n se conoce como palabras claves gen\u00e9ricas<\/strong>. Aunque no son muy efectivas en <a href='https:\/\/www.appyweb.es\/posicionamiento-web\/'>posicionamiento SEO para principiantes<\/a>,  pueden ser una gu\u00eda ideal para empezar a construir las etiquetas de un sitio de Internet.<\/p>\n<p>Suelen estar compuestas por uno o dos t\u00e9rminos m\u00e1ximo. Su volumen de b\u00fasqueda suele ser muy alto, por lo tanto, <strong>la cantidad de resultados con este tipo de keywords tambi\u00e9n lo ser\u00e1<\/strong>. Sin embargo, debido a su alta relevancia, tambi\u00e9n cuenta con una alta competencia, esto quiere decir que es muy dif\u00edcil llegar a los primeros lugares de las SERP\\'s.<\/p>\n<p>\"}},\n{\"@type\":\"Question\",\"name\":\"\ud83d\udccc \u00bfPor qu\u00e9 utilizarlas?\",\"acceptedAnswer\":{\"@type\":\"Answer\",\"text\":\"<\/p>\n<p>Es recomendable utilizarlas si se trata de un sitio digital con un posicionamiento web alto o junto a otras palabras claves, por ejemplo, para <a href='https:\/\/www.appyweb.es\/marketing-de-atraccion\/'>perfeccionar las estrategias de marketing de atracci\u00f3n<\/a>, pues al no delimitar la b\u00fasqueda los resultados de esta ser\u00e1n muy altos.<\/p>\n<p>Si bien muchas p\u00e1ginas tendr\u00e1n coincidencia con la keyword, <strong>la competencia entre los primeros lugares de los resultados ser\u00e1 mayor<\/strong>, por lo que prevalecer\u00e1n las p\u00e1ginas, que tengan un posicionamiento SEO mayor. Esto es negativo para una p\u00e1gina emergente, que apenas est\u00e1 construyendo su camino dentro del SEO. Por tal motivo, <strong>usar s\u00f3lo palabras claves short tail no es conveniente para el contenido de un sitio digital<\/strong>.<\/p>\n<p>Lo mejor es que se haga una combinaci\u00f3n, en el uso de los tres tipos de palabras claves short tail, middle tail y long tail. Por ejemplo \u201cperfumes\u201d, \u201cperfumes en oferta\u201d y \u201cperfumes en oferta chanel n\u00famero cinco\u201d.<\/p>\n<p>\"}},\n{\"@type\":\"Question\",\"name\":\"\ud83d\udccc \u00bfD\u00f3nde utilizarlas?\",\"acceptedAnswer\":{\"@type\":\"Answer\",\"text\":\"<\/p>\n<p>Es recomendable que este tipo de palabras claves se encuentren en los t\u00edtulos y algunos subt\u00edtulos del contenido, tambi\u00e9n a lo largo del cuerpo del texto. Pero, <strong>e<\/strong><strong>s importante utilizarlas de forma prudente<\/strong>, ya que si existe una densidad exagerada, herramientas como Google Panda pueden hacer una penalizaci\u00f3n.<\/p>\n<p>Otra de las <strong>mejores opciones para utilizar keywords de cola corta<\/strong> es en los anuncios para buscadores, tambi\u00e9n conocidos como SEM. Pero, es importante tener en cuenta que las subastas de este tipo de ejemplares suelen ser muy altas, ya que es necesario competir con sitios web bien consolidados, con mejor calidad de anuncios y mucho dinero para sus campa\u00f1as.<\/p>\n<p>\"}},\n{\"@type\":\"Question\",\"name\":\"\ud83d\udccc \u00bfCu\u00e1l es mejor, short tail o long tail?\",\"acceptedAnswer\":{\"@type\":\"Answer\",\"text\":\"<\/p>\n<p>Todo depender\u00e1 del tipo de empresa, por ejemplo, una gran empresa bien posicionada, cuya marca ya es reconocida, puede utilizar keywords gen\u00e9ricas para <strong>llevar a cabo cualquier tipo de estrategia en buscadores<\/strong>, bien sea org\u00e1nicas o de pago. Pero si se trata de una empresa peque\u00f1a o un emprendimiento, es m\u00e1s dif\u00edcil empezar a posicionarse utilizando este tipo de elementos.<\/p>\n<p>Es por eso que para los sitios web que apenas est\u00e1n empezando a optimizar sus estrategias es m\u00e1s rentable utilizar keywords de cola larga.<\/p>\n<p>\"}}\n]}<\/script><\/p>\n<h2>M\u00e1s informaci\u00f3n sobre palabras clave short tail<\/h2>\n<p>Este tipo de keywords son las m\u00e1s eficaces, pero tambi\u00e9n son las m\u00e1s f\u00e1ciles de conseguir, \u00bfquieres saber c\u00f3mo? mira estos enlaces.<\/p>\n<ul>\n<li><a href=\"https:\/\/www.appyweb.es\/diccionario\/keyword\/\">\u00bfQu\u00e9 es una Keyword y para qu\u00e9 sirve?<\/a><\/li>\n<li><a href=\"https:\/\/marketing4ecommerce.net\/keyword-research-para-seo-como-buscar-palabras-clave-en-google-sin-coste-de-herramientas\/\" rel=\"nofollow noopener\" target=\"_blank\">Keyword Research para SEO: \u00bfC\u00f3mo buscar palabras clave en Google sin coste de herramientas?<\/a><\/li>\n<\/ul>\n<p>&nbsp;<\/p>\n","protected":false},"excerpt":{"rendered":"<p>El volumen de b\u00fasqueda de una keywords se mide en gr\u00e1ficos, estos arrojan cu\u00e1les son las de uso m\u00e1s frecuentes y cu\u00e1les no, formando una curva que asemeja a una cola.\u00a0Las palabras clave short tail se encuentran en la punta de estos gr\u00e1ficos,\u00a0 de all\u00ed su nombre que se traduce del ingl\u00e9s como \u201ccola corta\u201d. [&hellip;]<\/p>\n","protected":false},"author":1,"featured_media":12151,"parent":0,"menu_order":0,"comment_status":"open","ping_status":"closed","template":"","meta":{"inline_featured_image":false,"footnotes":""},"class_list":["post-3345","page","type-page","status-publish","has-post-thumbnail","hentry"],"_links":{"self":[{"href":"https:\/\/www.appyweb.es\/diccionario\/wp-json\/wp\/v2\/pages\/3345","targetHints":{"allow":["GET"]}}],"collection":[{"href":"https:\/\/www.appyweb.es\/diccionario\/wp-json\/wp\/v2\/pages"}],"about":[{"href":"https:\/\/www.appyweb.es\/diccionario\/wp-json\/wp\/v2\/types\/page"}],"author":[{"embeddable":true,"href":"https:\/\/www.appyweb.es\/diccionario\/wp-json\/wp\/v2\/users\/1"}],"replies":[{"embeddable":true,"href":"https:\/\/www.appyweb.es\/diccionario\/wp-json\/wp\/v2\/comments?post=3345"}],"version-history":[{"count":5,"href":"https:\/\/www.appyweb.es\/diccionario\/wp-json\/wp\/v2\/pages\/3345\/revisions"}],"predecessor-version":[{"id":12153,"href":"https:\/\/www.appyweb.es\/diccionario\/wp-json\/wp\/v2\/pages\/3345\/revisions\/12153"}],"wp:featuredmedia":[{"embeddable":true,"href":"https:\/\/www.appyweb.es\/diccionario\/wp-json\/wp\/v2\/media\/12151"}],"wp:attachment":[{"href":"https:\/\/www.appyweb.es\/diccionario\/wp-json\/wp\/v2\/media?parent=3345"}],"curies":[{"name":"wp","href":"https:\/\/api.w.org\/{rel}","templated":true}]}}