{"id":3354,"date":"2023-06-22T15:15:16","date_gmt":"2023-06-22T15:15:16","guid":{"rendered":"https:\/\/www.appyweb.es\/diccionario\/?post_type=project&#038;p=3354"},"modified":"2024-03-21T16:32:31","modified_gmt":"2024-03-21T16:32:31","slug":"parallax","status":"publish","type":"page","link":"https:\/\/www.appyweb.es\/diccionario\/parallax\/","title":{"rendered":"Parallax"},"content":{"rendered":"<h1><img loading=\"lazy\" decoding=\"async\" class=\"alignnone  wp-image-12173\" src=\"https:\/\/www.appyweb.es\/diccionario\/wp-content\/uploads\/2024\/03\/parallax-300x180.jpg\" alt=\"Parallax\" width=\"980\" height=\"588\" srcset=\"https:\/\/www.appyweb.es\/diccionario\/wp-content\/uploads\/2024\/03\/parallax-300x180.jpg 300w, https:\/\/www.appyweb.es\/diccionario\/wp-content\/uploads\/2024\/03\/parallax-768x461.jpg 768w, https:\/\/www.appyweb.es\/diccionario\/wp-content\/uploads\/2024\/03\/parallax.jpg 1000w\" sizes=\"auto, (max-width: 980px) 100vw, 980px\" \/><\/h1>\n<p>Se traduce al espa\u00f1ol como \u201cparalaje\u201d, es un efecto que naci\u00f3 en el dise\u00f1o de los dibujos animados de Disney, con la intenci\u00f3n de otorgarles m\u00e1s realismo a estos, ya que estaban concebidos en animaci\u00f3n 2D. Con el efecto <strong>Parallax la superposici\u00f3n de elementos le otorga profundidad a sus fondos<\/strong>, algo que tambi\u00e9n es posible en el dise\u00f1o web.<\/p>\n<h2>\u00bfQu\u00e9 es Parallax?<\/h2>\n<p>Es un efecto visual que utiliza capas superpuestas de elementos, para simular el efecto 3D en el fondo de un sitio web. <strong>Parallax hace ver que el contenido se desplaza de forma separada con el fondo<\/strong>, otorg\u00e1ndole dinamismo a la estructura de la p\u00e1gina.<\/p>\n<p>Es una de las <a href=\"https:\/\/www.appyweb.es\/diseno-web\/\">tendencias m\u00e1s populares en el dise\u00f1o web<\/a>, es muy utilizado para la navegaci\u00f3n de forma vertical que utilizan los smartphones al hacer scrolling. De esta forma, los sitios son m\u00e1s atractivos y tambi\u00e9n suman puntos extras para la experiencia de usuario.<\/p>\n<h2>\u00bfPor qu\u00e9 es \u00fatil?<\/h2>\n<p>Su utilidad es totalmente est\u00e9tica, con el objetivo de mejorar la experiencia del usuario mientras navega por Internet. La finalidad de los elementos que componen el efecto Parallax contribuyen a que este el usuario se identifique con el sitio digital, siga navegando en \u00e9l de forma intuitiva y que haga scroll constantemente.<\/p>\n<p>Debido a sus <a href=\"https:\/\/www.appyweb.es\/diseno-grafico\/\">beneficios en el dise\u00f1o gr\u00e1fico<\/a> tambi\u00e9n ofrecen la posibilidad de emplear elementos multimedia muy llamativos para cualquier tipo de p\u00e1gina. Por ejemplo, las p\u00e1ginas de destino tambi\u00e9n <strong>son un buen lugar para utilizar este tipo de dise\u00f1o<\/strong>, ya que buscan que el usuario pueda tener m\u00e1s inter\u00e9s por el producto y la marca con solo un vistazo.<\/p>\n<h2>Recursos para hacer Parallax<\/h2>\n<p>Conocimientos de HTML5 y CSS3 <strong>ser\u00e1n suficientes para crear Parallax en un sitio digital<\/strong>. Sin embargo, existen otros recursos m\u00e1s adaptados a principiantes, como los plugin, algunos de los m\u00e1s utilizados son ScrollMagic, Page Piling y Stellar de JQuery. Cada uno con funciones diferentes que permiten la animaci\u00f3n de objetos fijos, la superposici\u00f3n de capas y mucha personalizaci\u00f3n.<\/p>\n<p>Aunque es necesario mencionar que existen otras opciones en Internet, como la posibilidad de utilizar plantillas, en WordPress se pueden conseguir muchas opciones con un promedio de 40$. Pero, sin dudas la m\u00e1s recomendada es <strong>utilizar la ayuda de un experto en desarrollo web para crear un efecto original<\/strong> y m\u00e1s ajustado a las expectativas de la empresa.<\/p>\n<h2>Ejemplo de Parallax<\/h2>\n<p>Si has jugado Mario Bros alguna vez, entonces <strong>ya conoces c\u00f3mo interact\u00faa el efecto Parallax<\/strong>, es el mismo concepto, el paisaje se mueve de forma constante mientras que Mario corre de forma horizontal. Ahora, trata de imaginar esa idea, pero en un sitio web y de forma vertical, se podr\u00eda decir que tu cursor es Mario, ya que mientras hagas scroll, el fondo se mover\u00e1, a excepci\u00f3n de algunos elementos.<\/p>\n<p>Mira el siguiente gif para que te hagas una idea de c\u00f3mo funciona.<\/p>\n<p><script type=\"application\/ld+json\">{\"@context\":\"https:\/\/schema.org\",\"@type\":\"FAQPage\",\"mainEntity\":[ \n{\"@type\":\"Question\",\"name\":\"\ud83d\udccc \u00bfQu\u00e9 es Parallax?\",\"acceptedAnswer\":{\"@type\":\"Answer\",\"text\":\"<\/p>\n<p>Es un efecto visual que utiliza capas superpuestas de elementos, para simular el efecto 3D en el fondo de un sitio web. <strong>Parallax hace ver que el contenido se desplaza de forma separada con el fondo<\/strong>, otorg\u00e1ndole dinamismo a la estructura de la p\u00e1gina.<\/p>\n<p>Es una de las <a href='https:\/\/www.appyweb.es\/diseno-web\/'>tendencias m\u00e1s populares en el dise\u00f1o web<\/a>, es muy utilizado para la navegaci\u00f3n de forma vertical que utilizan los smartphones al hacer scrolling. De esta forma, los sitios son m\u00e1s atractivos y tambi\u00e9n suman puntos extras para la experiencia de usuario.<\/p>\n<p>\"}},\n{\"@type\":\"Question\",\"name\":\"\ud83d\udccc \u00bfPor qu\u00e9 es \u00fatil?\",\"acceptedAnswer\":{\"@type\":\"Answer\",\"text\":\"<\/p>\n<p>Su utilidad es totalmente est\u00e9tica, con el objetivo de mejorar la experiencia del usuario mientras navega por Internet. La finalidad de los elementos que componen el efecto Parallax contribuyen a que este el usuario se identifique con el sitio digital, siga navegando en \u00e9l de forma intuitiva y que haga scroll constantemente.<\/p>\n<p>Debido a sus <a href='https:\/\/www.appyweb.es\/diseno-grafico\/'>beneficios en el dise\u00f1o gr\u00e1fico<\/a> tambi\u00e9n ofrecen la posibilidad de emplear elementos multimedia muy llamativos para cualquier tipo de p\u00e1gina. Por ejemplo, las p\u00e1ginas de destino tambi\u00e9n <strong>son un buen lugar para utilizar este tipo de dise\u00f1o<\/strong>, ya que buscan que el usuario pueda tener m\u00e1s inter\u00e9s por el producto y la marca con solo un vistazo.<\/p>\n<p>\"}},\n{\"@type\":\"Question\",\"name\":\"\ud83d\udccc Recursos para hacer Parallax\",\"acceptedAnswer\":{\"@type\":\"Answer\",\"text\":\"<\/p>\n<p>Conocimientos de HTML5 y CSS3 <strong>ser\u00e1n suficientes para crear Parallax en un sitio digital<\/strong>. Sin embargo, existen otros recursos m\u00e1s adaptados a principiantes, como los plugin, algunos de los m\u00e1s utilizados son ScrollMagic, Page Piling y Stellar de JQuery. Cada uno con funciones diferentes que permiten la animaci\u00f3n de objetos fijos, la superposici\u00f3n de capas y mucha personalizaci\u00f3n.<\/p>\n<p>Aunque es necesario mencionar que existen otras opciones en Internet, como la posibilidad de utilizar plantillas, en WordPress se pueden conseguir muchas opciones con un promedio de 40$. Pero, sin dudas la m\u00e1s recomendada es <strong>utilizar la ayuda de un experto en desarrollo web para crear un efecto original<\/strong> y m\u00e1s ajustado a las expectativas de la empresa.<\/p>\n<p>\"}},\n{\"@type\":\"Question\",\"name\":\"\ud83d\udccc Ejemplo de Parallax\",\"acceptedAnswer\":{\"@type\":\"Answer\",\"text\":\"<\/p>\n<p>Si has jugado Mario Bros alguna vez, entonces <strong>ya conoces c\u00f3mo interact\u00faa el efecto Parallax<\/strong>, es el mismo concepto, el paisaje se mueve de forma constante mientras que Mario corre de forma horizontal. Ahora, trata de imaginar esa idea, pero en un sitio web y de forma vertical, se podr\u00eda decir que tu cursor es Mario, ya que mientras hagas scroll, el fondo se mover\u00e1, a excepci\u00f3n de algunos elementos.<\/p>\n<p>Mira el siguiente gif para que te hagas una idea de c\u00f3mo funciona.<\/p>\n<p>\"}}\n]}<\/script><\/p>\n<h2>M\u00e1s informaci\u00f3n sobre Parallax<\/h2>\n<p>Esta tendencia ha sido una gran forma de ofrecer una mejor experiencia de compra, algunas grandes marcas, como Gucci o Apple, la utilizan. Si quieres aprender m\u00e1s sobre esto mira estos enlaces.<\/p>\n<ul>\n<li><a href=\"https:\/\/www.appyweb.es\/5-mitos-diseno-web-ignorar\/\">5 mitos sobre el dise\u00f1o web que debes ignorar<\/a><\/li>\n<li><a href=\"https:\/\/www.ionos.es\/digitalguide\/paginas-web\/diseno-web\/efecto-parallax-que-es-y-como-puede-conseguirse\/\" rel=\"nofollow noopener\" target=\"_blank\">Efecto Parallax: \u00bfqu\u00e9 es y c\u00f3mo puede conseguirse?<\/a><\/li>\n<\/ul>\n<p>&nbsp;<\/p>\n","protected":false},"excerpt":{"rendered":"<p>Se traduce al espa\u00f1ol como \u201cparalaje\u201d, es un efecto que naci\u00f3 en el dise\u00f1o de los dibujos animados de Disney, con la intenci\u00f3n de otorgarles m\u00e1s realismo a estos, ya que estaban concebidos en animaci\u00f3n 2D. Con el efecto Parallax la superposici\u00f3n de elementos le otorga profundidad a sus fondos, algo que tambi\u00e9n es posible [&hellip;]<\/p>\n","protected":false},"author":1,"featured_media":12173,"parent":0,"menu_order":0,"comment_status":"open","ping_status":"closed","template":"","meta":{"inline_featured_image":false,"footnotes":""},"class_list":["post-3354","page","type-page","status-publish","has-post-thumbnail","hentry"],"_links":{"self":[{"href":"https:\/\/www.appyweb.es\/diccionario\/wp-json\/wp\/v2\/pages\/3354","targetHints":{"allow":["GET"]}}],"collection":[{"href":"https:\/\/www.appyweb.es\/diccionario\/wp-json\/wp\/v2\/pages"}],"about":[{"href":"https:\/\/www.appyweb.es\/diccionario\/wp-json\/wp\/v2\/types\/page"}],"author":[{"embeddable":true,"href":"https:\/\/www.appyweb.es\/diccionario\/wp-json\/wp\/v2\/users\/1"}],"replies":[{"embeddable":true,"href":"https:\/\/www.appyweb.es\/diccionario\/wp-json\/wp\/v2\/comments?post=3354"}],"version-history":[{"count":5,"href":"https:\/\/www.appyweb.es\/diccionario\/wp-json\/wp\/v2\/pages\/3354\/revisions"}],"predecessor-version":[{"id":12175,"href":"https:\/\/www.appyweb.es\/diccionario\/wp-json\/wp\/v2\/pages\/3354\/revisions\/12175"}],"wp:featuredmedia":[{"embeddable":true,"href":"https:\/\/www.appyweb.es\/diccionario\/wp-json\/wp\/v2\/media\/12173"}],"wp:attachment":[{"href":"https:\/\/www.appyweb.es\/diccionario\/wp-json\/wp\/v2\/media?parent=3354"}],"curies":[{"name":"wp","href":"https:\/\/api.w.org\/{rel}","templated":true}]}}