{"id":3361,"date":"2023-06-22T15:17:02","date_gmt":"2023-06-22T15:17:02","guid":{"rendered":"https:\/\/www.appyweb.es\/diccionario\/?post_type=project&#038;p=3361"},"modified":"2024-03-21T16:48:36","modified_gmt":"2024-03-21T16:48:36","slug":"parking-de-dominio","status":"publish","type":"page","link":"https:\/\/www.appyweb.es\/diccionario\/parking-de-dominio\/","title":{"rendered":"Parking de dominio"},"content":{"rendered":"<h1><img loading=\"lazy\" decoding=\"async\" class=\"alignnone  wp-image-12183\" src=\"https:\/\/www.appyweb.es\/diccionario\/wp-content\/uploads\/2024\/03\/parking-de-dominio-300x180.jpg\" alt=\"Parking de dominio\" width=\"972\" height=\"583\" srcset=\"https:\/\/www.appyweb.es\/diccionario\/wp-content\/uploads\/2024\/03\/parking-de-dominio-300x180.jpg 300w, https:\/\/www.appyweb.es\/diccionario\/wp-content\/uploads\/2024\/03\/parking-de-dominio-768x461.jpg 768w, https:\/\/www.appyweb.es\/diccionario\/wp-content\/uploads\/2024\/03\/parking-de-dominio.jpg 1000w\" sizes=\"auto, (max-width: 972px) 100vw, 972px\" \/><\/h1>\n<p>Es la acci\u00f3n de registrar p\u00e1ginas sin necesidad de utilizar un servicio de alojamiento de inmediato. El <strong>parking de dominio sirve para que las empresas \u00abreserven\u00bb un nombre en Internet<\/strong>, sin necesidad de trabajar en un sitio de forma inmediata.<\/p>\n<h2>\u00bfQu\u00e9 es parking de dominio?<\/h2>\n<p>Es un servicio que ofrecen muchas empresas de gesti\u00f3n de hosting en Internet, el <strong>parking de dominio consiste en registrar o \u00abparquear\u00bb una direcci\u00f3n web<\/strong> con la expectativa de utilizarlo en el futuro. Esto permite que no pueda ser utilizado por otras empresas o personas, incluso si no ser\u00e1 empleado <a href=\"https:\/\/www.appyweb.es\/diseno-web\/\">para dise\u00f1ar una p\u00e1gina web<\/a> de inmediato.<\/p>\n<p>Con esta acci\u00f3n, no es necesario pagar por alojamiento, ya que no existir\u00e1 contenido por alojar, porque no estar\u00e1 en funcionamiento. Pero, ese tiempo de \u00abreservaci\u00f3n\u00bb requiere de un coste adicional al registro, aparte, incluye la posibilidad de modificar una p\u00e1gina principal que indique que se encuentra en \u00abmantenimiento\u00bb lo que no afectar\u00e1 su posicionamiento.<\/p>\n<h2>\u00bfPara qu\u00e9 sirve el parking de dominio?<\/h2>\n<p>Su principal funci\u00f3n es permitir a las empresas tener un nombre de respaldo para construir el sitio web para servicios online. Pero, <strong>el parking tambi\u00e9n tiene otras funcionalidades competitivas<\/strong>, por ejemplo, para evitar que cualquier competidor pueda posicionarse mejor con otro nombre o para crear <a href=\"https:\/\/www.appyweb.es\/link-building\/\">sitios web de calidad que impulsen el linkbuilding<\/a> del sitio principal.<\/p>\n<p>Otra de las funcionalidades de contratar uno de estos servicios <strong>es dise\u00f1ar una p\u00e1gina de presentaci\u00f3n<\/strong>, en lugar de mostrar una p\u00e1gina de error. Por ejemplo, los propietarios pueden registrar la direcci\u00f3n y pagar por \u00e9l cuantas veces quieran, sin importar que cuando un usuario ingrese se muestra un mensaje de error (esto puede hacer que pierda credibilidad y relevancia).<\/p>\n<p>Mientras que, si se utiliza el parking de dominio se puede dise\u00f1ar una p\u00e1gina que indique que la p\u00e1gina se encuentra en construcci\u00f3n, evitando que el usuario pase un mal rato y garantizando un buen posicionamiento a futuro.<\/p>\n<h2>\u00bfEn qu\u00e9 consiste el parking de dominio?<\/h2>\n<p>Las empresas de hosting <strong>suelen ofrecer servicios de parqueo para clientes que quieren reservar una direcci\u00f3n<\/strong> para sitios web o correos, algunas veces es un a\u00f1adido gratuito y otras veces, requiere de un pago por gesti\u00f3n. Algunos de los aspectos al contratar esta funci\u00f3n son los siguientes.<\/p>\n<ul>\n<li>La <strong>posibilidad de configurar una p\u00e1gina de presentaci\u00f3n y personalizarla<\/strong>.<\/li>\n<li>Gestionar el DNS del dominio.<\/li>\n<li>Un panel de control b\u00e1sico para configurar lo anterior.<\/li>\n<\/ul>\n<h2>\u00bfC\u00f3mo configurar un dominio aparcado?<\/h2>\n<p>Depender\u00e1 de la empresa o el tipo de hosting que se est\u00e1 utilizando, por ejemplo, en cPanel solo se deben seguir estos pasos.<\/p>\n<ol>\n<li>Ingresar al perfil de cPanel.<\/li>\n<li>Hacer clic en el men\u00fa y seleccionar <em>Dominios<\/em>.<\/li>\n<li>Al abrir las opciones de este submen\u00fa seleccionar <em>Alias<\/em>.<\/li>\n<li>Acceder a la opci\u00f3n <em>Crear un nuevo alias<\/em>.<\/li>\n<li>Ingresar el nombre que se va a aparcar.<\/li>\n<li>Hacer clic en <em>A\u00f1adir Dominio<\/em> y listo.<\/li>\n<\/ol>\n<p>Lo siguiente puede ser configurar la p\u00e1gina de presentaci\u00f3n, como un peque\u00f1o c\u00f3digo HTML con texto, enlaces, im\u00e1genes, etc.<\/p>\n<p><script type=\"application\/ld+json\">{\"@context\":\"https:\/\/schema.org\",\"@type\":\"FAQPage\",\"mainEntity\":[ \n{\"@type\":\"Question\",\"name\":\"\ud83d\udccc \u00bfQu\u00e9 es parking de dominio?\",\"acceptedAnswer\":{\"@type\":\"Answer\",\"text\":\"<\/p>\n<p>Es un servicio que ofrecen muchas empresas de gesti\u00f3n de hosting en Internet, el <strong>parking de dominio consiste en registrar o 'parquear' una direcci\u00f3n web<\/strong> con la expectativa de utilizarlo en el futuro. Esto permite que no pueda ser utilizado por otras empresas o personas, incluso si no ser\u00e1 empleado <a href='https:\/\/www.appyweb.es\/diseno-web\/'>para dise\u00f1ar una p\u00e1gina web<\/a> de inmediato.<\/p>\n<p>Con esta acci\u00f3n, no es necesario pagar por alojamiento, ya que no existir\u00e1 contenido por alojar, porque no estar\u00e1 en funcionamiento. Pero, ese tiempo de 'reservaci\u00f3n' requiere de un coste adicional al registro, aparte, incluye la posibilidad de modificar una p\u00e1gina principal que indique que se encuentra en 'mantenimiento' lo que no afectar\u00e1 su posicionamiento.<\/p>\n<p>\"}},\n{\"@type\":\"Question\",\"name\":\"\ud83d\udccc \u00bfPara qu\u00e9 sirve el parking de dominio?\",\"acceptedAnswer\":{\"@type\":\"Answer\",\"text\":\"<\/p>\n<p>Su principal funci\u00f3n es permitir a las empresas tener un nombre de respaldo para construir el sitio web para servicios online. Pero, <strong>el parking tambi\u00e9n tiene otras funcionalidades competitivas<\/strong>, por ejemplo, para evitar que cualquier competidor pueda posicionarse mejor con otro nombre o para crear <a href='https:\/\/www.appyweb.es\/link-building\/'>sitios web de calidad que impulsen el linkbuilding<\/a> del sitio principal.<\/p>\n<p>Otra de las funcionalidades de contratar uno de estos servicios <strong>es dise\u00f1ar una p\u00e1gina de presentaci\u00f3n<\/strong>, en lugar de mostrar una p\u00e1gina de error. Por ejemplo, los propietarios pueden registrar la direcci\u00f3n y pagar por \u00e9l cuantas veces quieran, sin importar que cuando un usuario ingrese se muestra un mensaje de error (esto puede hacer que pierda credibilidad y relevancia).<\/p>\n<p>Mientras que, si se utiliza el parking de dominio se puede dise\u00f1ar una p\u00e1gina que indique que la p\u00e1gina se encuentra en construcci\u00f3n, evitando que el usuario pase un mal rato y garantizando un buen posicionamiento a futuro.<\/p>\n<p>\"}},\n{\"@type\":\"Question\",\"name\":\"\ud83d\udccc \u00bfEn qu\u00e9 consiste el parking de dominio?\",\"acceptedAnswer\":{\"@type\":\"Answer\",\"text\":\"<\/p>\n<p>Las empresas de hosting <strong>suelen ofrecer servicios de parqueo para clientes que quieren reservar una direcci\u00f3n<\/strong> para sitios web o correos, algunas veces es un a\u00f1adido gratuito y otras veces, requiere de un pago por gesti\u00f3n. Algunos de los aspectos al contratar esta funci\u00f3n son los siguientes.<\/p>\n<\/p>\n<ul>\n<\/p>\n<li>La <strong>posibilidad de configurar una p\u00e1gina de presentaci\u00f3n y personalizarla<\/strong>.<\/li>\n<\/p>\n<\/p>\n<\/p>\n<li>Gestionar el DNS del dominio.<\/li>\n<\/p>\n<\/p>\n<\/p>\n<li>Un panel de control b\u00e1sico para configurar lo anterior.<\/li>\n<\/p>\n<\/p>\n<\/ul>\n<\/p>\n<\/p>\n<p>\"}},\n{\"@type\":\"Question\",\"name\":\"\ud83d\udccc \u00bfC\u00f3mo configurar un dominio aparcado?\",\"acceptedAnswer\":{\"@type\":\"Answer\",\"text\":\"<\/p>\n<p>Depender\u00e1 de la empresa o el tipo de hosting que se est\u00e1 utilizando, por ejemplo, en cPanel solo se deben seguir estos pasos.<\/p>\n<\/p>\n<ol>\n<\/p>\n<li>Ingresar al perfil de cPanel.<\/li>\n<\/p>\n<\/p>\n<\/p>\n<li>Hacer clic en el men\u00fa y seleccionar <em>Dominios<\/em>.<\/li>\n<\/p>\n<\/p>\n<\/p>\n<li>Al abrir las opciones de este submen\u00fa seleccionar <em>Alias<\/em>.<\/li>\n<\/p>\n<\/p>\n<\/p>\n<li>Acceder a la opci\u00f3n <em>Crear un nuevo alias<\/em>.<\/li>\n<\/p>\n<\/p>\n<\/p>\n<li>Ingresar el nombre que se va a aparcar.<\/li>\n<\/p>\n<\/p>\n<\/p>\n<li>Hacer clic en <em>A\u00f1adir Dominio<\/em> y listo.<\/li>\n<\/p>\n<\/p>\n<\/ol>\n<\/p>\n<\/p>\n<p>Lo siguiente puede ser configurar la p\u00e1gina de presentaci\u00f3n, como un peque\u00f1o c\u00f3digo HTML con texto, enlaces, im\u00e1genes, etc.<\/p>\n<p>\"}}\n]}<\/script><\/p>\n<h2>M\u00e1s informaci\u00f3n sobre parking de dominio<\/h2>\n<p>\u00bfEst\u00e1s interesado en hacer algo similar con una nueva direcci\u00f3n web? aprende m\u00e1s al respecto en los siguientes enlaces.<\/p>\n<ul>\n<li><a href=\"https:\/\/www.appyweb.es\/diccionario\/cpanel\/\">\u00bfQu\u00e9 es cPanel y para qu\u00e9 sirve?<\/a><\/li>\n<li><a href=\"https:\/\/www.hostinet.com\/formacion\/panel-alojamiento\/como-hacer-parking-dominio-cpanel\/\" rel=\"nofollow noopener\" target=\"_blank\">\u00bfC\u00f3mo hacer un parking de dominio en cPanel?<\/a><\/li>\n<\/ul>\n<p>&nbsp;<\/p>\n","protected":false},"excerpt":{"rendered":"<p>Es la acci\u00f3n de registrar p\u00e1ginas sin necesidad de utilizar un servicio de alojamiento de inmediato. El parking de dominio sirve para que las empresas \u00abreserven\u00bb un nombre en Internet, sin necesidad de trabajar en un sitio de forma inmediata. \u00bfQu\u00e9 es parking de dominio? Es un servicio que ofrecen muchas empresas de gesti\u00f3n de [&hellip;]<\/p>\n","protected":false},"author":1,"featured_media":12183,"parent":0,"menu_order":0,"comment_status":"open","ping_status":"closed","template":"","meta":{"inline_featured_image":false,"footnotes":""},"class_list":["post-3361","page","type-page","status-publish","has-post-thumbnail","hentry"],"_links":{"self":[{"href":"https:\/\/www.appyweb.es\/diccionario\/wp-json\/wp\/v2\/pages\/3361","targetHints":{"allow":["GET"]}}],"collection":[{"href":"https:\/\/www.appyweb.es\/diccionario\/wp-json\/wp\/v2\/pages"}],"about":[{"href":"https:\/\/www.appyweb.es\/diccionario\/wp-json\/wp\/v2\/types\/page"}],"author":[{"embeddable":true,"href":"https:\/\/www.appyweb.es\/diccionario\/wp-json\/wp\/v2\/users\/1"}],"replies":[{"embeddable":true,"href":"https:\/\/www.appyweb.es\/diccionario\/wp-json\/wp\/v2\/comments?post=3361"}],"version-history":[{"count":5,"href":"https:\/\/www.appyweb.es\/diccionario\/wp-json\/wp\/v2\/pages\/3361\/revisions"}],"predecessor-version":[{"id":12185,"href":"https:\/\/www.appyweb.es\/diccionario\/wp-json\/wp\/v2\/pages\/3361\/revisions\/12185"}],"wp:featuredmedia":[{"embeddable":true,"href":"https:\/\/www.appyweb.es\/diccionario\/wp-json\/wp\/v2\/media\/12183"}],"wp:attachment":[{"href":"https:\/\/www.appyweb.es\/diccionario\/wp-json\/wp\/v2\/media?parent=3361"}],"curies":[{"name":"wp","href":"https:\/\/api.w.org\/{rel}","templated":true}]}}