{"id":3373,"date":"2023-06-22T15:19:53","date_gmt":"2023-06-22T15:19:53","guid":{"rendered":"https:\/\/www.appyweb.es\/diccionario\/?post_type=project&#038;p=3373"},"modified":"2024-03-22T08:02:34","modified_gmt":"2024-03-22T08:02:34","slug":"perfil-de-audiencia","status":"publish","type":"page","link":"https:\/\/www.appyweb.es\/diccionario\/perfil-de-audiencia\/","title":{"rendered":"Perfil de audiencia"},"content":{"rendered":"<p><img loading=\"lazy\" decoding=\"async\" class=\"alignnone  wp-image-12194\" src=\"https:\/\/www.appyweb.es\/diccionario\/wp-content\/uploads\/2024\/03\/perfil-de-audiencia-300x180.jpg\" alt=\"Perfil de audiencia\" width=\"968\" height=\"581\" srcset=\"https:\/\/www.appyweb.es\/diccionario\/wp-content\/uploads\/2024\/03\/perfil-de-audiencia-300x180.jpg 300w, https:\/\/www.appyweb.es\/diccionario\/wp-content\/uploads\/2024\/03\/perfil-de-audiencia-768x461.jpg 768w, https:\/\/www.appyweb.es\/diccionario\/wp-content\/uploads\/2024\/03\/perfil-de-audiencia.jpg 1000w\" sizes=\"auto, (max-width: 968px) 100vw, 968px\" \/><\/p>\n<p>Se trata de un documento con informaci\u00f3n muy detallada acerca de un sector del mercado, <strong>es importante para una empresa definir el perfil de audiencia<\/strong>, porque de esta forma pueden dirigir mejor sus campa\u00f1as publicitarias y las ventas de los productos.<\/p>\n<h2>\u00bfQue es perfil de audiencia?<\/h2>\n<p>Se trata de un documento que puede ser muy similar a lo que se conoce como buyer persona profile, que se utiliza con frecuencia <a href=\"https:\/\/www.appyweb.es\/embudo-ventas-e-commerce\/\">en las estrategias de embudo de ventas<\/a> para segmentar mejor las campa\u00f1as publicitarias. De esta forma, <strong>un perfil de audiencia incluye descripci\u00f3n muy detallada<\/strong>, como el g\u00e9nero predominante en el p\u00fablico, el nivel de formaci\u00f3n, la edad, situaci\u00f3n familiar, intereses, etc\u00e9tera.<\/p>\n<p>Es importante definir este documento, ya que puede servir como gu\u00eda al momento de llevar a cabo estrategias de marketing directas o indirectas. Asimismo, este debe <strong>construirse con los datos que ha recopilado la empresa de sus otros clientes<\/strong> y de informaci\u00f3n que pueda ser extra\u00edda a trav\u00e9s de herramientas de an\u00e1lisis del p\u00fablico.<\/p>\n<h2>\u00bfPara qu\u00e9 sirve el perfil de audiencia?<\/h2>\n<p>El perfil de audiencia sirve para que las empresas tengan en cuenta a qu\u00e9 cliente o comunidad deben dirigirse y c\u00f3mo lo deben hacer. Es decir, conocer a profundidad cu\u00e1les son sus intereses, qu\u00e9 es lo que llama su atenci\u00f3n y c\u00f3mo pueden satisfacer sus necesidades.<\/p>\n<p>Con ayuda de este documento <strong>tambi\u00e9n es posible perfeccionar las estrategias de marketing digital<\/strong> para <a href=\"https:\/\/www.appyweb.es\/conversion-web\/\">impulsar la conversi\u00f3n web<\/a>. Actualmente, existen muchas herramientas de anuncios, como Facebook Ads, a los que se puede introducir caracter\u00edsticas muy espec\u00edficas del p\u00fablico para lanzar campa\u00f1as en la red social.<\/p>\n<h2>C\u00f3mo se define un perfil de audiencia<\/h2>\n<p>Algunas empresas realizan una especie de curr\u00edculum <strong>construyendo un personaje ficticio a partir de caracter\u00edsticas reales<\/strong>. De esta forma, el perfil de audiencia o buyer persona profile debe contener un nombre, apellido, imagen y g\u00e9nero. Aunque cada empresa construye el documento de forma que sea m\u00e1s \u00fatil para ellos, pero se deben de tener variables importantes como las siguientes.<\/p>\n<ul>\n<li>Caracter\u00edsticas demogr\u00e1ficas.<\/li>\n<li>Objetivos o metas en la vida.<\/li>\n<li>Personalidad y vida social.<\/li>\n<li>Intereses y necesidades.<\/li>\n<li>Cu\u00e1les son los problemas relacionados con el producto o marca.<\/li>\n<li>Cu\u00e1les son los canales de comunicaci\u00f3n favoritos.<\/li>\n<\/ul>\n<p>Para garantizar que la informaci\u00f3n sea lo m\u00e1s exacta posible, es necesario utilizar la informaci\u00f3n recopilada de los clientes actuales y la que se puede recopilar a trav\u00e9s de herramientas de an\u00e1lisis como Facebook Audience Insights o Google Analytics.<\/p>\n<h2>Ejemplo de perfil de audiencia<\/h2>\n<p>En la siguiente imagen se puede visualizar <strong>un perfil de la audiencia que estudia a las personas que utilizan Facebook<\/strong> en Espa\u00f1a. A simple vista, se puede visualizar los porcentajes de cu\u00e1ntas mujeres y hombres utilizan la red social en este pa\u00eds, as\u00ed como cu\u00e1ntos pertenecen a cada generaci\u00f3n, los tipos de dispositivos que utilizan para ingresar a ella y la frecuencia de las sesiones.<\/p>\n<p><script type=\"application\/ld+json\">{\"@context\":\"https:\/\/schema.org\",\"@type\":\"FAQPage\",\"mainEntity\":[ \n{\"@type\":\"Question\",\"name\":\"\ud83d\udccc \u00bfQue es perfil de audiencia?\",\"acceptedAnswer\":{\"@type\":\"Answer\",\"text\":\"<\/p>\n<p>Se trata de un documento que puede ser muy similar a lo que se conoce como buyer persona profile, que se utiliza con frecuencia <a href='https:\/\/www.appyweb.es\/embudo-ventas-e-commerce\/'>en las estrategias de embudo de ventas<\/a> para segmentar mejor las campa\u00f1as publicitarias. De esta forma, <strong>un perfil de audiencia incluye descripci\u00f3n muy detallada<\/strong>, como el g\u00e9nero predominante en el p\u00fablico, el nivel de formaci\u00f3n, la edad, situaci\u00f3n familiar, intereses, etc\u00e9tera.<\/p>\n<p>Es importante definir este documento, ya que puede servir como gu\u00eda al momento de llevar a cabo estrategias de marketing directas o indirectas. Asimismo, este debe <strong>construirse con los datos que ha recopilado la empresa de sus otros clientes<\/strong> y de informaci\u00f3n que pueda ser extra\u00edda a trav\u00e9s de herramientas de an\u00e1lisis del p\u00fablico.<\/p>\n<p>\"}},\n{\"@type\":\"Question\",\"name\":\"\ud83d\udccc \u00bfPara qu\u00e9 sirve el perfil de audiencia?\",\"acceptedAnswer\":{\"@type\":\"Answer\",\"text\":\"<\/p>\n<p>El perfil de audiencia sirve para que las empresas tengan en cuenta a qu\u00e9 cliente o comunidad deben dirigirse y c\u00f3mo lo deben hacer. Es decir, conocer a profundidad cu\u00e1les son sus intereses, qu\u00e9 es lo que llama su atenci\u00f3n y c\u00f3mo pueden satisfacer sus necesidades.<\/p>\n<p>Con ayuda de este documento <strong>tambi\u00e9n es posible perfeccionar las estrategias de marketing digital<\/strong> para <a href='https:\/\/www.appyweb.es\/conversion-web\/'>impulsar la conversi\u00f3n web<\/a>. Actualmente, existen muchas herramientas de anuncios, como Facebook Ads, a los que se puede introducir caracter\u00edsticas muy espec\u00edficas del p\u00fablico para lanzar campa\u00f1as en la red social.<\/p>\n<p>\"}},\n{\"@type\":\"Question\",\"name\":\"\ud83d\udccc C\u00f3mo se define un perfil de audiencia\",\"acceptedAnswer\":{\"@type\":\"Answer\",\"text\":\"<\/p>\n<p>Algunas empresas realizan una especie de curr\u00edculum <strong>construyendo un personaje ficticio a partir de caracter\u00edsticas reales<\/strong>. De esta forma, el perfil de audiencia o buyer persona profile debe contener un nombre, apellido, imagen y g\u00e9nero. Aunque cada empresa construye el documento de forma que sea m\u00e1s \u00fatil para ellos, pero se deben de tener variables importantes como las siguientes.<\/p>\n<\/p>\n<ul>\n<\/p>\n<li>Caracter\u00edsticas demogr\u00e1ficas.<\/li>\n<\/p>\n<\/p>\n<\/p>\n<li>Objetivos o metas en la vida.<\/li>\n<\/p>\n<\/p>\n<\/p>\n<li>Personalidad y vida social.<\/li>\n<\/p>\n<\/p>\n<\/p>\n<li>Intereses y necesidades.<\/li>\n<\/p>\n<\/p>\n<\/p>\n<li>Cu\u00e1les son los problemas relacionados con el producto o marca.<\/li>\n<\/p>\n<\/p>\n<\/p>\n<li>Cu\u00e1les son los canales de comunicaci\u00f3n favoritos.<\/li>\n<\/p>\n<\/p>\n<\/ul>\n<\/p>\n<\/p>\n<p>Para garantizar que la informaci\u00f3n sea lo m\u00e1s exacta posible, es necesario utilizar la informaci\u00f3n recopilada de los clientes actuales y la que se puede recopilar a trav\u00e9s de herramientas de an\u00e1lisis como Facebook Audience Insights o Google Analytics.<\/p>\n<p>\"}},\n{\"@type\":\"Question\",\"name\":\"\ud83d\udccc Ejemplo de perfil de audiencia\",\"acceptedAnswer\":{\"@type\":\"Answer\",\"text\":\"<\/p>\n<p>En la siguiente imagen se puede visualizar <strong>un perfil de la audiencia que estudia a las personas que utilizan Facebook<\/strong> en Espa\u00f1a. A simple vista, se puede visualizar los porcentajes de cu\u00e1ntas mujeres y hombres utilizan la red social en este pa\u00eds, as\u00ed como cu\u00e1ntos pertenecen a cada generaci\u00f3n, los tipos de dispositivos que utilizan para ingresar a ella y la frecuencia de las sesiones.<\/p>\n<p>\"}}\n]}<\/script><\/p>\n<h2>M\u00e1s informaci\u00f3n sobre perfil de audiencia<\/h2>\n<p>Si no has tenido la oportunidad de redactar un perfil de audiencia para tu empresa, es mejor que conozcas todo lo que vas a necesitar, mira los siguientes enlaces para tener m\u00e1s informaci\u00f3n.<\/p>\n<ul>\n<li><a href=\"https:\/\/www.appyweb.es\/definir-buyer-persona\/\">\u00bfC\u00f3mo definir a tu buyer persona? 3 consejos<\/a><\/li>\n<li><a href=\"https:\/\/www.marketin.es\/premisas-para-definir-un-perfil-de-audiencia\/\" rel=\"nofollow noopener\" target=\"_blank\">\u00bfQu\u00e9 debemos conocer para definir un perfil de audiencia?<\/a><\/li>\n<\/ul>\n<p>&nbsp;<\/p>\n","protected":false},"excerpt":{"rendered":"<p>Se trata de un documento con informaci\u00f3n muy detallada acerca de un sector del mercado, es importante para una empresa definir el perfil de audiencia, porque de esta forma pueden dirigir mejor sus campa\u00f1as publicitarias y las ventas de los productos. \u00bfQue es perfil de audiencia? Se trata de un documento que puede ser muy [&hellip;]<\/p>\n","protected":false},"author":1,"featured_media":12194,"parent":0,"menu_order":0,"comment_status":"open","ping_status":"closed","template":"","meta":{"inline_featured_image":false,"footnotes":""},"class_list":["post-3373","page","type-page","status-publish","has-post-thumbnail","hentry"],"_links":{"self":[{"href":"https:\/\/www.appyweb.es\/diccionario\/wp-json\/wp\/v2\/pages\/3373","targetHints":{"allow":["GET"]}}],"collection":[{"href":"https:\/\/www.appyweb.es\/diccionario\/wp-json\/wp\/v2\/pages"}],"about":[{"href":"https:\/\/www.appyweb.es\/diccionario\/wp-json\/wp\/v2\/types\/page"}],"author":[{"embeddable":true,"href":"https:\/\/www.appyweb.es\/diccionario\/wp-json\/wp\/v2\/users\/1"}],"replies":[{"embeddable":true,"href":"https:\/\/www.appyweb.es\/diccionario\/wp-json\/wp\/v2\/comments?post=3373"}],"version-history":[{"count":5,"href":"https:\/\/www.appyweb.es\/diccionario\/wp-json\/wp\/v2\/pages\/3373\/revisions"}],"predecessor-version":[{"id":12196,"href":"https:\/\/www.appyweb.es\/diccionario\/wp-json\/wp\/v2\/pages\/3373\/revisions\/12196"}],"wp:featuredmedia":[{"embeddable":true,"href":"https:\/\/www.appyweb.es\/diccionario\/wp-json\/wp\/v2\/media\/12194"}],"wp:attachment":[{"href":"https:\/\/www.appyweb.es\/diccionario\/wp-json\/wp\/v2\/media?parent=3373"}],"curies":[{"name":"wp","href":"https:\/\/api.w.org\/{rel}","templated":true}]}}