{"id":3382,"date":"2023-06-22T15:21:40","date_gmt":"2023-06-22T15:21:40","guid":{"rendered":"https:\/\/www.appyweb.es\/diccionario\/?post_type=project&#038;p=3382"},"modified":"2024-03-22T09:03:43","modified_gmt":"2024-03-22T09:03:43","slug":"permanent-link","status":"publish","type":"page","link":"https:\/\/www.appyweb.es\/diccionario\/permanent-link\/","title":{"rendered":"Permanent link"},"content":{"rendered":"<h1><img loading=\"lazy\" decoding=\"async\" class=\"alignnone  wp-image-12222\" src=\"https:\/\/www.appyweb.es\/diccionario\/wp-content\/uploads\/2024\/03\/permanent-link-300x180.jpg\" alt=\"Permanent Link\" width=\"972\" height=\"583\" srcset=\"https:\/\/www.appyweb.es\/diccionario\/wp-content\/uploads\/2024\/03\/permanent-link-300x180.jpg 300w, https:\/\/www.appyweb.es\/diccionario\/wp-content\/uploads\/2024\/03\/permanent-link-768x461.jpg 768w, https:\/\/www.appyweb.es\/diccionario\/wp-content\/uploads\/2024\/03\/permanent-link.jpg 1000w\" sizes=\"auto, (max-width: 972px) 100vw, 972px\" \/><\/h1>\n<p>Se traduce al espa\u00f1ol como <em>enlace permanente<\/em>, b\u00e1sicamente, <strong>el permanent link es una URL que mantiene su estructura<\/strong> incluso cuando no est\u00e9 disponible en la p\u00e1gina principal de un sitio web, aunque su contenido puede cambiar, la direcci\u00f3n se mantendr\u00e1 en su forma original.<\/p>\n<h2>\u00bfQu\u00e9 es un permanent link?<\/h2>\n<p>Como se mencion\u00f3 arriba, es una URL que no var\u00eda, es decir, no cambia de estructura, aunque s\u00ed pudiera cambiar algo en su contenido, lo importante es que la direcci\u00f3n siga estando disponible siempre. Se utiliza con mucha frecuencia <a href=\"https:\/\/www.appyweb.es\/marketing-de-contenidos\/\">en marketing de contenidos<\/a> para evitar que se generen enlaces rotos.<\/p>\n<p>Suele utilizarse en sitios web de contenidos o blogs, ya que con las nuevas entradas o art\u00edculos puede que los enlaces m\u00e1s antiguos queden fuera de la p\u00e1gina principal. Con <strong>un permalink pueden garantizar que puedan ser citados<\/strong> o utilizados en otros post, garantizando que la p\u00e1gina enlazada no estar\u00e1 rota.<\/p>\n<h2>\u00bfPara qu\u00e9 sirve el permanent link?<\/h2>\n<p>Anteriormente, <strong>todos los enlaces que se produc\u00edan en Internet eran pemanent link<\/strong>, porque en ese entonces los <a href=\"https:\/\/www.appyweb.es\/diseno-web\/\">dise\u00f1adores web<\/a> se basaban en estilos est\u00e1ticos. Pero, con el paso del tiempo, se empez\u00f3 a desarrollar un nuevo estilo basado en sitios web din\u00e1micos, con esto, los gestores de contenidos almacenan las URL y la informaci\u00f3n de forma diferente, por lo que puede cambiar con el tiempo.<\/p>\n<p>As\u00ed que, con la aparici\u00f3n de este tipo de administraci\u00f3n se hace necesario la utilizaci\u00f3n de estos v\u00ednculos, de forma que puedan estar disponibles en la misma direcci\u00f3n por a\u00f1os, incluso para que puedan ser citados en el futuro, sin ninguna alteraci\u00f3n. En este sentido, tambi\u00e9n es muy conveniente cuando se quiere hacer una migraci\u00f3n de gestores.<\/p>\n<h2>\u00bfQu\u00e9 es un Permalink en Facebook?<\/h2>\n<p>Normalmente, se suelen <strong>utilizar enlaces permanentes en redes sociales como Facebook o Twitter<\/strong> para que est\u00e9n disponibles en otras publicaciones o citas. Por ejemplo, cuando una persona quiere hacer referencia a un tuit o post que ya tiene varios a\u00f1os publicada. En este caso, se puede guardar un enlace permanente, utilizando un acortador como Google Shortener.<\/p>\n<p>Tambi\u00e9n es muy \u00fatil para guardar informaci\u00f3n que ser\u00e1 utilizada en el futuro, sin necesidad de perderla por nuevas actualizaciones del muro, el feed de noticias o nuevos tuits. Es ideal para los gestores de redes sociales, medios de comunicaci\u00f3n, etc.<\/p>\n<h2>\u00bfC\u00f3mo se detectan los Permalinks?<\/h2>\n<p>Al igual que los enlaces do follow y no follow, los permanentes tambi\u00e9n se pueden detectar por su descripci\u00f3n en el c\u00f3digo HTML. Igualmente, puede utilizarse el mismo comando para que las herramientas en Internet <strong>lo detecten como un enlace permanente<\/strong>, lo que es muy conveniente para el SEO y las estrategias de posicionamiento.<\/p>\n<p>En este sentido, la estructura en el c\u00f3digo se ver\u00eda de la siguiente forma.<\/p>\n<p><script type=\"application\/ld+json\">{\"@context\":\"https:\/\/schema.org\",\"@type\":\"FAQPage\",\"mainEntity\":[ \n{\"@type\":\"Question\",\"name\":\"\ud83d\udccc \u00bfQu\u00e9 es un permanent link?\",\"acceptedAnswer\":{\"@type\":\"Answer\",\"text\":\"<\/p>\n<p>Como se mencion\u00f3 arriba, es una URL que no var\u00eda, es decir, no cambia de estructura, aunque s\u00ed pudiera cambiar algo en su contenido, lo importante es que la direcci\u00f3n siga estando disponible siempre. Se utiliza con mucha frecuencia <a href='https:\/\/www.appyweb.es\/marketing-de-contenidos\/'>en marketing de contenidos<\/a> para evitar que se generen enlaces rotos.<\/p>\n<p>Suele utilizarse en sitios web de contenidos o blogs, ya que con las nuevas entradas o art\u00edculos puede que los enlaces m\u00e1s antiguos queden fuera de la p\u00e1gina principal. Con <strong>un permalink pueden garantizar que puedan ser citados<\/strong> o utilizados en otros post, garantizando que la p\u00e1gina enlazada no estar\u00e1 rota.<\/p>\n<p>\"}},\n{\"@type\":\"Question\",\"name\":\"\ud83d\udccc \u00bfPara qu\u00e9 sirve el permanent link?\",\"acceptedAnswer\":{\"@type\":\"Answer\",\"text\":\"<\/p>\n<p>Anteriormente, <strong>todos los enlaces que se produc\u00edan en Internet eran pemanent link<\/strong>, porque en ese entonces los <a href='https:\/\/www.appyweb.es\/diseno-web\/'>dise\u00f1adores web<\/a> se basaban en estilos est\u00e1ticos. Pero, con el paso del tiempo, se empez\u00f3 a desarrollar un nuevo estilo basado en sitios web din\u00e1micos, con esto, los gestores de contenidos almacenan las URL y la informaci\u00f3n de forma diferente, por lo que puede cambiar con el tiempo.<\/p>\n<p>As\u00ed que, con la aparici\u00f3n de este tipo de administraci\u00f3n se hace necesario la utilizaci\u00f3n de estos v\u00ednculos, de forma que puedan estar disponibles en la misma direcci\u00f3n por a\u00f1os, incluso para que puedan ser citados en el futuro, sin ninguna alteraci\u00f3n. En este sentido, tambi\u00e9n es muy conveniente cuando se quiere hacer una migraci\u00f3n de gestores.<\/p>\n<p>\"}},\n{\"@type\":\"Question\",\"name\":\"\ud83d\udccc \u00bfQu\u00e9 es un Permalink en Facebook?\",\"acceptedAnswer\":{\"@type\":\"Answer\",\"text\":\"<\/p>\n<p>Normalmente, se suelen <strong>utilizar enlaces permanentes en redes sociales como Facebook o Twitter<\/strong> para que est\u00e9n disponibles en otras publicaciones o citas. Por ejemplo, cuando una persona quiere hacer referencia a un tuit o post que ya tiene varios a\u00f1os publicada. En este caso, se puede guardar un enlace permanente, utilizando un acortador como Google Shortener.<\/p>\n<p>Tambi\u00e9n es muy \u00fatil para guardar informaci\u00f3n que ser\u00e1 utilizada en el futuro, sin necesidad de perderla por nuevas actualizaciones del muro, el feed de noticias o nuevos tuits. Es ideal para los gestores de redes sociales, medios de comunicaci\u00f3n, etc.<\/p>\n<p>\"}},\n{\"@type\":\"Question\",\"name\":\"\ud83d\udccc \u00bfC\u00f3mo se detectan los Permalinks?\",\"acceptedAnswer\":{\"@type\":\"Answer\",\"text\":\"<\/p>\n<p>Al igual que los enlaces do follow y no follow, los permanentes tambi\u00e9n se pueden detectar por su descripci\u00f3n en el c\u00f3digo HTML. Igualmente, puede utilizarse el mismo comando para que las herramientas en Internet <strong>lo detecten como un enlace permanente<\/strong>, lo que es muy conveniente para el SEO y las estrategias de posicionamiento.<\/p>\n<p>En este sentido, la estructura en el c\u00f3digo se ver\u00eda de la siguiente forma.<\/p>\n<p>\"}}\n]}<\/script><\/p>\n<p><code>&lt;link rel=\"bookmark\" href=\"URL\" \/&gt;<\/code><\/p>\n<h2>M\u00e1s informaci\u00f3n sobre permanent link<\/h2>\n<p>\u00bfQuieres saber un poco m\u00e1s sobre estos hiperv\u00ednculos? no te pierdas los siguientes enlaces para obtener m\u00e1s informaci\u00f3n y optimizar tu sitio web.<\/p>\n<ul>\n<li><a href=\"https:\/\/www.appyweb.es\/diccionario\/enlace-dofollow\/\">\u00bfQu\u00e9 es el Enlace dofollow y para qu\u00e9 sirve?<\/a><\/li>\n<li><a href=\"https:\/\/es.wikipedia.org\/wiki\/Enlace_permanente#Historia\" rel=\"nofollow noopener\" target=\"_blank\">Historia y origen del permanent link<\/a><\/li>\n<\/ul>\n<p>&nbsp;<\/p>\n","protected":false},"excerpt":{"rendered":"<p>Se traduce al espa\u00f1ol como enlace permanente, b\u00e1sicamente, el permanent link es una URL que mantiene su estructura incluso cuando no est\u00e9 disponible en la p\u00e1gina principal de un sitio web, aunque su contenido puede cambiar, la direcci\u00f3n se mantendr\u00e1 en su forma original. \u00bfQu\u00e9 es un permanent link? Como se mencion\u00f3 arriba, es una [&hellip;]<\/p>\n","protected":false},"author":1,"featured_media":12222,"parent":0,"menu_order":0,"comment_status":"open","ping_status":"closed","template":"","meta":{"inline_featured_image":false,"footnotes":""},"class_list":["post-3382","page","type-page","status-publish","has-post-thumbnail","hentry"],"_links":{"self":[{"href":"https:\/\/www.appyweb.es\/diccionario\/wp-json\/wp\/v2\/pages\/3382","targetHints":{"allow":["GET"]}}],"collection":[{"href":"https:\/\/www.appyweb.es\/diccionario\/wp-json\/wp\/v2\/pages"}],"about":[{"href":"https:\/\/www.appyweb.es\/diccionario\/wp-json\/wp\/v2\/types\/page"}],"author":[{"embeddable":true,"href":"https:\/\/www.appyweb.es\/diccionario\/wp-json\/wp\/v2\/users\/1"}],"replies":[{"embeddable":true,"href":"https:\/\/www.appyweb.es\/diccionario\/wp-json\/wp\/v2\/comments?post=3382"}],"version-history":[{"count":5,"href":"https:\/\/www.appyweb.es\/diccionario\/wp-json\/wp\/v2\/pages\/3382\/revisions"}],"predecessor-version":[{"id":12224,"href":"https:\/\/www.appyweb.es\/diccionario\/wp-json\/wp\/v2\/pages\/3382\/revisions\/12224"}],"wp:featuredmedia":[{"embeddable":true,"href":"https:\/\/www.appyweb.es\/diccionario\/wp-json\/wp\/v2\/media\/12222"}],"wp:attachment":[{"href":"https:\/\/www.appyweb.es\/diccionario\/wp-json\/wp\/v2\/media?parent=3382"}],"curies":[{"name":"wp","href":"https:\/\/api.w.org\/{rel}","templated":true}]}}