{"id":3385,"date":"2023-06-22T15:22:49","date_gmt":"2023-06-22T15:22:49","guid":{"rendered":"https:\/\/www.appyweb.es\/diccionario\/?post_type=project&#038;p=3385"},"modified":"2024-03-22T09:17:34","modified_gmt":"2024-03-22T09:17:34","slug":"permission-marketing","status":"publish","type":"page","link":"https:\/\/www.appyweb.es\/diccionario\/permission-marketing\/","title":{"rendered":"Permission Marketing"},"content":{"rendered":"<h1><img loading=\"lazy\" decoding=\"async\" class=\"alignnone  wp-image-12230\" src=\"https:\/\/www.appyweb.es\/diccionario\/wp-content\/uploads\/2024\/03\/permission-marketing-300x180.jpg\" alt=\"Permission Marketing\" width=\"973\" height=\"584\" srcset=\"https:\/\/www.appyweb.es\/diccionario\/wp-content\/uploads\/2024\/03\/permission-marketing-300x180.jpg 300w, https:\/\/www.appyweb.es\/diccionario\/wp-content\/uploads\/2024\/03\/permission-marketing-768x461.jpg 768w, https:\/\/www.appyweb.es\/diccionario\/wp-content\/uploads\/2024\/03\/permission-marketing.jpg 1000w\" sizes=\"auto, (max-width: 973px) 100vw, 973px\" \/><\/h1>\n<p>Es un tipo de publicidad que consiste en conseguir el permiso voluntario de los usuarios para enviarles anuncios y publicidad. El <strong>permission marketing es utilizado con frecuencia en el emailing<\/strong>, cuando es necesario asegurarse de conseguir el consentimiento de los suscriptores.<\/p>\n<h2>\u00bfQu\u00e9 es permission marketing?<\/h2>\n<p>Es una estrategia de publicidad en la cual el usuario da autorizaci\u00f3n a una marca o a un sitio web para que le env\u00ede contenido. El <strong>permission marketing se vale de otras t\u00e9cnicas para obtener esta aprobaci\u00f3n<\/strong>, como el <em>opt in<\/em> en la <a href=\"https:\/\/www.appyweb.es\/gestion-newsletters\/\">gesti\u00f3n de newsletter en email marketing<\/a>.<\/p>\n<p>En la actualidad, con la gran cantidad de empresas, marcas, y medios de comunicaci\u00f3n compitiendo por la atenci\u00f3n de los usuarios, hay demasiada publicidad para visualizar, por lo que la mayor\u00eda es ignorada. De hecho, la mayor\u00eda de los usuarios han desarrollado algo que se conoce como \u201cojo ciego\u201d que evita concentrar la mirada en los anuncios en Internet.<\/p>\n<p>Con la ayuda de esta pr\u00e1ctica es m\u00e1s f\u00e1cil llevar a cabo campa\u00f1as efectivas, en las que los usuarios est\u00e1n m\u00e1s interesados.<\/p>\n<h2>\u00bfPara qu\u00e9 sirve?<\/h2>\n<p>Su principal funcionalidad es <strong>garantizar que los anuncios puedan ser captados por la audiencia correcta,<\/strong> en el momento correcto, sin tener que lidiar con menos visualizaciones. Aparte, al solicitar el permiso de los usuarios para enviar cualquier tipo de informaci\u00f3n, contenido o publicidad se estar\u00e1n cumpliendo con las normas de la <em>protecci\u00f3n de datos de la Uni\u00f3n Europea<\/em>.<\/p>\n<p>Otro de los beneficios de esta <a href=\"https:\/\/www.appyweb.es\/email-marketing-para-empresas\/\">pr\u00e1ctica para el email marketing<\/a> es la posibilidad de adquirir respuesta de solo usuarios que est\u00e1n m\u00e1s preparados para la compra, es decir, aquellos a los que realmente les interesa la marca o quieren solicitar informaci\u00f3n sobre alg\u00fan producto.<\/p>\n<h2>\u00bfD\u00f3nde es aplicado?<\/h2>\n<p>Usualmente, se utiliza en los canales de comunicaci\u00f3n de publicidad directa como es el email, el SMS, aplicaciones de comunicaci\u00f3n como WhatsApp, etc. De esta forma, el usuario tambi\u00e9n sentir\u00e1 mayor confianza al <strong>saber que tiene el control de desuscribirse en cualquier momento<\/strong> o solicitar la informaci\u00f3n que realmente quiere recibir.<\/p>\n<p>Es por eso que tambi\u00e9n suele ser una gran herramienta para la personalizaci\u00f3n en cualquier estrategia de publicidad, especialmente dentro del embudo de ventas o inbound. All\u00ed se asegura que aquellos usuarios que den su permiso pasen una clasificaci\u00f3n para ser nutridos y convertirse en clientes, utilizando estrategias de personalizaci\u00f3n y segmentaci\u00f3n.<\/p>\n<h2>Permission marketing ejemplos<\/h2>\n<p>Como se menciona al principio, uno de los ejemplos m\u00e1s notables sobre esta pr\u00e1ctica es el <em>opt in<\/em>, se trata de un elemento o una especie de confirmaci\u00f3n que es enviada al correo del usuario que se suscribi\u00f3 a una newsletter. Este correo contiene un bot\u00f3n donde certificar\u00e1 su suscripci\u00f3n, es decir, <strong>dar\u00e1 permiso para recibir contenidos e informaci\u00f3n desde la empresa<\/strong>.<\/p>\n<p>Incluso en algunas opciones ofrecen la posibilidad de establecer par\u00e1metros de suscripci\u00f3n, como sus temas preferidos, fechas y horas en las que quiere recibir el contenido nuevo, las caracter\u00edsticas para personalizar, entre otros. A continuaci\u00f3n, se puede ver una imagen con el <strong>ejemplo de un correo opt in de Canva<\/strong> para confirmar una cuenta.<\/p>\n<p><script type=\"application\/ld+json\">{\"@context\":\"https:\/\/schema.org\",\"@type\":\"FAQPage\",\"mainEntity\":[ \n{\"@type\":\"Question\",\"name\":\"\ud83d\udccc \u00bfQu\u00e9 es permission marketing?\",\"acceptedAnswer\":{\"@type\":\"Answer\",\"text\":\"<\/p>\n<p>Es una estrategia de publicidad  en la cual el usuario da autorizaci\u00f3n a una marca o a un sitio web para que le env\u00ede contenido. El <strong>permission marketing se vale de otras t\u00e9cnicas para obtener esta aprobaci\u00f3n<\/strong>, como el <em>opt in<\/em> en la <a href='https:\/\/www.appyweb.es\/gestion-newsletters\/'>gesti\u00f3n de newsletter en email marketing<\/a>.<\/p>\n<p>En la actualidad, con la gran cantidad de empresas, marcas, y medios de comunicaci\u00f3n compitiendo por la atenci\u00f3n de los usuarios, hay demasiada publicidad para visualizar, por lo que la mayor\u00eda es ignorada. De hecho, la mayor\u00eda de los usuarios han desarrollado algo que se conoce como \u201cojo ciego\u201d que evita concentrar la mirada en los anuncios en Internet.<\/p>\n<p>Con la ayuda de esta pr\u00e1ctica es m\u00e1s f\u00e1cil llevar a cabo campa\u00f1as efectivas, en las que los usuarios est\u00e1n m\u00e1s interesados.<\/p>\n<p>\"}},\n{\"@type\":\"Question\",\"name\":\"\ud83d\udccc \u00bfPara qu\u00e9 sirve?\",\"acceptedAnswer\":{\"@type\":\"Answer\",\"text\":\"<\/p>\n<p>Su principal funcionalidad es <strong>garantizar que los anuncios puedan ser captados por la audiencia correcta,<\/strong> en el momento correcto, sin tener que lidiar con menos visualizaciones. Aparte, al solicitar el permiso de los usuarios para enviar cualquier tipo de informaci\u00f3n, contenido o publicidad se estar\u00e1n cumpliendo con las normas de la <em>protecci\u00f3n de datos de la Uni\u00f3n Europea<\/em>.<\/p>\n<p>Otro de los beneficios de esta <a href='https:\/\/www.appyweb.es\/email-marketing-para-empresas\/'>pr\u00e1ctica para el email marketing<\/a> es la posibilidad de adquirir respuesta de solo usuarios que est\u00e1n m\u00e1s preparados para la compra, es decir, aquellos a los que realmente les interesa la marca o quieren solicitar informaci\u00f3n sobre alg\u00fan producto.<\/p>\n<p>\"}},\n{\"@type\":\"Question\",\"name\":\"\ud83d\udccc \u00bfD\u00f3nde es aplicado?\",\"acceptedAnswer\":{\"@type\":\"Answer\",\"text\":\"<\/p>\n<p>Usualmente, se utiliza en los canales de comunicaci\u00f3n de publicidad directa como es el email, el SMS, aplicaciones de comunicaci\u00f3n como WhatsApp, etc. De esta forma, el usuario tambi\u00e9n sentir\u00e1 mayor confianza al <strong>saber que tiene el control de desuscribirse en cualquier momento<\/strong> o solicitar la informaci\u00f3n que realmente quiere recibir.<\/p>\n<p>Es por eso que tambi\u00e9n suele ser una gran herramienta para la personalizaci\u00f3n en cualquier estrategia de publicidad, especialmente dentro del embudo de ventas o inbound. All\u00ed se asegura que aquellos usuarios que den su permiso pasen una clasificaci\u00f3n para ser nutridos y convertirse en clientes, utilizando estrategias de personalizaci\u00f3n y segmentaci\u00f3n.<\/p>\n<p>\"}},\n{\"@type\":\"Question\",\"name\":\"\ud83d\udccc Permission marketing ejemplos\",\"acceptedAnswer\":{\"@type\":\"Answer\",\"text\":\"<\/p>\n<p>Como se menciona al principio, uno de los ejemplos m\u00e1s notables sobre esta pr\u00e1ctica es el <em>opt in<\/em>, se trata de un elemento o una especie de confirmaci\u00f3n que es enviada al correo del usuario que se suscribi\u00f3 a una newsletter. Este correo contiene un bot\u00f3n donde certificar\u00e1 su suscripci\u00f3n, es decir, <strong>dar\u00e1 permiso para recibir contenidos e informaci\u00f3n desde la empresa<\/strong>.<\/p>\n<p>Incluso en algunas opciones ofrecen la posibilidad de establecer par\u00e1metros de suscripci\u00f3n, como sus temas preferidos, fechas y horas en las que quiere recibir el contenido nuevo, las caracter\u00edsticas para personalizar, entre otros. A continuaci\u00f3n, se puede ver una imagen con el <strong>ejemplo de un correo opt in de Canva<\/strong> para confirmar una cuenta.<\/p>\n<p>\"}}\n]}<\/script><\/p>\n<h2>M\u00e1s informaci\u00f3n sobre permission marketing<\/h2>\n<p>En la actualidad esta pr\u00e1ctica no es solo la m\u00e1s efectiva, sino tambi\u00e9n la m\u00e1s apoyada legalmente, conoce m\u00e1s al respecto en los siguientes enlaces.<\/p>\n<ul>\n<li><a href=\"https:\/\/www.appyweb.es\/diccionario\/ley-proteccion-datos\/\">\u00bfQu\u00e9 es la Ley de Protecci\u00f3n de datos y para qu\u00e9 sirve?<\/a><\/li>\n<li><a href=\"https:\/\/woko.agency\/blog\/marketing-permiso-que-es\/\" rel=\"nofollow noopener\" target=\"_blank\">Marketing de permiso: confianza entre marca y usuario<\/a><\/li>\n<\/ul>\n<p>&nbsp;<\/p>\n","protected":false},"excerpt":{"rendered":"<p>Es un tipo de publicidad que consiste en conseguir el permiso voluntario de los usuarios para enviarles anuncios y publicidad. El permission marketing es utilizado con frecuencia en el emailing, cuando es necesario asegurarse de conseguir el consentimiento de los suscriptores. \u00bfQu\u00e9 es permission marketing? Es una estrategia de publicidad en la cual el usuario [&hellip;]<\/p>\n","protected":false},"author":1,"featured_media":12230,"parent":0,"menu_order":0,"comment_status":"open","ping_status":"closed","template":"","meta":{"inline_featured_image":false,"footnotes":""},"class_list":["post-3385","page","type-page","status-publish","has-post-thumbnail","hentry"],"_links":{"self":[{"href":"https:\/\/www.appyweb.es\/diccionario\/wp-json\/wp\/v2\/pages\/3385","targetHints":{"allow":["GET"]}}],"collection":[{"href":"https:\/\/www.appyweb.es\/diccionario\/wp-json\/wp\/v2\/pages"}],"about":[{"href":"https:\/\/www.appyweb.es\/diccionario\/wp-json\/wp\/v2\/types\/page"}],"author":[{"embeddable":true,"href":"https:\/\/www.appyweb.es\/diccionario\/wp-json\/wp\/v2\/users\/1"}],"replies":[{"embeddable":true,"href":"https:\/\/www.appyweb.es\/diccionario\/wp-json\/wp\/v2\/comments?post=3385"}],"version-history":[{"count":5,"href":"https:\/\/www.appyweb.es\/diccionario\/wp-json\/wp\/v2\/pages\/3385\/revisions"}],"predecessor-version":[{"id":12232,"href":"https:\/\/www.appyweb.es\/diccionario\/wp-json\/wp\/v2\/pages\/3385\/revisions\/12232"}],"wp:featuredmedia":[{"embeddable":true,"href":"https:\/\/www.appyweb.es\/diccionario\/wp-json\/wp\/v2\/media\/12230"}],"wp:attachment":[{"href":"https:\/\/www.appyweb.es\/diccionario\/wp-json\/wp\/v2\/media?parent=3385"}],"curies":[{"name":"wp","href":"https:\/\/api.w.org\/{rel}","templated":true}]}}