{"id":3392,"date":"2023-06-22T15:25:15","date_gmt":"2023-06-22T15:25:15","guid":{"rendered":"https:\/\/www.appyweb.es\/diccionario\/?post_type=project&#038;p=3392"},"modified":"2024-03-22T09:26:58","modified_gmt":"2024-03-22T09:26:58","slug":"php","status":"publish","type":"page","link":"https:\/\/www.appyweb.es\/diccionario\/php\/","title":{"rendered":"PHP"},"content":{"rendered":"<h1><img loading=\"lazy\" decoding=\"async\" class=\"alignnone  wp-image-12239\" src=\"https:\/\/www.appyweb.es\/diccionario\/wp-content\/uploads\/2024\/03\/PHP-300x180.jpg\" alt=\"PHP\" width=\"973\" height=\"584\" srcset=\"https:\/\/www.appyweb.es\/diccionario\/wp-content\/uploads\/2024\/03\/PHP-300x180.jpg 300w, https:\/\/www.appyweb.es\/diccionario\/wp-content\/uploads\/2024\/03\/PHP-768x461.jpg 768w, https:\/\/www.appyweb.es\/diccionario\/wp-content\/uploads\/2024\/03\/PHP.jpg 1000w\" sizes=\"auto, (max-width: 973px) 100vw, 973px\" \/><\/h1>\n<p>Son las siglas en ingl\u00e9s para \u201cHypertext preprocessor\u201d, que describe un lenguaje de programaci\u00f3n muy popular a la hora de desarrollar aplicaciones web. Actualmente, <strong>PHP se utiliza con frecuencia como c\u00f3digo para interpretar y ejecutar datos<\/strong> en HTML.<\/p>\n<h2>\u00bfQu\u00e9 es PHP?<\/h2>\n<p>Es un lenguaje de programaci\u00f3n de c\u00f3digo abierto y gratuito, <a href=\"https:\/\/www.appyweb.es\/diseno-web\/\">se utiliza mayormente para el desarrollo web<\/a>, especialmente para generar p\u00e1ginas din\u00e1micas. Una de sus caracter\u00edsticas especiales es que est\u00e1 incrustado en HTML, puede trabajarse ambos c\u00f3digos a la vez sin ning\u00fan inconveniente.<\/p>\n<p>Tiene sus or\u00edgenes en 1994, en la creaci\u00f3n de un programa de <strong>generaci\u00f3n de im\u00e1genes por ordenador dise\u00f1ado por Rasmus Lerdorf<\/strong>. Sin embargo, al crearse en c\u00f3digo abierto y de forma gratuita, han sido mucho los programadores que han contribuido a su evoluci\u00f3n.<\/p>\n<p>Desde su site oficial puede descargarse este lenguaje de programaci\u00f3n sencillo de memorizar, de hecho, es recomendado para las personas que deseen iniciarse en el mundo de la programaci\u00f3n.<\/p>\n<h2>\u00bfPara qu\u00e9 sirve?<\/h2>\n<p>Se ejecuta desde el servidor del sitio y sirve para la facilitar su funcionamiento y programaci\u00f3n. Si se env\u00eda una petici\u00f3n al servidor sobre un sitio en PHP, este la encuentra y la env\u00eda al cliente en lenguaje HTML. Al enviar su respuesta en HTML, <strong>le hace compatible con todos los navegadores<\/strong>. Creando contenido din\u00e1mico en los site, adem\u00e1s es capaz de procesar formularios, enviar y recibir cookies y la creaci\u00f3n de im\u00e1genes a partir de datos.<\/p>\n<p>Es compatible con distintas bases de datos comunes como MySQL, entre otras. Incluye funciones de envi\u00f3 de e-mails y genera en el servidor im\u00e1genes en formato GIF, entre otras funciones presentes en la biblioteca de este lenguaje de programaci\u00f3n. Gracias a esta diversidad es uno de los <a href=\"https:\/\/www.appyweb.es\/desarrollo-app\/\">favoritos para el desarrollo de aplicaciones<\/a> y proyectos web en general.<\/p>\n<h2>Ventajas del PHP<\/h2>\n<p>Ser un lenguaje gratuito y de c\u00f3digo abierto es una de ellas, sin embargo, existen otras ventajas del PHP que vale la pena mencionar, entre ellas se encuentran las siguientes.<\/p>\n<ol>\n<li>Existen distintas <strong>frameworks dise\u00f1adas para programar en este c\u00f3digo<\/strong>, por lo que crear nuevos sitios ser\u00e1 m\u00e1s sencillo que iniciarlas desde cero.<\/li>\n<li>Es un lenguaje multiplataforma y de f\u00e1cil aprendizaje.<\/li>\n<li>Utiliza patrones de dise\u00f1o MVC.<\/li>\n<li>Contiene una amplia biblioteca de funciones propias, as\u00ed como mucha documentaci\u00f3n que facilita su uso por parte de los programadores.<\/li>\n<\/ol>\n<h2>\u00bfQu\u00e9 se necesita para programar en PHP?<\/h2>\n<p>Se necesitan 3 elementos b\u00e1sicos, un grupo de aplicaciones que se puede instalar desde paquetes son los siguientes.<\/p>\n<ul>\n<li>Un servidor web Apache.<\/li>\n<li>Un int\u00e9rprete o un m\u00f3dulo de PHP.<\/li>\n<li>Servidor de base de datos, preferiblemente MySQL.<\/li>\n<\/ul>\n<p><script type=\"application\/ld+json\">{\"@context\":\"https:\/\/schema.org\",\"@type\":\"FAQPage\",\"mainEntity\":[ \n{\"@type\":\"Question\",\"name\":\"\ud83d\udccc \u00bfQu\u00e9 es PHP?\",\"acceptedAnswer\":{\"@type\":\"Answer\",\"text\":\"<\/p>\n<p>Es un lenguaje de programaci\u00f3n de c\u00f3digo abierto y gratuito, <a href='https:\/\/www.appyweb.es\/diseno-web\/'>se utiliza mayormente para el desarrollo web<\/a>, especialmente para generar p\u00e1ginas din\u00e1micas. Una de sus caracter\u00edsticas especiales es que est\u00e1 incrustado en HTML, puede trabajarse ambos c\u00f3digos a la vez sin ning\u00fan inconveniente.<\/p>\n<p>Tiene sus or\u00edgenes en 1994, en la creaci\u00f3n de un programa de <strong>generaci\u00f3n de im\u00e1genes por ordenador dise\u00f1ado por Rasmus Lerdorf<\/strong>. Sin embargo, al crearse en c\u00f3digo abierto y de forma gratuita, han sido mucho los programadores que han contribuido a su evoluci\u00f3n.<\/p>\n<p>Desde su site oficial puede descargarse este lenguaje de programaci\u00f3n sencillo de memorizar, de hecho, es recomendado para las personas que deseen iniciarse en el mundo de la programaci\u00f3n.<\/p>\n<p>\"}},\n{\"@type\":\"Question\",\"name\":\"\ud83d\udccc \u00bfPara qu\u00e9 sirve?\",\"acceptedAnswer\":{\"@type\":\"Answer\",\"text\":\"<\/p>\n<p>Se ejecuta desde el servidor del sitio y sirve para la facilitar su funcionamiento y programaci\u00f3n. Si se env\u00eda una petici\u00f3n al servidor sobre un sitio en PHP, este la encuentra y la env\u00eda al cliente en lenguaje HTML. Al enviar su respuesta en HTML, <strong>le hace compatible con todos los navegadores<\/strong>. Creando contenido din\u00e1mico en los site, adem\u00e1s es capaz de procesar formularios, enviar y recibir cookies y la creaci\u00f3n de im\u00e1genes a partir de datos.<\/p>\n<p>Es compatible con distintas bases de datos comunes como MySQL, entre otras. Incluye funciones de envi\u00f3 de e-mails y genera en el servidor im\u00e1genes en formato GIF, entre otras funciones presentes en la biblioteca de este lenguaje de programaci\u00f3n. Gracias a esta diversidad es uno de los <a href='https:\/\/www.appyweb.es\/desarrollo-app\/'>favoritos para el desarrollo de aplicaciones<\/a> y proyectos web en general.<\/p>\n<p>\"}},\n{\"@type\":\"Question\",\"name\":\"\ud83d\udccc Ventajas del PHP\",\"acceptedAnswer\":{\"@type\":\"Answer\",\"text\":\"<\/p>\n<p>Ser un lenguaje gratuito y de c\u00f3digo abierto es una de ellas, sin embargo, existen otras ventajas del PHP que vale la pena mencionar, entre ellas se encuentran las siguientes.<\/p>\n<\/p>\n<ol>\n<\/p>\n<li>Existen distintas <strong>frameworks dise\u00f1adas para programar en este c\u00f3digo<\/strong>, por lo que crear nuevos sitios ser\u00e1 m\u00e1s sencillo que iniciarlas desde cero.<\/li>\n<\/p>\n<\/p>\n<\/p>\n<li>Es un lenguaje multiplataforma y de f\u00e1cil aprendizaje.<\/li>\n<\/p>\n<\/p>\n<\/p>\n<li>Utiliza patrones de dise\u00f1o MVC.<\/li>\n<\/p>\n<\/p>\n<\/p>\n<li>Contiene una amplia biblioteca de funciones propias, as\u00ed como mucha documentaci\u00f3n que facilita su uso por parte de los programadores.<\/li>\n<\/p>\n<\/p>\n<\/ol>\n<\/p>\n<\/p>\n<p>\"}},\n{\"@type\":\"Question\",\"name\":\"\ud83d\udccc \u00bfQu\u00e9 se necesita para programar en PHP?\",\"acceptedAnswer\":{\"@type\":\"Answer\",\"text\":\"<\/p>\n<p>Se necesitan 3 elementos b\u00e1sicos, un grupo de aplicaciones que se puede instalar desde paquetes son los siguientes.<\/p>\n<\/p>\n<ul>\n<\/p>\n<li>Un servidor web Apache.<\/li>\n<\/p>\n<\/p>\n<\/p>\n<li>Un int\u00e9rprete o un m\u00f3dulo de PHP.<\/li>\n<\/p>\n<\/p>\n<\/p>\n<li>Servidor de base de datos, preferiblemente MySQL.<\/li>\n<\/p>\n<\/p>\n<\/ul>\n<\/p>\n<\/p>\n<p>\"}}\n]}<\/script><\/p>\n<h2>M\u00e1s informaci\u00f3n sobre PHP<\/h2>\n<p>Al ser uno de los lenguajes de programaci\u00f3n m\u00e1s f\u00e1ciles de utilizar, puede ser que llame tu atenci\u00f3n para empezar a desarrollar tu plataforma. Mira los siguientes enlaces para tener m\u00e1s informaci\u00f3n.<\/p>\n<ul>\n<li><a href=\"https:\/\/www.appyweb.es\/diccionario\/mysql\/\">\u00bfQu\u00e9 es el MySQL y para qu\u00e9 sirve?<\/a><\/li>\n<li><a href=\"https:\/\/es.wikipedia.org\/wiki\/PHP#Caracter%C3%ADsticas\" rel=\"nofollow noopener\" target=\"_blank\">Caracter\u00edsticas sobre PHP<\/a><\/li>\n<\/ul>\n<p>&nbsp;<\/p>\n","protected":false},"excerpt":{"rendered":"<p>Son las siglas en ingl\u00e9s para \u201cHypertext preprocessor\u201d, que describe un lenguaje de programaci\u00f3n muy popular a la hora de desarrollar aplicaciones web. Actualmente, PHP se utiliza con frecuencia como c\u00f3digo para interpretar y ejecutar datos en HTML. \u00bfQu\u00e9 es PHP? Es un lenguaje de programaci\u00f3n de c\u00f3digo abierto y gratuito, se utiliza mayormente para [&hellip;]<\/p>\n","protected":false},"author":1,"featured_media":12239,"parent":0,"menu_order":0,"comment_status":"open","ping_status":"closed","template":"","meta":{"inline_featured_image":false,"footnotes":""},"class_list":["post-3392","page","type-page","status-publish","has-post-thumbnail","hentry"],"_links":{"self":[{"href":"https:\/\/www.appyweb.es\/diccionario\/wp-json\/wp\/v2\/pages\/3392","targetHints":{"allow":["GET"]}}],"collection":[{"href":"https:\/\/www.appyweb.es\/diccionario\/wp-json\/wp\/v2\/pages"}],"about":[{"href":"https:\/\/www.appyweb.es\/diccionario\/wp-json\/wp\/v2\/types\/page"}],"author":[{"embeddable":true,"href":"https:\/\/www.appyweb.es\/diccionario\/wp-json\/wp\/v2\/users\/1"}],"replies":[{"embeddable":true,"href":"https:\/\/www.appyweb.es\/diccionario\/wp-json\/wp\/v2\/comments?post=3392"}],"version-history":[{"count":5,"href":"https:\/\/www.appyweb.es\/diccionario\/wp-json\/wp\/v2\/pages\/3392\/revisions"}],"predecessor-version":[{"id":12241,"href":"https:\/\/www.appyweb.es\/diccionario\/wp-json\/wp\/v2\/pages\/3392\/revisions\/12241"}],"wp:featuredmedia":[{"embeddable":true,"href":"https:\/\/www.appyweb.es\/diccionario\/wp-json\/wp\/v2\/media\/12239"}],"wp:attachment":[{"href":"https:\/\/www.appyweb.es\/diccionario\/wp-json\/wp\/v2\/media?parent=3392"}],"curies":[{"name":"wp","href":"https:\/\/api.w.org\/{rel}","templated":true}]}}