{"id":3401,"date":"2023-06-22T15:27:09","date_gmt":"2023-06-22T15:27:09","guid":{"rendered":"https:\/\/www.appyweb.es\/diccionario\/?post_type=project&#038;p=3401"},"modified":"2024-03-22T09:42:46","modified_gmt":"2024-03-22T09:42:46","slug":"plan-de-seo","status":"publish","type":"page","link":"https:\/\/www.appyweb.es\/diccionario\/plan-de-seo\/","title":{"rendered":"Plan de SEO"},"content":{"rendered":"<h1><img loading=\"lazy\" decoding=\"async\" class=\"alignnone  wp-image-12254\" src=\"https:\/\/www.appyweb.es\/diccionario\/wp-content\/uploads\/2024\/03\/plan-de-seo-300x180.jpg\" alt=\"Plan de SEO\" width=\"972\" height=\"583\" srcset=\"https:\/\/www.appyweb.es\/diccionario\/wp-content\/uploads\/2024\/03\/plan-de-seo-300x180.jpg 300w, https:\/\/www.appyweb.es\/diccionario\/wp-content\/uploads\/2024\/03\/plan-de-seo-768x461.jpg 768w, https:\/\/www.appyweb.es\/diccionario\/wp-content\/uploads\/2024\/03\/plan-de-seo.jpg 1000w\" sizes=\"auto, (max-width: 972px) 100vw, 972px\" \/><\/h1>\n<p>Se trata de la coordinaci\u00f3n de una serie de estrategias que involucran la optimizaci\u00f3n para motores de b\u00fasqueda. Un <strong>plan de SEO explica detalladamente todas esas t\u00e9cnicas<\/strong> y cu\u00e1les son los objetivos a alcanzar.<\/p>\n<h2>\u00bfQu\u00e9 es un plan de SEO?<\/h2>\n<p>Es un t\u00e9rmino que se utiliza para hacer referencia al esquema que utilizan los especialistas en posicionamiento, para establecer los pasos y las estrategias que <a href=\"https:\/\/www.appyweb.es\/posicionamiento-web\/\">servir\u00e1n para mejorar el posicionamiento web<\/a> de un sitio. El <strong>plan de SEO es un documento donde se visualizar\u00e1n los objetivos<\/strong>, los pasos a detalle, los recursos y los canales autorizados para estrategia.<\/p>\n<p>Para determinarlo es importante tener en cuenta la realidad de la empresa, es decir, cu\u00e1l es su posicionamiento actual en buscadores y cu\u00e1les son sus objetivos como marca. De esta forma, es m\u00e1s f\u00e1cil establecer la prioridad de las t\u00e9cnicas para optimizar el marketing digital directo al cliente.<\/p>\n<h2>\u00bfPara qu\u00e9 sirve un plan de SEO?<\/h2>\n<p>Cuando un especialista en este campo decide implementar un plan de posicionamiento es para seguir una meta en com\u00fan, la mayor\u00eda de estas se establecen <a href=\"https:\/\/www.appyweb.es\/auditoria-seo\/\">a partir de una auditor\u00eda SEO<\/a>, que permite conocer <strong>cu\u00e1les son los puntos fuertes y d\u00e9biles de la marca en los motores de b\u00fasqueda<\/strong>, desde all\u00ed se pueden coordinar las t\u00e9cnicas m\u00e1s efectivas.<\/p>\n<p>Pero tambi\u00e9n es una especie de gu\u00eda que pueden utilizar los expertos para evitar implementar estrategias que estar\u00edan de m\u00e1s, o que simplemente no se ajustan a los escenarios donde la empresa se quiere destacar. Es un excelente recurso para los profesionales, Especialmente los que suelen trabajar con muchos clientes a la vez.<\/p>\n<h2>C\u00f3mo crear un plan de SEO<\/h2>\n<p>Antes de hacer un an\u00e1lisis de los pros y contras de la empresa frente al buscador, es importante tener en cuenta unos pasos previos y son los siguientes.<\/p>\n<ol>\n<li>Se debe establecer un perfil de buyer persona de acuerdo al negocio y al mercado al que se orienta.<\/li>\n<li>Seguidamente, se debe identificar las palabras clave, es decir, esas que <strong>se emplean en las estrategias para mejorar el posicionamiento<\/strong>.<\/li>\n<li>Lo siguiente es analizar a la competencia, como las palabras clave que est\u00e1 utilizando y las estrategias m\u00e1s efectivas para su difusi\u00f3n.<\/li>\n<li>El siguiente paso es implementar los cambios t\u00e9cnicos necesarios para mejorar la indexaci\u00f3n frente al algoritmo de Google.<\/li>\n<li>Igualmente, se deben eliminar errores como los enlaces rotos.<\/li>\n<li>Y finalmente, se debe crear una estrategia de contenidos de calidad para fortalecer la imagen del dominio en buscadores.<\/li>\n<\/ol>\n<h2>Ejemplos de plan de SEO<\/h2>\n<p>En Internet se pueden conseguir varias alternativas y plantillas para <strong>crear estrategias de posicionamiento a partir de una base ya estructurada<\/strong>. La mayor\u00eda de estos documentos suele ser tablas de Excel, all\u00ed explican el objetivo de las acciones a realizar, los meses o el tiempo que dura la estrategia, entre otros datos.<\/p>\n<p>Tambi\u00e9n es importante ajustar estas estrategias con otras que sean importantes para la marca, como puede ser el inbound marketing, que consiste en la implementaci\u00f3n de contenido de valor, no s\u00f3lo para posicionar sino tambi\u00e9n para atraer m\u00e1s y mejores clientes.<\/p>\n<p>A continuaci\u00f3n, se puede ver una imagen de c\u00f3mo es un plan de SEO b\u00e1sico para trabajar en la visibilidad en los resultados de b\u00fasqueda.<\/p>\n<p><script type=\"application\/ld+json\">{\"@context\":\"https:\/\/schema.org\",\"@type\":\"FAQPage\",\"mainEntity\":[ \n{\"@type\":\"Question\",\"name\":\"\ud83d\udccc \u00bfQu\u00e9 es un plan de SEO?\",\"acceptedAnswer\":{\"@type\":\"Answer\",\"text\":\"<\/p>\n<p>Es un t\u00e9rmino que se utiliza para hacer referencia al esquema que utilizan los especialistas en posicionamiento, para establecer los pasos y las estrategias que <a href='https:\/\/www.appyweb.es\/posicionamiento-web\/'>servir\u00e1n para mejorar el posicionamiento web<\/a> de un sitio. El <strong>plan de SEO es un documento donde se visualizar\u00e1n los objetivos<\/strong>, los pasos a detalle, los recursos y los canales autorizados para estrategia.<\/p>\n<p>Para determinarlo es importante tener en cuenta la realidad de la empresa, es decir, cu\u00e1l es su posicionamiento actual en buscadores y cu\u00e1les son sus objetivos como marca. De esta forma, es m\u00e1s f\u00e1cil establecer la prioridad de las t\u00e9cnicas para optimizar el marketing digital directo al cliente.<\/p>\n<p>\"}},\n{\"@type\":\"Question\",\"name\":\"\ud83d\udccc \u00bfPara qu\u00e9 sirve un plan de SEO?\",\"acceptedAnswer\":{\"@type\":\"Answer\",\"text\":\"<\/p>\n<p>Cuando un especialista en este campo decide implementar un plan de posicionamiento es para seguir una meta en com\u00fan, la mayor\u00eda de estas se establecen <a href='https:\/\/www.appyweb.es\/auditoria-seo\/'>a partir de una auditor\u00eda SEO<\/a>, que permite conocer <strong>cu\u00e1les son los puntos fuertes y d\u00e9biles de la marca en los motores de b\u00fasqueda<\/strong>, desde all\u00ed se pueden coordinar las t\u00e9cnicas m\u00e1s efectivas.<\/p>\n<p>Pero tambi\u00e9n es una especie de gu\u00eda que pueden utilizar los expertos para evitar implementar estrategias que estar\u00edan de m\u00e1s, o que simplemente no se ajustan a los escenarios donde la empresa se quiere destacar. Es un excelente recurso para los profesionales, Especialmente los que suelen trabajar con muchos clientes a la vez. <\/p>\n<p>\"}},\n{\"@type\":\"Question\",\"name\":\"\ud83d\udccc C\u00f3mo crear un plan de SEO\",\"acceptedAnswer\":{\"@type\":\"Answer\",\"text\":\"<\/p>\n<p>Antes de hacer un an\u00e1lisis de los pros y contras de la empresa frente al buscador, es importante tener en cuenta unos pasos previos y son los siguientes.<\/p>\n<\/p>\n<ol>\n<\/p>\n<li>Se debe establecer un perfil de buyer persona de acuerdo al negocio y al mercado al que se orienta.<\/li>\n<\/p>\n<\/p>\n<\/p>\n<li>Seguidamente, se debe identificar las palabras clave, es decir, esas que <strong>se emplean en las estrategias para mejorar el posicionamiento<\/strong>.<\/li>\n<\/p>\n<\/p>\n<\/p>\n<li>Lo siguiente es analizar a la competencia, como las palabras clave que est\u00e1 utilizando y las estrategias m\u00e1s efectivas para su difusi\u00f3n.<\/li>\n<\/p>\n<\/p>\n<\/p>\n<li>El siguiente paso es implementar los cambios t\u00e9cnicos necesarios para mejorar la indexaci\u00f3n frente al algoritmo de Google.<\/li>\n<\/p>\n<\/p>\n<\/p>\n<li>Igualmente, se deben eliminar errores como los enlaces rotos.<\/li>\n<\/p>\n<\/p>\n<\/p>\n<li>Y finalmente, se debe crear una estrategia de contenidos de calidad para fortalecer la imagen del dominio en buscadores.<\/li>\n<\/p>\n<\/p>\n<\/ol>\n<\/p>\n<\/p>\n<p>\"}},\n{\"@type\":\"Question\",\"name\":\"\ud83d\udccc Ejemplos de plan de SEO\",\"acceptedAnswer\":{\"@type\":\"Answer\",\"text\":\"<\/p>\n<p>En Internet se pueden conseguir varias alternativas y plantillas para <strong>crear estrategias de posicionamiento a partir de una base ya estructurada<\/strong>. La mayor\u00eda de estos documentos suele ser tablas de Excel, all\u00ed explican el objetivo de las acciones a realizar, los meses o el tiempo que dura la estrategia, entre otros datos.<\/p>\n<p>Tambi\u00e9n es importante ajustar estas estrategias con otras que sean importantes para la marca, como puede ser el inbound marketing, que consiste en la implementaci\u00f3n de contenido de valor, no s\u00f3lo para posicionar sino tambi\u00e9n para atraer m\u00e1s y mejores clientes.<\/p>\n<p>A continuaci\u00f3n, se puede ver una imagen de c\u00f3mo es un plan de SEO b\u00e1sico para trabajar en la visibilidad en los resultados de b\u00fasqueda.<\/p>\n<p>\"}}\n]}<\/script><\/p>\n<h2>M\u00e1s informaci\u00f3n sobre plan de SEO<\/h2>\n<p>Las estrategias de posicionamiento engloban muchas t\u00e9cnicas, que no solo deben ser analizadas antes durante y despu\u00e9s de implementarse, para encontrar las mejores <strong>alternativas que sean m\u00e1s duraderas y efectivas para posicionar o atraer m\u00e1s tr\u00e1fico<\/strong>. Mira m\u00e1s informaci\u00f3n al respecto en los siguientes enlaces.<\/p>\n<ul>\n<li><a href=\"https:\/\/www.appyweb.es\/diccionario\/auditor-seo\/\">\u00bfQu\u00e9 es el Auditor SEO y para qu\u00e9 sirve?<\/a><\/li>\n<li><a href=\"https:\/\/www.marketingdirecto.com\/marketing-general\/eventos-y-formacion\/elaborar-plan-contenidos-seo-alternativa-publicidad-pago\" rel=\"nofollow noopener\" target=\"_blank\">\u00bfPor qu\u00e9 elaborar un plan de contenidos SEO?<\/a><\/li>\n<\/ul>\n<p>&nbsp;<\/p>\n","protected":false},"excerpt":{"rendered":"<p>Se trata de la coordinaci\u00f3n de una serie de estrategias que involucran la optimizaci\u00f3n para motores de b\u00fasqueda. Un plan de SEO explica detalladamente todas esas t\u00e9cnicas y cu\u00e1les son los objetivos a alcanzar. \u00bfQu\u00e9 es un plan de SEO? Es un t\u00e9rmino que se utiliza para hacer referencia al esquema que utilizan los especialistas [&hellip;]<\/p>\n","protected":false},"author":1,"featured_media":12254,"parent":0,"menu_order":0,"comment_status":"open","ping_status":"closed","template":"","meta":{"inline_featured_image":false,"footnotes":""},"class_list":["post-3401","page","type-page","status-publish","has-post-thumbnail","hentry"],"_links":{"self":[{"href":"https:\/\/www.appyweb.es\/diccionario\/wp-json\/wp\/v2\/pages\/3401","targetHints":{"allow":["GET"]}}],"collection":[{"href":"https:\/\/www.appyweb.es\/diccionario\/wp-json\/wp\/v2\/pages"}],"about":[{"href":"https:\/\/www.appyweb.es\/diccionario\/wp-json\/wp\/v2\/types\/page"}],"author":[{"embeddable":true,"href":"https:\/\/www.appyweb.es\/diccionario\/wp-json\/wp\/v2\/users\/1"}],"replies":[{"embeddable":true,"href":"https:\/\/www.appyweb.es\/diccionario\/wp-json\/wp\/v2\/comments?post=3401"}],"version-history":[{"count":5,"href":"https:\/\/www.appyweb.es\/diccionario\/wp-json\/wp\/v2\/pages\/3401\/revisions"}],"predecessor-version":[{"id":12258,"href":"https:\/\/www.appyweb.es\/diccionario\/wp-json\/wp\/v2\/pages\/3401\/revisions\/12258"}],"wp:featuredmedia":[{"embeddable":true,"href":"https:\/\/www.appyweb.es\/diccionario\/wp-json\/wp\/v2\/media\/12254"}],"wp:attachment":[{"href":"https:\/\/www.appyweb.es\/diccionario\/wp-json\/wp\/v2\/media?parent=3401"}],"curies":[{"name":"wp","href":"https:\/\/api.w.org\/{rel}","templated":true}]}}