{"id":3409,"date":"2023-06-22T15:31:04","date_gmt":"2023-06-22T15:31:04","guid":{"rendered":"https:\/\/www.appyweb.es\/diccionario\/?post_type=project&#038;p=3409"},"modified":"2023-09-04T09:51:21","modified_gmt":"2023-09-04T09:51:21","slug":"plugin","status":"publish","type":"page","link":"https:\/\/www.appyweb.es\/diccionario\/plugin\/","title":{"rendered":"Plugin"},"content":{"rendered":"<p>&nbsp;<\/p>\n<h1><\/h1>\n<p>Se trata de una aplicaci\u00f3n que suele a\u00f1adirle nuevas funcionalidades a otros programas, <strong>un plugin se relaciona con frecuencia con los navegadores<\/strong>, permiten interactuar con otras aplicaciones y ofrecer funciones adicionales muy \u00fatiles.<\/p>\n<h2>\u00bfQu\u00e9 es un plugin?<\/h2>\n<p>Es un elemento de c\u00f3digo que fue <strong>creado para incrementar las funcionalidades de un determinado programa<\/strong>. Por ejemplo, los expertos en posicionamiento utilizan plugins <a href=\"https:\/\/www.appyweb.es\/auditoria-seo\/\">para analizar el SEO<\/a> o el nivel de relevancia de dominio, sin tener que salir de la p\u00e1gina, con solo hacer clic en un bot\u00f3n en la barra de herramientas del navegador.<\/p>\n<p>Estos elementos cuentan con una gran variedad y sus funcionalidades pueden diferir mucho entre ellos, todo depender\u00e1 del programa para el que fueron construidos. Con estas herramientas es posible extender las posibilidades que ofrece una plataforma, bien sea para beneficiar a los usuarios o a los propietarios de un sitio web o aplicaci\u00f3n.<\/p>\n<h2>\u00bfPara qu\u00e9 sirve un plugin?<\/h2>\n<p>Su funci\u00f3n principal radica en permitir que los desarrolladores externos <strong>puedan trabajar en una aplicaci\u00f3n extendiendo sus funciones<\/strong>. Al mismo tiempo es una <a href=\"https:\/\/www.appyweb.es\/diseno-web\/\">gran ventaja para los dise\u00f1adores web<\/a>, ya que permite reducir el tama\u00f1o de la aplicaci\u00f3n o de la plataforma. Para algunos expertos tambi\u00e9n es beneficioso que se puede comparar la aplicaci\u00f3n del c\u00f3digo fuente para evitar incompatibilidad con el software.<\/p>\n<p>Otra de sus funcionalidades es la <strong>capacidad de crear interfaces de programaci\u00f3n de aplicaciones<\/strong>, mejor conocidas como API, esto permite crear complementos que funcionen como la versi\u00f3n original de un programa y que incluso pueden extender la vida \u00fatil de una aplicaci\u00f3n que ya se consideraba obsoleta.<\/p>\n<h2>Tipos de aplicaciones d\u00f3nde se utilizan plugins<\/h2>\n<ul>\n<li><strong>Navegadores<\/strong>: Como se mencion\u00f3 anteriormente, estos complementos suelen estar muy relacionados con los navegadores, estos ampl\u00edan las funciones de los sitios web que permiten ver v\u00eddeos y contenidos interactivos. <strong>Uno de los m\u00e1s populares en este sentido es Adobe Flash Player<\/strong> para cargar animaciones y ver v\u00eddeos.<\/li>\n<li><strong>Sistemas de gesti\u00f3n de contenidos<\/strong>: Uno de los m\u00e1s populares complementos son los de WordPress, estos pueden cambiar las apariencias del dise\u00f1o web, contenidos y a\u00f1adir cualquier elemento adicional.<\/li>\n<li><strong>Reproductores de audio<\/strong>: Son utilizados para a\u00f1adir complementos que permiten reproducir formatos que no pueden ser soportados en las aplicaciones de forma original.<\/li>\n<\/ul>\n<h2>Ejemplos de plugins<\/h2>\n<p>Existen una gran cantidad de plugins en el mercado, incluso algunos navegadores cuentan con una tienda virtual para conseguir los m\u00e1s \u00fatiles para los usuarios. Por ejemplo, el navegador de Google cuenta con su tienda Chrome Extensions. Pero, un ejemplo espec\u00edfico de lo que es un complemento relacionado con el marketing digital, es el an\u00e1lisis de Domain Authority y Page Authority.<\/p>\n<p>Es <strong>una extensi\u00f3n desarrollada por Moz<\/strong>, los creadores de dicha m\u00e9tricas de SEO, permite visualizar la relevancia de un dominio y de sus enlaces con s\u00f3lo hacer clic en el bot\u00f3n insertado en el navegador. Con esto, se analiza esta parte t\u00e9cnica sin tener que salir del sitio web o abrir otras plataformas.<\/p>\n<p><script type=\"application\/ld+json\">{\"@context\":\"https:\/\/schema.org\",\"@type\":\"FAQPage\",\"mainEntity\":[ \n{\"@type\":\"Question\",\"name\":\"\ud83d\udccc \u00bfQu\u00e9 es un plugin?\",\"acceptedAnswer\":{\"@type\":\"Answer\",\"text\":\"<\/p>\n<p>Es un elemento de c\u00f3digo que fue <strong>creado para incrementar las funcionalidades de un determinado programa<\/strong>. Por ejemplo, los expertos en posicionamiento utilizan plugins <a href='https:\/\/www.appyweb.es\/auditoria-seo\/'>para analizar el SEO<\/a> o el nivel de relevancia de dominio, sin tener que salir de la p\u00e1gina, con solo hacer clic en un bot\u00f3n en la barra de herramientas del navegador.<\/p>\n<p>Estos elementos cuentan con una gran variedad y sus funcionalidades pueden diferir mucho entre ellos, todo depender\u00e1 del programa para el que fueron construidos. Con estas herramientas es posible extender las posibilidades que ofrece una plataforma, bien sea para beneficiar a los usuarios o a los propietarios de un sitio web o aplicaci\u00f3n.<\/p>\n<p>\"}},\n{\"@type\":\"Question\",\"name\":\"\ud83d\udccc \u00bfPara qu\u00e9 sirve un plugin?\",\"acceptedAnswer\":{\"@type\":\"Answer\",\"text\":\"<\/p>\n<p>Su funci\u00f3n principal radica en permitir que los desarrolladores externos <strong>puedan trabajar en una aplicaci\u00f3n extendiendo sus funciones<\/strong>. Al mismo tiempo es una <a href='https:\/\/www.appyweb.es\/diseno-web\/'>gran ventaja para los dise\u00f1adores web<\/a>, ya que permite reducir el tama\u00f1o de la aplicaci\u00f3n o de la plataforma. Para algunos expertos tambi\u00e9n es beneficioso que se puede comparar la aplicaci\u00f3n del c\u00f3digo fuente para evitar incompatibilidad con el software.<\/p>\n<p>Otra de sus funcionalidades es la <strong>capacidad de crear interfaces de programaci\u00f3n de aplicaciones<\/strong>, mejor conocidas como API, esto permite crear complementos que funcionen como la versi\u00f3n original de un programa y que incluso pueden extender la vida \u00fatil de una aplicaci\u00f3n que ya se consideraba obsoleta.<\/p>\n<p>\"}},\n{\"@type\":\"Question\",\"name\":\"\ud83d\udccc Tipos de aplicaciones d\u00f3nde se utilizan plugins\",\"acceptedAnswer\":{\"@type\":\"Answer\",\"text\":\"<\/p>\n<ul>\n<li><strong>Navegadores<\/strong>: Como se mencion\u00f3 anteriormente, estos complementos suelen estar muy relacionados con los navegadores, estos ampl\u00edan las funciones de los sitios web que permiten ver v\u00eddeos y contenidos interactivos. <strong>Uno de los m\u00e1s populares en este sentido es Adobe Flash Player<\/strong> para cargar animaciones y ver v\u00eddeos.<\/li>\n<\/p>\n<li><strong>Sistemas de gesti\u00f3n de contenidos<\/strong>: Uno de los m\u00e1s populares complementos son los de WordPress, estos pueden cambiar las apariencias del dise\u00f1o web, contenidos y a\u00f1adir cualquier elemento adicional.<\/li>\n<\/p>\n<li><strong>Reproductores de audio<\/strong>: Son utilizados para a\u00f1adir complementos que permiten reproducir formatos que no pueden ser soportados en las aplicaciones de forma original.<\/li>\n<\/p>\n<\/ul>\n<\/p>\n<p>\"}},\n{\"@type\":\"Question\",\"name\":\"\ud83d\udccc Ejemplos de plugins\",\"acceptedAnswer\":{\"@type\":\"Answer\",\"text\":\"<\/p>\n<p>Existen una gran cantidad de plugins en el mercado, incluso algunos navegadores cuentan con una tienda virtual para conseguir los m\u00e1s \u00fatiles para los usuarios. Por ejemplo, el navegador de Google  cuenta con su tienda Chrome Extensions. Pero, un ejemplo espec\u00edfico de lo que es un complemento relacionado con el marketing digital, es el an\u00e1lisis de Domain Authority y Page Authority.<\/p>\n<p>Es <strong>una extensi\u00f3n desarrollada por Moz<\/strong>, los creadores de dicha m\u00e9tricas de SEO, permite visualizar la relevancia de un dominio y de sus enlaces con s\u00f3lo hacer clic en el bot\u00f3n insertado en el navegador. Con esto, se analiza esta parte t\u00e9cnica sin tener que salir del sitio web o abrir otras plataformas.<\/p>\n<p>\"}}\n]}<\/script><\/p>\n<h2>M\u00e1s informaci\u00f3n sobre plugin<\/h2>\n<p>Algunos de estos elementos se pueden conseguir de forma totalmente gratuita, sin embargo, algunos desarrolladores ponen algunas condiciones, como puede ser un pago mensual o colaboraciones. Mira los siguientes enlaces para aprender m\u00e1s al respecto.<\/p>\n<ul>\n<li><a href=\"https:\/\/www.appyweb.es\/plugins-acelerar-tiempo-carga-pagina-web-wordpress\/\">[11 plugins] de WordPress para acelerar el tiempo de carga<\/a><\/li>\n<li><a href=\"https:\/\/www.adslzone.net\/como-se-hace\/photoshop\/instalar-plugin\/\" rel=\"nofollow noopener\" target=\"_blank\">C\u00f3mo instalar un plugin en Photoshop y para qu\u00e9 sirve<\/a><\/li>\n<\/ul>\n<p>&nbsp;<\/p>\n","protected":false},"excerpt":{"rendered":"<p>&nbsp; Se trata de una aplicaci\u00f3n que suele a\u00f1adirle nuevas funcionalidades a otros programas, un plugin se relaciona con frecuencia con los navegadores, permiten interactuar con otras aplicaciones y ofrecer funciones adicionales muy \u00fatiles. \u00bfQu\u00e9 es un plugin? Es un elemento de c\u00f3digo que fue creado para incrementar las funcionalidades de un determinado programa. Por [&hellip;]<\/p>\n","protected":false},"author":1,"featured_media":0,"parent":0,"menu_order":0,"comment_status":"open","ping_status":"closed","template":"","meta":{"inline_featured_image":false,"footnotes":""},"class_list":["post-3409","page","type-page","status-publish","hentry"],"_links":{"self":[{"href":"https:\/\/www.appyweb.es\/diccionario\/wp-json\/wp\/v2\/pages\/3409","targetHints":{"allow":["GET"]}}],"collection":[{"href":"https:\/\/www.appyweb.es\/diccionario\/wp-json\/wp\/v2\/pages"}],"about":[{"href":"https:\/\/www.appyweb.es\/diccionario\/wp-json\/wp\/v2\/types\/page"}],"author":[{"embeddable":true,"href":"https:\/\/www.appyweb.es\/diccionario\/wp-json\/wp\/v2\/users\/1"}],"replies":[{"embeddable":true,"href":"https:\/\/www.appyweb.es\/diccionario\/wp-json\/wp\/v2\/comments?post=3409"}],"version-history":[{"count":5,"href":"https:\/\/www.appyweb.es\/diccionario\/wp-json\/wp\/v2\/pages\/3409\/revisions"}],"predecessor-version":[{"id":12272,"href":"https:\/\/www.appyweb.es\/diccionario\/wp-json\/wp\/v2\/pages\/3409\/revisions\/12272"}],"wp:attachment":[{"href":"https:\/\/www.appyweb.es\/diccionario\/wp-json\/wp\/v2\/media?parent=3409"}],"curies":[{"name":"wp","href":"https:\/\/api.w.org\/{rel}","templated":true}]}}