{"id":3427,"date":"2023-06-22T15:36:41","date_gmt":"2023-06-22T15:36:41","guid":{"rendered":"https:\/\/www.appyweb.es\/diccionario\/?post_type=project&#038;p=3427"},"modified":"2024-03-22T11:22:13","modified_gmt":"2024-03-22T11:22:13","slug":"pop-up","status":"publish","type":"page","link":"https:\/\/www.appyweb.es\/diccionario\/pop-up\/","title":{"rendered":"Pop-up"},"content":{"rendered":"<h1><img loading=\"lazy\" decoding=\"async\" class=\"alignnone  wp-image-12290\" src=\"https:\/\/www.appyweb.es\/diccionario\/wp-content\/uploads\/2024\/03\/pop-up-300x180.jpg\" alt=\"Pop-Up\" width=\"972\" height=\"583\" srcset=\"https:\/\/www.appyweb.es\/diccionario\/wp-content\/uploads\/2024\/03\/pop-up-300x180.jpg 300w, https:\/\/www.appyweb.es\/diccionario\/wp-content\/uploads\/2024\/03\/pop-up-768x461.jpg 768w, https:\/\/www.appyweb.es\/diccionario\/wp-content\/uploads\/2024\/03\/pop-up.jpg 1000w\" sizes=\"auto, (max-width: 972px) 100vw, 972px\" \/><\/h1>\n<p>Conocida en espa\u00f1ol como <em>ventana emergente<\/em>, un pop-up es un elemento que aparece de forma autom\u00e1tica en la pantalla del navegador, en ocasiones, superpuestas en una p\u00e1gina web. <strong>La funci\u00f3n principal del pop-up es ofrecer publicidad<\/strong>, un formulario de suscripci\u00f3n, entre otras opciones.<\/p>\n<h2>\u00bfQu\u00e9 es un pop-up?<\/h2>\n<p>Se trata de un elemento de marketing directo que aparece cuando el usuario pasar el cursor sobre una zona activa, es una pantalla que aparece de forma autom\u00e1tica y muchas veces antes de que el usuario decida cerrar la ventana de un sitio web. En ocasiones, <strong>el pop up est\u00e1 relacionado con publicidad sobre el mismo sitio web<\/strong>, pero tambi\u00e9n puede variar.<\/p>\n<p>A diferencia de las <a href=\"https:\/\/www.appyweb.es\/marketing-de-atraccion\/\">estrategias de marketing de atracci\u00f3n<\/a>, estos anuncios emergentes son considerados como invasivos. La publicidad invasiva es negativa tanto para el usuario como para el posicionamiento del sitio web, en primer lugar, interrumpe la navegaci\u00f3n del visitante y en segundo lugar, le da una alerta de spam a los indexadores de Google.<\/p>\n<h2>\u00bfPara qu\u00e9 sirve el Pop-up?<\/h2>\n<p>El objetivo principal de las ventanas emergentes es <strong>mostrar una publicidad o un anuncio de forma intrusiva<\/strong> y sin existir una solicitud de por medio. Anteriormente, eran considerados una novedad en el marketing digital, pero con el paso del tiempo se empez\u00f3 a distinguir como spam, sobre todo cuando se lleva a cabo de forma frecuente en un sitio web. Es por eso que Google suele penalizar a los sitios web que los utilizan de forma exagerada.<\/p>\n<p>Sin embargo, sigue siendo una herramienta \u00fatil para evitar rebotes por parte del usuario y garantizar que pasen a\u00fan m\u00e1s tiempo dentro de la p\u00e1gina, <strong>es por eso que se activan cuando el usuario quiere cerrar la ventana<\/strong> o salir de la p\u00e1gina.<\/p>\n<p>Es importante mencionar una variante de este elemento, conocido como pop-under, esto significa que la ventana no aparecer\u00e1 de frente en la pantalla, sino que se situar\u00e1 detr\u00e1s de la ventana que est\u00e1 viendo el usuario, de forma que cuando cierre la p\u00e1gina principal, estar\u00e1 a la vista.<\/p>\n<h2>Bloqueadores o anti pop-ups<\/h2>\n<p>Al principio de la d\u00e9cada del 2000 se gener\u00f3 una crisis de spam en Internet, de esta forma, se crearon muchos sistemas o programas que evitaban la aparici\u00f3n de anuncios espont\u00e1neos en los navegadores. A esto se le suma una funci\u00f3n <strong>conocida como bloqueadores de ventanas emergentes o anti pop-up<\/strong>. Incluso algunos sitios importantes empezar a <a href=\"https:\/\/www.appyweb.es\/diseno-web\/\">utilizarlos en su dise\u00f1o web<\/a> para garantizar una mejor experiencia al usuario, por ejemplo la plataforma MSN los bloqueaba de forma autom\u00e1tica.<\/p>\n<p>A partir del 2004, algunos navegadores empezaron a incorporar un sistema que evitaba la aparici\u00f3n de estos anuncios no solicitados. Para esto, utilizaron una programaci\u00f3n en HTML que indica que una ventana nueva s\u00f3lo debe abrirse a trav\u00e9s de un clic.<\/p>\n<h2>\u00bfC\u00f3mo dise\u00f1ar un pop-up?<\/h2>\n<p>No tiene un dise\u00f1o similar a una landing page, pero si debe contener algunos elementos que sean f\u00e1ciles de identificar para cualquier posible comprador. Una de las mejores estrategias es mostrar un c\u00f3digo de descuento que se pueda escanear a trav\u00e9s del c\u00f3digo QR. Algunas de <strong>las mejores recomendaciones para dise\u00f1ar un pop-up efectivo<\/strong> son las siguientes.<\/p>\n<ul>\n<li>Es importante que el contenido sea corto conciso y f\u00e1cil de entender, ya que los textos largos suelen ser ignorados.<\/li>\n<li>Se deben utilizar im\u00e1genes que se complementen con la informaci\u00f3n y la llamada a la acci\u00f3n deben ser muy atractivas.<\/li>\n<li>La se\u00f1al para cerrar el anuncio debe estar resaltada y de f\u00e1cil alcance para los usuarios.<\/li>\n<li>En la mayor\u00eda de los casos, s\u00f3lo ser\u00e1 necesaria una llamada a la acci\u00f3n y un enlace dentro de la ventana.<\/li>\n<\/ul>\n<p><script type=\"application\/ld+json\">{\"@context\":\"https:\/\/schema.org\",\"@type\":\"FAQPage\",\"mainEntity\":[ \n{\"@type\":\"Question\",\"name\":\"\ud83d\udccc \u00bfQu\u00e9 es un pop-up?\",\"acceptedAnswer\":{\"@type\":\"Answer\",\"text\":\"<\/p>\n<p>Se trata de un elemento de marketing directo que aparece cuando el usuario pasar el cursor sobre una zona activa, es una pantalla que aparece de forma autom\u00e1tica y muchas veces antes de que el usuario decida cerrar la ventana de un sitio web. En ocasiones, <strong>el pop up est\u00e1 relacionado con publicidad sobre el mismo sitio web<\/strong>, pero tambi\u00e9n puede variar. <\/p>\n<p>A diferencia de las <a href='https:\/\/www.appyweb.es\/marketing-de-atraccion\/'>estrategias de marketing de atracci\u00f3n<\/a>, estos anuncios emergentes son considerados como invasivos. La publicidad invasiva es negativa tanto para el usuario como para el posicionamiento del sitio web, en primer lugar, interrumpe la navegaci\u00f3n del visitante y en segundo lugar, le da una alerta de spam a los indexadores de Google.<\/p>\n<p>\"}},\n{\"@type\":\"Question\",\"name\":\"\ud83d\udccc \u00bfPara qu\u00e9 sirve el Pop-up?\",\"acceptedAnswer\":{\"@type\":\"Answer\",\"text\":\"<\/p>\n<p>El objetivo principal de las ventanas emergentes es <strong>mostrar una publicidad o un anuncio de forma intrusiva<\/strong> y sin existir una solicitud de por medio. Anteriormente, eran considerados una novedad en el marketing digital, pero con el paso del tiempo se empez\u00f3 a distinguir como spam, sobre todo cuando se lleva a cabo de forma frecuente en un sitio web. Es por eso que Google suele penalizar a los sitios web que los utilizan de forma exagerada.<\/p>\n<p>Sin embargo, sigue siendo una herramienta \u00fatil para evitar rebotes por parte del usuario y garantizar que pasen a\u00fan m\u00e1s tiempo dentro de la p\u00e1gina, <strong>es por eso que se activan cuando el usuario quiere cerrar la ventana<\/strong> o salir de la p\u00e1gina.<\/p>\n<p>Es importante mencionar una variante de este elemento, conocido como pop-under, esto significa que la ventana no aparecer\u00e1 de frente en la pantalla, sino que se situar\u00e1 detr\u00e1s de la ventana que est\u00e1 viendo el usuario, de forma que cuando cierre la p\u00e1gina principal, estar\u00e1 a la vista.<\/p>\n<p>\"}},\n{\"@type\":\"Question\",\"name\":\"\ud83d\udccc Bloqueadores o anti pop-ups\",\"acceptedAnswer\":{\"@type\":\"Answer\",\"text\":\"<\/p>\n<p>Al principio de la d\u00e9cada del 2000 se gener\u00f3 una crisis de spam en Internet, de esta forma, se crearon muchos sistemas o programas que evitaban la aparici\u00f3n de anuncios espont\u00e1neos en los navegadores. A esto se le suma una funci\u00f3n <strong>conocida como bloqueadores de ventanas emergentes o anti pop-up<\/strong>. Incluso algunos sitios importantes empezar a <a href='https:\/\/www.appyweb.es\/diseno-web\/'>utilizarlos en su dise\u00f1o web<\/a> para garantizar una mejor experiencia al usuario, por ejemplo la plataforma MSN los bloqueaba de forma autom\u00e1tica.<\/p>\n<p>A partir del 2004, algunos navegadores empezaron a incorporar un sistema que evitaba la aparici\u00f3n de estos anuncios no solicitados. Para esto, utilizaron una programaci\u00f3n en HTML que indica que una ventana nueva s\u00f3lo debe abrirse a trav\u00e9s de un clic.<\/p>\n<p>\"}},\n{\"@type\":\"Question\",\"name\":\"\ud83d\udccc \u00bfC\u00f3mo dise\u00f1ar un pop-up?\",\"acceptedAnswer\":{\"@type\":\"Answer\",\"text\":\"<\/p>\n<p>No tiene un dise\u00f1o similar a una landing page, pero si debe contener algunos elementos que sean f\u00e1ciles de identificar para cualquier posible comprador. Una de las mejores estrategias es mostrar un c\u00f3digo de descuento que se pueda escanear a trav\u00e9s del c\u00f3digo QR. Algunas de <strong>las mejores recomendaciones para dise\u00f1ar un pop-up efectivo<\/strong> son las siguientes.<\/p>\n<\/p>\n<ul>\n<\/p>\n<li>Es importante que el contenido sea corto conciso y f\u00e1cil de entender, ya que los textos largos suelen ser ignorados.<\/li>\n<\/p>\n<\/p>\n<\/p>\n<li>Se deben utilizar im\u00e1genes que se complementen con la informaci\u00f3n y la llamada a la acci\u00f3n deben ser muy atractivas.<\/li>\n<\/p>\n<\/p>\n<\/p>\n<li>La se\u00f1al para cerrar el anuncio debe estar resaltada y de f\u00e1cil alcance para los usuarios.<\/li>\n<\/p>\n<\/p>\n<\/p>\n<li>En la mayor\u00eda de los casos, s\u00f3lo ser\u00e1 necesaria una llamada a la acci\u00f3n y un enlace dentro de la ventana.<\/li>\n<\/p>\n<\/p>\n<\/ul>\n<\/p>\n<\/p>\n<p>\"}}\n]}<\/script><\/p>\n<h2>M\u00e1s informaci\u00f3n sobre pop-up<\/h2>\n<p>Si te vas utilizar este tipo de banner, para ampliar el tiempo que pasan los usuarios en tu sitio web, te interesa tener m\u00e1s informaci\u00f3n. Entra en los siguientes enlaces.<\/p>\n<ul>\n<li><a href=\"https:\/\/www.appyweb.es\/diccionario\/navegacion-privada\/\">\u00bfQu\u00e9 es la Navegaci\u00f3n Privada y para qu\u00e9 sirve?<\/a><\/li>\n<li><a href=\"https:\/\/www.itseller.cl\/2020\/11\/05\/la-magia-de-los-banners-pop-ups-promocion-suscripcion-video-y-whatsapp-desde-un-solo-lugar\/\" rel=\"nofollow noopener\" target=\"_blank\">La magia de los banners pop ups: promoci\u00f3n, suscripci\u00f3n video y WhatsApp desde un solo lugar<\/a><\/li>\n<\/ul>\n<p>&nbsp;<\/p>\n","protected":false},"excerpt":{"rendered":"<p>Conocida en espa\u00f1ol como ventana emergente, un pop-up es un elemento que aparece de forma autom\u00e1tica en la pantalla del navegador, en ocasiones, superpuestas en una p\u00e1gina web. La funci\u00f3n principal del pop-up es ofrecer publicidad, un formulario de suscripci\u00f3n, entre otras opciones. \u00bfQu\u00e9 es un pop-up? Se trata de un elemento de marketing directo [&hellip;]<\/p>\n","protected":false},"author":1,"featured_media":12290,"parent":0,"menu_order":0,"comment_status":"open","ping_status":"closed","template":"","meta":{"inline_featured_image":false,"footnotes":""},"class_list":["post-3427","page","type-page","status-publish","has-post-thumbnail","hentry"],"_links":{"self":[{"href":"https:\/\/www.appyweb.es\/diccionario\/wp-json\/wp\/v2\/pages\/3427","targetHints":{"allow":["GET"]}}],"collection":[{"href":"https:\/\/www.appyweb.es\/diccionario\/wp-json\/wp\/v2\/pages"}],"about":[{"href":"https:\/\/www.appyweb.es\/diccionario\/wp-json\/wp\/v2\/types\/page"}],"author":[{"embeddable":true,"href":"https:\/\/www.appyweb.es\/diccionario\/wp-json\/wp\/v2\/users\/1"}],"replies":[{"embeddable":true,"href":"https:\/\/www.appyweb.es\/diccionario\/wp-json\/wp\/v2\/comments?post=3427"}],"version-history":[{"count":5,"href":"https:\/\/www.appyweb.es\/diccionario\/wp-json\/wp\/v2\/pages\/3427\/revisions"}],"predecessor-version":[{"id":12292,"href":"https:\/\/www.appyweb.es\/diccionario\/wp-json\/wp\/v2\/pages\/3427\/revisions\/12292"}],"wp:featuredmedia":[{"embeddable":true,"href":"https:\/\/www.appyweb.es\/diccionario\/wp-json\/wp\/v2\/media\/12290"}],"wp:attachment":[{"href":"https:\/\/www.appyweb.es\/diccionario\/wp-json\/wp\/v2\/media?parent=3427"}],"curies":[{"name":"wp","href":"https:\/\/api.w.org\/{rel}","templated":true}]}}