{"id":3431,"date":"2023-06-22T15:37:58","date_gmt":"2023-06-22T15:37:58","guid":{"rendered":"https:\/\/www.appyweb.es\/diccionario\/?post_type=project&#038;p=3431"},"modified":"2024-03-22T11:35:53","modified_gmt":"2024-03-22T11:35:53","slug":"popularidad-web","status":"publish","type":"page","link":"https:\/\/www.appyweb.es\/diccionario\/popularidad-web\/","title":{"rendered":"Popularidad web"},"content":{"rendered":"<h1><img loading=\"lazy\" decoding=\"async\" class=\"alignnone  wp-image-12293\" src=\"https:\/\/www.appyweb.es\/diccionario\/wp-content\/uploads\/2024\/03\/popularidad-web-300x180.jpg\" alt=\"Popularidad web\" width=\"973\" height=\"584\" srcset=\"https:\/\/www.appyweb.es\/diccionario\/wp-content\/uploads\/2024\/03\/popularidad-web-300x180.jpg 300w, https:\/\/www.appyweb.es\/diccionario\/wp-content\/uploads\/2024\/03\/popularidad-web-768x461.jpg 768w, https:\/\/www.appyweb.es\/diccionario\/wp-content\/uploads\/2024\/03\/popularidad-web.jpg 1000w\" sizes=\"auto, (max-width: 973px) 100vw, 973px\" \/><\/h1>\n<p>Es un indicador que utilizan los buscadores en Internet para <strong>determinar la importancia de un sitio al momento de indexar<\/strong>. La popularidad web, tambi\u00e9n conocida como Link Popularity se utiliza para evaluar la frecuencia con la que un enlace de visitado.<\/p>\n<h2>\u00bfQu\u00e9 es la popularidad web?<\/h2>\n<p>La notoriedad es importante en Internet, esto permite que se lleven a cabo reacciones como enlaces compartidos, promocionados, recomendados y divulgados, sin tener que pagar. Pero lo que se refiere a la popularidad web es <strong>un indicador num\u00e9rico que muestra el promedio de la relevancia de los enlaces<\/strong>, en comparaci\u00f3n con el volumen del links externos de un sitio web.<\/p>\n<p>Este dato es <a href=\"https:\/\/www.appyweb.es\/posicionamiento-web\/\">muy importante para el posicionamiento web<\/a> ya que se cree que los algoritmos toman en cuenta este aspecto al momento de ordenar la p\u00e1gina de resultados. Sin embargo, no tiene tanta relevancia como la calidad de los enlaces, es por eso que no suele ser tomado en cuenta por expertos de optimizaci\u00f3n SEO, pero eso no significa que deje de tener importancia para el sector.<\/p>\n<h2>\u00bfPara qu\u00e9 sirve la popularidad web?<\/h2>\n<p>Anteriormente, era muy indicador que se establec\u00eda dentro del PageRank, uno de los primeros algoritmos de Google, donde se realizaba la clasificaci\u00f3n de los resultados dentro de las SERP\\&#8217;s. Con esto, se determinaba la popularidad de los sitios web, es decir, <strong>la cantidad de visitas que obten\u00edan a partir de otros enlaces<\/strong>, es por eso que se diferencia con el tr\u00e1fico de visitas que se adquieren a partir del buscador.<\/p>\n<p>Aunque actualmente ya no cuenta con una prioridad <a href=\"https:\/\/www.appyweb.es\/auditoria-seo\/\">dentro de la auditor\u00eda SEO<\/a>, sigue siendo importante para determinar la relevancia de los enlaces, es decir, su calidad y la relaci\u00f3n que tienen con el tema principal. Igualmente, este indicador tambi\u00e9n puede medir las veces que un enlace es compartido, por ejemplo, a trav\u00e9s de redes sociales y otras plataformas.<\/p>\n<h2>C\u00f3mo se mide la popularidad web<\/h2>\n<p>Ya que el PageRank ha dejado de estar disponible de forma p\u00fablica, se deben utilizar otras <strong>herramientas para acceder al indicador de Link Popularity<\/strong>, por ejemplo, a trav\u00e9s de la Autoridad de Dominio o Autoridad de P\u00e1gina de Moz. Tambi\u00e9n existen otras herramientas que ofrece m\u00e1s detalles como Ubersuggest, que es capaz de analizar cu\u00e1ntas personas entran al enlace, y a trav\u00e9s de qu\u00e9 canal est\u00e1n compartiendo o visitando un enlace.<\/p>\n<p>Casualmente, tambi\u00e9n se puede utilizar la herramienta de Amazon, Alexa, ya que este sistema es capaz de comparar y filtrar los resultados con mayor tr\u00e1fico, es decir que son m\u00e1s visitados y tienen mayor popularidad. De hecho, Alexa tiene un algoritmo que aumenta la confiabilidad de un enlace mientras m\u00e1s usuarios lo visiten.<\/p>\n<h2>Estrategias para incrementar la popularidad web<\/h2>\n<p>A diferencia de otros indicadores de Google, \u00e9ste se basa plenamente en la cantidad, mientras m\u00e1s visitas se obtengan, mayor ser\u00e1 el indicador de popularidad. Sin embargo, es importante recordar que <strong>la calidad siempre tendr\u00e1 un peso mayor al momento de la indexaci\u00f3n<\/strong>, teniendo en cuenta otros factores, como el tiempo de permanencia del usuario y la cantidad de rebotes. Para mejorar este aspecto en el posicionamiento, se pueden utilizar las siguientes estrategias.<\/p>\n<ul>\n<li><strong>Analizar los enlaces de la competencia<\/strong>: Consiste en visualizar la relevancia de los enlaces que apuntan hacia los sitios mejor posicionados en buscadores.<\/li>\n<li><strong>Incentivar la interacci\u00f3n con los usuarios<\/strong>: Especialmente en redes sociales o al momento de compartir enlaces que apuntan al sitio web.<\/li>\n<li><strong>Implementar estrategias de automatizaci\u00f3n<\/strong>: Como el email marketing, para compartir los enlaces con una base de datos.<\/li>\n<\/ul>\n<p><script type=\"application\/ld+json\">{\"@context\":\"https:\/\/schema.org\",\"@type\":\"FAQPage\",\"mainEntity\":[ \n{\"@type\":\"Question\",\"name\":\"\ud83d\udccc \u00bfQu\u00e9 es la popularidad web?\",\"acceptedAnswer\":{\"@type\":\"Answer\",\"text\":\"<\/p>\n<p>La notoriedad es importante en Internet, esto permite que se lleven a cabo reacciones como enlaces compartidos, promocionados, recomendados y divulgados, sin tener que pagar. Pero lo que se refiere a la popularidad web es <strong>un indicador num\u00e9rico que muestra el promedio de la relevancia de los enlaces<\/strong>, en comparaci\u00f3n con el volumen del links externos de un sitio web.<\/p>\n<p>Este dato es <a href='https:\/\/www.appyweb.es\/posicionamiento-web\/'>muy importante para el posicionamiento web<\/a> ya que se cree que los algoritmos toman en cuenta este aspecto al momento de ordenar la p\u00e1gina de resultados. Sin embargo, no tiene tanta relevancia como la calidad de los enlaces, es por eso que no suele ser tomado en cuenta por expertos de optimizaci\u00f3n SEO, pero eso no significa que deje de tener importancia para el sector.<\/p>\n<p>\"}},\n{\"@type\":\"Question\",\"name\":\"\ud83d\udccc \u00bfPara qu\u00e9 sirve la popularidad web?\",\"acceptedAnswer\":{\"@type\":\"Answer\",\"text\":\"<\/p>\n<p>Anteriormente, era muy indicador que se establec\u00eda dentro del PageRank, uno de los primeros algoritmos de Google, donde se realizaba la clasificaci\u00f3n de los resultados dentro de las SERP\\'s. Con esto, se determinaba la popularidad de los sitios web, es decir, <strong>la cantidad de visitas que obten\u00edan a partir de otros enlaces<\/strong>, es por eso que se diferencia con el tr\u00e1fico de visitas que se adquieren a partir del buscador.<\/p>\n<p>Aunque actualmente ya no cuenta con una prioridad <a href='https:\/\/www.appyweb.es\/auditoria-seo\/'>dentro de la auditor\u00eda SEO<\/a>, sigue siendo importante para determinar la relevancia de los enlaces, es decir, su calidad y la relaci\u00f3n que tienen con el tema principal. Igualmente, este indicador tambi\u00e9n puede medir las veces que un enlace es compartido, por ejemplo, a trav\u00e9s de redes sociales y otras plataformas.<\/p>\n<p>\"}},\n{\"@type\":\"Question\",\"name\":\"\ud83d\udccc C\u00f3mo se mide la popularidad web\",\"acceptedAnswer\":{\"@type\":\"Answer\",\"text\":\"<\/p>\n<p>Ya que el PageRank ha dejado de estar disponible de forma p\u00fablica, se deben utilizar otras <strong>herramientas para acceder al indicador de Link Popularity<\/strong>, por ejemplo, a trav\u00e9s de la Autoridad de Dominio o Autoridad de P\u00e1gina de Moz. Tambi\u00e9n existen otras herramientas que ofrece m\u00e1s detalles como Ubersuggest, que es capaz de analizar cu\u00e1ntas personas entran al enlace, y a trav\u00e9s de qu\u00e9 canal est\u00e1n compartiendo o visitando un enlace.<\/p>\n<p>Casualmente, tambi\u00e9n se puede utilizar la herramienta de Amazon, Alexa, ya que este sistema es capaz de comparar y filtrar los resultados con mayor tr\u00e1fico, es decir que son m\u00e1s visitados y tienen mayor popularidad. De hecho, Alexa tiene un algoritmo que aumenta la confiabilidad de un enlace mientras m\u00e1s usuarios lo visiten.<\/p>\n<p>\"}},\n{\"@type\":\"Question\",\"name\":\"\ud83d\udccc Estrategias para incrementar la popularidad web\",\"acceptedAnswer\":{\"@type\":\"Answer\",\"text\":\"<\/p>\n<p>A diferencia de otros indicadores de Google, \u00e9ste se basa plenamente en la cantidad, mientras m\u00e1s visitas se obtengan, mayor ser\u00e1 el indicador de popularidad. Sin embargo, es importante recordar que <strong>la calidad siempre tendr\u00e1 un peso mayor al momento de la indexaci\u00f3n<\/strong>, teniendo en cuenta otros factores, como el tiempo de permanencia del usuario y la cantidad de rebotes. Para mejorar este aspecto en el posicionamiento, se pueden utilizar las siguientes estrategias.<\/p>\n<\/p>\n<ul>\n<\/p>\n<li><strong>Analizar los enlaces de la competencia<\/strong>: Consiste en visualizar la relevancia de los enlaces que apuntan hacia los sitios mejor posicionados en buscadores.<\/li>\n<\/p>\n<\/p>\n<\/p>\n<li><strong>Incentivar la interacci\u00f3n con los usuarios<\/strong>: Especialmente en redes sociales o al momento de compartir enlaces que apuntan al sitio web.<\/li>\n<\/p>\n<\/p>\n<\/p>\n<li><strong>Implementar estrategias de automatizaci\u00f3n<\/strong>: Como el email marketing, para compartir los enlaces con una base de datos.<\/li>\n<\/p>\n<\/p>\n<\/ul>\n<\/p>\n<\/p>\n<p>\"}}\n]}<\/script><\/p>\n<h2>M\u00e1s informaci\u00f3n sobre popularidad web<\/h2>\n<p>Optimizar cada detalle es sustancial para conseguir un buen posicionamiento, si quieres trabajar en este aspecto, mira los siguientes enlaces para tener m\u00e1s informaci\u00f3n.<\/p>\n<ul>\n<li><a href=\"https:\/\/www.appyweb.es\/diccionario\/domain-rating\/\">\u00bfQu\u00e9 es el Domain Rating y para qu\u00e9 sirve?<\/a><\/li>\n<li><a href=\"https:\/\/kont.pro\/factores-que-utiliza-google-para-medir-la-popularidad-de-un-sitio-web\/2009\/07\/\" rel=\"nofollow noopener\" target=\"_blank\">Factores que utiliza Google para medir la popularidad<\/a><\/li>\n<\/ul>\n<p>&nbsp;<\/p>\n","protected":false},"excerpt":{"rendered":"<p>Es un indicador que utilizan los buscadores en Internet para determinar la importancia de un sitio al momento de indexar. La popularidad web, tambi\u00e9n conocida como Link Popularity se utiliza para evaluar la frecuencia con la que un enlace de visitado. \u00bfQu\u00e9 es la popularidad web? La notoriedad es importante en Internet, esto permite que [&hellip;]<\/p>\n","protected":false},"author":1,"featured_media":12293,"parent":0,"menu_order":0,"comment_status":"open","ping_status":"closed","template":"","meta":{"inline_featured_image":false,"footnotes":""},"class_list":["post-3431","page","type-page","status-publish","has-post-thumbnail","hentry"],"_links":{"self":[{"href":"https:\/\/www.appyweb.es\/diccionario\/wp-json\/wp\/v2\/pages\/3431","targetHints":{"allow":["GET"]}}],"collection":[{"href":"https:\/\/www.appyweb.es\/diccionario\/wp-json\/wp\/v2\/pages"}],"about":[{"href":"https:\/\/www.appyweb.es\/diccionario\/wp-json\/wp\/v2\/types\/page"}],"author":[{"embeddable":true,"href":"https:\/\/www.appyweb.es\/diccionario\/wp-json\/wp\/v2\/users\/1"}],"replies":[{"embeddable":true,"href":"https:\/\/www.appyweb.es\/diccionario\/wp-json\/wp\/v2\/comments?post=3431"}],"version-history":[{"count":5,"href":"https:\/\/www.appyweb.es\/diccionario\/wp-json\/wp\/v2\/pages\/3431\/revisions"}],"predecessor-version":[{"id":12298,"href":"https:\/\/www.appyweb.es\/diccionario\/wp-json\/wp\/v2\/pages\/3431\/revisions\/12298"}],"wp:featuredmedia":[{"embeddable":true,"href":"https:\/\/www.appyweb.es\/diccionario\/wp-json\/wp\/v2\/media\/12293"}],"wp:attachment":[{"href":"https:\/\/www.appyweb.es\/diccionario\/wp-json\/wp\/v2\/media?parent=3431"}],"curies":[{"name":"wp","href":"https:\/\/api.w.org\/{rel}","templated":true}]}}