{"id":3444,"date":"2023-06-22T15:41:20","date_gmt":"2023-06-22T15:41:20","guid":{"rendered":"https:\/\/www.appyweb.es\/diccionario\/?post_type=project&#038;p=3444"},"modified":"2024-03-22T12:03:17","modified_gmt":"2024-03-22T12:03:17","slug":"portfolio","status":"publish","type":"page","link":"https:\/\/www.appyweb.es\/diccionario\/portfolio\/","title":{"rendered":"Portfolio"},"content":{"rendered":"<h1 class=\"entry-title main_title\"><img loading=\"lazy\" decoding=\"async\" class=\"alignnone  wp-image-12321\" src=\"https:\/\/www.appyweb.es\/diccionario\/wp-content\/uploads\/2024\/03\/portfolio-300x180.jpg\" alt=\"Portfolio\" width=\"975\" height=\"585\" srcset=\"https:\/\/www.appyweb.es\/diccionario\/wp-content\/uploads\/2024\/03\/portfolio-300x180.jpg 300w, https:\/\/www.appyweb.es\/diccionario\/wp-content\/uploads\/2024\/03\/portfolio-768x461.jpg 768w, https:\/\/www.appyweb.es\/diccionario\/wp-content\/uploads\/2024\/03\/portfolio.jpg 1000w\" sizes=\"auto, (max-width: 975px) 100vw, 975px\" \/><\/h1>\n<p>Es el t\u00e9rmino en ingl\u00e9s que se utiliza para hacer referencia a la recopilaci\u00f3n de materiales gr\u00e1ficos creados por un profesional. De esta forma, <strong>un portfolio contiene todos los trabajos resaltantes de la carrera de un dise\u00f1ador gr\u00e1fico<\/strong>, o bien, de las ideas creativas de una empresa o agencia.<\/p>\n<h2>\u00bfQu\u00e9 es un portfolio?<\/h2>\n<p>Este t\u00e9rmino se refiere al conjunto de productos que una empresa da a conocer a su p\u00fablico, independientemente si estos tienen la intenci\u00f3n de comprar o no. De este modo, <strong>intenta atraer mayor n\u00famero de posibles compradores<\/strong>. Esta t\u00e9cnica es indispensable para todas las empresas, debido que genera un gran alcance.<\/p>\n<p>Aunque, tambi\u00e9n es com\u00fan que los <a href=\"https:\/\/www.appyweb.es\/diseno-grafico\/\">profesionales en dise\u00f1o gr\u00e1fico<\/a> tengan un documento de este tipo, ya les permite utilizarlo como curr\u00edculo al momento de buscar trabajo en diferentes \u00e1reas.<\/p>\n<h2>\u00bfC\u00f3mo hacer un buen portfolio?<\/h2>\n<p>En el portfolio se deben incluir los siguientes factores:<\/p>\n<ul>\n<li><strong>Consistencia<\/strong>: Los trabajos deben estar desarrollados con un estilo propio y distintivo, aunque su finalidad sea para diferentes clientes.<\/li>\n<li><strong>Extensi\u00f3n<\/strong>: Es decir, la cantidad de obras o productos, aunque es necesario mostrar solo los m\u00e1s destacados.<\/li>\n<li><strong>Profundidad<\/strong>: Son las diferencias que se encuentran entre los trabajos, es decir, deben mostrar una variedad distinguida.<\/li>\n<\/ul>\n<h2>\u00bfPara qu\u00e9 sirve un portfolio?<\/h2>\n<p>En el caso de las empresas, que utilizan los portfolios para mostrar una lista de productos destacados, <strong>funciona como una herramienta para establecer estrategias<\/strong> a desarrollar en cuanto a <a href=\"https:\/\/www.appyweb.es\/marketing-de-atraccion\/\">dise\u00f1o y marketing digital<\/a>.<\/p>\n<p>Igualmente, es una herramienta que puede ser aprovechada por la competencia, debido que estas herramientas se exhiben de forma p\u00fablica, los competidores pueden tener una idea de c\u00f3mo perfeccionar sus productos o estrategias de marketing.<\/p>\n<p>Asimismo, es un documento que permite que los profesionales del marketing puedan dar a conocer sus trabajos, de forma que puedan ser considerados para puestos de trabajo donde se destaque su estilo y talento.<\/p>\n<h2>\u00bfC\u00f3mo se hace un portfolio?<\/h2>\n<p>Para los profesionales que lo utilizar\u00e1n como curr\u00edculo, lo primero es tener en cuenta el tipo de trabajo para el que aplicar\u00e1n. De esta forma, <strong>se seleccionar\u00e1n las obras que ser\u00e1n de mayor relevancia<\/strong> para el tipo de trabajo. Tambi\u00e9n es necesario clasificarlos, puede ser por fecha de antig\u00fcedad, por \u00e1rea de trabajo o cliente.<\/p>\n<p>Asimismo, es importante utilizar solo los que representen mayor creatividad, que sean los mejores trabajos realizados por el profesional.<\/p>\n<p><script type=\"application\/ld+json\">{\"@context\":\"https:\/\/schema.org\",\"@type\":\"FAQPage\",\"mainEntity\":[ \n{\"@type\":\"Question\",\"name\":\"\ud83d\udccc \u00bfQu\u00e9 es un portfolio?\",\"acceptedAnswer\":{\"@type\":\"Answer\",\"text\":\"<\/p>\n<p>Este t\u00e9rmino se refiere al conjunto de productos que una empresa da a conocer a su p\u00fablico, independientemente si estos tienen la intenci\u00f3n de comprar o no. De este modo, <strong>intenta atraer mayor n\u00famero de posibles compradores<\/strong>. Esta t\u00e9cnica es indispensable para todas las empresas, debido que genera un gran alcance. <\/p>\n<p>Aunque, tambi\u00e9n es com\u00fan que los <a href='https:\/\/www.appyweb.es\/diseno-grafico\/'>profesionales en dise\u00f1o gr\u00e1fico<\/a> tengan un documento de este tipo, ya les permite utilizarlo como curr\u00edculo al momento de buscar trabajo en diferentes \u00e1reas.<\/p>\n<p>\"}},\n{\"@type\":\"Question\",\"name\":\"\ud83d\udccc \u00bfC\u00f3mo hacer un buen portfolio?\",\"acceptedAnswer\":{\"@type\":\"Answer\",\"text\":\"<\/p>\n<p>En el portfolio se deben incluir los siguientes factores:<\/p>\n<\/p>\n<ul>\n<\/p>\n<li><strong>Consistencia<\/strong>: Los trabajos deben estar desarrollados con un estilo propio y distintivo, aunque su finalidad sea para diferentes clientes.<\/li>\n<\/p>\n<\/p>\n<\/p>\n<li><strong>Extensi\u00f3n<\/strong>: Es decir, la cantidad de obras o productos, aunque es necesario mostrar solo los m\u00e1s destacados.<\/li>\n<\/p>\n<\/p>\n<\/p>\n<li><strong>Profundidad<\/strong>: Son las diferencias que se encuentran entre los trabajos, es decir, deben mostrar una variedad distinguida.<\/li>\n<\/p>\n<\/p>\n<\/ul>\n<\/p>\n<\/p>\n<p>\"}},\n{\"@type\":\"Question\",\"name\":\"\ud83d\udccc \u00bfPara qu\u00e9 sirve un portfolio?\",\"acceptedAnswer\":{\"@type\":\"Answer\",\"text\":\"<\/p>\n<p>En el caso de las empresas, que utilizan los portfolios para mostrar una lista de productos destacados, <strong>funciona como una herramienta para establecer estrategias<\/strong> a desarrollar en cuanto a <a href='https:\/\/www.appyweb.es\/marketing-de-atraccion\/'>dise\u00f1o y marketing digital<\/a>.<\/p>\n<p>Igualmente, es una herramienta que puede ser aprovechada por la competencia, debido que estas herramientas se exhiben de forma p\u00fablica, los competidores pueden tener una idea de c\u00f3mo perfeccionar sus productos o estrategias de marketing.<\/p>\n<p>Asimismo, es un documento que permite que los profesionales del marketing puedan dar a conocer sus trabajos, de forma que puedan ser considerados para puestos de trabajo donde se destaque su estilo y talento.<\/p>\n<p>\"}},\n{\"@type\":\"Question\",\"name\":\"\ud83d\udccc \u00bfC\u00f3mo se hace un portfolio?\",\"acceptedAnswer\":{\"@type\":\"Answer\",\"text\":\"<\/p>\n<p>Para los profesionales que lo utilizar\u00e1n como curr\u00edculo, lo primero es tener en cuenta el tipo de trabajo para el que aplicar\u00e1n. De esta forma, <strong>se seleccionar\u00e1n las obras que ser\u00e1n de mayor relevancia<\/strong> para el tipo de trabajo. Tambi\u00e9n es necesario clasificarlos, puede ser por fecha de antig\u00fcedad, por \u00e1rea de trabajo o cliente.<\/p>\n<p>Asimismo, es importante utilizar solo los que representen mayor creatividad, que sean los mejores trabajos realizados por el profesional.<\/p>\n<p>\"}}\n]}<\/script><\/p>\n<h2>M\u00e1s informaci\u00f3n sobre portfolio<\/h2>\n<p>Hacer un portfolio no es tan dif\u00edcil, solo requiere de mucha creatividad \u00bfquieres m\u00e1s informaci\u00f3n al respecto? mira estos enlaces.<\/p>\n<ul>\n<li><a href=\"https:\/\/www.appyweb.es\/mejores-paginas-web-recursos-graficos\/\">Las mejores p\u00e1ginas web para conseguir recursos gr\u00e1ficos<\/a><\/li>\n<li><a href=\"https:\/\/www.aulacreactiva.com\/mejores-portfolios-grafico-inspirarse\/#:~:text=El%20portfolio%20es%20la%20carta%20de%20presentaci%C3%B3n%20de%20todo%20dise%C3%B1ador&amp;text=Por%20eso%20hay%20que%20ser,transmite%20tu%20propia%20identidad%20personal.\" rel=\"nofollow noopener\" target=\"_blank\">Los 6 mejores portfolios de dise\u00f1o gr\u00e1fico para inspirarse<\/a><\/li>\n<\/ul>\n<p>&nbsp;<\/p>\n","protected":false},"excerpt":{"rendered":"<p>Es el t\u00e9rmino en ingl\u00e9s que se utiliza para hacer referencia a la recopilaci\u00f3n de materiales gr\u00e1ficos creados por un profesional. De esta forma, un portfolio contiene todos los trabajos resaltantes de la carrera de un dise\u00f1ador gr\u00e1fico, o bien, de las ideas creativas de una empresa o agencia. \u00bfQu\u00e9 es un portfolio? Este t\u00e9rmino [&hellip;]<\/p>\n","protected":false},"author":1,"featured_media":12321,"parent":0,"menu_order":0,"comment_status":"open","ping_status":"closed","template":"","meta":{"inline_featured_image":false,"footnotes":""},"class_list":["post-3444","page","type-page","status-publish","has-post-thumbnail","hentry"],"_links":{"self":[{"href":"https:\/\/www.appyweb.es\/diccionario\/wp-json\/wp\/v2\/pages\/3444","targetHints":{"allow":["GET"]}}],"collection":[{"href":"https:\/\/www.appyweb.es\/diccionario\/wp-json\/wp\/v2\/pages"}],"about":[{"href":"https:\/\/www.appyweb.es\/diccionario\/wp-json\/wp\/v2\/types\/page"}],"author":[{"embeddable":true,"href":"https:\/\/www.appyweb.es\/diccionario\/wp-json\/wp\/v2\/users\/1"}],"replies":[{"embeddable":true,"href":"https:\/\/www.appyweb.es\/diccionario\/wp-json\/wp\/v2\/comments?post=3444"}],"version-history":[{"count":5,"href":"https:\/\/www.appyweb.es\/diccionario\/wp-json\/wp\/v2\/pages\/3444\/revisions"}],"predecessor-version":[{"id":12324,"href":"https:\/\/www.appyweb.es\/diccionario\/wp-json\/wp\/v2\/pages\/3444\/revisions\/12324"}],"wp:featuredmedia":[{"embeddable":true,"href":"https:\/\/www.appyweb.es\/diccionario\/wp-json\/wp\/v2\/media\/12321"}],"wp:attachment":[{"href":"https:\/\/www.appyweb.es\/diccionario\/wp-json\/wp\/v2\/media?parent=3444"}],"curies":[{"name":"wp","href":"https:\/\/api.w.org\/{rel}","templated":true}]}}