{"id":3449,"date":"2023-06-22T15:42:15","date_gmt":"2023-06-22T15:42:15","guid":{"rendered":"https:\/\/www.appyweb.es\/diccionario\/?post_type=project&#038;p=3449"},"modified":"2024-03-22T12:10:22","modified_gmt":"2024-03-22T12:10:22","slug":"posicionamiento-online","status":"publish","type":"page","link":"https:\/\/www.appyweb.es\/diccionario\/posicionamiento-online\/","title":{"rendered":"Posicionamiento online"},"content":{"rendered":"<h1><img loading=\"lazy\" decoding=\"async\" class=\"alignnone  wp-image-12326\" src=\"https:\/\/www.appyweb.es\/diccionario\/wp-content\/uploads\/2024\/03\/posicionamiento-online-300x180.jpg\" alt=\"Posicionamiento Online\" width=\"970\" height=\"582\" srcset=\"https:\/\/www.appyweb.es\/diccionario\/wp-content\/uploads\/2024\/03\/posicionamiento-online-300x180.jpg 300w, https:\/\/www.appyweb.es\/diccionario\/wp-content\/uploads\/2024\/03\/posicionamiento-online-768x461.jpg 768w, https:\/\/www.appyweb.es\/diccionario\/wp-content\/uploads\/2024\/03\/posicionamiento-online.jpg 1000w\" sizes=\"auto, (max-width: 970px) 100vw, 970px\" \/><\/h1>\n<p>Es un aspecto de los motores de b\u00fasqueda que consiste en ordenar y clasificar los sitios web. El <strong>posicionamiento online definir\u00e1 el nivel de visibilidad de un sitio web<\/strong>, es pos eso que se aplican estrategias de optimizaci\u00f3n SEO.<\/p>\n<h2>\u00bfQu\u00e9 es el posicionamiento online?<\/h2>\n<p>Es la acci\u00f3n de ordenar y clasificar los sitios web en las SERP\\&#8217;s o p\u00e1ginas de resultados de b\u00fasqueda. Cuando un usuario hace una consulta en Google <a href=\"https:\/\/www.appyweb.es\/posicionamiento-web\/\">se genera un posicionamiento web<\/a> que se basa en diferentes aspectos, como la calidad de la p\u00e1gina, su relevancia con la b\u00fasqueda, entre otros.<\/p>\n<p>La mayor\u00eda de esos aspectos pueden <strong>optimizarse con estrategias de SEO online y offline<\/strong>, de forma que al momento de posicionar, los algoritmos (indexadores de Google) sepan que es un sitio de alta calidad y que vale la pena posicionar. Para esto de deben tener en cuenta el uso de palabras clave, la velocidad de carga y otros m\u00e1s.<\/p>\n<h2>\u00bfPara qu\u00e9 sirve el posicionamiento online?<\/h2>\n<p>Desde el punto de vista de los buscadores, <strong>el posicionamiento online permite mostrar los mejores resultados a los usuarios<\/strong>, gracias a la indexaci\u00f3n, se generan los enlaces de mayor calidad, esos que dar\u00e1n la respuesta apropiada a la consulta del usuario. Por otro lado, desde el punto de vista de la empresa, <a href=\"https:\/\/www.appyweb.es\/conversion-web\/\">permite impulsar la conversi\u00f3n web<\/a> y la visibilidad.<\/p>\n<p>Es por eso que la mayor\u00eda aplican estrategias de SEO, ya que permitir\u00e1n subir de posici\u00f3n en las SERP\\&#8217;s. Con el paso del tiempo, los algoritmos de los motores de b\u00fasqueda han evolucionado tanto, que ahora existen diferentes caracter\u00edsticas a tener m\u00e1s en cuenta como la experiencia de navegaci\u00f3n del usuario.<\/p>\n<h2>\u00bfC\u00f3mo conocer el posicionamiento online de un sitio web?<\/h2>\n<p>Se puede hacer de forma casual, buscando las palabras clave de un sitio web en Google y visualizar cu\u00e1l es su posici\u00f3n. Pero, cuando se trata de un sitio web nuevo es posible que sea dif\u00edcil visualizar ela posici\u00f3n de forma r\u00e1pida, es por eso que se utilizan herramientas como SEMRush.<\/p>\n<p>Anteriormente, <strong>era posible visualizar este tipo de informaci\u00f3n desde el PageRank<\/strong> de Google, pero esta informaci\u00f3n se volvi\u00f3 privada en el 2013. As\u00ed que se utilizan herramientas alternas como SEMRush o Ahrefs.<\/p>\n<p>Desde SEMRush se puede acceder al men\u00fa <em>An\u00e1lisis de dominio<\/em>, despu\u00e9s a <em>Investigaci\u00f3n Org\u00e1nica<\/em> y finalmente en <em>Posiciones<\/em>. All\u00ed se pueden ver 10 resultados de un dominio por palabras clave.<\/p>\n<h2>\u00bfC\u00f3mo mejorar el posicionamiento online?<\/h2>\n<p>Como se mencion\u00f3 anteriormente, las <strong>estrategias SEO tienen la funcionalidad de mejorar el posicionamiento web<\/strong>, pero son muchas opciones. As\u00ed que es necesario empezar por lo b\u00e1sico, aqu\u00ed hay algunos consejos.<\/p>\n<ul>\n<li>Es importante hacer b\u00fasquedas de palabras clave de forma constante, analizarlas tambi\u00e9n debe ser algo obligatorio.<\/li>\n<li>Igualmente, <strong>se deben llevar a cabo estrategias de enlazado<\/strong>, como el linkbuilding para aumentar la calidad del sitio web.<\/li>\n<li>Las estrategias de contenidos son importantes, estos deben ser optimizados constantemente.<\/li>\n<li>Mejorar la velocidad de p\u00e1gina tambi\u00e9n es importante para posicionar, mientras m\u00e1s r\u00e1pido mejor.<\/li>\n<\/ul>\n<p><script type=\"application\/ld+json\">{\"@context\":\"https:\/\/schema.org\",\"@type\":\"FAQPage\",\"mainEntity\":[ \n{\"@type\":\"Question\",\"name\":\"\ud83d\udccc \u00bfQu\u00e9 es el posicionamiento online?\",\"acceptedAnswer\":{\"@type\":\"Answer\",\"text\":\"<\/p>\n<p>Es la acci\u00f3n de ordenar y clasificar los sitios web en las SERP\\'s o p\u00e1ginas de resultados de b\u00fasqueda. Cuando un usuario hace una consulta en Google <a href='https:\/\/www.appyweb.es\/posicionamiento-web\/'>se genera un posicionamiento web<\/a> que se basa en diferentes aspectos, como la calidad de la p\u00e1gina, su relevancia con la b\u00fasqueda, entre otros.<\/p>\n<p>La mayor\u00eda de esos aspectos pueden <strong>optimizarse con estrategias de SEO online y offline<\/strong>, de forma que al momento de posicionar, los algoritmos (indexadores de Google) sepan que es un sitio de alta calidad y que vale la pena posicionar. Para esto de deben tener en cuenta el uso de palabras clave, la velocidad de carga y otros m\u00e1s.<\/p>\n<p>\"}},\n{\"@type\":\"Question\",\"name\":\"\ud83d\udccc \u00bfPara qu\u00e9 sirve el posicionamiento online?\",\"acceptedAnswer\":{\"@type\":\"Answer\",\"text\":\"<\/p>\n<p>Desde el punto de vista de los buscadores, <strong>el posicionamiento online permite mostrar los mejores resultados a los usuarios<\/strong>, gracias a la indexaci\u00f3n, se generan los enlaces de mayor calidad, esos que dar\u00e1n la respuesta apropiada a la consulta del usuario. Por otro lado, desde el punto de vista de la empresa, <a href='https:\/\/www.appyweb.es\/conversion-web\/'>permite impulsar la conversi\u00f3n web<\/a> y la visibilidad.<\/p>\n<p>Es por eso que la mayor\u00eda aplican estrategias de SEO, ya que permitir\u00e1n subir de posici\u00f3n en las SERP\\'s. Con el paso del tiempo, los algoritmos de los motores de b\u00fasqueda han evolucionado tanto, que ahora existen diferentes caracter\u00edsticas a tener m\u00e1s en cuenta como la experiencia de navegaci\u00f3n del usuario.<\/p>\n<p>\"}},\n{\"@type\":\"Question\",\"name\":\"\ud83d\udccc \u00bfC\u00f3mo conocer el posicionamiento online de un sitio web?\",\"acceptedAnswer\":{\"@type\":\"Answer\",\"text\":\"<\/p>\n<p>Se puede hacer de forma casual, buscando las palabras clave de un sitio web en Google y visualizar cu\u00e1l es su posici\u00f3n. Pero, cuando se trata de un sitio web nuevo es posible que sea dif\u00edcil visualizar ela posici\u00f3n de forma r\u00e1pida, es por eso que se utilizan herramientas como SEMRush.<\/p>\n<p>Anteriormente, <strong>era posible visualizar este tipo de informaci\u00f3n desde el PageRank<\/strong> de Google, pero esta informaci\u00f3n se volvi\u00f3 privada en el 2013. As\u00ed que se utilizan herramientas alternas como SEMRush o Ahrefs.<\/p>\n<p>Desde SEMRush se puede acceder al men\u00fa <em>An\u00e1lisis de dominio<\/em>, despu\u00e9s a <em>Investigaci\u00f3n Org\u00e1nica<\/em> y finalmente en <em>Posiciones<\/em>. All\u00ed se pueden ver 10 resultados de un dominio por palabras clave.<\/p>\n<p>\"}},\n{\"@type\":\"Question\",\"name\":\"\ud83d\udccc \u00bfC\u00f3mo mejorar el posicionamiento online?\",\"acceptedAnswer\":{\"@type\":\"Answer\",\"text\":\"<\/p>\n<p>Como se mencion\u00f3 anteriormente, las <strong>estrategias SEO tienen la funcionalidad de mejorar el posicionamiento web<\/strong>, pero son muchas opciones. As\u00ed que es necesario empezar por lo b\u00e1sico, aqu\u00ed hay algunos consejos.<\/p>\n<\/p>\n<ul>\n<\/p>\n<li>Es importante hacer b\u00fasquedas de palabras clave de forma constante, analizarlas tambi\u00e9n  debe ser algo obligatorio.<\/li>\n<\/p>\n<\/p>\n<\/p>\n<li>Igualmente, <strong>se deben llevar a cabo estrategias de enlazado<\/strong>, como el linkbuilding para aumentar la calidad del sitio web.<\/li>\n<\/p>\n<\/p>\n<\/p>\n<li>Las estrategias de contenidos son importantes, estos deben ser optimizados constantemente.<\/li>\n<\/p>\n<\/p>\n<\/p>\n<li>Mejorar la velocidad de p\u00e1gina tambi\u00e9n es importante para posicionar, mientras m\u00e1s r\u00e1pido mejor.<\/li>\n<\/p>\n<\/p>\n<\/ul>\n<\/p>\n<\/p>\n<p>\"}}\n]}<\/script><\/p>\n<h2>M\u00e1s informaci\u00f3n sobre posicionamiento online<\/h2>\n<p>Para triunfar en Internet no puedes darle el trabajo duro a las redes sociales solamente, si quieres m\u00e1s informaci\u00f3n sobre posicionar en Internet, mira los siguientes enlaces.<\/p>\n<ul>\n<li><a href=\"https:\/\/www.appyweb.es\/estrategias-posicionamiento-no-conoces\/\">10 estrategias de posicionamiento web que quiz\u00e1s no conoc\u00edas<\/a><\/li>\n<li><a href=\"https:\/\/www.america-retail.com\/marketing\/marketing-conoce-como-lograr-el-mejor-posicionamiento-en-google\/\" rel=\"nofollow noopener\" target=\"_blank\">Marketing: Conoce c\u00f3mo lograr el \u00a1mejor posicionamiento en Google!<\/a><\/li>\n<\/ul>\n<p>&nbsp;<\/p>\n","protected":false},"excerpt":{"rendered":"<p>Es un aspecto de los motores de b\u00fasqueda que consiste en ordenar y clasificar los sitios web. El posicionamiento online definir\u00e1 el nivel de visibilidad de un sitio web, es pos eso que se aplican estrategias de optimizaci\u00f3n SEO. \u00bfQu\u00e9 es el posicionamiento online? Es la acci\u00f3n de ordenar y clasificar los sitios web en [&hellip;]<\/p>\n","protected":false},"author":1,"featured_media":12326,"parent":0,"menu_order":0,"comment_status":"open","ping_status":"closed","template":"","meta":{"inline_featured_image":false,"footnotes":""},"class_list":["post-3449","page","type-page","status-publish","has-post-thumbnail","hentry"],"_links":{"self":[{"href":"https:\/\/www.appyweb.es\/diccionario\/wp-json\/wp\/v2\/pages\/3449","targetHints":{"allow":["GET"]}}],"collection":[{"href":"https:\/\/www.appyweb.es\/diccionario\/wp-json\/wp\/v2\/pages"}],"about":[{"href":"https:\/\/www.appyweb.es\/diccionario\/wp-json\/wp\/v2\/types\/page"}],"author":[{"embeddable":true,"href":"https:\/\/www.appyweb.es\/diccionario\/wp-json\/wp\/v2\/users\/1"}],"replies":[{"embeddable":true,"href":"https:\/\/www.appyweb.es\/diccionario\/wp-json\/wp\/v2\/comments?post=3449"}],"version-history":[{"count":5,"href":"https:\/\/www.appyweb.es\/diccionario\/wp-json\/wp\/v2\/pages\/3449\/revisions"}],"predecessor-version":[{"id":12328,"href":"https:\/\/www.appyweb.es\/diccionario\/wp-json\/wp\/v2\/pages\/3449\/revisions\/12328"}],"wp:featuredmedia":[{"embeddable":true,"href":"https:\/\/www.appyweb.es\/diccionario\/wp-json\/wp\/v2\/media\/12326"}],"wp:attachment":[{"href":"https:\/\/www.appyweb.es\/diccionario\/wp-json\/wp\/v2\/media?parent=3449"}],"curies":[{"name":"wp","href":"https:\/\/api.w.org\/{rel}","templated":true}]}}