{"id":3452,"date":"2023-06-22T15:43:13","date_gmt":"2023-06-22T15:43:13","guid":{"rendered":"https:\/\/www.appyweb.es\/diccionario\/?post_type=project&#038;p=3452"},"modified":"2024-03-22T12:31:47","modified_gmt":"2024-03-22T12:31:47","slug":"post","status":"publish","type":"page","link":"https:\/\/www.appyweb.es\/diccionario\/post\/","title":{"rendered":"Post"},"content":{"rendered":"<h1><img loading=\"lazy\" decoding=\"async\" class=\"alignnone wp-image-12329\" src=\"https:\/\/www.appyweb.es\/diccionario\/wp-content\/uploads\/2024\/03\/post-300x180.jpg\" alt=\"post\" width=\"972\" height=\"583\" srcset=\"https:\/\/www.appyweb.es\/diccionario\/wp-content\/uploads\/2024\/03\/post-300x180.jpg 300w, https:\/\/www.appyweb.es\/diccionario\/wp-content\/uploads\/2024\/03\/post-768x461.jpg 768w, https:\/\/www.appyweb.es\/diccionario\/wp-content\/uploads\/2024\/03\/post.jpg 1000w\" sizes=\"auto, (max-width: 972px) 100vw, 972px\" \/><\/h1>\n<p>Es un <strong>comentario, art\u00edculo, cr\u00edtica o noticia que publica un autor en un blog<\/strong>, aunque recientemente, la palabra \u00abpost\u00bb tambi\u00e9n se ha empezado a utilizar para denominar las publicaciones en redes sociales.<\/p>\n<h2>\u00bfQu\u00e9 es un post?<\/h2>\n<p>Es la palabra anglosajona para hacer referencia a las \u00abpublicaciones\u00bb en Internet, mayormente asociado a las actualizaciones de los blogs o redes sociales. <strong>Cuando se habla de post tiene que ver con un art\u00edculo, opini\u00f3n o noticia<\/strong>, suele estar relacionado muchas veces con una publicaci\u00f3n escrita, aunque cualquier <a href=\"https:\/\/www.appyweb.es\/marketing-de-contenidos\/\">recurso del marketing de contenidos<\/a> se puede considerar (v\u00eddeos, im\u00e1genes, infograf\u00edas, etc.<\/p>\n<p>Para realizar una publicaci\u00f3n interesante y popular en Internet se debe utilizar una estructura adecuada, que sea legible y pueda entenderse sin problema alguno. Tambi\u00e9n debe ser un contenido de valor, el cual porte una mayor satisfacci\u00f3n a los lectores. Aunque, en marketing el objetivo principal de estos es atraer m\u00e1s conversiones y clientes.<\/p>\n<h2>\u00bfPara qu\u00e9 sirve un post?<\/h2>\n<p>En primer lugar, sirve para nutrir una plataforma en Internet, por ejemplo, un blog que <strong>se actualiza de forma constante con nuevos post es m\u00e1s valioso<\/strong> para los usuarios y para <a href=\"https:\/\/www.appyweb.es\/posicionamiento-web\/\">el posicionamiento web en buscadores<\/a>. De hecho, las publicaciones escritas suelen tener m\u00e1s importancia a la hora de hacerse notar en los resultados de buscadores.<\/p>\n<p>Por otro lado, suelen tener un papel destacado en las estrategias de marketing de contenidos, donde buscan ofrecer un buen nivel de valor, pero al mismo tiempo algo a cambio por parte del usuario. En su mayor\u00eda, la solicitud se basa en un registro para proceder con estrategias m\u00e1s elaboradas despu\u00e9s de su conversi\u00f3n.<\/p>\n<h2>\u00bfQu\u00e9 es un post en redes sociales?<\/h2>\n<p>Como se mencion\u00f3 anteriormente, un post tambi\u00e9n <strong>es utilizado para definir las publicaciones en redes sociales<\/strong>. De esta forma, se refiere a muchos recursos y opciones al momento de publicar, bien puede ser un escrito que puede estar acompa\u00f1ado de una foto, un v\u00eddeo o un enlace. Aunque, actualmente hay opciones tan variadas como la posibilidad de hacer un carrusel, gif, etc.<\/p>\n<p>Estas publicaciones pueden ser comentadas, compartidas, reaccionadas tantas veces hasta generar un efecto viral. Esto significa que la publicaci\u00f3n puede llegar a ser reconocida en muchas partes del mundo o en una regi\u00f3n relacionada.<\/p>\n<h2>\u00bfC\u00f3mo hacer un buen post?<\/h2>\n<p>Lo primero que se debe tener en cuenta es investigar a la audiencia, una publicaci\u00f3n en Internet no debe hacerse a la ligera, sobre todo para aquellos propietarios de blogs que tienen la meta de posicionarse o ganar dinero con su plataforma. Una vez comprendida la audiencia, se deben escribir entradas que tengan valor para ellos.<\/p>\n<p>\u00bfCu\u00e1les son los contenidos que m\u00e1s valor generan? aquellos que apuntan a <strong>problemas y soluciones, preguntas y respuestas<\/strong> o simplemente para informar. No est\u00e1 de m\u00e1s mencionar que se requiere cierto talento para seducir con las palabras, de forma que los usuarios se transformen en posibles clientes.<\/p>\n<p><script type=\"application\/ld+json\">{\"@context\":\"https:\/\/schema.org\",\"@type\":\"FAQPage\",\"mainEntity\":[ \n{\"@type\":\"Question\",\"name\":\"\ud83d\udccc \u00bfQu\u00e9 es un post?\",\"acceptedAnswer\":{\"@type\":\"Answer\",\"text\":\"<\/p>\n<p>Es la palabra anglosajona para hacer referencia a las 'publicaciones' en Internet, mayormente asociado a las actualizaciones de los blogs o redes sociales. <strong>Cuando se habla de post tiene que ver con un art\u00edculo, opini\u00f3n o noticia<\/strong>, suele estar relacionado muchas veces con una publicaci\u00f3n escrita, aunque cualquier <a href='https:\/\/www.appyweb.es\/marketing-de-contenidos\/'>recurso del marketing de contenidos<\/a> se puede considerar (v\u00eddeos, im\u00e1genes, infograf\u00edas, etc.<\/p>\n<p>Para realizar una publicaci\u00f3n interesante y popular en Internet se debe utilizar una estructura adecuada, que sea legible y pueda entenderse sin problema alguno. Tambi\u00e9n debe ser un contenido de valor, el cual porte una mayor satisfacci\u00f3n a los lectores. Aunque, en marketing el objetivo principal de estos es atraer m\u00e1s conversiones y clientes.<\/p>\n<p>\"}},\n{\"@type\":\"Question\",\"name\":\"\ud83d\udccc \u00bfPara qu\u00e9 sirve un post?\",\"acceptedAnswer\":{\"@type\":\"Answer\",\"text\":\"<\/p>\n<p>En primer lugar, sirve para nutrir una plataforma en Internet, por ejemplo, un blog que <strong>se actualiza de forma constante con nuevos post es m\u00e1s valioso<\/strong> para los usuarios y para <a href='https:\/\/www.appyweb.es\/posicionamiento-web\/'>el posicionamiento web en buscadores<\/a>. De hecho, las publicaciones escritas suelen tener m\u00e1s importancia a la hora de hacerse notar en los resultados de buscadores.<\/p>\n<p>Por otro lado, suelen tener un papel destacado en las estrategias de marketing de contenidos, donde buscan ofrecer un buen nivel de valor, pero al mismo tiempo algo a cambio por parte del usuario. En su mayor\u00eda, la solicitud se basa en un registro para proceder con estrategias m\u00e1s elaboradas despu\u00e9s de su conversi\u00f3n.<\/p>\n<p>\"}},\n{\"@type\":\"Question\",\"name\":\"\ud83d\udccc \u00bfQu\u00e9 es un post en redes sociales?\",\"acceptedAnswer\":{\"@type\":\"Answer\",\"text\":\"<\/p>\n<p>Como se mencion\u00f3 anteriormente, un post tambi\u00e9n <strong>es utilizado para definir las publicaciones en redes sociales<\/strong>. De esta forma, se refiere a muchos recursos y opciones al momento de publicar, bien puede ser un escrito que puede estar acompa\u00f1ado de una foto, un v\u00eddeo o un enlace. Aunque, actualmente hay opciones tan variadas como la posibilidad de hacer un carrusel, gif, etc.<\/p>\n<p>Estas publicaciones pueden ser comentadas, compartidas, reaccionadas tantas veces hasta generar un efecto viral. Esto significa que la publicaci\u00f3n puede llegar a ser reconocida en muchas partes del mundo o en una regi\u00f3n relacionada.<\/p>\n<p>\"}},\n{\"@type\":\"Question\",\"name\":\"\ud83d\udccc \u00bfC\u00f3mo hacer un buen post?\",\"acceptedAnswer\":{\"@type\":\"Answer\",\"text\":\"<\/p>\n<p>Lo primero que se debe tener en cuenta es investigar a la audiencia, una publicaci\u00f3n en Internet no debe hacerse a la ligera, sobre todo para aquellos propietarios de blogs que tienen la meta de posicionarse o ganar dinero con su plataforma. Una vez comprendida la audiencia, se deben escribir entradas que tengan valor para ellos.<\/p>\n<p>\u00bfCu\u00e1les son los contenidos que m\u00e1s valor generan? aquellos que apuntan a <strong>problemas y soluciones, preguntas y respuestas<\/strong> o simplemente para informar. No est\u00e1 de m\u00e1s mencionar que se requiere cierto talento para seducir con las palabras, de forma que los usuarios se transformen en posibles clientes.<\/p>\n<p>\"}}\n]}<\/script><\/p>\n<h2>M\u00e1s informaci\u00f3n sobre post<\/h2>\n<p>Lamentablemente, no todos los post en Instagram y otras redes sociales son para beneficiar a la audiencia, otros contienen fakes news o noticias falsas que buscan desinformar, aqu\u00ed tienes un par de enlaces para aprender m\u00e1s al respecto.<\/p>\n<ul>\n<li><a href=\"https:\/\/www.appyweb.es\/tips-mejorar-visibilidad-instagram\/\">9 tips para mejorar tu visibilidad en Instagram<\/a><\/li>\n<li><a href=\"https:\/\/elcomercio.pe\/somos\/historias\/noticias-falsas-como-evitar-caer-en-las-fakes-news-que-vemos-en-redes-sociales-y-que-sanciones-existen-vacunas-facebook-twitter-noticia\/\" rel=\"nofollow noopener\" target=\"_blank\">C\u00f3mo evitar caer en las fakes news que vemos en redes sociales y qu\u00e9 sanciones existen<\/a><\/li>\n<\/ul>\n<p>&nbsp;<\/p>\n","protected":false},"excerpt":{"rendered":"<p>Es un comentario, art\u00edculo, cr\u00edtica o noticia que publica un autor en un blog, aunque recientemente, la palabra \u00abpost\u00bb tambi\u00e9n se ha empezado a utilizar para denominar las publicaciones en redes sociales. \u00bfQu\u00e9 es un post? Es la palabra anglosajona para hacer referencia a las \u00abpublicaciones\u00bb en Internet, mayormente asociado a las actualizaciones de los [&hellip;]<\/p>\n","protected":false},"author":1,"featured_media":12329,"parent":0,"menu_order":0,"comment_status":"open","ping_status":"closed","template":"","meta":{"inline_featured_image":false,"footnotes":""},"class_list":["post-3452","page","type-page","status-publish","has-post-thumbnail","hentry"],"_links":{"self":[{"href":"https:\/\/www.appyweb.es\/diccionario\/wp-json\/wp\/v2\/pages\/3452","targetHints":{"allow":["GET"]}}],"collection":[{"href":"https:\/\/www.appyweb.es\/diccionario\/wp-json\/wp\/v2\/pages"}],"about":[{"href":"https:\/\/www.appyweb.es\/diccionario\/wp-json\/wp\/v2\/types\/page"}],"author":[{"embeddable":true,"href":"https:\/\/www.appyweb.es\/diccionario\/wp-json\/wp\/v2\/users\/1"}],"replies":[{"embeddable":true,"href":"https:\/\/www.appyweb.es\/diccionario\/wp-json\/wp\/v2\/comments?post=3452"}],"version-history":[{"count":5,"href":"https:\/\/www.appyweb.es\/diccionario\/wp-json\/wp\/v2\/pages\/3452\/revisions"}],"predecessor-version":[{"id":12331,"href":"https:\/\/www.appyweb.es\/diccionario\/wp-json\/wp\/v2\/pages\/3452\/revisions\/12331"}],"wp:featuredmedia":[{"embeddable":true,"href":"https:\/\/www.appyweb.es\/diccionario\/wp-json\/wp\/v2\/media\/12329"}],"wp:attachment":[{"href":"https:\/\/www.appyweb.es\/diccionario\/wp-json\/wp\/v2\/media?parent=3452"}],"curies":[{"name":"wp","href":"https:\/\/api.w.org\/{rel}","templated":true}]}}