{"id":3456,"date":"2023-06-22T15:44:06","date_gmt":"2023-06-22T15:44:06","guid":{"rendered":"https:\/\/www.appyweb.es\/diccionario\/?post_type=project&#038;p=3456"},"modified":"2023-09-04T09:52:19","modified_gmt":"2023-09-04T09:52:19","slug":"post-patrocinado","status":"publish","type":"page","link":"https:\/\/www.appyweb.es\/diccionario\/post-patrocinado\/","title":{"rendered":"Post patrocinado"},"content":{"rendered":"<h1><\/h1>\n<p>Se trata de una publicaci\u00f3n que se utiliza para promocionar una marca o producto, <strong>un post patrocinado funciona de forma similar que los anuncios en Internet<\/strong>, se paga por un espacio para publicar y se da a conocer un servicio o empresa.<\/p>\n<h2>\u00bfQu\u00e9 es un post patrocinado?<\/h2>\n<p>Como bien lo dice en su nombre, hace la funci\u00f3n de patrocinar una empresa, negocio o marca en p\u00e1ginas online. Esto <strong>se realiza con la premisa de atraer a una audiencia espec\u00edfica<\/strong>, que sigue fielmente a un blog o influencer en redes sociales, por lo que las publicaciones all\u00ed tienen m\u00e1s confiabilidad.<\/p>\n<p>Este tipo de <a href=\"https:\/\/www.appyweb.es\/gestion-blog-empresas\/\">marketing en la gesti\u00f3n de blogs<\/a> suele ser muy rentable y permite a\u00f1adir beneficios m\u00e1s que los espacios publicitarios. De hecho, <strong>los post patrocinados pueden ser posicionados org\u00e1nicamente<\/strong> y ofrecer el mismo valor a\u00f1adido que una publicaci\u00f3n normal.<\/p>\n<h2>\u00bfPara qu\u00e9 sirve un post patrocinado?<\/h2>\n<p>La principal funcionalidad de este modelo publicitario es la discreci\u00f3n y la efectividad, la verdad es que un post patrocinado puede tener m\u00e1s reacciones que un banner publicitario, ya que su intenci\u00f3n no es solo vender, sino tambi\u00e9n tener una conexi\u00f3n con el usuario. <strong>Incluso muchos de estos modelos incluyen t\u00e9cnicas como el storytelling<\/strong>, que permiten vender contando historias emp\u00e1ticas.<\/p>\n<p>Se trata de <a href=\"https:\/\/www.appyweb.es\/marketing-de-contenidos\/\">una excelente t\u00e9cnica de marketing de contenidos<\/a> donde una empresa se beneficia por un m\u00e9todo de vender tan sutil, y un propietario de un blog puede ganar dinero extra, tanto por venta de espacio publicitario como por comisiones.<\/p>\n<h2>\u00bfC\u00f3mo funciona la estrategia de post patrocinado?<\/h2>\n<p>Una publicaci\u00f3n patrocinada no suele diferenciarse mucho de un post normal dentro de un sitio, la diferencia es que <strong>tendr\u00e1 una tendencia a recomendar m\u00e1s abiertamente un producto<\/strong>, servicio o marca. La forma en c\u00f3mo se presente el contenido tendr\u00e1 que ver con la modalidad del autor, bien puede ser un review, una infograf\u00eda o v\u00eddeo.<\/p>\n<p>En algunos casos, se incluyen los medios de contacto de dicha empresa, as\u00ed como varios enlaces con estrategias de conversi\u00f3n, como suscripciones, formularios, p\u00e1ginas de aterrizaje con m\u00e1s informaci\u00f3n, etc. Este elemento publicitario suele tener un coste elevado, pudiendo superar la barrera de los 200$ dependiendo de la posici\u00f3n del blog en buscadores.<\/p>\n<h2>Ejemplos de post patrocinado<\/h2>\n<p>Por ejemplo, un medio de comunicaci\u00f3n digital suele vender <strong>enlaces patrocinados haciendo una noticia referente a una empresa<\/strong>. Por ejemplo, un evento o una celebraci\u00f3n, la mayor\u00eda de las marcas pagan para patrocinar publicaciones en redes sociales para darle cobertura a alg\u00fan evento que pueda mejorar su imagen de marca.<\/p>\n<p>En YouTube, tambi\u00e9n es una buena modalidad de publicidad, por ejemplo, los youtubers famosos hablan acerca de una marca en sus contenidos. Los <em>unboxing<\/em>, los <em>haul<\/em> o <em>product revelation<\/em> son algunos de los v\u00eddeos que suelen estar promocionados.<\/p>\n<p><script type=\"application\/ld+json\">{\"@context\":\"https:\/\/schema.org\",\"@type\":\"FAQPage\",\"mainEntity\":[ \n{\"@type\":\"Question\",\"name\":\"\ud83d\udccc \u00bfQu\u00e9 es un post patrocinado?\",\"acceptedAnswer\":{\"@type\":\"Answer\",\"text\":\"<\/p>\n<p>Como bien lo dice en su nombre, hace la funci\u00f3n de patrocinar una empresa, negocio o marca en p\u00e1ginas online. Esto <strong>se realiza con la premisa de atraer a una audiencia espec\u00edfica<\/strong>, que sigue fielmente a un blog o influencer en redes sociales, por lo que las publicaciones all\u00ed tienen m\u00e1s confiabilidad.<\/p>\n<p>Este tipo de <a href='https:\/\/www.appyweb.es\/gestion-blog-empresas\/'>marketing en la gesti\u00f3n de blogs<\/a> suele ser muy rentable y permite a\u00f1adir beneficios m\u00e1s que los espacios publicitarios. De hecho, <strong>los post patrocinados pueden ser posicionados org\u00e1nicamente<\/strong> y ofrecer el mismo valor a\u00f1adido que una publicaci\u00f3n normal.<\/p>\n<p>\"}},\n{\"@type\":\"Question\",\"name\":\"\ud83d\udccc \u00bfPara qu\u00e9 sirve un post patrocinado?\",\"acceptedAnswer\":{\"@type\":\"Answer\",\"text\":\"<\/p>\n<p>La principal funcionalidad de este modelo publicitario es la discreci\u00f3n y la efectividad, la verdad es que un post patrocinado puede tener m\u00e1s reacciones que un banner publicitario, ya que su intenci\u00f3n no es solo vender, sino tambi\u00e9n tener una conexi\u00f3n con el usuario. <strong>Incluso muchos de estos modelos incluyen t\u00e9cnicas como el storytelling<\/strong>, que permiten vender contando historias emp\u00e1ticas.<\/p>\n<p>Se trata de <a href='https:\/\/www.appyweb.es\/marketing-de-contenidos\/'>una excelente t\u00e9cnica de marketing de contenidos<\/a> donde una empresa se beneficia por un m\u00e9todo de vender tan sutil, y un propietario de un blog puede ganar dinero extra, tanto por venta de espacio publicitario como por comisiones. <\/p>\n<p>\"}},\n{\"@type\":\"Question\",\"name\":\"\ud83d\udccc \u00bfC\u00f3mo funciona la estrategia de post patrocinado?\",\"acceptedAnswer\":{\"@type\":\"Answer\",\"text\":\"<\/p>\n<p>Una publicaci\u00f3n patrocinada no suele diferenciarse mucho de un post normal dentro de un sitio, la diferencia es que <strong>tendr\u00e1 una tendencia a recomendar m\u00e1s abiertamente un producto<\/strong>, servicio o marca. La forma en c\u00f3mo se presente el contenido tendr\u00e1 que ver con la modalidad del autor, bien puede ser un review, una infograf\u00eda o v\u00eddeo.<\/p>\n<p>En algunos casos, se incluyen los medios de contacto de dicha empresa, as\u00ed como varios enlaces con estrategias de conversi\u00f3n, como suscripciones, formularios, p\u00e1ginas de aterrizaje con m\u00e1s informaci\u00f3n, etc. Este elemento publicitario suele tener un coste elevado, pudiendo superar la barrera de los 200$ dependiendo de la posici\u00f3n del blog en buscadores.<\/p>\n<p>\"}},\n{\"@type\":\"Question\",\"name\":\"\ud83d\udccc Ejemplos de post patrocinado\",\"acceptedAnswer\":{\"@type\":\"Answer\",\"text\":\"<\/p>\n<p>Por ejemplo, un medio de comunicaci\u00f3n digital suele vender <strong>enlaces patrocinados haciendo una noticia referente a una empresa<\/strong>. Por ejemplo, un evento o una celebraci\u00f3n, la mayor\u00eda de las marcas pagan para patrocinar publicaciones en redes sociales para darle cobertura a alg\u00fan evento que pueda mejorar su imagen de marca.<\/p>\n<p>En YouTube, tambi\u00e9n es una buena modalidad de publicidad, por ejemplo, los youtubers famosos hablan acerca de una marca en sus contenidos. Los <em>unboxing<\/em>, los <em>haul<\/em> o <em>product revelation<\/em> son algunos de los v\u00eddeos que suelen estar promocionados.<\/p>\n<p>\"}}\n]}<\/script><\/p>\n<h2>M\u00e1s informaci\u00f3n sobre post patrocinado<\/h2>\n<p>Algunos creen que la publicidad o ads de pago son la mejor opci\u00f3n para atraer una mayor audiencia, y no se equivocan, lo que sucede es que con <strong>las publicaciones de pago atraen una mejor calidad de clientes<\/strong>. Mira m\u00e1s al respecto en estos enlaces.<\/p>\n<ul>\n<li><a href=\"https:\/\/www.appyweb.es\/diccionario\/blog-post\/\">\u00bfQu\u00e9 es Blog Post y para qu\u00e9 sirve?<\/a><\/li>\n<li><a href=\"https:\/\/www.puromarketing.com\/42\/29705\/post-patrocinado-anuncio-funciona-mejor-facebook.html\" rel=\"nofollow noopener\" target=\"_blank\">Post patrocinado o anuncio \u00bfQu\u00e9 funciona mejor en Facebook?<\/a><\/li>\n<\/ul>\n<p>&nbsp;<\/p>\n","protected":false},"excerpt":{"rendered":"<p>Se trata de una publicaci\u00f3n que se utiliza para promocionar una marca o producto, un post patrocinado funciona de forma similar que los anuncios en Internet, se paga por un espacio para publicar y se da a conocer un servicio o empresa. \u00bfQu\u00e9 es un post patrocinado? Como bien lo dice en su nombre, hace [&hellip;]<\/p>\n","protected":false},"author":1,"featured_media":0,"parent":0,"menu_order":0,"comment_status":"open","ping_status":"closed","template":"","meta":{"inline_featured_image":false,"footnotes":""},"class_list":["post-3456","page","type-page","status-publish","hentry"],"_links":{"self":[{"href":"https:\/\/www.appyweb.es\/diccionario\/wp-json\/wp\/v2\/pages\/3456","targetHints":{"allow":["GET"]}}],"collection":[{"href":"https:\/\/www.appyweb.es\/diccionario\/wp-json\/wp\/v2\/pages"}],"about":[{"href":"https:\/\/www.appyweb.es\/diccionario\/wp-json\/wp\/v2\/types\/page"}],"author":[{"embeddable":true,"href":"https:\/\/www.appyweb.es\/diccionario\/wp-json\/wp\/v2\/users\/1"}],"replies":[{"embeddable":true,"href":"https:\/\/www.appyweb.es\/diccionario\/wp-json\/wp\/v2\/comments?post=3456"}],"version-history":[{"count":5,"href":"https:\/\/www.appyweb.es\/diccionario\/wp-json\/wp\/v2\/pages\/3456\/revisions"}],"predecessor-version":[{"id":12336,"href":"https:\/\/www.appyweb.es\/diccionario\/wp-json\/wp\/v2\/pages\/3456\/revisions\/12336"}],"wp:attachment":[{"href":"https:\/\/www.appyweb.es\/diccionario\/wp-json\/wp\/v2\/media?parent=3456"}],"curies":[{"name":"wp","href":"https:\/\/api.w.org\/{rel}","templated":true}]}}