{"id":3469,"date":"2023-06-22T15:48:54","date_gmt":"2023-06-22T15:48:54","guid":{"rendered":"https:\/\/www.appyweb.es\/diccionario\/?post_type=project&#038;p=3469"},"modified":"2024-03-25T08:09:06","modified_gmt":"2024-03-25T08:09:06","slug":"prensalink","status":"publish","type":"page","link":"https:\/\/www.appyweb.es\/diccionario\/prensalink\/","title":{"rendered":"Prensalink"},"content":{"rendered":"<h1><img loading=\"lazy\" decoding=\"async\" class=\"alignnone  wp-image-12344\" src=\"https:\/\/www.appyweb.es\/diccionario\/wp-content\/uploads\/2024\/03\/prensaclick-300x180.jpg\" alt=\"Prensaclick\" width=\"973\" height=\"584\" srcset=\"https:\/\/www.appyweb.es\/diccionario\/wp-content\/uploads\/2024\/03\/prensaclick-300x180.jpg 300w, https:\/\/www.appyweb.es\/diccionario\/wp-content\/uploads\/2024\/03\/prensaclick-768x461.jpg 768w, https:\/\/www.appyweb.es\/diccionario\/wp-content\/uploads\/2024\/03\/prensaclick.jpg 1000w\" sizes=\"auto, (max-width: 973px) 100vw, 973px\" \/><\/h1>\n<p>Es una empresa que ofrece servicios de posicionamiento de enlaces a partir de peri\u00f3dicos y medios en Internet. <strong>Prensalink ofrece la posibilidad de redactar art\u00edculos con enlaces patrocinados<\/strong> y posicionarlos en blogs importantes en el sector.<\/p>\n<h2>\u00bfQu\u00e9 es Prensalink?<\/h2>\n<p>Se trata de una empresa que se encarga de conseguir espacios en peri\u00f3dicos o blogs bien posicionados, <strong>con la intenci\u00f3n de introducir los enlaces de sus clientes<\/strong>. De esta forma, Prensalink trabaja con <a href=\"https:\/\/www.appyweb.es\/link-building\/\">estrategias de link building de alta calidad<\/a>, que busca posicionar a la empresa de sus clientes en los primeros lugares de las p\u00e1ginas de resultados de b\u00fasqueda.<\/p>\n<p>No se trata de publicar anuncios en esos espacios digitales, sino aprovechar estrategias de marketing de contenidos, de forma que el enlace se inserte de forma natural, para alcanzar los mejores resultados org\u00e1nicos.<\/p>\n<h2>\u00bfPara qu\u00e9 sirve el Prensalink?<\/h2>\n<p>Esta empresa ofrece muchas funcionalidades en conjunto con la incorporaci\u00f3n de enlaces patrocinados, como es aumentar la visibilidad y popularidad de la marca en Internet. Gracias a las estrategias de <a href=\"https:\/\/www.appyweb.es\/marketing-de-contenidos\/\">marketing de contenidos de valor<\/a> es posible mejorar la imagen de marca desde el punto de vista de la audiencia y de los expertos.<\/p>\n<p>Igualmente, <strong>Prensalink asegura que puede aumentar el nivel de ventas<\/strong> sujeto al incremento del tr\u00e1fico que se obtendr\u00e1 a partir del enlace. En pocas palabras, se trata de un recurso de SEO que beneficiar\u00e1 a la empresa, tanto en el sector como en las ventas.<\/p>\n<h2>\u00bfC\u00f3mo funciona Presalink?<\/h2>\n<p>Ellos se encargan de toda la gesti\u00f3n, pero cuentan con una herramienta que permite que todo el proceso con el cliente sea m\u00e1s automatizado y \u00f3ptimo. Los pasos que se deben seguir son los siguientes.<\/p>\n<ol>\n<li>El cliente se registrar\u00e1 en la herramienta desde el <a href=\"https:\/\/prensalink.com\/faq\/\" rel=\"nofollow noopener\" target=\"_blank\">sitio web de Prensalink<\/a>, es gratuito y no requiere de mucho protocolo.<\/li>\n<li>Seguidamente, <strong>se selecciona el medio o blog donde el cliente quiere publicar su enlace<\/strong>, hay un cat\u00e1logo de hasta 6000 medios y se pueden filtrar por pa\u00eds o categor\u00edas.<\/li>\n<li>Despu\u00e9s, se redacta el art\u00edculo, el cliente tiene la opci\u00f3n de hacerlo por su cuenta o solicitar el servicio sin coste adicional en el sitio. All\u00ed se a\u00f1ade el enlace.<\/li>\n<li>Finalmente, la herramienta enviar\u00e1 un enlace del post ya publicado, que se puede utilizar para promocionar o hacer linkbuilding de segundo nivel.<\/li>\n<\/ol>\n<h2>\u00bfCu\u00e1ntos enlaces se pueden utilizar en Prensalink?<\/h2>\n<p>El cliente puede solicitar varios enlaces dependiendo de la extensi\u00f3n del art\u00edculo, <strong>pero lo m\u00e1s recomendado es que sean m\u00e1ximo 2 por texto<\/strong>, por cuestiones de SEO y optimizaci\u00f3n. Tambi\u00e9n depender\u00e1 del medio donde ser\u00e1 publicado, algunos admiten hasta m\u00e1ximo 4 enlaces por post.<\/p>\n<p>Asimismo, la empresa recalca que no tienen un servicio de enlazado compartido, es decir, no introducen enlaces de otras empresas en el mismo texto. Esto permite que el v\u00ednculo sea de mayor calidad y evite ser posicionado a favor de la competencia.<\/p>\n<p><script type=\"application\/ld+json\">{\"@context\":\"https:\/\/schema.org\",\"@type\":\"FAQPage\",\"mainEntity\":[ \n{\"@type\":\"Question\",\"name\":\"\ud83d\udccc \u00bfQu\u00e9 es Prensalink?\",\"acceptedAnswer\":{\"@type\":\"Answer\",\"text\":\"<\/p>\n<p>Se trata de una empresa que se encarga de conseguir espacios en peri\u00f3dicos o blogs bien posicionados, <strong>con la intenci\u00f3n de introducir los enlaces de sus clientes<\/strong>. De esta forma, Prensalink trabaja con <a href='https:\/\/www.appyweb.es\/link-building\/'>estrategias de link building de alta calidad<\/a>, que busca posicionar a la empresa de sus clientes en los primeros lugares de las p\u00e1ginas de resultados de b\u00fasqueda.<\/p>\n<p>No se trata de publicar anuncios en esos espacios digitales, sino aprovechar estrategias de marketing de contenidos, de forma que el enlace se inserte de forma natural, para alcanzar los mejores resultados org\u00e1nicos.<\/p>\n<p>\"}},\n{\"@type\":\"Question\",\"name\":\"\ud83d\udccc \u00bfPara qu\u00e9 sirve el Prensalink?\",\"acceptedAnswer\":{\"@type\":\"Answer\",\"text\":\"<\/p>\n<p>Esta empresa ofrece muchas funcionalidades en conjunto con la incorporaci\u00f3n de enlaces patrocinados, como es aumentar la visibilidad y popularidad de la marca en Internet. Gracias a las estrategias de <a href='https:\/\/www.appyweb.es\/marketing-de-contenidos\/'>marketing de contenidos de valor<\/a> es posible mejorar la imagen de marca desde el punto de vista de la audiencia y de los expertos.<\/p>\n<p>Igualmente, <strong>Prensalink asegura que puede aumentar el nivel de ventas<\/strong> sujeto al incremento del tr\u00e1fico que se obtendr\u00e1 a partir del enlace. En pocas palabras, se trata de un recurso de SEO que beneficiar\u00e1 a la empresa, tanto en el sector como en las ventas.<\/p>\n<p>\"}},\n{\"@type\":\"Question\",\"name\":\"\ud83d\udccc \u00bfC\u00f3mo funciona Presalink?\",\"acceptedAnswer\":{\"@type\":\"Answer\",\"text\":\"<\/p>\n<p>Ellos se encargan de toda la gesti\u00f3n, pero cuentan con una herramienta que permite que todo el proceso con el cliente sea m\u00e1s automatizado y \u00f3ptimo. Los pasos que se deben seguir son los siguientes.<\/p>\n<\/p>\n<ol>\n<\/p>\n<li>El cliente se registrar\u00e1 en la herramienta desde el <a href='https:\/\/prensalink.com\/faq\/'>sitio web de Prensalink<\/a>, es gratuito y no requiere de mucho protocolo.<\/li>\n<\/p>\n<\/p>\n<\/p>\n<li>Seguidamente, <strong>se selecciona el medio o blog donde el cliente quiere publicar su enlace<\/strong>, hay un cat\u00e1logo de hasta 6000 medios y se pueden filtrar por pa\u00eds o categor\u00edas.<\/li>\n<\/p>\n<\/p>\n<\/p>\n<li>Despu\u00e9s, se redacta el art\u00edculo, el cliente tiene la opci\u00f3n de hacerlo por su cuenta o solicitar el servicio sin coste adicional en el sitio. All\u00ed se a\u00f1ade el enlace.<\/li>\n<\/p>\n<\/p>\n<\/p>\n<li>Finalmente, la herramienta enviar\u00e1 un enlace del post ya publicado, que se puede utilizar para promocionar o hacer linkbuilding de segundo nivel.<\/li>\n<\/p>\n<\/p>\n<\/ol>\n<\/p>\n<\/p>\n<p>\"}},\n{\"@type\":\"Question\",\"name\":\"\ud83d\udccc \u00bfCu\u00e1ntos enlaces se pueden utilizar en Prensalink?\",\"acceptedAnswer\":{\"@type\":\"Answer\",\"text\":\"<\/p>\n<p>El cliente puede solicitar varios enlaces dependiendo de la extensi\u00f3n del art\u00edculo, <strong>pero lo m\u00e1s recomendado es que sean m\u00e1ximo 2 por texto<\/strong>, por cuestiones de SEO y optimizaci\u00f3n. Tambi\u00e9n depender\u00e1 del medio donde ser\u00e1 publicado, algunos admiten hasta m\u00e1ximo 4 enlaces por post.<\/p>\n<p>Asimismo, la empresa recalca que no tienen un servicio de enlazado compartido, es decir, no introducen enlaces de otras empresas en el mismo texto. Esto permite que el v\u00ednculo sea de mayor calidad y evite ser posicionado a favor de la competencia.<\/p>\n<p>\"}}\n]}<\/script><\/p>\n<h2>M\u00e1s informaci\u00f3n sobre Prensalink<\/h2>\n<p>Este tipo de herramientas es muy sustancial para <strong>mejorar la difusi\u00f3n de los servicios de una empresa en medios verdaderamente exitosos<\/strong>, \u00bfquieres conocer m\u00e1s sobre ella? mira estos enlaces.<\/p>\n<ul>\n<li><a href=\"https:\/\/www.appyweb.es\/10-ejemplos-linkbuilding-posicionar-web\/\">10 ejemplos de link building para posicionar tu web<\/a><\/li>\n<li><a href=\"https:\/\/prensalink.com\/faq\/\" rel=\"nofollow noopener\" target=\"_blank\">Preguntas frecuentes sobre los servicios de Prensalink<\/a><\/li>\n<\/ul>\n","protected":false},"excerpt":{"rendered":"<p>Es una empresa que ofrece servicios de posicionamiento de enlaces a partir de peri\u00f3dicos y medios en Internet. Prensalink ofrece la posibilidad de redactar art\u00edculos con enlaces patrocinados y posicionarlos en blogs importantes en el sector. \u00bfQu\u00e9 es Prensalink? Se trata de una empresa que se encarga de conseguir espacios en peri\u00f3dicos o blogs bien [&hellip;]<\/p>\n","protected":false},"author":1,"featured_media":12344,"parent":0,"menu_order":0,"comment_status":"open","ping_status":"closed","template":"","meta":{"inline_featured_image":false,"footnotes":""},"class_list":["post-3469","page","type-page","status-publish","has-post-thumbnail","hentry"],"_links":{"self":[{"href":"https:\/\/www.appyweb.es\/diccionario\/wp-json\/wp\/v2\/pages\/3469","targetHints":{"allow":["GET"]}}],"collection":[{"href":"https:\/\/www.appyweb.es\/diccionario\/wp-json\/wp\/v2\/pages"}],"about":[{"href":"https:\/\/www.appyweb.es\/diccionario\/wp-json\/wp\/v2\/types\/page"}],"author":[{"embeddable":true,"href":"https:\/\/www.appyweb.es\/diccionario\/wp-json\/wp\/v2\/users\/1"}],"replies":[{"embeddable":true,"href":"https:\/\/www.appyweb.es\/diccionario\/wp-json\/wp\/v2\/comments?post=3469"}],"version-history":[{"count":5,"href":"https:\/\/www.appyweb.es\/diccionario\/wp-json\/wp\/v2\/pages\/3469\/revisions"}],"predecessor-version":[{"id":12348,"href":"https:\/\/www.appyweb.es\/diccionario\/wp-json\/wp\/v2\/pages\/3469\/revisions\/12348"}],"wp:featuredmedia":[{"embeddable":true,"href":"https:\/\/www.appyweb.es\/diccionario\/wp-json\/wp\/v2\/media\/12344"}],"wp:attachment":[{"href":"https:\/\/www.appyweb.es\/diccionario\/wp-json\/wp\/v2\/media?parent=3469"}],"curies":[{"name":"wp","href":"https:\/\/api.w.org\/{rel}","templated":true}]}}