{"id":3478,"date":"2023-06-22T15:51:43","date_gmt":"2023-06-22T15:51:43","guid":{"rendered":"https:\/\/www.appyweb.es\/diccionario\/?post_type=project&#038;p=3478"},"modified":"2024-03-25T08:18:09","modified_gmt":"2024-03-25T08:18:09","slug":"prestashop","status":"publish","type":"page","link":"https:\/\/www.appyweb.es\/diccionario\/prestashop\/","title":{"rendered":"PrestaShop"},"content":{"rendered":"<h1><img loading=\"lazy\" decoding=\"async\" class=\"alignnone  wp-image-12355\" src=\"https:\/\/www.appyweb.es\/diccionario\/wp-content\/uploads\/2024\/03\/prestashop-300x180.jpg\" alt=\"PrestaShop\" width=\"975\" height=\"585\" srcset=\"https:\/\/www.appyweb.es\/diccionario\/wp-content\/uploads\/2024\/03\/prestashop-300x180.jpg 300w, https:\/\/www.appyweb.es\/diccionario\/wp-content\/uploads\/2024\/03\/prestashop-768x461.jpg 768w, https:\/\/www.appyweb.es\/diccionario\/wp-content\/uploads\/2024\/03\/prestashop.jpg 1000w\" sizes=\"auto, (max-width: 975px) 100vw, 975px\" \/><\/h1>\n<p>Es un sistema de gesti\u00f3n de contenidos, de hecho, <strong>PrestaShop es uno de los m\u00e1s utilizados para dise\u00f1ar tiendas online<\/strong> o plataformas e-commerce. Es ideal para peque\u00f1as empresas que apenas est\u00e1n iniciando en el mundo del dise\u00f1o web.<\/p>\n<h2>\u00bfQu\u00e9 es PrestaShop?<\/h2>\n<p>Es un sistema abierto que <strong>permite que un comerciante pueda construir y gestionar su tienda online<\/strong>. PrestaShop es una plataforma gratuita, con un sistema dise\u00f1ado en m\u00e1s de 75 idiomas, lo que implica la posibilidad de globalizaci\u00f3n. Aparte, tambi\u00e9n permite la gesti\u00f3n de ventas en diferentes monedas.<\/p>\n<p>Aunque bien se puede utilizar para <a href=\"https:\/\/www.appyweb.es\/gestion-blog-empresas\/\">gestionar el blog de empresas<\/a>, es el m\u00e1s recomendado para sitios web de comercio, es decir, tiendas online. Esto es porque cuenta con m\u00e1s de 5000 m\u00f3dulos con funcionalidades y caracter\u00edsticas b\u00e1sicas de un e-commerce, carrito de compras, cat\u00e1logo, formularios de compras, etc.<\/p>\n<h2>Origen del PrestaShop<\/h2>\n<p>Fue fundada en el 2007 por Igor Schlumberger, luego de que desarrollara un sistema basado en PHP y MySQL, con el paso de los a\u00f1os se han a\u00f1adido otras caracter\u00edsticas como un c\u00f3digo Symfony desde el 2016. Actualmente, es la <a href=\"https:\/\/www.appyweb.es\/diseno-tienda-online\/\">base del dise\u00f1o de tienda online<\/a> de hasta m\u00e1s de 300 mil empresas.<\/p>\n<p>Su sede original fue abierta en Par\u00eds, donde ha permanecido su gesti\u00f3n principal desde el 2007. Tambi\u00e9n tiene otra sede en Miami.<\/p>\n<h2>\u00bfPara qu\u00e9 sirve el PrestaShop?<\/h2>\n<p>Es un CMS, es decir, un gestor de contenidos, es muy similar a WordPress, pero cuenta con muchas diferencias. Primero, <strong>se basa en la construcci\u00f3n de tiendas online<\/strong>, es decir, no se trata de una plataforma de contenidos cualquiera, cuenta con m\u00f3dulos que permiten crear viajes de compras apropiados para incentivar a los usuarios a convertirse en clientes.<\/p>\n<p>Igualmente, es una gran opci\u00f3n para las peque\u00f1as empresas, ya que su funcionamiento es muy intuitivo. Aunque tambi\u00e9n <strong>cuenta con funcionalidades de migraci\u00f3n desde servidores<\/strong>, siendo capaces de aumentar la capacidad de almacenamiento. Esto permite que el sitio web sea m\u00e1s r\u00e1pido y pueda expandirse con el paso del tiempo.<\/p>\n<h2>Caracter\u00edsticas de PrestaShop<\/h2>\n<ul>\n<li>Tiene funcionalidades especiales para trabajar con multi-idiomas, contiene 75 idiomas disponibles.<\/li>\n<li>Utiliza AJAX en el panel de gesti\u00f3n, esto permite personalizar el sitio al m\u00e1ximo.<\/li>\n<li>Cuenta con m\u00f3dulos muy variados y originales, siempre est\u00e1n a\u00f1adiendo m\u00e1s para mejorar el aspecto de las tiendas.<\/li>\n<li>Ofrece m\u00e1s de 300 funcionalidades, incluye navegaci\u00f3n por capas, plantillas personalizadas, an\u00e1lisis e informes, etc.<\/li>\n<li>Tiene un <strong>servicio de formaci\u00f3n que ofrece cursos de marketing online<\/strong>, dise\u00f1o, oratoria, etc.<\/li>\n<\/ul>\n<p><script type=\"application\/ld+json\">{\"@context\":\"https:\/\/schema.org\",\"@type\":\"FAQPage\",\"mainEntity\":[ \n{\"@type\":\"Question\",\"name\":\"\ud83d\udccc \u00bfQu\u00e9 es PrestaShop?\",\"acceptedAnswer\":{\"@type\":\"Answer\",\"text\":\"<\/p>\n<p>Es un sistema abierto que <strong>permite que un comerciante pueda construir y gestionar su tienda online<\/strong>. PrestaShop es una plataforma gratuita, con un sistema dise\u00f1ado en m\u00e1s de 75 idiomas, lo que implica la posibilidad de globalizaci\u00f3n. Aparte, tambi\u00e9n permite la gesti\u00f3n de ventas en diferentes monedas.<\/p>\n<p>Aunque bien se puede utilizar para <a href='https:\/\/www.appyweb.es\/gestion-blog-empresas\/'>gestionar el blog de empresas<\/a>, es el m\u00e1s recomendado para sitios web de comercio, es decir, tiendas online. Esto es porque cuenta con m\u00e1s de 5000 m\u00f3dulos con funcionalidades y caracter\u00edsticas b\u00e1sicas de un e-commerce, carrito de compras, cat\u00e1logo, formularios de compras, etc.<\/p>\n<p>\"}},\n{\"@type\":\"Question\",\"name\":\"\ud83d\udccc Origen del PrestaShop\",\"acceptedAnswer\":{\"@type\":\"Answer\",\"text\":\"<\/p>\n<p>Fue fundada en el 2007 por Igor Schlumberger, luego de que desarrollara un sistema basado en PHP y MySQL, con el paso de los a\u00f1os se han a\u00f1adido otras caracter\u00edsticas como un c\u00f3digo Symfony desde el 2016. Actualmente, es la <a href='https:\/\/www.appyweb.es\/diseno-tienda-online\/'>base del dise\u00f1o de tienda online<\/a> de hasta m\u00e1s de 300 mil empresas.<\/p>\n<p>Su sede original fue abierta en Par\u00eds, donde ha permanecido su gesti\u00f3n principal desde el 2007. Tambi\u00e9n tiene otra sede en Miami.<\/p>\n<p>\"}},\n{\"@type\":\"Question\",\"name\":\"\ud83d\udccc \u00bfPara qu\u00e9 sirve el PrestaShop?\",\"acceptedAnswer\":{\"@type\":\"Answer\",\"text\":\"<\/p>\n<p>Es un CMS, es decir, un gestor de contenidos, es muy similar a WordPress, pero cuenta con muchas diferencias. Primero, <strong>se basa en la construcci\u00f3n de tiendas online<\/strong>, es decir, no se trata de una plataforma de contenidos cualquiera, cuenta con m\u00f3dulos que permiten crear viajes de compras apropiados para incentivar a los usuarios a convertirse en clientes.<\/p>\n<p>Igualmente, es una gran opci\u00f3n para las peque\u00f1as empresas, ya que su funcionamiento es muy intuitivo. Aunque tambi\u00e9n <strong>cuenta con funcionalidades de migraci\u00f3n desde servidores<\/strong>, siendo capaces de aumentar la capacidad de almacenamiento. Esto permite que el sitio web sea m\u00e1s r\u00e1pido y pueda expandirse con el paso del tiempo.<\/p>\n<p>\"}},\n{\"@type\":\"Question\",\"name\":\"\ud83d\udccc Caracter\u00edsticas de PrestaShop\",\"acceptedAnswer\":{\"@type\":\"Answer\",\"text\":\"<\/p>\n<\/p>\n<ul>\n<\/p>\n<li>Tiene funcionalidades especiales para trabajar con multi-idiomas, contiene 75 idiomas disponibles.<\/li>\n<\/p>\n<\/p>\n<\/p>\n<li>Utiliza AJAX en el panel de gesti\u00f3n, esto permite personalizar el sitio al m\u00e1ximo.<\/li>\n<\/p>\n<\/p>\n<\/p>\n<li>Cuenta con m\u00f3dulos muy variados y originales, siempre est\u00e1n a\u00f1adiendo m\u00e1s para mejorar el aspecto de las tiendas.<\/li>\n<\/p>\n<\/p>\n<\/p>\n<li>Ofrece m\u00e1s de 300 funcionalidades, incluye navegaci\u00f3n por capas, plantillas personalizadas, an\u00e1lisis e informes, etc.<\/li>\n<\/p>\n<\/p>\n<\/p>\n<li>Tiene un <strong>servicio de formaci\u00f3n que ofrece cursos de marketing online<\/strong>, dise\u00f1o, oratoria, etc.<\/li>\n<\/p>\n<\/p>\n<\/ul>\n<\/p>\n<\/p>\n<p>\"}}\n]}<\/script><\/p>\n<h2>M\u00e1s informaci\u00f3n sobre PrestaShop<\/h2>\n<p>Aunque cuenta con mucha popularidad, siempre est\u00e1 compitiendo con Shopify y otras plataformas similares \u00bfquieres saber cu\u00e1l es la mejor? mira estos enlaces.<\/p>\n<ul>\n<li><a href=\"https:\/\/www.appyweb.es\/7-ventajas-wordpress-pagina-web\/\">7 ventajas que ofrece WordPress para tu p\u00e1gina web<\/a><\/li>\n<li><a href=\"https:\/\/es.wikipedia.org\/wiki\/PrestaShop#Alternativas_a_PrestaShop\" rel=\"nofollow noopener\" target=\"_blank\">Alternativas a PrestaShop<\/a><\/li>\n<\/ul>\n<p>&nbsp;<\/p>\n","protected":false},"excerpt":{"rendered":"<p>Es un sistema de gesti\u00f3n de contenidos, de hecho, PrestaShop es uno de los m\u00e1s utilizados para dise\u00f1ar tiendas online o plataformas e-commerce. Es ideal para peque\u00f1as empresas que apenas est\u00e1n iniciando en el mundo del dise\u00f1o web. \u00bfQu\u00e9 es PrestaShop? Es un sistema abierto que permite que un comerciante pueda construir y gestionar su [&hellip;]<\/p>\n","protected":false},"author":1,"featured_media":12355,"parent":0,"menu_order":0,"comment_status":"open","ping_status":"closed","template":"","meta":{"inline_featured_image":false,"footnotes":""},"class_list":["post-3478","page","type-page","status-publish","has-post-thumbnail","hentry"],"_links":{"self":[{"href":"https:\/\/www.appyweb.es\/diccionario\/wp-json\/wp\/v2\/pages\/3478","targetHints":{"allow":["GET"]}}],"collection":[{"href":"https:\/\/www.appyweb.es\/diccionario\/wp-json\/wp\/v2\/pages"}],"about":[{"href":"https:\/\/www.appyweb.es\/diccionario\/wp-json\/wp\/v2\/types\/page"}],"author":[{"embeddable":true,"href":"https:\/\/www.appyweb.es\/diccionario\/wp-json\/wp\/v2\/users\/1"}],"replies":[{"embeddable":true,"href":"https:\/\/www.appyweb.es\/diccionario\/wp-json\/wp\/v2\/comments?post=3478"}],"version-history":[{"count":5,"href":"https:\/\/www.appyweb.es\/diccionario\/wp-json\/wp\/v2\/pages\/3478\/revisions"}],"predecessor-version":[{"id":12358,"href":"https:\/\/www.appyweb.es\/diccionario\/wp-json\/wp\/v2\/pages\/3478\/revisions\/12358"}],"wp:featuredmedia":[{"embeddable":true,"href":"https:\/\/www.appyweb.es\/diccionario\/wp-json\/wp\/v2\/media\/12355"}],"wp:attachment":[{"href":"https:\/\/www.appyweb.es\/diccionario\/wp-json\/wp\/v2\/media?parent=3478"}],"curies":[{"name":"wp","href":"https:\/\/api.w.org\/{rel}","templated":true}]}}