{"id":3482,"date":"2023-06-22T15:52:36","date_gmt":"2023-06-22T15:52:36","guid":{"rendered":"https:\/\/www.appyweb.es\/diccionario\/?post_type=project&#038;p=3482"},"modified":"2024-03-25T08:23:19","modified_gmt":"2024-03-25T08:23:19","slug":"presupuesto-diario","status":"publish","type":"page","link":"https:\/\/www.appyweb.es\/diccionario\/presupuesto-diario\/","title":{"rendered":"Presupuesto diario"},"content":{"rendered":"<h1><img loading=\"lazy\" decoding=\"async\" class=\"alignnone  wp-image-12361\" src=\"https:\/\/www.appyweb.es\/diccionario\/wp-content\/uploads\/2024\/03\/presupuesto-diario-300x180.jpg\" alt=\"Presupuesto Diario\" width=\"975\" height=\"585\" srcset=\"https:\/\/www.appyweb.es\/diccionario\/wp-content\/uploads\/2024\/03\/presupuesto-diario-300x180.jpg 300w, https:\/\/www.appyweb.es\/diccionario\/wp-content\/uploads\/2024\/03\/presupuesto-diario-768x461.jpg 768w, https:\/\/www.appyweb.es\/diccionario\/wp-content\/uploads\/2024\/03\/presupuesto-diario.jpg 1000w\" sizes=\"auto, (max-width: 975px) 100vw, 975px\" \/><\/h1>\n<p>Se trata de un importe que se establece en la herramienta de Google Ads para que se muestre el anuncio un l\u00edmite de veces, seg\u00fan el presupuesto diario. <strong>Se trata de un promedio que indica la empresa cu\u00e1nto invertir\u00e1 diariamente<\/strong>.<\/p>\n<h2>\u00bfQu\u00e9 es un presupuesto diario?<\/h2>\n<p>El presupuesto diario es el que la empresa tiene pensado invertir en la aparici\u00f3n de su anuncio en el buscador (estrategias SEM). Se trata de <a href=\"https:\/\/www.appyweb.es\/campanas-google-adwords\/\">una funcionalidad de Google Ads<\/a> que permite indicarle a la herramienta cu\u00e1l es el l\u00edmite de la inversi\u00f3n, para que se ajuste a la cantidad de apariciones del anuncio.<\/p>\n<p>De esta forma, <strong>la empresa decide cu\u00e1l es la cantidad de dinero quiere gastar diariamente<\/strong>, dependiendo de la duraci\u00f3n de la campa\u00f1a, que puede ser desde dos semanas hasta meses. As\u00ed, el usuario no tendr\u00e1 la necesidad de cargar dinero constantemente y evitar que las campa\u00f1as se detengan en su mejor momento.<\/p>\n<h2>\u00bfPara qu\u00e9 sirve el presupuesto diario?<\/h2>\n<p>Su funci\u00f3n es ayudar que la empresa tenga <strong>mejor control del dinero que se quiere invertir en publicidad<\/strong> y evitar que se gaste de m\u00e1s sin necesidad. Es de gran utilidad, ya que permite que los anuncios se publiquen en la cantidad de tiempo planeada, as\u00ed tambi\u00e9n es m\u00e1s f\u00e1cil medir caracter\u00edsticas de los resultados, como tiempo de promoci\u00f3n o la <a href=\"https:\/\/www.appyweb.es\/conversion-web\/\">cantidad de conversiones web<\/a>.<\/p>\n<p>Asimismo, permite que se publiquen m\u00e1s anuncios los d\u00edas donde la empresa tenga m\u00e1s resultados, por ejemplo, para un anunciante con una agencia de festejos ser\u00e1 m\u00e1s apropiado publicar m\u00e1s anuncios los fines semana. As\u00ed, con el presupuesto diario no tendr\u00e1 que gastar dinero en esos d\u00edas donde sabe que no tendr\u00e1 muchas respuestas a su favor.<\/p>\n<h2>\u00bfC\u00f3mo funciona el presupuesto diario?<\/h2>\n<p>La empresa debe establecer un l\u00edmite diario de dinero dentro de la plataforma, esto se realiza al momento de crear una nueva campa\u00f1a o grupos de anuncios. De esta forma, <strong>sus anuncios ser\u00e1n publicados las veces que sea necesario<\/strong>, hasta llegar al l\u00edmite establecido.<\/p>\n<p>Al alcanzar el l\u00edmite, el anuncio dejar\u00e1 de publicarse. No todos los d\u00edas ser\u00e1 igual, eso variar\u00e1 dependiendo de las veces que se publique el anuncio o producto o bien la cantidad de b\u00fasquedas que incluyan las palabras claves escogidas para la campa\u00f1a.<\/p>\n<h2>Beneficios del presupuesto diario en Google Ads<\/h2>\n<p>El presupuesto diario en general ofrece la ventaja de tener mejor control de dinero que est\u00e9 destinado para publicidad, sin que existan p\u00e9rdidas indeseables y que puedan perjudicar a la misma. De esta forma, <strong>la empresa ver\u00e1 los resultados mensualmente con respecto a la publicidad<\/strong> en las herramientas de an\u00e1lisis asociadas.<\/p>\n<p>Igualmente, en las campa\u00f1as que requiere mayor inversi\u00f3n, por ejemplo, aquellas que se miden por conversiones y no por clics o impresiones, suelen tener un coste m\u00e1s elevado. Al <strong>establecer un promedio de la inversi\u00f3n ser\u00e1 m\u00e1s f\u00e1cil<\/strong> evitar que todo el dinero se consuma r\u00e1pidamente. Esto es necesario para garantizar que las conversiones sean de alta calidad.<\/p>\n<p><script type=\"application\/ld+json\">{\"@context\":\"https:\/\/schema.org\",\"@type\":\"FAQPage\",\"mainEntity\":[ \n{\"@type\":\"Question\",\"name\":\"\ud83d\udccc \u00bfQu\u00e9 es un presupuesto diario?\",\"acceptedAnswer\":{\"@type\":\"Answer\",\"text\":\"<\/p>\n<p>El presupuesto diario es el que la empresa tiene pensado invertir en la aparici\u00f3n de su anuncio en el buscador (estrategias SEM). Se trata de <a href='https:\/\/www.appyweb.es\/campanas-google-adwords\/'>una funcionalidad de Google Ads<\/a> que permite indicarle a la herramienta cu\u00e1l es el l\u00edmite de la inversi\u00f3n, para que se ajuste a la cantidad de apariciones del anuncio.<\/p>\n<p>De esta forma, <strong>la empresa decide cu\u00e1l es la cantidad de dinero quiere gastar diariamente<\/strong>, dependiendo de la duraci\u00f3n de la campa\u00f1a, que puede ser desde dos semanas hasta meses. As\u00ed, el usuario no tendr\u00e1 la necesidad de cargar dinero constantemente y evitar que las campa\u00f1as se detengan en su mejor momento.<\/p>\n<p>\"}},\n{\"@type\":\"Question\",\"name\":\"\ud83d\udccc \u00bfPara qu\u00e9 sirve el presupuesto diario?\",\"acceptedAnswer\":{\"@type\":\"Answer\",\"text\":\"<\/p>\n<p>Su funci\u00f3n es ayudar que la empresa tenga <strong>mejor control del dinero que se quiere invertir en publicidad<\/strong> y evitar que se gaste de m\u00e1s sin necesidad. Es de gran utilidad, ya que permite que los anuncios se publiquen en la cantidad de tiempo planeada, as\u00ed tambi\u00e9n es m\u00e1s f\u00e1cil medir caracter\u00edsticas de los resultados, como tiempo de promoci\u00f3n o la <a href='https:\/\/www.appyweb.es\/conversion-web\/'>cantidad de conversiones web<\/a>.<\/p>\n<p>Asimismo, permite que se publiquen m\u00e1s anuncios los d\u00edas donde la empresa tenga m\u00e1s resultados, por ejemplo, para un anunciante con una agencia de festejos ser\u00e1 m\u00e1s apropiado publicar m\u00e1s anuncios los fines semana. As\u00ed, con el presupuesto diario no tendr\u00e1 que gastar dinero en esos d\u00edas donde sabe que no tendr\u00e1 muchas respuestas a su favor.<\/p>\n<p>\"}},\n{\"@type\":\"Question\",\"name\":\"\ud83d\udccc \u00bfC\u00f3mo funciona el presupuesto diario?\",\"acceptedAnswer\":{\"@type\":\"Answer\",\"text\":\"<\/p>\n<p>La empresa debe establecer un l\u00edmite diario de dinero dentro de la plataforma, esto se realiza al momento de crear una nueva campa\u00f1a o grupos de anuncios. De esta forma, <strong>sus anuncios ser\u00e1n publicados las veces que sea necesario<\/strong>, hasta llegar al l\u00edmite establecido.<\/p>\n<p>Al alcanzar el l\u00edmite, el anuncio dejar\u00e1 de publicarse. No todos los d\u00edas ser\u00e1 igual, eso variar\u00e1 dependiendo de las veces que se publique el anuncio o producto o bien la cantidad de b\u00fasquedas que incluyan las palabras claves escogidas para la campa\u00f1a.<\/p>\n<p>\"}},\n{\"@type\":\"Question\",\"name\":\"\ud83d\udccc Beneficios del presupuesto diario en Google Ads\",\"acceptedAnswer\":{\"@type\":\"Answer\",\"text\":\"<\/p>\n<p>El presupuesto diario en general ofrece la ventaja de tener mejor control de dinero que est\u00e9 destinado para publicidad, sin que existan p\u00e9rdidas indeseables y que puedan perjudicar a la misma. De esta forma, <strong>la empresa ver\u00e1 los resultados mensualmente con respecto a la publicidad<\/strong> en las herramientas de an\u00e1lisis asociadas.<\/p>\n<p>Igualmente, en las campa\u00f1as que requiere mayor inversi\u00f3n, por ejemplo, aquellas que se miden por conversiones y no por clics o impresiones, suelen tener un coste m\u00e1s elevado. Al <strong>establecer un promedio de la inversi\u00f3n ser\u00e1 m\u00e1s f\u00e1cil<\/strong> evitar que todo el dinero se consuma r\u00e1pidamente. Esto es necesario para garantizar que las conversiones sean de alta calidad.<\/p>\n<p>\"}}\n]}<\/script><\/p>\n<h2>M\u00e1s informaci\u00f3n sobre presupuesto diario<\/h2>\n<p>Esta opci\u00f3n es una de las m\u00e1s convenientes para empresas en sistemas de anuncios para buscadores, es por eso que es importante conocer sus funcionalidades a fondo. Mira los siguientes enlaces para tener m\u00e1s informaci\u00f3n.<\/p>\n<ul>\n<li><a href=\"https:\/\/www.appyweb.es\/estrategias-mejorar-tasa-conversion\/\">Alcanza el \u00e9xito aumentando la conversi\u00f3n de tu web<\/a><\/li>\n<li><a href=\"https:\/\/support.google.com\/google-ads\/answer\/2375420\" rel=\"nofollow noopener\" target=\"_blank\">C\u00f3mo establecer un presupuesto para su campa\u00f1a en Google Ads<\/a><\/li>\n<\/ul>\n<p>&nbsp;<\/p>\n","protected":false},"excerpt":{"rendered":"<p>Se trata de un importe que se establece en la herramienta de Google Ads para que se muestre el anuncio un l\u00edmite de veces, seg\u00fan el presupuesto diario. Se trata de un promedio que indica la empresa cu\u00e1nto invertir\u00e1 diariamente. \u00bfQu\u00e9 es un presupuesto diario? El presupuesto diario es el que la empresa tiene pensado [&hellip;]<\/p>\n","protected":false},"author":1,"featured_media":12361,"parent":0,"menu_order":0,"comment_status":"open","ping_status":"closed","template":"","meta":{"inline_featured_image":false,"footnotes":""},"class_list":["post-3482","page","type-page","status-publish","has-post-thumbnail","hentry"],"_links":{"self":[{"href":"https:\/\/www.appyweb.es\/diccionario\/wp-json\/wp\/v2\/pages\/3482","targetHints":{"allow":["GET"]}}],"collection":[{"href":"https:\/\/www.appyweb.es\/diccionario\/wp-json\/wp\/v2\/pages"}],"about":[{"href":"https:\/\/www.appyweb.es\/diccionario\/wp-json\/wp\/v2\/types\/page"}],"author":[{"embeddable":true,"href":"https:\/\/www.appyweb.es\/diccionario\/wp-json\/wp\/v2\/users\/1"}],"replies":[{"embeddable":true,"href":"https:\/\/www.appyweb.es\/diccionario\/wp-json\/wp\/v2\/comments?post=3482"}],"version-history":[{"count":5,"href":"https:\/\/www.appyweb.es\/diccionario\/wp-json\/wp\/v2\/pages\/3482\/revisions"}],"predecessor-version":[{"id":12364,"href":"https:\/\/www.appyweb.es\/diccionario\/wp-json\/wp\/v2\/pages\/3482\/revisions\/12364"}],"wp:featuredmedia":[{"embeddable":true,"href":"https:\/\/www.appyweb.es\/diccionario\/wp-json\/wp\/v2\/media\/12361"}],"wp:attachment":[{"href":"https:\/\/www.appyweb.es\/diccionario\/wp-json\/wp\/v2\/media?parent=3482"}],"curies":[{"name":"wp","href":"https:\/\/api.w.org\/{rel}","templated":true}]}}