{"id":3492,"date":"2023-06-22T15:55:06","date_gmt":"2023-06-22T15:55:06","guid":{"rendered":"https:\/\/www.appyweb.es\/diccionario\/?post_type=project&#038;p=3492"},"modified":"2024-03-25T08:32:41","modified_gmt":"2024-03-25T08:32:41","slug":"productos-digitales","status":"publish","type":"page","link":"https:\/\/www.appyweb.es\/diccionario\/productos-digitales\/","title":{"rendered":"Productos digitales"},"content":{"rendered":"<h1><img loading=\"lazy\" decoding=\"async\" class=\"alignnone  wp-image-12371\" src=\"https:\/\/www.appyweb.es\/diccionario\/wp-content\/uploads\/2024\/03\/productos-digitales-300x180.jpg\" alt=\"Productos Digitales\" width=\"972\" height=\"583\" srcset=\"https:\/\/www.appyweb.es\/diccionario\/wp-content\/uploads\/2024\/03\/productos-digitales-300x180.jpg 300w, https:\/\/www.appyweb.es\/diccionario\/wp-content\/uploads\/2024\/03\/productos-digitales-768x461.jpg 768w, https:\/\/www.appyweb.es\/diccionario\/wp-content\/uploads\/2024\/03\/productos-digitales.jpg 1000w\" sizes=\"auto, (max-width: 972px) 100vw, 972px\" \/><\/h1>\n<p>Como lo dice su nombre, son recursos que son vendidos online y que se usan\u00a0 exclusivamente por esa v\u00eda. Los productos digitales son utilizados con frecuencia como m\u00e9todo de negocios por blogs, tambi\u00e9n se conocen como infoproductos.<\/p>\n<h2>\u00bfQu\u00e9 es un producto digital?<\/h2>\n<p>Son todos esos recursos que pueden verse, consumirse o difundirse exclusivamente por Internet. <strong>Un producto digital tiene mucha variedad<\/strong>, pero en su mayor\u00eda se trata de contenidos online. Es utilizado con frecuencia en <a href=\"https:\/\/www.appyweb.es\/embudo-ventas-e-commerce\/\">estrategias del embudo de ventas<\/a> para ofrecer algo de valor al momento de la conversi\u00f3n.<\/p>\n<p>Sin embargo, estos pueden utilizarse como una inversi\u00f3n para generar ganancias por su difusi\u00f3n. Algunos de los infoproductos m\u00e1s utilizados son los e-books o libros electr\u00f3nicos, la mayor\u00eda de estos pueden consumirse mediante descargas o de forma online con plataformas de lectura.<\/p>\n<h2>\u00bfPara qu\u00e9 sirven los productos digitales?<\/h2>\n<p>Aunque bien se pueden utilizar como m\u00e9todo de ganancia, algunas empresas utilizan los productos digitales para <a href=\"https:\/\/www.appyweb.es\/marketing-de-contenidos\/\">hacer marketing de contenidos<\/a>. Por ejemplo, para incentivar la conversi\u00f3n, un intercambio de datos de valor por una gu\u00eda, infograf\u00eda o curso.<\/p>\n<p>Usualmente, <strong>estos pueden ser comercializados por sitios web de marcas<\/strong>, pero tambi\u00e9n se pueden difundir por plataformas espec\u00edficas para ello. Por ejemplo, un e-book puede ser comercializado a trav\u00e9s de Google Books o Amazon, los podcast pueden difundirse por iTunes o SoundCloud.<\/p>\n<h2>\u00bfCu\u00e1les son los productos digitales que m\u00e1s se venden?<\/h2>\n<ul>\n<li><strong>Cursos<\/strong>: Son los favoritos, ya que permiten ofrecer un punto de valor a los usuarios en cuanto a formaci\u00f3n.<\/li>\n<li><strong>e-Books<\/strong>: Ya se mencion\u00f3 que son los favoritos, aunque requieren de muchas estrategias de promoci\u00f3n.<\/li>\n<li><strong>Podcast<\/strong>: Son f\u00e1ciles de consumir y a las personas les encantan porque cuentan con estimulaci\u00f3n auditiva.<\/li>\n<li><strong>Apps<\/strong>: Son las que m\u00e1s venden, pero requieren de una inversi\u00f3n importante.<\/li>\n<\/ul>\n<h2>Ejemplos de productos digitales<\/h2>\n<p>Actualmente, existe una gran variedad de productos digitales, pero los que se pueden consumir en streaming son los favoritos. Es por eso que empresas como Netflix ofrecen servicios de entretenimiento a bajo coste, sin embargo, estos recursos les permiten generar una ganancia de casi 3 mil millones de d\u00f3lares al a\u00f1o.<\/p>\n<p>Los videojuegos de Royale Battle tambi\u00e9n son ejemplos claros de estos, ya que a trav\u00e9s del programa es posible comprar skins o herramientas que generan ganancias a los desarrolladores. Lo mismo sucede con los PDF, gu\u00edas, checklists, archivos de v\u00eddeo o audio, en fin, cualquier cosa que se pueda adquirir \u00fanicamente por Internet es un producto digital.<\/p>\n<p><script type=\"application\/ld+json\">{\"@context\":\"https:\/\/schema.org\",\"@type\":\"FAQPage\",\"mainEntity\":[ \n{\"@type\":\"Question\",\"name\":\"\ud83d\udccc \u00bfQu\u00e9 es un producto digital?\",\"acceptedAnswer\":{\"@type\":\"Answer\",\"text\":\"<\/p>\n<p>Son todos esos recursos que pueden verse, consumirse o difundirse exclusivamente por Internet. <strong>Un producto digital tiene mucha variedad<\/strong>, pero en su mayor\u00eda se trata de contenidos online. Es utilizado con frecuencia en <a href='https:\/\/www.appyweb.es\/embudo-ventas-e-commerce\/'>estrategias del embudo de ventas<\/a>  para ofrecer algo de valor al momento de la conversi\u00f3n.<\/p>\n<p>Sin embargo, estos pueden utilizarse como una inversi\u00f3n para generar ganancias por su difusi\u00f3n. Algunos de los infoproductos m\u00e1s utilizados son los e-books o libros electr\u00f3nicos, la mayor\u00eda de estos pueden consumirse mediante descargas o de forma online con plataformas de lectura.<\/p>\n<p>\"}},\n{\"@type\":\"Question\",\"name\":\"\ud83d\udccc \u00bfPara qu\u00e9 sirven los productos digitales?\",\"acceptedAnswer\":{\"@type\":\"Answer\",\"text\":\"<\/p>\n<p>Aunque bien se pueden utilizar como m\u00e9todo de ganancia, algunas empresas utilizan los productos digitales para <a href='https:\/\/www.appyweb.es\/marketing-de-contenidos\/'>hacer marketing de contenidos<\/a>. Por ejemplo, para incentivar la conversi\u00f3n, un intercambio de datos de valor por una gu\u00eda, infograf\u00eda o curso.<\/p>\n<p>Usualmente, <strong>estos pueden ser comercializados por sitios web de marcas<\/strong>, pero tambi\u00e9n se pueden difundir por plataformas espec\u00edficas para ello. Por ejemplo, un e-book puede ser comercializado a trav\u00e9s de Google Books o Amazon, los podcast pueden difundirse por iTunes o SoundCloud.<\/p>\n<p>\"}},\n{\"@type\":\"Question\",\"name\":\"\ud83d\udccc \u00bfCu\u00e1les son los productos digitales que m\u00e1s se venden?\",\"acceptedAnswer\":{\"@type\":\"Answer\",\"text\":\"<\/p>\n<\/p>\n<ul>\n<\/p>\n<li><strong>Cursos<\/strong>: Son los favoritos, ya que permiten ofrecer un punto de valor a los usuarios en cuanto a formaci\u00f3n.<\/li>\n<\/p>\n<\/p>\n<\/p>\n<li><strong>e-Books<\/strong>: Ya se mencion\u00f3 que son los favoritos, aunque requieren de muchas estrategias de promoci\u00f3n.<\/li>\n<\/p>\n<\/p>\n<\/p>\n<li><strong>Podcast<\/strong>: Son f\u00e1ciles de consumir y a las personas les encantan porque cuentan con estimulaci\u00f3n auditiva.<\/li>\n<\/p>\n<\/p>\n<\/p>\n<li><strong>Apps<\/strong>: Son las que m\u00e1s venden, pero requieren de una inversi\u00f3n importante.<\/li>\n<\/p>\n<\/p>\n<\/ul>\n<\/p>\n<\/p>\n<p>\"}},\n{\"@type\":\"Question\",\"name\":\"\ud83d\udccc Ejemplos de productos digitales\",\"acceptedAnswer\":{\"@type\":\"Answer\",\"text\":\"<\/p>\n<p>Actualmente, existe una gran variedad de productos digitales, pero los que se pueden consumir en streaming son los favoritos. Es por eso que empresas como Netflix ofrecen servicios de entretenimiento a bajo coste, sin embargo, estos recursos les permiten generar una ganancia de casi 3 mil millones de d\u00f3lares al a\u00f1o.<\/p>\n<p>Los videojuegos de Royale Battle tambi\u00e9n son ejemplos claros de estos, ya que a trav\u00e9s del programa es posible comprar skins o herramientas que generan ganancias a los desarrolladores. Lo mismo sucede con los PDF, gu\u00edas, checklists, archivos de v\u00eddeo o audio, en fin, cualquier cosa que se pueda adquirir \u00fanicamente por Internet es un producto digital.<\/p>\n<p>\"}}\n]}<\/script><\/p>\n<h2>M\u00e1s informaci\u00f3n sobre productos digitales<\/h2>\n<p>Uno de los sectores que m\u00e1s han desarrollado la producci\u00f3n de recursos online en los \u00faltimos a\u00f1os es el financiero y bancario \u00bfquieres saber m\u00e1s al respecto? mira los siguientes enlaces.<\/p>\n<ul>\n<li><a href=\"https:\/\/www.appyweb.es\/diccionario\/freebies\/\">\u00bfQu\u00e9 son los Freebies y para qu\u00e9 sirven?<\/a><\/li>\n<li><a href=\"https:\/\/www.eleconomista.es\/empresas-finanzas\/noticias\/11085939\/03\/21\/La-banca-ya-vende-mas-de-la-mitad-de-sus-productos-por-los-canales-digitales.html\" rel=\"nofollow noopener\" target=\"_blank\">La banca ya vende m\u00e1s de la mitad de sus productos por los canales digitales<\/a><\/li>\n<\/ul>\n<p>&nbsp;<\/p>\n","protected":false},"excerpt":{"rendered":"<p>Como lo dice su nombre, son recursos que son vendidos online y que se usan\u00a0 exclusivamente por esa v\u00eda. Los productos digitales son utilizados con frecuencia como m\u00e9todo de negocios por blogs, tambi\u00e9n se conocen como infoproductos. \u00bfQu\u00e9 es un producto digital? Son todos esos recursos que pueden verse, consumirse o difundirse exclusivamente por Internet. [&hellip;]<\/p>\n","protected":false},"author":1,"featured_media":12371,"parent":0,"menu_order":0,"comment_status":"open","ping_status":"closed","template":"","meta":{"inline_featured_image":false,"footnotes":""},"class_list":["post-3492","page","type-page","status-publish","has-post-thumbnail","hentry"],"_links":{"self":[{"href":"https:\/\/www.appyweb.es\/diccionario\/wp-json\/wp\/v2\/pages\/3492","targetHints":{"allow":["GET"]}}],"collection":[{"href":"https:\/\/www.appyweb.es\/diccionario\/wp-json\/wp\/v2\/pages"}],"about":[{"href":"https:\/\/www.appyweb.es\/diccionario\/wp-json\/wp\/v2\/types\/page"}],"author":[{"embeddable":true,"href":"https:\/\/www.appyweb.es\/diccionario\/wp-json\/wp\/v2\/users\/1"}],"replies":[{"embeddable":true,"href":"https:\/\/www.appyweb.es\/diccionario\/wp-json\/wp\/v2\/comments?post=3492"}],"version-history":[{"count":5,"href":"https:\/\/www.appyweb.es\/diccionario\/wp-json\/wp\/v2\/pages\/3492\/revisions"}],"predecessor-version":[{"id":12373,"href":"https:\/\/www.appyweb.es\/diccionario\/wp-json\/wp\/v2\/pages\/3492\/revisions\/12373"}],"wp:featuredmedia":[{"embeddable":true,"href":"https:\/\/www.appyweb.es\/diccionario\/wp-json\/wp\/v2\/media\/12371"}],"wp:attachment":[{"href":"https:\/\/www.appyweb.es\/diccionario\/wp-json\/wp\/v2\/media?parent=3492"}],"curies":[{"name":"wp","href":"https:\/\/api.w.org\/{rel}","templated":true}]}}