{"id":3499,"date":"2023-06-22T15:57:04","date_gmt":"2023-06-22T15:57:04","guid":{"rendered":"https:\/\/www.appyweb.es\/diccionario\/?post_type=project&#038;p=3499"},"modified":"2024-03-25T08:37:48","modified_gmt":"2024-03-25T08:37:48","slug":"profesional-seo","status":"publish","type":"page","link":"https:\/\/www.appyweb.es\/diccionario\/profesional-seo\/","title":{"rendered":"Profesional SEO"},"content":{"rendered":"<h1><img loading=\"lazy\" decoding=\"async\" class=\"alignnone  wp-image-12374\" src=\"https:\/\/www.appyweb.es\/diccionario\/wp-content\/uploads\/2024\/03\/profesional-seo-300x180.jpg\" alt=\"Profesional SEO\" width=\"973\" height=\"584\" srcset=\"https:\/\/www.appyweb.es\/diccionario\/wp-content\/uploads\/2024\/03\/profesional-seo-300x180.jpg 300w, https:\/\/www.appyweb.es\/diccionario\/wp-content\/uploads\/2024\/03\/profesional-seo-768x461.jpg 768w, https:\/\/www.appyweb.es\/diccionario\/wp-content\/uploads\/2024\/03\/profesional-seo.jpg 1000w\" sizes=\"auto, (max-width: 973px) 100vw, 973px\" \/><\/h1>\n<p>Cuando se trata de marketing digital existen muchas \u00e1reas y tareas, por tanto, tambi\u00e9n hay expertos que se ocupan de ellas. Pero, uno de los m\u00e1s completos y <strong>necesarios actualmente es el profesional SEO<\/strong>, este experto es el encargado de optimizar y lograr el posicionamiento web de un sitio en buscadores<\/p>\n<h2>\u00bfQu\u00e9 es un profesional SEO?<\/h2>\n<p>Se trata de un especialista que cuenta con conocimientos extendidos sobre c\u00f3mo funciona el sistema de <a href=\"https:\/\/www.appyweb.es\/posicionamiento-web\/\">posicionamiento web de los motores de b\u00fasqueda<\/a>, especialmente Google. El <strong>profesional SEO utiliza esta informaci\u00f3n para optimizar un sitio web <\/strong>e idear estrategias que le permitan alcanzar los primeros lugares de las SERP\\&#8217;s (p\u00e1gina de resultados de b\u00fasqueda).<\/p>\n<p>Aunque la mayor\u00eda de sus conocimientos son t\u00e9cnicos, tambi\u00e9n cuenta con una visi\u00f3n de marketing y ventas que puede beneficiar a una marca. De hecho, parte de sus tareas consiste en aumentar la visibilidad del nombre de una empresa en b\u00fasquedas org\u00e1nicas.<\/p>\n<h2>\u00bfPara qu\u00e9 sirve un Profesional SEO?<\/h2>\n<p>Su funci\u00f3n es realizar y organizar nuevas estrategias para <strong>conseguir el mejor posicionamiento posible en los buscadores<\/strong>. La forma en c\u00f3mo lo hace es estudiando y analizando el contenido del sitio, a esto <a href=\"https:\/\/www.appyweb.es\/auditoria-seo\/\">se le conoce como auditor\u00eda SEO<\/a>, ya que se busca conocer cada detalle que pueda interferir o impulsar el posicionamiento.<\/p>\n<p>Es recomendable que trabaje en conjunto con el dise\u00f1ador web al momento de la creaci\u00f3n del sitio de marca, ya que as\u00ed se pueden insertar todos los elementos t\u00e9cnicos de posicionamiento en el c\u00f3digo, de forma que el sitio est\u00e9 m\u00e1s preparado para posicionarse desde el principio.<\/p>\n<h2>\u00bfCu\u00e1les son las tareas del profesional SEO?<\/h2>\n<p>Es importante saber que aunque este experto tenga muchos conocimientos sobre c\u00f3mo funciona el Internet y los buscadores, hay \u00e1reas espec\u00edficas donde se destacan. Algunas de las tareas que no debe gestionar son la administraci\u00f3n de redes sociales o la planificaci\u00f3n de anuncios en buscadores. Las funciones que s\u00ed le corresponden son las siguientes.<\/p>\n<ol>\n<li>Optimizaci\u00f3n de aspectos On Page y Off Page.<\/li>\n<li>Revisi\u00f3n de contenidos y su debida modificaci\u00f3n para el posicionamiento.<\/li>\n<li>Estudio de las palabras claves<strong>, explorar mejores grupos de keywords para posicionar m\u00e1s r\u00e1pido<\/strong>.<\/li>\n<li>Implementar linkbuilding o construcci\u00f3n de enlaces para mejorar la autoridad de p\u00e1gina.<\/li>\n<li>Estudiar nuevas tendencias de optimizaci\u00f3n y estar al tanto de las modificaciones del algoritmo.<\/li>\n<\/ol>\n<h2>\u00bfQu\u00e9 se necesita para ser un profesional SEO?<\/h2>\n<p>Es preferible que este especialista cuente con una certificaci\u00f3n de alguna carrera universitaria, no es necesario contar con un pre-grado espec\u00edfico, pero que al menos se relacione con sus actividades. Los <strong>mejores profesionales SEO son los que cuentan con estudios en marketing<\/strong>, inform\u00e1tica, telecomunicaciones, periodismo, publicidad, administraci\u00f3n de empresas, etc.<\/p>\n<p>Pero, existen muchas especializaciones que se pueden estudiar para obtener este t\u00edtulo, aunque bien para llegar a ser un especialista reconocido se necesita de varios a\u00f1os de experiencia. Tambi\u00e9n vale la pena mencionar que debe tener habilidades comunicativas, ser creativo, innovador, l\u00edder, proactivo y curioso.<\/p>\n<p><script type=\"application\/ld+json\">{\"@context\":\"https:\/\/schema.org\",\"@type\":\"FAQPage\",\"mainEntity\":[ \n{\"@type\":\"Question\",\"name\":\"\ud83d\udccc \u00bfQu\u00e9 es un profesional SEO?\",\"acceptedAnswer\":{\"@type\":\"Answer\",\"text\":\"<\/p>\n<p>Se trata de un especialista que cuenta con conocimientos extendidos sobre c\u00f3mo funciona el sistema de <a href='https:\/\/www.appyweb.es\/posicionamiento-web\/'>posicionamiento web de los motores de b\u00fasqueda<\/a>, especialmente Google. El <strong>profesional SEO utiliza esta informaci\u00f3n para optimizar un sitio web <\/strong>e idear estrategias que le permitan alcanzar los primeros lugares de las SERP\\'s (p\u00e1gina de resultados de b\u00fasqueda).<\/p>\n<p>Aunque la mayor\u00eda de sus conocimientos son t\u00e9cnicos, tambi\u00e9n cuenta con una visi\u00f3n de marketing y ventas que puede beneficiar a una marca. De hecho, parte de sus tareas consiste en aumentar la visibilidad del nombre de una empresa en b\u00fasquedas org\u00e1nicas.<\/p>\n<p>\"}},\n{\"@type\":\"Question\",\"name\":\"\ud83d\udccc \u00bfPara qu\u00e9 sirve un Profesional SEO?\",\"acceptedAnswer\":{\"@type\":\"Answer\",\"text\":\"<\/p>\n<p>Su funci\u00f3n es realizar y organizar nuevas estrategias para <strong>conseguir el mejor posicionamiento posible en los buscadores<\/strong>. La forma en c\u00f3mo lo hace es estudiando y analizando el contenido del sitio, a esto <a href='https:\/\/www.appyweb.es\/auditoria-seo\/'>se le conoce como auditor\u00eda SEO<\/a>, ya que se busca conocer cada detalle que pueda interferir o impulsar el posicionamiento.<\/p>\n<p>Es recomendable que trabaje en conjunto con el dise\u00f1ador web al momento de la creaci\u00f3n del sitio de marca, ya que as\u00ed se pueden insertar todos los elementos t\u00e9cnicos de posicionamiento en el c\u00f3digo, de forma que el sitio est\u00e9 m\u00e1s preparado para posicionarse desde el principio.<\/p>\n<p>\"}},\n{\"@type\":\"Question\",\"name\":\"\ud83d\udccc \u00bfCu\u00e1les son las tareas del profesional SEO?\",\"acceptedAnswer\":{\"@type\":\"Answer\",\"text\":\"<\/p>\n<p>Es importante saber que aunque este experto tenga muchos conocimientos sobre c\u00f3mo funciona el Internet y los buscadores, hay \u00e1reas espec\u00edficas donde se destacan. Algunas de las tareas que no debe gestionar son la administraci\u00f3n de redes sociales o la planificaci\u00f3n de anuncios en buscadores. Las funciones que s\u00ed le corresponden son las siguientes.<\/p>\n<\/p>\n<ol>\n<\/p>\n<li>Optimizaci\u00f3n de aspectos On Page y Off Page.<\/li>\n<\/p>\n<\/p>\n<\/p>\n<li>Revisi\u00f3n de contenidos y su debida modificaci\u00f3n para el posicionamiento.<\/li>\n<\/p>\n<\/p>\n<\/p>\n<li>Estudio de las palabras claves<strong>, explorar mejores grupos de keywords para posicionar m\u00e1s r\u00e1pido<\/strong>.<\/li>\n<\/p>\n<\/p>\n<\/p>\n<li>Implementar linkbuilding o construcci\u00f3n de enlaces para mejorar la autoridad de p\u00e1gina.<\/li>\n<\/p>\n<\/p>\n<\/p>\n<li>Estudiar nuevas tendencias de optimizaci\u00f3n y estar al tanto de las modificaciones del algoritmo.<\/li>\n<\/p>\n<\/p>\n<\/ol>\n<\/p>\n<\/p>\n<p>\"}},\n{\"@type\":\"Question\",\"name\":\"\ud83d\udccc Qu\u00e9 se necesita para ser un profesional SEO\",\"acceptedAnswer\":{\"@type\":\"Answer\",\"text\":\"<\/p>\n<p>Es preferible que este especialista cuente con una certificaci\u00f3n de alguna carrera universitaria, no es necesario contar con un pre-grado espec\u00edfico, pero que al menos se relacione con sus actividades. Los <strong>mejores profesionales SEO son los que cuentan con estudios en marketing<\/strong>, inform\u00e1tica, telecomunicaciones, periodismo, publicidad, administraci\u00f3n de empresas, etc.<\/p>\n<p>Pero, existen muchas especializaciones que se pueden estudiar para obtener este t\u00edtulo, aunque bien para llegar a ser un especialista reconocido se necesita de varios a\u00f1os de experiencia. Tambi\u00e9n vale la pena mencionar que debe tener habilidades comunicativas, ser creativo, innovador, l\u00edder, proactivo y curioso.<\/p>\n<p>\"}}\n]}<\/script><\/p>\n<h2>M\u00e1s informaci\u00f3n sobre profesional SEO<\/h2>\n<p>Bien es cierto que este experto es indispensable para las estrategias digitales, pero suele trabajar mejor en equipo. Conoce m\u00e1s sobre especialistas digitales en los siguientes enlaces.<\/p>\n<ul>\n<li><a href=\"https:\/\/www.appyweb.es\/diccionario\/auditor-seo\/\">\u00bfQu\u00e9 es un Auditor SEO y para qu\u00e9 sirve?<\/a><\/li>\n<li><a href=\"https:\/\/www.lavanguardia.com\/economia\/20210305\/6263703\/transformacion-digital-profesionales-foncillas-pf-video-seo-lv.html\" rel=\"nofollow noopener\" target=\"_blank\">Transformaci\u00f3n digital: tres perfiles profesionales que lo cambian todo<\/a><\/li>\n<\/ul>\n<p>&nbsp;<\/p>\n","protected":false},"excerpt":{"rendered":"<p>Cuando se trata de marketing digital existen muchas \u00e1reas y tareas, por tanto, tambi\u00e9n hay expertos que se ocupan de ellas. Pero, uno de los m\u00e1s completos y necesarios actualmente es el profesional SEO, este experto es el encargado de optimizar y lograr el posicionamiento web de un sitio en buscadores \u00bfQu\u00e9 es un profesional [&hellip;]<\/p>\n","protected":false},"author":1,"featured_media":12374,"parent":0,"menu_order":0,"comment_status":"open","ping_status":"closed","template":"","meta":{"inline_featured_image":false,"footnotes":""},"class_list":["post-3499","page","type-page","status-publish","has-post-thumbnail","hentry"],"_links":{"self":[{"href":"https:\/\/www.appyweb.es\/diccionario\/wp-json\/wp\/v2\/pages\/3499","targetHints":{"allow":["GET"]}}],"collection":[{"href":"https:\/\/www.appyweb.es\/diccionario\/wp-json\/wp\/v2\/pages"}],"about":[{"href":"https:\/\/www.appyweb.es\/diccionario\/wp-json\/wp\/v2\/types\/page"}],"author":[{"embeddable":true,"href":"https:\/\/www.appyweb.es\/diccionario\/wp-json\/wp\/v2\/users\/1"}],"replies":[{"embeddable":true,"href":"https:\/\/www.appyweb.es\/diccionario\/wp-json\/wp\/v2\/comments?post=3499"}],"version-history":[{"count":5,"href":"https:\/\/www.appyweb.es\/diccionario\/wp-json\/wp\/v2\/pages\/3499\/revisions"}],"predecessor-version":[{"id":12376,"href":"https:\/\/www.appyweb.es\/diccionario\/wp-json\/wp\/v2\/pages\/3499\/revisions\/12376"}],"wp:featuredmedia":[{"embeddable":true,"href":"https:\/\/www.appyweb.es\/diccionario\/wp-json\/wp\/v2\/media\/12374"}],"wp:attachment":[{"href":"https:\/\/www.appyweb.es\/diccionario\/wp-json\/wp\/v2\/media?parent=3499"}],"curies":[{"name":"wp","href":"https:\/\/api.w.org\/{rel}","templated":true}]}}