{"id":350,"date":"2023-06-19T14:50:57","date_gmt":"2023-06-19T14:50:57","guid":{"rendered":"https:\/\/www.appyweb.es\/diccionario\/?page_id=350"},"modified":"2024-03-17T22:00:53","modified_gmt":"2024-03-17T22:00:53","slug":"business-to-business-b2b","status":"publish","type":"page","link":"https:\/\/www.appyweb.es\/diccionario\/business-to-business-b2b\/","title":{"rendered":"Business to Business (B2B)"},"content":{"rendered":"<p><img loading=\"lazy\" decoding=\"async\" class=\" wp-image-10592 aligncenter\" src=\"https:\/\/www.appyweb.es\/diccionario\/wp-content\/uploads\/2023\/09\/que-es-Business-to-Business-B2B-300x200.jpg\" alt=\"\" width=\"851\" height=\"567\" srcset=\"https:\/\/www.appyweb.es\/diccionario\/wp-content\/uploads\/2023\/09\/que-es-Business-to-Business-B2B-300x200.jpg 300w, https:\/\/www.appyweb.es\/diccionario\/wp-content\/uploads\/2023\/09\/que-es-Business-to-Business-B2B-1024x683.jpg 1024w, https:\/\/www.appyweb.es\/diccionario\/wp-content\/uploads\/2023\/09\/que-es-Business-to-Business-B2B-768x512.jpg 768w, https:\/\/www.appyweb.es\/diccionario\/wp-content\/uploads\/2023\/09\/que-es-Business-to-Business-B2B.jpg 1080w\" sizes=\"auto, (max-width: 851px) 100vw, 851px\" \/><\/p>\n<p>Es un modelo de negocio donde el cliente final son otras empresas, normalmente esta relaci\u00f3n comercial se establece entre un fabricante y un distribuidor.<br \/>\nAsimismo, el business to business o <strong>B2B tambi\u00e9n se puede establecer entre un distribuidor y un minorista<\/strong>.<\/p>\n<h2>\u00bfOrigen de la Palabra Business to Business?<\/h2>\n<p>Es un anglicismo y se traduce del ingl\u00e9s como \u201cnegocio para negocio\u201d, sus siglas B2B incluye un 2 por que se traduce como \u00abtwo\u00bb, que suena muy similar a la palabra \u00abto\u00bb, facilitando la abreviatura. Ocurre lo mismo con otras siglas similares como B2C (Business to Consumer) o C2C (Consumer to Consumer).<\/p>\n<p>El t\u00e9rmino tambi\u00e9n se utiliza para referirse al marketing industrial, qu\u00e9 se basa en <a href=\"https:\/\/diseno20.appyweb.es\/estrategia-marketing-360\/\" rel=\"nofollow noopener\" target=\"_blank\">estrategias de promoci\u00f3n del inbound marketing<\/a> y diferentes metodolog\u00edas de la publicidad digital.<\/p>\n<h2>\u00bfPara qu\u00e9 sirve el B2B?<\/h2>\n<p>Este t\u00e9rmino se utiliza al establecer estrategias comerciales en Internet, con la finalidad de crear una comunidad de compradores, que tambi\u00e9n pueden ser distribuidores o minoristas.<br \/>\nEst\u00e1s comunidades suelen estar <a href=\"https:\/\/diseno20.appyweb.es\/posicionamiento-web\/\" rel=\"nofollow noopener\" target=\"_blank\">posicionadas en p\u00e1ginas web<\/a>, lo que permite una mejor conversi\u00f3n y captaci\u00f3n de clientes. Alguna de las ventajas de este tipo de negocios son las siguientes.<\/p>\n<ul>\n<li>Existe despersonalizaci\u00f3n de la compra, normalmente las transacciones se realizan a trav\u00e9s de sistemas inform\u00e1ticos.<\/li>\n<li>Se disminuyen los costes de operaci\u00f3n <strong>gracias a que el proceso de negociaci\u00f3n es m\u00e1s r\u00e1pido<\/strong>.<\/li>\n<li>Existe la posibilidad de recibir un mayor n\u00famero de ofertas, en caso de que la competencia sea baja.<\/li>\n<li>Todo el proceso de transacci\u00f3n es m\u00e1s r\u00e1pido y seguro.<\/li>\n<\/ul>\n<h2>Caracter\u00edsticas del marketing B2B<\/h2>\n<p>La principal caracter\u00edstica de la promoci\u00f3n para este tipo de negocio se basa en que las transacciones se deben a un proceso l\u00f3gico y casi siempre autom\u00e1tico.<br \/>\nAl existir un sistema de despersonalizaci\u00f3n es m\u00e1s f\u00e1cil concluir las negociaciones, a diferencia del marketing tradicional B2C o \u201cnegocio a consumidor\u201d, no es necesario involucrar emociones o estrategias de persuasi\u00f3n.<\/p>\n<p>Sin embargo, este modelo de negocio hace destacar otras \u00e1reas al momento de la promoci\u00f3n, c\u00f3mo puede <strong>ser un proceso totalmente automatizado e inteligente<\/strong>, innovaciones en el mercado, competencia de precios, entre otros.<\/p>\n<h2>B2B ejemplos<\/h2>\n<p>Uno de los m\u00e1s grandes ejemplos de business to business es American Express, al igual que otras instituciones financieras empez\u00f3 a ofrecer <a href=\"https:\/\/diseno20.appyweb.es\/consultoria-seo\/\" rel=\"nofollow noopener\" target=\"_blank\">asesoramiento a peque\u00f1os y medianos negocios<\/a>. \u00c9ste se ha vuelto uno de los servicios m\u00e1s resaltantes de la empresa, termin\u00f3 de consolidarse como un negocio B2B con <strong>la creaci\u00f3n de una comunidad o una red interna de otros negocios<\/strong>, que incluso pueden comunicarse entre s\u00ed.<\/p>\n<p><script type=\"application\/ld+json\">{\"@context\":\"https:\/\/schema.org\",\"@type\":\"FAQPage\",\"mainEntity\":[ \n{\"@type\":\"Question\",\"name\":\"\ud83d\udccc \u00bfOrigen de la Palabra?\",\"acceptedAnswer\":{\"@type\":\"Answer\",\"text\":\"<\/p>\n<p>Es un anglicismo y se traduce del ingl\u00e9s como \u201cnegocio para negocio\u201d, sus siglas B2B incluye un 2 por que se traduce como 'two', que suena muy similar a la palabra 'to', facilitando la abreviatura. Ocurre lo mismo con otras siglas similares como B2C (Business to Consumer) o C2C (Consumer to Consumer).<\/p>\n<p>El t\u00e9rmino tambi\u00e9n se utiliza para referirse al marketing industrial, qu\u00e9 se basa en <a href='https:\/\/www.appyweb.es\/marketing-de-atraccion\/'>estrategias de promoci\u00f3n del inbound marketing<\/a> y diferentes metodolog\u00edas de la publicidad digital.<\/p>\n<p>\"}},\n{\"@type\":\"Question\",\"name\":\"\ud83d\udccc \u00bfPara qu\u00e9 sirve?\",\"acceptedAnswer\":{\"@type\":\"Answer\",\"text\":\"<\/p>\n<p>Este t\u00e9rmino se utiliza al establecer estrategias comerciales en Internet, con la finalidad de crear una comunidad de compradores, que tambi\u00e9n pueden ser distribuidores o minoristas. Est\u00e1s comunidades suelen estar posicionadas en p\u00e1ginas web, lo que permite una mejor <a href='https:\/\/www.appyweb.es\/conversion-web\/'>conversi\u00f3n y captaci\u00f3n de clientes<\/a>. Alguna de las ventajas de este tipo de negocios son las siguientes.<\/p>\n<\/p>\n<\/p>\n<ul>\n<\/p>\n<\/p>\n<li>Existe despersonalizaci\u00f3n de la compra, normalmente las transacciones se realizan a trav\u00e9s de sistemas inform\u00e1ticos.<\/li>\n<\/p>\n<\/p>\n<\/p>\n<li>Se disminuyen los costes de operaci\u00f3n <strong>gracias a que el proceso de negociaci\u00f3n es m\u00e1s r\u00e1pido<\/strong>.<\/li>\n<\/p>\n<\/p>\n<\/p>\n<li>Existe la posibilidad de recibir un mayor n\u00famero de ofertas, en caso de que la competencia sea baja.<\/li>\n<\/p>\n<\/p>\n<\/p>\n<li>Todo el proceso de transacci\u00f3n es m\u00e1s r\u00e1pido y seguro.<\/li>\n<\/p>\n<\/ul>\n<\/p>\n<p>\"}},\n{\"@type\":\"Question\",\"name\":\"\ud83d\udccc Caracter\u00edsticas del marketing B2B\",\"acceptedAnswer\":{\"@type\":\"Answer\",\"text\":\"<\/p>\n<p>La principal caracter\u00edstica de la promoci\u00f3n para este tipo de negocio se basa en que las transacciones se deben a un proceso l\u00f3gico y casi siempre autom\u00e1tico. Al existir un sistema de despersonalizaci\u00f3n es m\u00e1s f\u00e1cil concluir las negociaciones, a diferencia del marketing tradicional B2C o \u201cnegocio a consumidor\u201d, no es necesario involucrar emociones o estrategias de persuasi\u00f3n.<\/p>\n<p>Sin embargo, este modelo de negocio hace destacar otras \u00e1reas al momento de la promoci\u00f3n, c\u00f3mo puede <strong>ser un proceso totalmente automatizado e inteligente<\/strong>, innovaciones en el mercado, competencia de precios, entre otros.<\/p>\n<p>\"}},\n{\"@type\":\"Question\",\"name\":\"\ud83d\udccc B2B ejemplos\",\"acceptedAnswer\":{\"@type\":\"Answer\",\"text\":\"<\/p>\n<p>Uno de los m\u00e1s grandes ejemplos de business to business es American Express, al igual que otras instituciones financieras empez\u00f3 a ofrecer asesoramiento a peque\u00f1os y medianos negocios. \u00c9ste se ha vuelto uno de los servicios m\u00e1s resaltantes de la empresa, termin\u00f3 de consolidarse como un negocio B2B con <strong>la creaci\u00f3n de una comunidad o una red interna de otros negocios<\/strong>, que incluso pueden comunicarse entre s\u00ed.<\/p>\n<p>\"}}\n]}<\/script><\/p>\n<h2>M\u00e1s informaci\u00f3n sobre B2B<\/h2>\n<ul>\n<li><a href=\"https:\/\/www.appyweb.es\/diccionario\/marketing-b2b\/\">\u00bfQu\u00e9 es el Marketing B2B y para qu\u00e9 sirve?<\/a><\/li>\n<li><a href=\"https:\/\/es.wikipedia.org\/wiki\/Business-to-business#Historia\" rel=\"nofollow noopener\" target=\"_blank\">Historia del Business to Business<\/a>.<\/li>\n<\/ul>\n","protected":false},"excerpt":{"rendered":"<p>Es un modelo de negocio donde el cliente final son otras empresas, normalmente esta relaci\u00f3n comercial se establece entre un fabricante y un distribuidor. Asimismo, el business to business o B2B tambi\u00e9n se puede establecer entre un distribuidor y un minorista. \u00bfOrigen de la Palabra Business to Business? Es un anglicismo y se traduce del [&hellip;]<\/p>\n","protected":false},"author":1,"featured_media":10592,"parent":0,"menu_order":0,"comment_status":"closed","ping_status":"closed","template":"","meta":{"inline_featured_image":false,"footnotes":""},"class_list":["post-350","page","type-page","status-publish","has-post-thumbnail","hentry"],"_links":{"self":[{"href":"https:\/\/www.appyweb.es\/diccionario\/wp-json\/wp\/v2\/pages\/350","targetHints":{"allow":["GET"]}}],"collection":[{"href":"https:\/\/www.appyweb.es\/diccionario\/wp-json\/wp\/v2\/pages"}],"about":[{"href":"https:\/\/www.appyweb.es\/diccionario\/wp-json\/wp\/v2\/types\/page"}],"author":[{"embeddable":true,"href":"https:\/\/www.appyweb.es\/diccionario\/wp-json\/wp\/v2\/users\/1"}],"replies":[{"embeddable":true,"href":"https:\/\/www.appyweb.es\/diccionario\/wp-json\/wp\/v2\/comments?post=350"}],"version-history":[{"count":10,"href":"https:\/\/www.appyweb.es\/diccionario\/wp-json\/wp\/v2\/pages\/350\/revisions"}],"predecessor-version":[{"id":11472,"href":"https:\/\/www.appyweb.es\/diccionario\/wp-json\/wp\/v2\/pages\/350\/revisions\/11472"}],"wp:featuredmedia":[{"embeddable":true,"href":"https:\/\/www.appyweb.es\/diccionario\/wp-json\/wp\/v2\/media\/10592"}],"wp:attachment":[{"href":"https:\/\/www.appyweb.es\/diccionario\/wp-json\/wp\/v2\/media?parent=350"}],"curies":[{"name":"wp","href":"https:\/\/api.w.org\/{rel}","templated":true}]}}