{"id":3524,"date":"2023-06-22T16:04:28","date_gmt":"2023-06-22T16:04:28","guid":{"rendered":"https:\/\/www.appyweb.es\/diccionario\/?post_type=project&#038;p=3524"},"modified":"2024-03-25T09:02:06","modified_gmt":"2024-03-25T09:02:06","slug":"publicidad-en-twitter","status":"publish","type":"page","link":"https:\/\/www.appyweb.es\/diccionario\/publicidad-en-twitter\/","title":{"rendered":"Publicidad en Twitter"},"content":{"rendered":"<h1><img loading=\"lazy\" decoding=\"async\" class=\"alignnone  wp-image-12407\" src=\"https:\/\/www.appyweb.es\/diccionario\/wp-content\/uploads\/2024\/03\/publicidad-en-twitter-300x180.jpg\" alt=\"Publicidad en Twitter\" width=\"978\" height=\"587\" srcset=\"https:\/\/www.appyweb.es\/diccionario\/wp-content\/uploads\/2024\/03\/publicidad-en-twitter-300x180.jpg 300w, https:\/\/www.appyweb.es\/diccionario\/wp-content\/uploads\/2024\/03\/publicidad-en-twitter-768x461.jpg 768w, https:\/\/www.appyweb.es\/diccionario\/wp-content\/uploads\/2024\/03\/publicidad-en-twitter.jpg 1000w\" sizes=\"auto, (max-width: 978px) 100vw, 978px\" \/><\/h1>\n<p>Son promociones que se llevan a cabo en la red social, cualquiera con una cuenta all\u00ed <strong>puede acceder al panel de publicidad de Twitter<\/strong>. Existen muchas opciones para promocionarse, dependiendo del tipo de audiencia y de los objetivos de la campa\u00f1a.<\/p>\n<h2>\u00bfQu\u00e9 es la publicidad en Twitter?<\/h2>\n<p>Cuando se habla de publicidad en Twitter, se hace referencia a un sistema que se basa en los anuncios online y corresponde directamente a la plataforma Twitter Ads. Todo esto se basa en todas aquellas publicaciones con fines publicitarios y estas llevan la etiqueta de \u201cPromoci\u00f3n o Promocionado\u201d.<\/p>\n<p>Esto con el fin de ofrecer m\u00e1s visibilidad a diferentes recursos de la red social, puede ser un tuit, una cuenta o una etiqueta. Con esto, las empresas cuentan con un <a href=\"https:\/\/www.appyweb.es\/campanas-facebook-ads\/\">sistema similar a Facebook Ads<\/a> para promocionar su marca o simplemente para vender el producto y \/ o servicio.<\/p>\n<h2>\u00bfPara qu\u00e9 sirve la publicidad en Twitter?<\/h2>\n<p>Su principal funcionalidad es dar a conocer una imagen de marca a trav\u00e9s de m\u00e9todos masivos. Aunque, este tipo de promoci\u00f3n puede ser segmentada, de forma que la empresa pueda <strong>seleccionar el nicho de mercado donde se quiere posicionar<\/strong>. Igualmente, estas estrategias tienen m\u00e1s efectividad si se combinan con t\u00e9cnicas de posicionamiento SEO en plataformas sociales.<\/p>\n<p>De esta forma, el <a href=\"https:\/\/www.appyweb.es\/social-media-manager\/\">social media manager<\/a> puede utilizar esta herramienta para popularizar o tratar de viralizar un tuit, por el cual deber\u00e1 pagar un importe, dependiendo del tipo de publicidad, alcance y tiempo.<\/p>\n<h2>Factores para hacer publicidad en Twitter<\/h2>\n<p>Para obtener buenos resultados con este tipo de anuncios se deben tener presente diversos factores, como los siguientes.<\/p>\n<ul>\n<li>La hora de la publicaci\u00f3n.<\/li>\n<li>La efectividad de la publicidad o recurso multimedia.<\/li>\n<li>El tipo de usuarios o personas al cual va dirigido.<\/li>\n<li>La cantidad de clics que se quiera obtener.<\/li>\n<li>Los hashtags utilizados.<\/li>\n<li>La localizaci\u00f3n de la audiencia al lanzar la campa\u00f1a.<\/li>\n<\/ul>\n<h2>Ejemplo de publicidad en Twitter<\/h2>\n<p>Para ver un ejemplo claro de lo que es la publicidad en Twitter solo hace falta entrar a la red social y navegar por la misma. Pero, con la siguiente imagen se <strong>puede visualizar un ejemplo de un anuncio de la empresa Glovo<\/strong> en el feed de noticias. Incluye un enlace con una llamada a la acci\u00f3n para ingresar. No se nota, pero muchas veces los anuncios incluyen un signo de \u00abpromocionado\u00bb en una esquina.<\/p>\n<p><script type=\"application\/ld+json\">{\"@context\":\"https:\/\/schema.org\",\"@type\":\"FAQPage\",\"mainEntity\":[ \n{\"@type\":\"Question\",\"name\":\"\ud83d\udccc \u00bfQu\u00e9 es la publicidad en Twitter?\",\"acceptedAnswer\":{\"@type\":\"Answer\",\"text\":\"<\/p>\n<p>Cuando se habla de publicidad en Twitter, se hace referencia a un sistema que se basa en los anuncios online y corresponde directamente a la plataforma Twitter Ads. Todo esto se basa en todas aquellas publicaciones con fines publicitarios y estas llevan la etiqueta de \u201cPromoci\u00f3n o Promocionado\u201d.<\/p>\n<p>Esto con el fin de ofrecer m\u00e1s visibilidad a diferentes recursos de la red social, puede ser un tuit, una cuenta o una etiqueta. Con esto, las empresas cuentan con un <a href='https:\/\/www.appyweb.es\/campanas-facebook-ads\/'>sistema similar a Facebook Ads<\/a> para promocionar su marca o simplemente para vender el producto y \/ o servicio. <\/p>\n<p>\"}},\n{\"@type\":\"Question\",\"name\":\"\ud83d\udccc \u00bfPara qu\u00e9 sirve la publicidad en Twitter?\",\"acceptedAnswer\":{\"@type\":\"Answer\",\"text\":\"<\/p>\n<p>Su principal funcionalidad es dar a conocer una imagen de marca a trav\u00e9s de m\u00e9todos masivos. Aunque, este tipo de promoci\u00f3n puede ser segmentada, de forma que la empresa pueda <strong>seleccionar el nicho de mercado donde se quiere posicionar<\/strong>. Igualmente, estas estrategias tienen m\u00e1s efectividad si se combinan con t\u00e9cnicas de posicionamiento SEO en plataformas sociales.<\/p>\n<p>De esta forma, el <a href='https:\/\/www.appyweb.es\/social-media-manager\/'>social media manager<\/a> puede utilizar esta herramienta para popularizar o tratar de viralizar un tuit, por el cual deber\u00e1 pagar un importe, dependiendo del tipo de publicidad, alcance y tiempo.<\/p>\n<p>\"}},\n{\"@type\":\"Question\",\"name\":\"\ud83d\udccc Factores para hacer publicidad en Twitter\",\"acceptedAnswer\":{\"@type\":\"Answer\",\"text\":\"<\/p>\n<p>Para obtener buenos resultados con este tipo de anuncios se deben tener presente diversos factores, como los siguientes.<\/p>\n<\/p>\n<ul>\n<\/p>\n<li>La hora de la publicaci\u00f3n.<\/li>\n<\/p>\n<\/p>\n<\/p>\n<li>La efectividad de la publicidad o recurso multimedia.<\/li>\n<\/p>\n<\/p>\n<\/p>\n<li>El tipo de usuarios o personas al cual va dirigido.<\/li>\n<\/p>\n<\/p>\n<\/p>\n<li>La cantidad de clics que se quiera obtener.<\/li>\n<\/p>\n<\/p>\n<\/p>\n<li>Los hashtags utilizados.<\/li>\n<\/p>\n<\/p>\n<\/p>\n<li>La localizaci\u00f3n de la audiencia al lanzar la campa\u00f1a.<\/li>\n<\/p>\n<\/p>\n<\/ul>\n<\/p>\n<\/p>\n<p>\"}},\n{\"@type\":\"Question\",\"name\":\"\ud83d\udccc Ejemplo de publicidad en Twitter\",\"acceptedAnswer\":{\"@type\":\"Answer\",\"text\":\"<\/p>\n<p>Para ver un ejemplo claro de lo que es la publicidad en Twitter solo hace falta entrar a la red social y  navegar por la misma. Pero, con la siguiente imagen se <strong>puede visualizar un ejemplo de un anuncio de la empresa Glovo<\/strong> en el feed de noticias. Incluye un enlace con una llamada a la acci\u00f3n para ingresar. No se nota, pero muchas veces los anuncios incluyen un signo de 'promocionado' en una esquina.<\/p>\n<p>\"}}\n]}<\/script><\/p>\n<h2>M\u00e1s informaci\u00f3n sobre publicidad en Twitter<\/h2>\n<p>Un experto en marketing y social media sabe a la perfecci\u00f3n <strong>c\u00f3mo publicitar en esta red social<\/strong>, pero si quieres tener m\u00e1s informaci\u00f3n al respecto mira los siguientes enlaces.<\/p>\n<ul>\n<li><a href=\"https:\/\/www.appyweb.es\/diccionario\/especialista-redes-sociales\/\">\u00bfQu\u00e9 es el Especialista en Redes Sociales y para qu\u00e9 sirve?<\/a><\/li>\n<li><a href=\"https:\/\/business.twitter.com\/es\/help\/troubleshooting\/how-twitter-ads-work.html\" rel=\"nofollow noopener\" target=\"_blank\">\u00bfC\u00f3mo funcionan los anuncios de Twitter?<\/a><\/li>\n<\/ul>\n<p>&nbsp;<\/p>\n","protected":false},"excerpt":{"rendered":"<p>Son promociones que se llevan a cabo en la red social, cualquiera con una cuenta all\u00ed puede acceder al panel de publicidad de Twitter. Existen muchas opciones para promocionarse, dependiendo del tipo de audiencia y de los objetivos de la campa\u00f1a. \u00bfQu\u00e9 es la publicidad en Twitter? Cuando se habla de publicidad en Twitter, se [&hellip;]<\/p>\n","protected":false},"author":1,"featured_media":12407,"parent":0,"menu_order":0,"comment_status":"open","ping_status":"closed","template":"","meta":{"inline_featured_image":false,"footnotes":""},"class_list":["post-3524","page","type-page","status-publish","has-post-thumbnail","hentry"],"_links":{"self":[{"href":"https:\/\/www.appyweb.es\/diccionario\/wp-json\/wp\/v2\/pages\/3524","targetHints":{"allow":["GET"]}}],"collection":[{"href":"https:\/\/www.appyweb.es\/diccionario\/wp-json\/wp\/v2\/pages"}],"about":[{"href":"https:\/\/www.appyweb.es\/diccionario\/wp-json\/wp\/v2\/types\/page"}],"author":[{"embeddable":true,"href":"https:\/\/www.appyweb.es\/diccionario\/wp-json\/wp\/v2\/users\/1"}],"replies":[{"embeddable":true,"href":"https:\/\/www.appyweb.es\/diccionario\/wp-json\/wp\/v2\/comments?post=3524"}],"version-history":[{"count":5,"href":"https:\/\/www.appyweb.es\/diccionario\/wp-json\/wp\/v2\/pages\/3524\/revisions"}],"predecessor-version":[{"id":12412,"href":"https:\/\/www.appyweb.es\/diccionario\/wp-json\/wp\/v2\/pages\/3524\/revisions\/12412"}],"wp:featuredmedia":[{"embeddable":true,"href":"https:\/\/www.appyweb.es\/diccionario\/wp-json\/wp\/v2\/media\/12407"}],"wp:attachment":[{"href":"https:\/\/www.appyweb.es\/diccionario\/wp-json\/wp\/v2\/media?parent=3524"}],"curies":[{"name":"wp","href":"https:\/\/api.w.org\/{rel}","templated":true}]}}