{"id":3529,"date":"2023-06-22T16:05:19","date_gmt":"2023-06-22T16:05:19","guid":{"rendered":"https:\/\/www.appyweb.es\/diccionario\/?post_type=project&#038;p=3529"},"modified":"2024-03-25T09:11:50","modified_gmt":"2024-03-25T09:11:50","slug":"publicidad-online","status":"publish","type":"page","link":"https:\/\/www.appyweb.es\/diccionario\/publicidad-online\/","title":{"rendered":"Publicidad Online"},"content":{"rendered":"<h1><img loading=\"lazy\" decoding=\"async\" class=\"alignnone  wp-image-12416\" src=\"https:\/\/www.appyweb.es\/diccionario\/wp-content\/uploads\/2024\/03\/publicidad-online-300x180.jpg\" alt=\"Publicidad Online\" width=\"973\" height=\"584\" srcset=\"https:\/\/www.appyweb.es\/diccionario\/wp-content\/uploads\/2024\/03\/publicidad-online-300x180.jpg 300w, https:\/\/www.appyweb.es\/diccionario\/wp-content\/uploads\/2024\/03\/publicidad-online-768x461.jpg 768w, https:\/\/www.appyweb.es\/diccionario\/wp-content\/uploads\/2024\/03\/publicidad-online.jpg 1000w\" sizes=\"auto, (max-width: 973px) 100vw, 973px\" \/><\/h1>\n<p>Son todas las estrategias de mercadotecnia que se llevan a cabo en Internet, <strong>la publicidad online permite promocionar una marca<\/strong> o producto en diferentes escenarios, con la posibilidad de llegar a grandes masas de consumidores.<\/p>\n<h2>\u00bfQu\u00e9 es la publicidad online?<\/h2>\n<p>Son un conjunto de t\u00e9cnicas y estrategias que permiten difundir la imagen de una marca, producto o servicio en medios digitales. <strong>La publicidad online engloba todas aquellas acciones no org\u00e1nicas para dar a conocer una empresa<\/strong>, evento o promoci\u00f3n. Para esto se utilizan diversos escenarios, <a href=\"https:\/\/www.appyweb.es\/email-marketing-para-empresas\/\">desde el email marketing<\/a> hasta los anuncios m\u00f3viles.<\/p>\n<p>Aunque la promoci\u00f3n tradicional de calle y de medios masivos sigue siendo relevante en la actualidad, la verdad es que las estrategias digitales son indispensables para resaltar en cualquier sector. Sobre todo porque los consumidores tienen nuevos h\u00e1bitos y prefieren comprar a trav\u00e9s de medios digitales.<\/p>\n<h2>\u00bfPara qu\u00e9 sirve la publicidad online?<\/h2>\n<p>Permite aprovechar escenarios digitales para dar a conocer una marca o empresa, aunque tambi\u00e9n existen campa\u00f1as de publicidad online muy elaboradas y avanzadas, como la contextual, que se basa en el tipo de contenido que consume el usuario. Es por eso que el <a href=\"https:\/\/www.appyweb.es\/marketing-de-contenidos\/\">marketing de contenidos se ha destacado<\/a> como una de las estrategias de promoci\u00f3n menos invasivas.<\/p>\n<p>Sin embargo, <strong>los t\u00edpicos anuncios tambi\u00e9n est\u00e1n disponibles en estos escenarios<\/strong>, plataformas como Google Ads permiten hacer campa\u00f1as en buscadores, aunque tambi\u00e9n hay posibilidad de hacer display y aparecer en sitios web, redes sociales, etc. El emailing y el SMS marketing tambi\u00e9n forman parte de las tendencias.<\/p>\n<h2>\u00bfC\u00f3mo funciona la publicidad en l\u00ednea?<\/h2>\n<p>Depende del tipo de herramienta y el tipo de campa\u00f1a que se va a realizar, por ejemplo, para las campa\u00f1as de Google Ads se requiere hacer pujas por palabras clave, esto es debido a que los anuncios se posicionar\u00e1n en la p\u00e1gina de resultados de b\u00fasquedas de los usuarios.<\/p>\n<p>Si te trata de anuncios en redes sociales, entonces es necesario asignar un sector, audiencia, l\u00edmite de presupuesto, tipo de anuncio (imagen, carrusel, v\u00eddeo, etc.). Con esto, <strong>es importante considerar que todas esas estrategias requieren de una inversi\u00f3n<\/strong>, lo que la diferencia notablemente de los m\u00e9todos de promoci\u00f3n org\u00e1nicos.<\/p>\n<h2>Ejemplo de publicidad online<\/h2>\n<p>Para dar un ejemplo de esto, nos vamos a enfocar en los sistemas como los que ofrecen las plataformas como Google Adwords y Google Adsense. A continuaci\u00f3n, se puede ver una imagen de un anuncio de Ads en buscadores.<\/p>\n<p><script type=\"application\/ld+json\">{\"@context\":\"https:\/\/schema.org\",\"@type\":\"FAQPage\",\"mainEntity\":[ \n{\"@type\":\"Question\",\"name\":\"\ud83d\udccc \u00bfQu\u00e9 es la publicidad online?\",\"acceptedAnswer\":{\"@type\":\"Answer\",\"text\":\"<\/p>\n<p>Son un conjunto de t\u00e9cnicas y estrategias que permiten difundir la imagen de una marca, producto o servicio en medios digitales. <strong>La publicidad online engloba todas aquellas acciones no org\u00e1nicas para dar a conocer una empresa<\/strong>, evento o promoci\u00f3n. Para esto se utilizan diversos escenarios, <a href='https:\/\/www.appyweb.es\/email-marketing-para-empresas\/'>desde el email marketing<\/a> hasta los anuncios m\u00f3viles.<\/p>\n<p>Aunque la promoci\u00f3n tradicional de calle y de medios masivos sigue siendo relevante en la actualidad, la verdad es que las estrategias digitales son indispensables para resaltar en cualquier sector. Sobre todo porque los consumidores tienen nuevos h\u00e1bitos y prefieren comprar a trav\u00e9s de medios digitales.<\/p>\n<p>\"}},\n{\"@type\":\"Question\",\"name\":\"\ud83d\udccc \u00bfPara qu\u00e9 sirve la publicidad online?\",\"acceptedAnswer\":{\"@type\":\"Answer\",\"text\":\"<\/p>\n<p>Permite aprovechar escenarios digitales para dar a conocer una marca o empresa, aunque tambi\u00e9n existen campa\u00f1as de publicidad online muy elaboradas y avanzadas, como la contextual, que se basa en el tipo de contenido que consume el usuario. Es por eso que el <a href='https:\/\/www.appyweb.es\/marketing-de-contenidos\/'>marketing de contenidos se ha destacado<\/a> como una de las estrategias de promoci\u00f3n menos invasivas.<\/p>\n<p>Sin embargo, <strong>los t\u00edpicos anuncios tambi\u00e9n est\u00e1n disponibles en estos escenarios<\/strong>, plataformas como Google Ads permiten hacer campa\u00f1as en buscadores, aunque tambi\u00e9n hay posibilidad de hacer display y aparecer en sitios web, redes sociales, etc. El emailing y el SMS marketing tambi\u00e9n forman parte de las tendencias.<\/p>\n<p>\"}},\n{\"@type\":\"Question\",\"name\":\"\ud83d\udccc \u00bfC\u00f3mo funciona la publicidad en l\u00ednea?\",\"acceptedAnswer\":{\"@type\":\"Answer\",\"text\":\"<\/p>\n<p>Depende del tipo de herramienta y el tipo de campa\u00f1a que se va a realizar, por ejemplo, para las campa\u00f1as de Google Ads se requiere hacer pujas por palabras clave, esto es debido a que los anuncios se posicionar\u00e1n en la p\u00e1gina de resultados de b\u00fasquedas de los usuarios. <\/p>\n<p>Si te trata de anuncios en redes sociales, entonces es necesario asignar un sector, audiencia, l\u00edmite de presupuesto, tipo de anuncio (imagen, carrusel, v\u00eddeo, etc.). Con esto, <strong>es importante considerar que todas esas estrategias requieren de una inversi\u00f3n<\/strong>, lo que la diferencia notablemente de los m\u00e9todos de promoci\u00f3n org\u00e1nicos.<\/p>\n<p>\"}},\n{\"@type\":\"Question\",\"name\":\"\ud83d\udccc Ejemplo de publicidad online\",\"acceptedAnswer\":{\"@type\":\"Answer\",\"text\":\"<\/p>\n<p>Para dar un ejemplo de esto, nos vamos a enfocar en los sistemas como los que ofrecen las plataformas como Google Adwords y Google Adsense. A continuaci\u00f3n, se puede ver una imagen de un anuncio de Ads en buscadores.<\/p>\n<p>\"}}\n]}<\/script><\/p>\n<h2>M\u00e1s informaci\u00f3n sobre publicidad online<\/h2>\n<p>Cuando se trata de marketing digital hay mucha tela por cortar, as\u00ed que si quieres saber un poco m\u00e1s de este tema no te pierdas los siguientes enlaces.<\/p>\n<ul>\n<li><a href=\"https:\/\/www.appyweb.es\/diccionario\/banner\/\">\u00bfQu\u00e9 es un Banner y para qu\u00e9 sirve?<\/a><\/li>\n<li><a href=\"https:\/\/www.america-retail.com\/marketing\/marketing-la-publicidad-online-no-es-tan-milagrosa-como-se-cree\/\" rel=\"nofollow noopener\" target=\"_blank\">Marketing: \u00bfLa publicidad online no es tan milagrosa como se cree?<\/a><\/li>\n<\/ul>\n<p>&nbsp;<\/p>\n","protected":false},"excerpt":{"rendered":"<p>Son todas las estrategias de mercadotecnia que se llevan a cabo en Internet, la publicidad online permite promocionar una marca o producto en diferentes escenarios, con la posibilidad de llegar a grandes masas de consumidores. \u00bfQu\u00e9 es la publicidad online? Son un conjunto de t\u00e9cnicas y estrategias que permiten difundir la imagen de una marca, [&hellip;]<\/p>\n","protected":false},"author":1,"featured_media":12416,"parent":0,"menu_order":0,"comment_status":"open","ping_status":"closed","template":"","meta":{"inline_featured_image":false,"footnotes":""},"class_list":["post-3529","page","type-page","status-publish","has-post-thumbnail","hentry"],"_links":{"self":[{"href":"https:\/\/www.appyweb.es\/diccionario\/wp-json\/wp\/v2\/pages\/3529","targetHints":{"allow":["GET"]}}],"collection":[{"href":"https:\/\/www.appyweb.es\/diccionario\/wp-json\/wp\/v2\/pages"}],"about":[{"href":"https:\/\/www.appyweb.es\/diccionario\/wp-json\/wp\/v2\/types\/page"}],"author":[{"embeddable":true,"href":"https:\/\/www.appyweb.es\/diccionario\/wp-json\/wp\/v2\/users\/1"}],"replies":[{"embeddable":true,"href":"https:\/\/www.appyweb.es\/diccionario\/wp-json\/wp\/v2\/comments?post=3529"}],"version-history":[{"count":5,"href":"https:\/\/www.appyweb.es\/diccionario\/wp-json\/wp\/v2\/pages\/3529\/revisions"}],"predecessor-version":[{"id":12419,"href":"https:\/\/www.appyweb.es\/diccionario\/wp-json\/wp\/v2\/pages\/3529\/revisions\/12419"}],"wp:featuredmedia":[{"embeddable":true,"href":"https:\/\/www.appyweb.es\/diccionario\/wp-json\/wp\/v2\/media\/12416"}],"wp:attachment":[{"href":"https:\/\/www.appyweb.es\/diccionario\/wp-json\/wp\/v2\/media?parent=3529"}],"curies":[{"name":"wp","href":"https:\/\/api.w.org\/{rel}","templated":true}]}}