{"id":3534,"date":"2023-06-22T16:09:06","date_gmt":"2023-06-22T16:09:06","guid":{"rendered":"https:\/\/www.appyweb.es\/diccionario\/?post_type=project&#038;p=3534"},"modified":"2024-03-25T09:29:53","modified_gmt":"2024-03-25T09:29:53","slug":"puja-automatica","status":"publish","type":"page","link":"https:\/\/www.appyweb.es\/diccionario\/puja-automatica\/","title":{"rendered":"Puja Autom\u00e1tica"},"content":{"rendered":"<p><img loading=\"lazy\" decoding=\"async\" class=\" wp-image-12430\" src=\"https:\/\/www.appyweb.es\/diccionario\/wp-content\/uploads\/2024\/03\/puja-auto-300x180.jpg\" alt=\"Puja Automatica\" width=\"973\" height=\"584\" srcset=\"https:\/\/www.appyweb.es\/diccionario\/wp-content\/uploads\/2024\/03\/puja-auto-300x180.jpg 300w, https:\/\/www.appyweb.es\/diccionario\/wp-content\/uploads\/2024\/03\/puja-auto-768x461.jpg 768w, https:\/\/www.appyweb.es\/diccionario\/wp-content\/uploads\/2024\/03\/puja-auto.jpg 1000w\" sizes=\"auto, (max-width: 973px) 100vw, 973px\" \/><\/p>\n<p>Existen diversas herramientas de publicidad en Internet que utilizan un sistema de ofertas, <strong>entre ellas se encuentra la puja autom\u00e1tica<\/strong>. Google Ads la utiliza para ayudar a los anunciantes a establecer objetivos de campa\u00f1as e importes cada vez m\u00e1s inteligentes.<\/p>\n<h2>\u00bfQu\u00e9 es la puja autom\u00e1tica?<\/h2>\n<p>Las pujas autom\u00e1ticas son un sistema de <a href=\"https:\/\/www.appyweb.es\/campanas-google-adwords\/\">Google Adwords<\/a>. Por medio de este se establece una orden de cobro sin la intervenci\u00f3n del anunciante. Es una funcionalidad que realiza c\u00e1lculos basados en el historial de campa\u00f1as y en los objetivos de la empresa para llegar a realizar subastas cada vez m\u00e1s eficientes.<\/p>\n<p>Esto evita que el cliente o anunciante deba revisar de forma constante los gastos, a su vez esto eleva en un gran marco el porcentaje de triunfo. Por lo que es ideal <strong>para las empresas que no tienen tiempo de organizar sus campa\u00f1as diariamente<\/strong>. Cuando la campa\u00f1a termina, la herramienta ofrecer\u00e1 informes sobre los objetivos alcanzados y un historial de sus movimientos.<\/p>\n<h2>\u00bfPara qu\u00e9 sirve la puja autom\u00e1tica?<\/h2>\n<p>Este tipo de subasta permite que las empresas o marcas logren realizar una inversi\u00f3n deseada respecto a los objetivos de campa\u00f1as que quieren alcanzar. Esto es sustancial para muchas empresas, sobre todo cuando se tratan de <strong>nuevos objetivos y no conocen cu\u00e1l podr\u00eda ser la mejor oferta<\/strong> para alcanzar sus metas publicitarias.<\/p>\n<p>Resulta muy c\u00f3modo para los anunciantes, ya que no tienen que hacer una puja por cada palabra clave que quieran posicionar, lo que puede llevar mucho tiempo antes de empezar a <a href=\"https:\/\/www.appyweb.es\/conversion-web\/\">generar conversiones web<\/a>. De esta forma, la subasta autom\u00e1tica permite acortar plazos y establecer procesos m\u00e1s inteligentes, especialmente para la publicidad SEM.<\/p>\n<h2>Tipos de objetivos y estrategias de puja autom\u00e1tica<\/h2>\n<p>Como se mencion\u00f3 arriba, <strong>las ofertas inteligentes se establecen seg\u00fan los objetivos de campa\u00f1a<\/strong>. En Google Ads existen diferentes objetivos para escoger, al menos los que est\u00e1n disponibles para pujas autom\u00e1ticas, son los siguientes.<\/p>\n<ul>\n<li><strong>Aumentar visitas<\/strong>: Maximiza los clics, rindiendo el l\u00edmite del presupuesto diario.<\/li>\n<li><strong>Aumentar visibilidad<\/strong>: Aumenta el porcentaje de impresiones, realiza ofertas solo para posicionar al tope de la p\u00e1gina.<\/li>\n<li><strong>M\u00e1s conversiones<\/strong>: Permite calcular el presupuesto para la adquisici\u00f3n de nuevos posibles clientes en campa\u00f1as de b\u00fasqueda y display.<\/li>\n<li><strong>Mejorar retorno de inversi\u00f3n<\/strong>: Calcula el valor posible de cada conversi\u00f3n para garantizar un mayor retorno de inversi\u00f3n.<\/li>\n<li><strong>Conversiones l\u00edmites<\/strong>: Se maximiza la producci\u00f3n de adquisiciones con un presupuesto l\u00edmite.<\/li>\n<li><strong>Mayor valor de conversi\u00f3n<\/strong>: Permite que se calcule un presupuesto l\u00edmite para conversiones de mayor valor, es decir, que est\u00e9n m\u00e1s preparados para la compra.<\/li>\n<\/ul>\n<h2>Ejemplo de puja autom\u00e1tica<\/h2>\n<p>Si un anunciante en Google Ads quiere aumentar las conversiones de su campa\u00f1a con un objetivo de CPA o coste pos adquisici\u00f3n, pero no tiene tiempo para hacer b\u00fasquedas de palabras clave o el presupuesto ideal, debe activar las pujas autom\u00e1ticas. Desde all\u00ed <strong>establecer\u00e1 cualquiera de los objetivos relacionados con lo que desea<\/strong>, pueden ser m\u00e1s conversiones.<\/p>\n<p>A trav\u00e9s de la herramienta se har\u00e1n los c\u00e1lculos necesarios basados en inteligencia artificial, historial de las campa\u00f1as pasadas del anunciante, etc. As\u00ed se establece una subasta m\u00e1s efectiva y r\u00e1pida. Aqu\u00ed se puede visualizar una imagen de c\u00f3mo ocurre.<\/p>\n<p><script type=\"application\/ld+json\">{\"@context\":\"https:\/\/schema.org\",\"@type\":\"FAQPage\",\"mainEntity\":[ \n{\"@type\":\"Question\",\"name\":\"\ud83d\udccc \u00bfQu\u00e9 es la puja autom\u00e1tica?\",\"acceptedAnswer\":{\"@type\":\"Answer\",\"text\":\"<\/p>\n<p>Las pujas autom\u00e1ticas son un sistema de <a href='https:\/\/www.appyweb.es\/campanas-google-adwords\/'>Google Adwords<\/a>. Por medio de este se establece una orden de cobro sin la intervenci\u00f3n del anunciante. Es una funcionalidad que realiza c\u00e1lculos basados en el historial de campa\u00f1as y en los objetivos de la empresa para llegar a realizar subastas cada vez m\u00e1s eficientes.<\/p>\n<p>Esto evita que el cliente o anunciante deba revisar de forma constante los gastos, a su vez esto eleva en un gran marco el porcentaje de triunfo. Por lo que es ideal <strong>para las empresas que no tienen tiempo de organizar sus campa\u00f1as diariamente<\/strong>. Cuando la campa\u00f1a termina, la herramienta ofrecer\u00e1 informes sobre los objetivos alcanzados y un historial de sus movimientos.<\/p>\n<p>\"}},\n{\"@type\":\"Question\",\"name\":\"\ud83d\udccc \u00bfPara qu\u00e9 sirve la puja autom\u00e1tica?\",\"acceptedAnswer\":{\"@type\":\"Answer\",\"text\":\"<\/p>\n<p>Este tipo de subasta permite que las empresas o marcas logren realizar una inversi\u00f3n deseada respecto a los objetivos de campa\u00f1as que quieren alcanzar. Esto es sustancial para muchas empresas, sobre todo cuando se tratan de <strong>nuevos objetivos y no conocen cu\u00e1l podr\u00eda ser la mejor oferta<\/strong> para alcanzar sus metas publicitarias. <\/p>\n<p>Resulta muy c\u00f3modo para los anunciantes, ya que no tienen que hacer una puja por cada palabra clave que quieran posicionar, lo que puede llevar mucho tiempo antes de empezar a <a href='https:\/\/www.appyweb.es\/conversion-web\/'>generar conversiones web<\/a>. De esta forma, la subasta autom\u00e1tica permite acortar plazos y establecer procesos m\u00e1s inteligentes, especialmente para la publicidad SEM.<\/p>\n<p>\"}},\n{\"@type\":\"Question\",\"name\":\"\ud83d\udccc Tipos de objetivos y estrategias de puja autom\u00e1tica\",\"acceptedAnswer\":{\"@type\":\"Answer\",\"text\":\"<\/p>\n<p>Como se mencion\u00f3 arriba, <strong>las ofertas inteligentes se establecen seg\u00fan los objetivos de campa\u00f1a<\/strong>. En Google Ads existen diferentes objetivos para escoger, al menos los que est\u00e1n disponibles para pujas autom\u00e1ticas, son los siguientes.<\/p>\n<\/p>\n<\/p>\n<ul>\n<\/p>\n<\/p>\n<li><strong>Aumentar visitas<\/strong>: Maximiza los clics, rindiendo el l\u00edmite del presupuesto diario.<\/li>\n<\/p>\n<\/p>\n<\/p>\n<\/p>\n<\/p>\n<\/p>\n<\/p>\n<li><strong>Aumentar visibilidad<\/strong>: Aumenta el porcentaje de impresiones, realiza ofertas solo para posicionar al tope de la p\u00e1gina.<\/li>\n<\/p>\n<\/p>\n<\/p>\n<\/p>\n<\/p>\n<\/p>\n<\/p>\n<li><strong>M\u00e1s conversiones<\/strong>: Permite calcular el presupuesto para la adquisici\u00f3n de nuevos posibles clientes en campa\u00f1as de b\u00fasqueda y display.<\/li>\n<\/p>\n<\/p>\n<\/p>\n<\/p>\n<\/p>\n<\/p>\n<\/p>\n<li><strong>Mejorar retorno de inversi\u00f3n<\/strong>: Calcula el valor posible de cada conversi\u00f3n para garantizar un mayor retorno de inversi\u00f3n.<\/li>\n<\/p>\n<\/p>\n<\/p>\n<\/p>\n<\/p>\n<\/p>\n<\/p>\n<li><strong>Conversiones l\u00edmites<\/strong>: Se maximiza la producci\u00f3n de adquisiciones con un presupuesto l\u00edmite.<\/li>\n<\/p>\n<\/p>\n<\/p>\n<\/p>\n<\/p>\n<\/p>\n<\/p>\n<li><strong>Mayor valor de conversi\u00f3n<\/strong>: Permite que se calcule un presupuesto l\u00edmite para conversiones de mayor valor, es decir, que est\u00e9n m\u00e1s preparados para la compra.<\/li>\n<\/p>\n<\/p>\n<\/p>\n<\/p>\n<\/p>\n<\/ul>\n<\/p>\n<\/p>\n<\/p>\n<\/p>\n<\/p>\n<p>\"}},\n{\"@type\":\"Question\",\"name\":\"\ud83d\udccc Ejemplo de puja autom\u00e1tica\",\"acceptedAnswer\":{\"@type\":\"Answer\",\"text\":\"<\/p>\n<p>Si un anunciante en Google Ads quiere aumentar las conversiones de su campa\u00f1a con un objetivo de CPA o coste pos adquisici\u00f3n, pero no tiene tiempo para hacer b\u00fasquedas de palabras clave o el presupuesto ideal, debe activar las pujas autom\u00e1ticas. Desde all\u00ed <strong>establecer\u00e1 cualquiera de los objetivos relacionados con lo que desea<\/strong>, pueden ser m\u00e1s conversiones.<\/p>\n<p>A trav\u00e9s de la herramienta se har\u00e1n los c\u00e1lculos necesarios basados en inteligencia artificial, historial de las campa\u00f1as pasadas del anunciante, etc. As\u00ed se establece una subasta m\u00e1s efectiva y r\u00e1pida. Aqu\u00ed se puede visualizar una imagen de c\u00f3mo ocurre.<\/p>\n<p>\"}}\n]}<\/script><\/p>\n<h2>M\u00e1s informaci\u00f3n sobre puja autom\u00e1tica<\/h2>\n<p>Con esta opci\u00f3n se pueden generar campa\u00f1as m\u00e1s efectivas, pero \u00bfc\u00f3mo lograr aprovechar todos sus beneficios? mira los siguientes enlaces para tener m\u00e1s informaci\u00f3n.<\/p>\n<ul>\n<li><a href=\"https:\/\/www.appyweb.es\/tipos-campanas-google-ads-objetivo-negocio\/\">Tipos de campa\u00f1as de Google Ads para tu negocio<\/a><\/li>\n<li><a href=\"http:\/\/services.google.com\/fh\/files\/misc\/gda_smart_bidding_guide.pdf\" rel=\"nofollow noopener\" target=\"_blank\">Gu\u00eda sobre las Ofertas inteligentes en Display<\/a><\/li>\n<\/ul>\n<p>&nbsp;<\/p>\n","protected":false},"excerpt":{"rendered":"<p>Existen diversas herramientas de publicidad en Internet que utilizan un sistema de ofertas, entre ellas se encuentra la puja autom\u00e1tica. Google Ads la utiliza para ayudar a los anunciantes a establecer objetivos de campa\u00f1as e importes cada vez m\u00e1s inteligentes. \u00bfQu\u00e9 es la puja autom\u00e1tica? Las pujas autom\u00e1ticas son un sistema de Google Adwords. Por [&hellip;]<\/p>\n","protected":false},"author":1,"featured_media":12430,"parent":0,"menu_order":0,"comment_status":"open","ping_status":"closed","template":"","meta":{"inline_featured_image":false,"footnotes":""},"class_list":["post-3534","page","type-page","status-publish","has-post-thumbnail","hentry"],"_links":{"self":[{"href":"https:\/\/www.appyweb.es\/diccionario\/wp-json\/wp\/v2\/pages\/3534","targetHints":{"allow":["GET"]}}],"collection":[{"href":"https:\/\/www.appyweb.es\/diccionario\/wp-json\/wp\/v2\/pages"}],"about":[{"href":"https:\/\/www.appyweb.es\/diccionario\/wp-json\/wp\/v2\/types\/page"}],"author":[{"embeddable":true,"href":"https:\/\/www.appyweb.es\/diccionario\/wp-json\/wp\/v2\/users\/1"}],"replies":[{"embeddable":true,"href":"https:\/\/www.appyweb.es\/diccionario\/wp-json\/wp\/v2\/comments?post=3534"}],"version-history":[{"count":7,"href":"https:\/\/www.appyweb.es\/diccionario\/wp-json\/wp\/v2\/pages\/3534\/revisions"}],"predecessor-version":[{"id":12431,"href":"https:\/\/www.appyweb.es\/diccionario\/wp-json\/wp\/v2\/pages\/3534\/revisions\/12431"}],"wp:featuredmedia":[{"embeddable":true,"href":"https:\/\/www.appyweb.es\/diccionario\/wp-json\/wp\/v2\/media\/12430"}],"wp:attachment":[{"href":"https:\/\/www.appyweb.es\/diccionario\/wp-json\/wp\/v2\/media?parent=3534"}],"curies":[{"name":"wp","href":"https:\/\/api.w.org\/{rel}","templated":true}]}}