{"id":3539,"date":"2023-06-22T16:11:25","date_gmt":"2023-06-22T16:11:25","guid":{"rendered":"https:\/\/www.appyweb.es\/diccionario\/?post_type=project&#038;p=3539"},"modified":"2024-03-25T09:35:20","modified_gmt":"2024-03-25T09:35:20","slug":"puja-en-tiempo-real","status":"publish","type":"page","link":"https:\/\/www.appyweb.es\/diccionario\/puja-en-tiempo-real\/","title":{"rendered":"Puja en Tiempo Real"},"content":{"rendered":"<h1><img loading=\"lazy\" decoding=\"async\" class=\"alignnone  wp-image-12433\" src=\"https:\/\/www.appyweb.es\/diccionario\/wp-content\/uploads\/2024\/03\/puja-a-tiempo-real-300x180.jpg\" alt=\"Puja a tiempo real\" width=\"975\" height=\"585\" srcset=\"https:\/\/www.appyweb.es\/diccionario\/wp-content\/uploads\/2024\/03\/puja-a-tiempo-real-300x180.jpg 300w, https:\/\/www.appyweb.es\/diccionario\/wp-content\/uploads\/2024\/03\/puja-a-tiempo-real-768x461.jpg 768w, https:\/\/www.appyweb.es\/diccionario\/wp-content\/uploads\/2024\/03\/puja-a-tiempo-real.jpg 1000w\" sizes=\"auto, (max-width: 975px) 100vw, 975px\" \/><\/h1>\n<p>Tambi\u00e9n conocido como <strong>Real Time Bidding, en espa\u00f1ol, puja en tiempo real<\/strong>, se trata de una oferta que se genera en sistemas de anuncios de display. En este caso, los anunciantes podr\u00e1n solicitar un espacio publicitario para cada visita registrada en tiempo real.<\/p>\n<h2>\u00bfQu\u00e9 es la puja en tiempo real?<\/h2>\n<p>Tambi\u00e9n es conocida como RTB (Real Time Bidding) es un sistema que se basa en la subasta, para la adquisici\u00f3n de espacios publicitarios en sitios web autorizados. <strong>Dicha subasta se realiza en tiempo real<\/strong>, cada vez que un potencial usuario ingresa a uno de esos sitios, los anunciantes puedes pujar en para aparecer en los banners autorizados.<\/p>\n<p>Plataformas como <a href=\"https:\/\/www.appyweb.es\/campanas-google-adwords\/\">Google Ads ofrecen este sistema<\/a>. Es una herramienta inteligente que se basa en el Big Data y en la recopilaci\u00f3n de informaci\u00f3n de los usuarios, por ejemplo, a trav\u00e9s de cookies. As\u00ed, los anunciantes saben si se trata de un cliente potencial, despu\u00e9s pueden animarse a ofertar por la aparici\u00f3n de su anuncio.<\/p>\n<h2>\u00bfPara qu\u00e9 sirve?<\/h2>\n<p>Este tipo de puja es empleada por las empresas <strong>para as\u00ed minimizar el coste del espacio publicitario que se quiere adquirir<\/strong>, y aumentar la eficiencia o el retorno de la inversi\u00f3n. Al obtener informaci\u00f3n detallada sobre los visitantes, es posible determinar si existen posibilidades de que compre, esto sucede en tiempo real, por lo que los anunciantes tampoco pagar\u00e1n por campa\u00f1as pre-establecidas que pueden ser afectadas por diferentes aspectos del tiempo.<\/p>\n<p>Asimismo, es un sistema excelente para los que quieren visualizar resultados inmediatos, esta actividad suele llevarse a cabo en cuesti\u00f3n de segundos, por lo que se podr\u00e1 conocer si el anuncio fue efectivo dependiendo de <a href=\"https:\/\/www.appyweb.es\/conversion-web\/\">si realiza la conversi\u00f3n<\/a> o no. Al mismo tiempo, <strong>permite conocer mejor el perfil de los usuarios<\/strong>, esta informaci\u00f3n se utiliza para optimizar las campa\u00f1as.<\/p>\n<h2>\u00bfC\u00f3mo funciona el RTB?<\/h2>\n<p>Para trabajar con este tipo de sistema se requieren de varios actores involucrados, como los proveedores de tecnolog\u00eda, las <strong>empresas que facilitan el intercambio de espacios publicitarios<\/strong>, etc. Los m\u00e1s necesarios para establecer el funcionamiento de una puja en tiempo real son los siguientes.<\/p>\n<ul>\n<li><strong>DSP<\/strong>: Son las siglas de <em>Demand Side Platform<\/em>, son las que ofrecen la oportunidad de establecer el precio por espacio publicitario, o bien, el precio por cada impresi\u00f3n o visualizaci\u00f3n.<\/li>\n<li><strong>Exchanges<\/strong>: Se puede decir que es la casa de subastas, no cuentan con la tecnolog\u00eda, pero s\u00ed puede poner en contacto a los anunciantes con los medios.<\/li>\n<li><strong>Data Partners<\/strong>: Son los que ofrecen la informaci\u00f3n registrada de los usuarios.<\/li>\n<li><strong>SSP<\/strong>: Significa <em>Sell Side Platform<\/em>, se encargan de hacer que las campa\u00f1as sean m\u00e1s rentables.<\/li>\n<\/ul>\n<h2>\u00bfQu\u00e9 es Ad Exchange?<\/h2>\n<p>Como se mencion\u00f3 arriba, es uno de los actores m\u00e1s importantes en el proceso de subastas en tiempo real, pero, este en espec\u00edfico \u00abAd Exchange\u00bb pertenece al repertorio de herramientas de Google. Funciona de forma similar a Adsense, pero cuenta con ciertas diferencias y caracter\u00edsticas como las siguientes.<\/p>\n<ul>\n<li>Puede <strong>configurar acuerdos preferentes entre ambas partes<\/strong>.<\/li>\n<li>Ofrece bloqueo de anunciantes, de tecnolog\u00edas publicitarias, cookies y uso de datos.<\/li>\n<li>Cuenta con la posibilidad de personalizar informes de resultados o utilizar plantillas pre-definidas.<\/li>\n<li>Permite todos los proveedores de tecnolog\u00eda, a diferencia de Adsense.<\/li>\n<\/ul>\n<p><script type=\"application\/ld+json\">{\"@context\":\"https:\/\/schema.org\",\"@type\":\"FAQPage\",\"mainEntity\":[ \n{\"@type\":\"Question\",\"name\":\"\ud83d\udccc \u00bfQu\u00e9 es la puja en tiempo real?\",\"acceptedAnswer\":{\"@type\":\"Answer\",\"text\":\"<\/p>\n<p>Tambi\u00e9n es conocida como RTB (Real Time Bidding) es un sistema que se basa en la subasta, para la adquisici\u00f3n de espacios publicitarios en sitios web autorizados. <strong>Dicha subasta se realiza en tiempo real<\/strong>, cada vez que un potencial usuario ingresa a uno de esos sitios, los anunciantes puedes pujar en para aparecer en los banners autorizados.<\/p>\n<p>Plataformas como <a href='https:\/\/www.appyweb.es\/campanas-google-adwords\/'>Google Ads ofrecen este sistema<\/a>. Es una herramienta inteligente que se basa en el Big Data y en la recopilaci\u00f3n de informaci\u00f3n de los usuarios, por ejemplo, a trav\u00e9s de cookies. As\u00ed, los anunciantes saben si se trata de un cliente potencial, despu\u00e9s pueden animarse a ofertar por la aparici\u00f3n de su anuncio.<\/p>\n<p>\"}},\n{\"@type\":\"Question\",\"name\":\"\ud83d\udccc \u00bfPara qu\u00e9 sirve?\",\"acceptedAnswer\":{\"@type\":\"Answer\",\"text\":\"<\/p>\n<p>Este tipo de puja es empleada por las empresas <strong>para as\u00ed minimizar el coste del espacio publicitario que se quiere adquirir<\/strong>, y aumentar la eficiencia o el retorno de la inversi\u00f3n. Al obtener informaci\u00f3n detallada sobre los visitantes, es posible determinar si existen posibilidades de que compre, esto sucede en tiempo real, por lo que los anunciantes tampoco pagar\u00e1n por campa\u00f1as pre-establecidas que pueden ser afectadas por diferentes aspectos del tiempo.<\/p>\n<p>Asimismo, es un sistema excelente para los que quieren visualizar resultados inmediatos, esta actividad suele llevarse a cabo en cuesti\u00f3n de segundos, por lo que se podr\u00e1 conocer si el anuncio fue efectivo dependiendo de <a href='https:\/\/www.appyweb.es\/conversion-web\/'>si realiza la conversi\u00f3n<\/a> o no. Al mismo tiempo, <strong>permite conocer mejor el perfil de los usuarios<\/strong>, esta informaci\u00f3n se utiliza para optimizar las campa\u00f1as.<\/p>\n<p>\"}},\n{\"@type\":\"Question\",\"name\":\"\ud83d\udccc \u00bfC\u00f3mo funciona el RTB?\",\"acceptedAnswer\":{\"@type\":\"Answer\",\"text\":\"<\/p>\n<p>Para trabajar con este tipo de sistema se requieren de varios actores involucrados, como los proveedores de tecnolog\u00eda, las <strong>empresas que facilitan el intercambio de espacios publicitarios<\/strong>, etc. Los m\u00e1s necesarios para establecer el funcionamiento de una puja en tiempo real son los siguientes.<\/p>\n<\/p>\n<ul>\n<\/p>\n<li><strong>DSP<\/strong>: Son las siglas de <em>Demand Side Platform<\/em>, son las que ofrecen la oportunidad de establecer el precio por espacio publicitario, o bien, el precio por cada impresi\u00f3n o visualizaci\u00f3n.<\/li>\n<\/p>\n<\/p>\n<\/p>\n<li><strong>Exchanges<\/strong>: Se puede decir que es la casa de subastas, no cuentan con la tecnolog\u00eda, pero s\u00ed puede poner en contacto a los anunciantes con los medios.<\/li>\n<\/p>\n<\/p>\n<\/p>\n<li><strong>Data Partners<\/strong>: Son los que ofrecen la informaci\u00f3n registrada de los usuarios.<\/li>\n<\/p>\n<\/p>\n<\/p>\n<li><strong>SSP<\/strong>: Significa <em>Sell Side Platform<\/em>, se encargan de hacer que las campa\u00f1as sean m\u00e1s rentables.<\/li>\n<\/p>\n<\/p>\n<\/ul>\n<\/p>\n<\/p>\n<p>\"}},\n{\"@type\":\"Question\",\"name\":\"\ud83d\udccc \u00bfQu\u00e9 es Ad Exchange?\",\"acceptedAnswer\":{\"@type\":\"Answer\",\"text\":\"<\/p>\n<p>Como se mencion\u00f3 arriba, es uno de los actores m\u00e1s importantes en el proceso de subastas en tiempo real, pero, este en espec\u00edfico 'Ad Exchange' pertenece al repertorio de herramientas de Google. Funciona de forma similar a Adsense, pero cuenta con ciertas diferencias y caracter\u00edsticas como las siguientes.<\/p>\n<\/p>\n<ul>\n<\/p>\n<li>Puede <strong>configurar acuerdos preferentes entre ambas partes<\/strong>.<\/li>\n<\/p>\n<\/p>\n<\/p>\n<li>Ofrece bloqueo de anunciantes, de tecnolog\u00edas publicitarias, cookies y uso de datos.<\/li>\n<\/p>\n<\/p>\n<\/p>\n<li>Cuenta con la posibilidad de personalizar informes de resultados o utilizar plantillas pre-definidas.<\/li>\n<\/p>\n<\/p>\n<\/p>\n<li>Permite todos los proveedores de tecnolog\u00eda, a diferencia de Adsense.<\/li>\n<\/p>\n<\/p>\n<\/ul>\n<\/p>\n<\/p>\n<p>\"}}\n]}<\/script><\/p>\n<h2>M\u00e1s informaci\u00f3n sobre puja en tiempo real<\/h2>\n<p>Son cada vez m\u00e1s las empresas que est\u00e1n utilizando estas estrategias para hacer publicidad, si te quieres lanzar a la aventura debes conocer m\u00e1s sobre el tema, mira los siguientes enlaces.<\/p>\n<ul>\n<li><a href=\"https:\/\/www.appyweb.es\/diccionario\/google-adsense\/\">\u00bfQu\u00e9 es Google AdSense y para qu\u00e9 sirve?<\/a><\/li>\n<li><a href=\"https:\/\/auctionet.com\/es\/help\/87-live-bidding\" rel=\"nofollow noopener\" target=\"_blank\">\u00bfC\u00f3mo funcionan las pujas en tiempo real en las subastas<\/a><\/li>\n<\/ul>\n<p>&nbsp;<\/p>\n","protected":false},"excerpt":{"rendered":"<p>Tambi\u00e9n conocido como Real Time Bidding, en espa\u00f1ol, puja en tiempo real, se trata de una oferta que se genera en sistemas de anuncios de display. En este caso, los anunciantes podr\u00e1n solicitar un espacio publicitario para cada visita registrada en tiempo real. \u00bfQu\u00e9 es la puja en tiempo real? Tambi\u00e9n es conocida como RTB [&hellip;]<\/p>\n","protected":false},"author":1,"featured_media":12433,"parent":0,"menu_order":0,"comment_status":"open","ping_status":"closed","template":"","meta":{"inline_featured_image":false,"footnotes":""},"class_list":["post-3539","page","type-page","status-publish","has-post-thumbnail","hentry"],"_links":{"self":[{"href":"https:\/\/www.appyweb.es\/diccionario\/wp-json\/wp\/v2\/pages\/3539","targetHints":{"allow":["GET"]}}],"collection":[{"href":"https:\/\/www.appyweb.es\/diccionario\/wp-json\/wp\/v2\/pages"}],"about":[{"href":"https:\/\/www.appyweb.es\/diccionario\/wp-json\/wp\/v2\/types\/page"}],"author":[{"embeddable":true,"href":"https:\/\/www.appyweb.es\/diccionario\/wp-json\/wp\/v2\/users\/1"}],"replies":[{"embeddable":true,"href":"https:\/\/www.appyweb.es\/diccionario\/wp-json\/wp\/v2\/comments?post=3539"}],"version-history":[{"count":5,"href":"https:\/\/www.appyweb.es\/diccionario\/wp-json\/wp\/v2\/pages\/3539\/revisions"}],"predecessor-version":[{"id":12435,"href":"https:\/\/www.appyweb.es\/diccionario\/wp-json\/wp\/v2\/pages\/3539\/revisions\/12435"}],"wp:featuredmedia":[{"embeddable":true,"href":"https:\/\/www.appyweb.es\/diccionario\/wp-json\/wp\/v2\/media\/12433"}],"wp:attachment":[{"href":"https:\/\/www.appyweb.es\/diccionario\/wp-json\/wp\/v2\/media?parent=3539"}],"curies":[{"name":"wp","href":"https:\/\/api.w.org\/{rel}","templated":true}]}}