{"id":354,"date":"2023-06-19T14:51:59","date_gmt":"2023-06-19T14:51:59","guid":{"rendered":"https:\/\/www.appyweb.es\/diccionario\/?page_id=354"},"modified":"2024-03-21T08:27:46","modified_gmt":"2024-03-21T08:27:46","slug":"busqueda-anticipada","status":"publish","type":"page","link":"https:\/\/www.appyweb.es\/diccionario\/busqueda-anticipada\/","title":{"rendered":"B\u00fasqueda anticipada"},"content":{"rendered":"<p>&nbsp;<\/p>\n<p><img loading=\"lazy\" decoding=\"async\" class=\"alignnone wp-image-11552\" src=\"https:\/\/www.appyweb.es\/diccionario\/wp-content\/uploads\/2024\/03\/busqueda-anticipada-300x180.jpg\" alt=\"\" width=\"973\" height=\"584\" srcset=\"https:\/\/www.appyweb.es\/diccionario\/wp-content\/uploads\/2024\/03\/busqueda-anticipada-300x180.jpg 300w, https:\/\/www.appyweb.es\/diccionario\/wp-content\/uploads\/2024\/03\/busqueda-anticipada-768x461.jpg 768w, https:\/\/www.appyweb.es\/diccionario\/wp-content\/uploads\/2024\/03\/busqueda-anticipada.jpg 1000w\" sizes=\"auto, (max-width: 973px) 100vw, 973px\" \/><\/p>\n<p>Es una estrategia de administraci\u00f3n de memoria virtual, se refiere a las memorias de los ordenadores o de los algoritmos como Google.<br \/>\nLa\u00a0<strong>b\u00fasqueda anticipada consiste en hacer una predicci\u00f3n de lo que el usuario necesita<\/strong>, para ofrecer una respuesta similar o acorde a su intenci\u00f3n.<\/p>\n<h2>\u00bfQu\u00e9 es Business to Consumer (B2C)?<\/h2>\n<p>Es un proceso inform\u00e1tico que intenta determinar cu\u00e1l es la intenci\u00f3n del usuario, por ejemplo, al buscar dentro de la secci\u00f3n Mis Documentos en el ordenador, la persona recibir\u00e1 <strong>varias predicciones que coincidan con lo que van escribiendo<\/strong>, lo mismo sucede al utilizar el buscador de Google, las sugerencias van apareciendo en una lista justo debajo de la barra.<\/p>\n<p>Gracias a este elemento, se realiza una carga de las p\u00e1ginas dentro del almacenamiento, para que sea m\u00e1s r\u00e1pido acceder a ellas.<br \/>\nEn este sentido, es indispensable para el <a href=\"https:\/\/diseno20.appyweb.es\/posicionamiento-web\/\" rel=\"nofollow noopener\" target=\"_blank\">funcionamiento del posicionamiento web<\/a> en buscadores.<\/p>\n<h2>\u00bfPara qu\u00e9 sirve la b\u00fasqueda anticipada?<\/h2>\n<p>En el mundo inform\u00e1tico, tiene la funci\u00f3n de optimizar los sistemas de un algoritmo para motores de b\u00fasqueda o bien para p\u00e1ginas web.<br \/>\nEl objetivo principal es permitir que el usuario pueda encontrar m\u00e1s r\u00e1pidamente el tema o el producto que necesita, gracias a sus pol\u00edticas se puede <a href=\"https:\/\/diseno20.appyweb.es\/diseno-web\/\" rel=\"nofollow noopener\" target=\"_blank\">ofrecer un dise\u00f1o web<\/a> y una experiencia de navegaci\u00f3n m\u00e1s completa.<\/p>\n<p>Esto tambi\u00e9n favorece al viaje de compras de una empresa en Internet, ya que mientras m\u00e1s r\u00e1pido el cliente encuentre lo que necesita, m\u00e1s r\u00e1pido se completar\u00e1 la venta.<br \/>\nNormalmente, este protocolo se lleva a cabo en el c\u00f3digo JavaScript, por lo que es necesaria la ayuda de expertos en desarrollo web.<\/p>\n<h2>Ejemplos de b\u00fasqueda anticipada<\/h2>\n<p>El ejemplo m\u00e1s com\u00fan es al utilizar Google, como se puede ver en la siguiente imagen se muestran una lista de t\u00e9rminos mientras se va escribiendo, estas son las b\u00fasquedas anticipadas, en ellas se almacena la informaci\u00f3n de carga <strong>para proceder con la elecci\u00f3n del usuario m\u00e1s r\u00e1pidamente<\/strong>.<br \/>\nTambi\u00e9n se pueden ver otros ejemplos en el motor de Amazon y otros sitios de ventas online.<\/p>\n<p><img decoding=\"async\" src=\"https:\/\/www.appyweb.es\/wp-content\/uploads\/2020\/08\/busqueda-anticipada-ejemplo.jpg\" \/><\/p>\n<p><script type=\"application\/ld+json\">{\"@context\":\"https:\/\/schema.org\",\"@type\":\"FAQPage\",\"mainEntity\":[ \n{\"@type\":\"Question\",\"name\":\"\u00bfQu\u00e9 es Business to Consumer (B2C)?\",\"acceptedAnswer\":{\"@type\":\"Answer\",\"text\":\"<\/p>\n<\/p>\n<\/p>\n<\/p>\n<\/p>\n<\/p>\n<\/p>\n<\/p>\n<\/p>\n<\/p>\n<\/p>\n<\/p>\n<\/p>\n<\/p>\n<\/p>\n<\/p>\n<\/p>\n<p>Es un proceso inform\u00e1tico que intenta determinar cu\u00e1l es la intenci\u00f3n del usuario, por ejemplo, al buscar dentro de la secci\u00f3n Mis Documentos en el ordenador, la persona recibir\u00e1 <strong>varias predicciones que coincidan con lo que van escribiendo<\/strong>, lo mismo sucede al utilizar el buscador de Google, las sugerencias van apareciendo en una lista justo debajo de la barra.<\/p>\n<\/p>\n<\/p>\n<\/p>\n<\/p>\n<\/p>\n<\/p>\n<\/p>\n<\/p>\n<\/p>\n<\/p>\n<\/p>\n<\/p>\n<\/p>\n<\/p>\n<\/p>\n<\/p>\n<\/p>\n<\/p>\n<\/p>\n<\/p>\n<\/p>\n<\/p>\n<\/p>\n<\/p>\n<\/p>\n<\/p>\n<\/p>\n<\/p>\n<\/p>\n<\/p>\n<\/p>\n<\/p>\n<p>Gracias a este elemento, se realiza una carga de las p\u00e1ginas dentro del almacenamiento, para que sea m\u00e1s r\u00e1pido acceder a ellas. <br \/>En este sentido, es indispensable para el <a href='https:\/\/diseno20.appyweb.es\/posicionamiento-web\/'>funcionamiento del posicionamiento web<\/a> en buscadores.<\/p>\n<\/p>\n<\/p>\n<\/p>\n<\/p>\n<\/p>\n<\/p>\n<\/p>\n<\/p>\n<\/p>\n<\/p>\n<\/p>\n<\/p>\n<\/p>\n<\/p>\n<\/p>\n<\/p>\n<p>\"}},\n{\"@type\":\"Question\",\"name\":\"\u00bfPara qu\u00e9 sirve la b\u00fasqueda anticipada?\",\"acceptedAnswer\":{\"@type\":\"Answer\",\"text\":\"<\/p>\n<\/p>\n<\/p>\n<\/p>\n<\/p>\n<\/p>\n<\/p>\n<\/p>\n<\/p>\n<\/p>\n<\/p>\n<\/p>\n<\/p>\n<\/p>\n<\/p>\n<\/p>\n<\/p>\n<p>En el mundo inform\u00e1tico, tiene la funci\u00f3n de optimizar los sistemas de un algoritmo para motores de b\u00fasqueda o bien para p\u00e1ginas web. <br \/>El objetivo principal es permitir que el usuario pueda encontrar m\u00e1s r\u00e1pidamente el tema o el producto que necesita, gracias a sus pol\u00edticas se puede <a href='https:\/\/diseno20.appyweb.es\/diseno-web\/'>ofrecer un dise\u00f1o web<\/a> y una experiencia de navegaci\u00f3n m\u00e1s completa.<\/p>\n<\/p>\n<\/p>\n<\/p>\n<\/p>\n<\/p>\n<\/p>\n<\/p>\n<\/p>\n<\/p>\n<\/p>\n<\/p>\n<\/p>\n<\/p>\n<\/p>\n<\/p>\n<\/p>\n<\/p>\n<\/p>\n<\/p>\n<\/p>\n<\/p>\n<\/p>\n<\/p>\n<\/p>\n<\/p>\n<\/p>\n<\/p>\n<\/p>\n<\/p>\n<\/p>\n<\/p>\n<\/p>\n<p>Esto tambi\u00e9n favorece al viaje de compras de una empresa en Internet, ya que mientras m\u00e1s r\u00e1pido el cliente encuentre lo que necesita, m\u00e1s r\u00e1pido se completar\u00e1 la venta. <br \/>Normalmente, este protocolo se lleva a cabo en el c\u00f3digo JavaScript, por lo que es necesaria la ayuda de expertos en desarrollo web.<\/p>\n<\/p>\n<\/p>\n<\/p>\n<\/p>\n<\/p>\n<\/p>\n<\/p>\n<\/p>\n<\/p>\n<\/p>\n<\/p>\n<\/p>\n<\/p>\n<\/p>\n<\/p>\n<\/p>\n<p>\"}},\n{\"@type\":\"Question\",\"name\":\"Ejemplos de b\u00fasqueda anticipada\",\"acceptedAnswer\":{\"@type\":\"Answer\",\"text\":\"<\/p>\n<\/p>\n<\/p>\n<\/p>\n<\/p>\n<\/p>\n<\/p>\n<\/p>\n<\/p>\n<\/p>\n<\/p>\n<\/p>\n<\/p>\n<\/p>\n<\/p>\n<\/p>\n<\/p>\n<p>El ejemplo m\u00e1s com\u00fan es al utilizar Google, como se puede ver en la siguiente imagen se muestran una lista de t\u00e9rminos mientras se va escribiendo, estas son las b\u00fasquedas anticipadas, en ellas se almacena la informaci\u00f3n de carga <strong>para proceder con la elecci\u00f3n del usuario m\u00e1s r\u00e1pidamente<\/strong>. Tambi\u00e9n se pueden ver otros ejemplos en el motor de Amazon y otros sitios de ventas online.<\/p>\n<\/p>\n<\/p>\n<\/p>\n<\/p>\n<\/p>\n<\/p>\n<\/p>\n<\/p>\n<\/p>\n<\/p>\n<\/p>\n<\/p>\n<\/p>\n<\/p>\n<\/p>\n<\/p>\n<\/p>\n<\/p>\n<\/p>\n<\/p>\n<\/p>\n<\/p>\n<\/p>\n<\/p>\n<\/p>\n<\/p>\n<\/p>\n<\/p>\n<\/p>\n<\/p>\n<\/p>\n<\/p>\n<p><img src='https:\/\/www.appyweb.es\/wp-content\/uploads\/2020\/08\/busqueda-anticipada-ejemplo.jpg' \/><\/p>\n<\/p>\n<\/p>\n<\/p>\n<\/p>\n<\/p>\n<\/p>\n<\/p>\n<\/p>\n<\/p>\n<\/p>\n<\/p>\n<\/p>\n<\/p>\n<\/p>\n<\/p>\n<\/p>\n<p>\"}}\n]}<\/script><\/p>\n<h2><span id=\"%F0%9F%93%8C_Mas_informacion_sobre_busqueda_anticipada\" class=\"ez-toc-section\"><\/span>M\u00e1s informaci\u00f3n sobre b\u00fasqueda anticipada<\/h2>\n<ul>\n<li><a href=\"https:\/\/www.appyweb.es\/diccionario\/intenciones-de-busqueda\/\">\u00bfQu\u00e9 son las intenciones de b\u00fasqueda y para qu\u00e9 sirven?<\/a><\/li>\n<li><a href=\"https:\/\/es.slideshare.net\/pepelebu1313\/administracion-de-memoria-politicas-de-busqueda#:~:text=B%C3%BAsqueda%20Anticipada%20Intentan%20determinar%20por,antes%20de%20ser%20expl%C3%ADcitamente%20referenciados.\" rel=\"nofollow noopener\" target=\"_blank\">Administraci\u00f3n de memoria (pol\u00edticas de b\u00fasqueda)<\/a><\/li>\n<\/ul>\n<p>&nbsp;<\/p>\n","protected":false},"excerpt":{"rendered":"<p>&nbsp; Es una estrategia de administraci\u00f3n de memoria virtual, se refiere a las memorias de los ordenadores o de los algoritmos como Google. La\u00a0b\u00fasqueda anticipada consiste en hacer una predicci\u00f3n de lo que el usuario necesita, para ofrecer una respuesta similar o acorde a su intenci\u00f3n. \u00bfQu\u00e9 es Business to Consumer (B2C)? Es un proceso [&hellip;]<\/p>\n","protected":false},"author":1,"featured_media":10598,"parent":0,"menu_order":0,"comment_status":"closed","ping_status":"closed","template":"","meta":{"inline_featured_image":false,"footnotes":""},"class_list":["post-354","page","type-page","status-publish","has-post-thumbnail","hentry"],"_links":{"self":[{"href":"https:\/\/www.appyweb.es\/diccionario\/wp-json\/wp\/v2\/pages\/354","targetHints":{"allow":["GET"]}}],"collection":[{"href":"https:\/\/www.appyweb.es\/diccionario\/wp-json\/wp\/v2\/pages"}],"about":[{"href":"https:\/\/www.appyweb.es\/diccionario\/wp-json\/wp\/v2\/types\/page"}],"author":[{"embeddable":true,"href":"https:\/\/www.appyweb.es\/diccionario\/wp-json\/wp\/v2\/users\/1"}],"replies":[{"embeddable":true,"href":"https:\/\/www.appyweb.es\/diccionario\/wp-json\/wp\/v2\/comments?post=354"}],"version-history":[{"count":11,"href":"https:\/\/www.appyweb.es\/diccionario\/wp-json\/wp\/v2\/pages\/354\/revisions"}],"predecessor-version":[{"id":11836,"href":"https:\/\/www.appyweb.es\/diccionario\/wp-json\/wp\/v2\/pages\/354\/revisions\/11836"}],"wp:featuredmedia":[{"embeddable":true,"href":"https:\/\/www.appyweb.es\/diccionario\/wp-json\/wp\/v2\/media\/10598"}],"wp:attachment":[{"href":"https:\/\/www.appyweb.es\/diccionario\/wp-json\/wp\/v2\/media?parent=354"}],"curies":[{"name":"wp","href":"https:\/\/api.w.org\/{rel}","templated":true}]}}