{"id":3545,"date":"2023-06-22T16:12:51","date_gmt":"2023-06-22T16:12:51","guid":{"rendered":"https:\/\/www.appyweb.es\/diccionario\/?post_type=project&#038;p=3545"},"modified":"2024-03-25T09:25:57","modified_gmt":"2024-03-25T09:25:57","slug":"puja-manual","status":"publish","type":"page","link":"https:\/\/www.appyweb.es\/diccionario\/puja-manual\/","title":{"rendered":"Puja Manual"},"content":{"rendered":"<p><img loading=\"lazy\" decoding=\"async\" class=\"size-medium wp-image-12425\" src=\"https:\/\/www.appyweb.es\/diccionario\/wp-content\/uploads\/2024\/03\/puja-automatica-300x180.jpg\" alt=\"Puja Manual\" width=\"300\" height=\"180\" srcset=\"https:\/\/www.appyweb.es\/diccionario\/wp-content\/uploads\/2024\/03\/puja-automatica-300x180.jpg 300w, https:\/\/www.appyweb.es\/diccionario\/wp-content\/uploads\/2024\/03\/puja-automatica-768x461.jpg 768w, https:\/\/www.appyweb.es\/diccionario\/wp-content\/uploads\/2024\/03\/puja-automatica.jpg 1000w\" sizes=\"auto, (max-width: 300px) 100vw, 300px\" \/><\/p>\n<p>Son las t\u00edpicas ofertas de CPC o coste por clic que el anunciante puede establecer por su cuenta. En Google Ads existen <strong>diferencias entre la puja manual y la autom\u00e1tica<\/strong>, \u00e9sta en especial permite establecer el importe m\u00e1ximo por cada clic.<\/p>\n<h2>\u00bfQu\u00e9 es la puja manual?<\/h2>\n<p>Este m\u00e9todo de oferta permite establecer un propio coste por clic, sin importar el <a href=\"https:\/\/www.appyweb.es\/campanas-google-adwords\/\">objetivo de campa\u00f1a en Google Adwords<\/a>, lo contrario ocurre en las ofertas automatizadas, ya que la misma herramienta sugiere un importe por visualizaci\u00f3n, dependiendo de los objetivos establecidos o el historial del anunciante.<\/p>\n<p>De esta forma, las configuraciones son muy detalladas, por ejemplo, <strong>se pueden hacer pujas por cada anuncio o grupo de anuncios<\/strong>, establecer localizaciones individuales y otras modificaciones.<\/p>\n<h2>\u00bfPara qu\u00e9 sirve la puja manual?<\/h2>\n<p>Una de las funcionalidades m\u00e1s \u00fatiles de la puja manual es que las empresas pueden establecer el importe que realmente necesitan o quieren pagar. El <strong>sistema de anuncios de Ads funciona bajo un protocolo de promedios<\/strong>, es decir, el coste automatizado puede ser m\u00e1s o menos y el excedente ser\u00e1 cobrado al final de mes, dependiendo tambi\u00e9n de la <a href=\"https:\/\/www.appyweb.es\/conversion-web\/\">efectividad de conversiones web<\/a> o de los objetivos planteados.<\/p>\n<p>Igualmente, sirve para <strong>minimizar los gastos en publicidad o distribuir el dinero<\/strong> para distintas campa\u00f1as en diferentes tiempos. Sobre todo para evitar que las campa\u00f1as activas consuman todo el presupuesto de una sola vez.<\/p>\n<h2>\u00bfQu\u00e9 tener en cuenta al hacer pujas manuales?<\/h2>\n<p>Los usuarios deben estar preparados e informados en todo el aspecto SEM de la herramienta, deben saber c\u00f3mo funciona y <strong>cu\u00e1les pueden ser las mejores configuraciones para las campa\u00f1as<\/strong>. Al no contar con la ayuda de un sistema automatizado, es necesario ajustar todos los detalles con precisi\u00f3n.<\/p>\n<p>Igualmente, es importante saber c\u00f3mo hacer una b\u00fasqueda de palabras clave m\u00e1s apropiadas para pujar, porque al no contar con el apoyo de la herramienta, es necesario verificar que las opciones sean las m\u00e1s rentables.<\/p>\n<h2>Ejemplo de puja manual<\/h2>\n<p>Para establecer este tipo de operaci\u00f3n, se debe acceder a la herramienta de Google Ads, al <strong>hacer una puja manual para una estrategia<\/strong> se ver\u00e1 una configuraci\u00f3n como en la siguiente imagen. Hay varios botones, el anunciante debe escoger el tipo de estrategia u objetivo, segmentos, filtros, columnas, etc.<\/p>\n<p><script type=\"application\/ld+json\">{\"@context\":\"https:\/\/schema.org\",\"@type\":\"FAQPage\",\"mainEntity\":[ \n{\"@type\":\"Question\",\"name\":\"\ud83d\udccc \u00bfQu\u00e9 es la puja manual?\",\"acceptedAnswer\":{\"@type\":\"Answer\",\"text\":\"<\/p>\n<p>Este m\u00e9todo de oferta permite establecer un propio coste por clic, sin importar el <a href='https:\/\/www.appyweb.es\/campanas-google-adwords\/'>objetivo de campa\u00f1a en Google Adwords<\/a>, lo contrario ocurre en las ofertas automatizadas, ya que la misma herramienta sugiere un importe por visualizaci\u00f3n, dependiendo de los objetivos establecidos o el historial del anunciante.<\/p>\n<p>De esta forma, las configuraciones son muy detalladas, por ejemplo, <strong>se pueden hacer pujas por cada anuncio o grupo de anuncios<\/strong>, establecer localizaciones individuales y otras modificaciones.<\/p>\n<p>\"}},\n{\"@type\":\"Question\",\"name\":\"\ud83d\udccc \u00bfPara qu\u00e9 sirve la puja manual?\",\"acceptedAnswer\":{\"@type\":\"Answer\",\"text\":\"<\/p>\n<p>Una de las funcionalidades m\u00e1s \u00fatiles de la puja manual es que las empresas pueden establecer el importe que realmente necesitan o quieren pagar. El <strong>sistema de anuncios de Ads funciona bajo un protocolo de promedios<\/strong>, es decir, el coste automatizado puede ser m\u00e1s o menos y el excedente ser\u00e1 cobrado al final de mes, dependiendo tambi\u00e9n de la <a href='https:\/\/www.appyweb.es\/conversion-web\/'>efectividad de conversiones web<\/a> o de los objetivos planteados.<\/p>\n<p>Igualmente, sirve para <strong>minimizar los gastos en publicidad o distribuir el dinero<\/strong> para distintas campa\u00f1as en diferentes tiempos. Sobre todo para evitar que las campa\u00f1as activas consuman todo el presupuesto de una sola vez.<\/p>\n<p>\"}},\n{\"@type\":\"Question\",\"name\":\"\ud83d\udccc \u00bfQu\u00e9 tener en cuenta al hacer pujas manuales?\",\"acceptedAnswer\":{\"@type\":\"Answer\",\"text\":\"<\/p>\n<p>Los usuarios deben estar preparados e informados en todo el aspecto SEM de la herramienta, deben saber c\u00f3mo funciona y <strong>cu\u00e1les pueden ser las mejores configuraciones para las campa\u00f1as<\/strong>. Al no contar con la ayuda de un sistema automatizado, es necesario ajustar todos los detalles con precisi\u00f3n.<\/p>\n<p>Igualmente, es importante saber c\u00f3mo hacer una b\u00fasqueda de palabras clave m\u00e1s apropiadas para pujar, porque al no contar con el apoyo de la herramienta, es necesario verificar que las opciones sean las m\u00e1s rentables.<\/p>\n<p>\"}},\n{\"@type\":\"Question\",\"name\":\"\ud83d\udccc Ejemplo de puja manual\",\"acceptedAnswer\":{\"@type\":\"Answer\",\"text\":\"<\/p>\n<p>Para establecer este tipo de operaci\u00f3n, se debe acceder a la herramienta de Google Ads, al <strong>hacer una puja manual para una estrategia<\/strong> se ver\u00e1 una configuraci\u00f3n como en la siguiente imagen. Hay varios botones, el anunciante debe escoger el tipo de estrategia u objetivo, segmentos, filtros, columnas, etc.<\/p>\n<p>\"}}\n]}<\/script><\/p>\n<h2>M\u00e1s informaci\u00f3n sobre puja manual<\/h2>\n<p>Esta es una de las modalidades de anuncio m\u00e1s f\u00e1ciles de establecer, pero eso no quiere decir que no requiera de algunos trucos. Conoce m\u00e1s al respecto en estos enlaces.<\/p>\n<ul>\n<li><a href=\"https:\/\/www.appyweb.es\/los-mejores-consejos-tus-campanas-google-adwords\/\">Los mejores consejos para tus campa\u00f1as en Google Adwords<\/a><\/li>\n<li><a href=\"https:\/\/support.google.com\/google-ads\/answer\/2472725\" rel=\"nofollow noopener\" target=\"_blank\">C\u00f3mo determinar una estrategia de oferta seg\u00fan los objetivos en Ads<\/a><\/li>\n<\/ul>\n<p>&nbsp;<\/p>\n","protected":false},"excerpt":{"rendered":"<p>Son las t\u00edpicas ofertas de CPC o coste por clic que el anunciante puede establecer por su cuenta. En Google Ads existen diferencias entre la puja manual y la autom\u00e1tica, \u00e9sta en especial permite establecer el importe m\u00e1ximo por cada clic. \u00bfQu\u00e9 es la puja manual? Este m\u00e9todo de oferta permite establecer un propio coste [&hellip;]<\/p>\n","protected":false},"author":1,"featured_media":12425,"parent":0,"menu_order":0,"comment_status":"open","ping_status":"closed","template":"","meta":{"inline_featured_image":false,"footnotes":""},"class_list":["post-3545","page","type-page","status-publish","has-post-thumbnail","hentry"],"_links":{"self":[{"href":"https:\/\/www.appyweb.es\/diccionario\/wp-json\/wp\/v2\/pages\/3545","targetHints":{"allow":["GET"]}}],"collection":[{"href":"https:\/\/www.appyweb.es\/diccionario\/wp-json\/wp\/v2\/pages"}],"about":[{"href":"https:\/\/www.appyweb.es\/diccionario\/wp-json\/wp\/v2\/types\/page"}],"author":[{"embeddable":true,"href":"https:\/\/www.appyweb.es\/diccionario\/wp-json\/wp\/v2\/users\/1"}],"replies":[{"embeddable":true,"href":"https:\/\/www.appyweb.es\/diccionario\/wp-json\/wp\/v2\/comments?post=3545"}],"version-history":[{"count":5,"href":"https:\/\/www.appyweb.es\/diccionario\/wp-json\/wp\/v2\/pages\/3545\/revisions"}],"predecessor-version":[{"id":12429,"href":"https:\/\/www.appyweb.es\/diccionario\/wp-json\/wp\/v2\/pages\/3545\/revisions\/12429"}],"wp:featuredmedia":[{"embeddable":true,"href":"https:\/\/www.appyweb.es\/diccionario\/wp-json\/wp\/v2\/media\/12425"}],"wp:attachment":[{"href":"https:\/\/www.appyweb.es\/diccionario\/wp-json\/wp\/v2\/media?parent=3545"}],"curies":[{"name":"wp","href":"https:\/\/api.w.org\/{rel}","templated":true}]}}