{"id":3548,"date":"2023-06-22T16:19:52","date_gmt":"2023-06-22T16:19:52","guid":{"rendered":"https:\/\/www.appyweb.es\/diccionario\/?post_type=project&#038;p=3548"},"modified":"2024-03-25T12:52:41","modified_gmt":"2024-03-25T12:52:41","slug":"quality-score","status":"publish","type":"page","link":"https:\/\/www.appyweb.es\/diccionario\/quality-score\/","title":{"rendered":"Quality Score"},"content":{"rendered":"<h1><img loading=\"lazy\" decoding=\"async\" class=\"alignnone  wp-image-12477\" src=\"https:\/\/www.appyweb.es\/diccionario\/wp-content\/uploads\/2024\/03\/quality-score-300x180.jpg\" alt=\"Quality Score\" width=\"978\" height=\"587\" srcset=\"https:\/\/www.appyweb.es\/diccionario\/wp-content\/uploads\/2024\/03\/quality-score-300x180.jpg 300w, https:\/\/www.appyweb.es\/diccionario\/wp-content\/uploads\/2024\/03\/quality-score-768x461.jpg 768w, https:\/\/www.appyweb.es\/diccionario\/wp-content\/uploads\/2024\/03\/quality-score.jpg 1000w\" sizes=\"auto, (max-width: 978px) 100vw, 978px\" \/><\/h1>\n<p>Aunque la publicidad por pago es m\u00e1s f\u00e1cil de implementar que las estrategias org\u00e1nicas, no quiere decir que sea solo cuesti\u00f3n de pagar y ya. Para que un anuncio pueda <strong>posicionarse en Google debe contar con un buen Quality Score<\/strong>, tambi\u00e9n conocido como <em>nivel de calidad<\/em>.<\/p>\n<h2>\u00bfQu\u00e9 es Quality Score?<\/h2>\n<p>Antes de explicar qu\u00e9 es y para qu\u00e9 sirve el Quality Score (nivel de calidad) es importante saber c\u00f3mo funciona el sistema de <a href=\"https:\/\/www.appyweb.es\/campanas-google-adwords\/\">posicionamiento de Google Ads<\/a>. No basta con solo ofrecer una gran cantidad de dinero por palabra clave, sino tambi\u00e9n <strong>cumplir con par\u00e1metros como la calidad de los anuncios<\/strong> y del landing page enlazado.<\/p>\n<p>En este sentido, el nivel de calidad hace referencia al ranking de posicionamiento y a su rendimiento global. Algunos aseguran que refleja si el anuncio se mostrar\u00e1 en el primer, segundo o tercer lugar dependiendo de la armon\u00eda de esos par\u00e1metros. Pero, Google ha mencionado que en realidad puede que no sea relevante para el ranking en ocasiones.<\/p>\n<h2>\u00bfC\u00f3mo funciona el Quality Score?<\/h2>\n<p>Se trata de una evaluaci\u00f3n que se lleva a cabo durante las subastas, <strong>estas se clasifican desde el 0 hasta el 10<\/strong>. Mientras m\u00e1s cerca del 10 mayor calidad tiene el anuncio, pero es importante recordar que \u00e9ste no ser\u00e1 el \u00fanico par\u00e1metro para determinar el posicionamiento del anuncio en las SERP\\&#8217;s.<\/p>\n<p>Igualmente, <strong>tambi\u00e9n se eval\u00faa la calidad de las p\u00e1ginas enlazadas<\/strong> o el <a href=\"https:\/\/www.appyweb.es\/diseno-landing-page\/\">dise\u00f1o de las landing pages<\/a>. Es por eso que no basta solo con ofrecer la mayor cantidad de dinero, bien el anuncio se puede posicionar, pero si tiene un bajo rendimiento Google lo puede retirar o bajarlo de posici\u00f3n.<\/p>\n<h2>\u00bfPara qu\u00e9 sirve el Quality Score?<\/h2>\n<p>El \u00edndice de calidad sirve para que todos aquellos que quieran adquirir un espacio publicitario en Google se den cuenta hasta d\u00f3nde son capaces de llegar esas campa\u00f1as publicitarias, <strong>medir su efectividad y rendimiento frente al buscador y los usuarios<\/strong>. De esta forma, es justo decir que la puntuaci\u00f3n es fundamental para evaluar la inversi\u00f3n.<\/p>\n<p>Tambi\u00e9n puede ser de ayuda para determinar algunos aspectos org\u00e1nicos, aunque el posicionamiento sea manipulado con las subastas, el anunciante puede darse cuenta de cu\u00e1les son los aspectos que m\u00e1s valora el algoritmo para posicionar mejor, si la URL, los t\u00edtulos, im\u00e1genes, etc.<\/p>\n<h2>\u00bfC\u00f3mo saber cu\u00e1l es el nivel de calidad?<\/h2>\n<p>Este par\u00e1metro <strong>se puede visualizar desde la herramienta de Google Ads<\/strong>, las instrucciones empiezan en las columnas del informe de palabras clave.<\/p>\n<ol>\n<li>Seleccionar <em>modificar columnas<\/em> en la esquina superior derecha de la tabla.<\/li>\n<li>Hacer clic en la opci\u00f3n <em>nivel de calidad<\/em>.<\/li>\n<li>All\u00ed se pueden a\u00f1adir estad\u00edsticas espec\u00edficas como nivel de calidad, relevancia del anuncio o nivel de experiencia en la p\u00e1gina de destino.<\/li>\n<li>Los datos se pueden segmentar por d\u00edas o fechas.<\/li>\n<li>Para finalizar, se hace clic en <em>aceptar<\/em>.<\/li>\n<\/ol>\n<p><script type=\"application\/ld+json\">{\"@context\":\"https:\/\/schema.org\",\"@type\":\"FAQPage\",\"mainEntity\":[ \n{\"@type\":\"Question\",\"name\":\"\ud83d\udccc \u00bfQu\u00e9 es Quality Score?\",\"acceptedAnswer\":{\"@type\":\"Answer\",\"text\":\"<\/p>\n<p>Antes de explicar qu\u00e9 es y para qu\u00e9 sirve el Quality Score (nivel de calidad) es importante saber c\u00f3mo funciona el sistema de <a href='https:\/\/www.appyweb.es\/campanas-google-adwords\/'>posicionamiento de Google Ads<\/a>. No basta con solo ofrecer una gran cantidad de dinero por palabra clave, sino tambi\u00e9n <strong>cumplir con par\u00e1metros como la calidad de los anuncios<\/strong> y del landing page enlazado.<\/p>\n<p>En este sentido, el nivel de calidad hace referencia al ranking de posicionamiento y a su rendimiento global. Algunos aseguran que refleja si el anuncio se mostrar\u00e1 en el primer, segundo o tercer lugar dependiendo de la armon\u00eda de esos par\u00e1metros. Pero, Google ha mencionado que en realidad puede que no sea relevante para el ranking en ocasiones.<\/p>\n<p>\"}},\n{\"@type\":\"Question\",\"name\":\"\ud83d\udccc \u00bfC\u00f3mo funciona el Quality Score?\",\"acceptedAnswer\":{\"@type\":\"Answer\",\"text\":\"<\/p>\n<p>Se trata de una evaluaci\u00f3n que se lleva a cabo durante las subastas, <strong>estas se clasifican desde el 0 hasta el 10<\/strong>. Mientras m\u00e1s cerca del 10 mayor calidad tiene el anuncio, pero es importante recordar que \u00e9ste no ser\u00e1 el \u00fanico par\u00e1metro para determinar el posicionamiento del anuncio en las SERP\\'s.<\/p>\n<p>Igualmente, <strong>tambi\u00e9n se eval\u00faa la calidad de las p\u00e1ginas enlazadas<\/strong> o el <a href='https:\/\/www.appyweb.es\/diseno-landing-page\/'>dise\u00f1o de las landing pages<\/a>. Es por eso que no basta solo con ofrecer la mayor cantidad de dinero, bien el anuncio se puede posicionar, pero si tiene un bajo rendimiento Google lo puede retirar o bajarlo de posici\u00f3n.<\/p>\n<p>\"}},\n{\"@type\":\"Question\",\"name\":\"\ud83d\udccc \u00bfPara qu\u00e9 sirve el Quality Score?\",\"acceptedAnswer\":{\"@type\":\"Answer\",\"text\":\"<\/p>\n<p>El \u00edndice de calidad sirve para que todos aquellos que quieran adquirir un espacio publicitario en Google se den cuenta hasta d\u00f3nde son capaces de llegar esas campa\u00f1as publicitarias, <strong>medir su efectividad y rendimiento frente al buscador y los usuarios<\/strong>. De esta forma, es justo decir que la puntuaci\u00f3n es fundamental para evaluar la inversi\u00f3n.<\/p>\n<p>Tambi\u00e9n puede ser de ayuda para determinar algunos aspectos org\u00e1nicos, aunque el posicionamiento sea manipulado con las subastas, el anunciante puede darse cuenta de cu\u00e1les son los aspectos que m\u00e1s valora el algoritmo para posicionar mejor, si la URL, los t\u00edtulos, im\u00e1genes, etc.<\/p>\n<p>\"}},\n{\"@type\":\"Question\",\"name\":\"\ud83d\udccc \u00bfC\u00f3mo saber cu\u00e1l es el nivel de calidad?\",\"acceptedAnswer\":{\"@type\":\"Answer\",\"text\":\"<\/p>\n<p>Este par\u00e1metro <strong>se puede visualizar desde la herramienta de Google Ads<\/strong>, las instrucciones empiezan en las columnas del informe de palabras clave.<\/p>\n<\/p>\n<ol>\n<\/p>\n<li>Seleccionar <em>modificar columnas<\/em> en la esquina superior derecha de la tabla.<\/li>\n<\/p>\n<\/p>\n<\/p>\n<li>Hacer clic en la opci\u00f3n <em>nivel de calidad<\/em>.<\/li>\n<\/p>\n<\/p>\n<\/p>\n<li>All\u00ed se pueden a\u00f1adir estad\u00edsticas espec\u00edficas como nivel de calidad, relevancia del anuncio o nivel de experiencia en la p\u00e1gina de destino.<\/li>\n<\/p>\n<\/p>\n<\/p>\n<li>Los datos se pueden segmentar por d\u00edas o fechas.<\/li>\n<\/p>\n<\/p>\n<\/p>\n<li>Para finalizar, se hace clic en <em>aceptar<\/em>.<\/li>\n<\/p>\n<\/p>\n<\/ol>\n<\/p>\n<\/p>\n<p>As\u00ed se ver\u00edan las columnas del Quality Score configuradas.<\/p>\n<p>\"}}\n]}<\/script><\/p>\n<h2>M\u00e1s informaci\u00f3n sobre Quality Score<\/h2>\n<p>Lograr un buen porcentaje de calidad y alcanzar el mejor posicionamiento de anuncios puede ser dif\u00edcil, as\u00ed que trata de informarte lo m\u00e1s que puedas al respecto, mira estos enlaces.<\/p>\n<ul>\n<li><a href=\"https:\/\/www.appyweb.es\/diccionario\/pagina-de-destino\/\">\u00bfQu\u00e9 es la P\u00e1gina de destino y para qu\u00e9 sirve?<\/a><\/li>\n<li><a href=\"https:\/\/support.google.com\/google-ads\/answer\/2404196\" rel=\"nofollow noopener\" target=\"_blank\">C\u00f3mo mejorar la calidad de sus anuncios<\/a><\/li>\n<\/ul>\n<p>&nbsp;<\/p>\n","protected":false},"excerpt":{"rendered":"<p>Aunque la publicidad por pago es m\u00e1s f\u00e1cil de implementar que las estrategias org\u00e1nicas, no quiere decir que sea solo cuesti\u00f3n de pagar y ya. Para que un anuncio pueda posicionarse en Google debe contar con un buen Quality Score, tambi\u00e9n conocido como nivel de calidad. \u00bfQu\u00e9 es Quality Score? Antes de explicar qu\u00e9 es [&hellip;]<\/p>\n","protected":false},"author":1,"featured_media":12477,"parent":0,"menu_order":0,"comment_status":"open","ping_status":"closed","template":"","meta":{"inline_featured_image":false,"footnotes":""},"class_list":["post-3548","page","type-page","status-publish","has-post-thumbnail","hentry"],"_links":{"self":[{"href":"https:\/\/www.appyweb.es\/diccionario\/wp-json\/wp\/v2\/pages\/3548","targetHints":{"allow":["GET"]}}],"collection":[{"href":"https:\/\/www.appyweb.es\/diccionario\/wp-json\/wp\/v2\/pages"}],"about":[{"href":"https:\/\/www.appyweb.es\/diccionario\/wp-json\/wp\/v2\/types\/page"}],"author":[{"embeddable":true,"href":"https:\/\/www.appyweb.es\/diccionario\/wp-json\/wp\/v2\/users\/1"}],"replies":[{"embeddable":true,"href":"https:\/\/www.appyweb.es\/diccionario\/wp-json\/wp\/v2\/comments?post=3548"}],"version-history":[{"count":5,"href":"https:\/\/www.appyweb.es\/diccionario\/wp-json\/wp\/v2\/pages\/3548\/revisions"}],"predecessor-version":[{"id":12479,"href":"https:\/\/www.appyweb.es\/diccionario\/wp-json\/wp\/v2\/pages\/3548\/revisions\/12479"}],"wp:featuredmedia":[{"embeddable":true,"href":"https:\/\/www.appyweb.es\/diccionario\/wp-json\/wp\/v2\/media\/12477"}],"wp:attachment":[{"href":"https:\/\/www.appyweb.es\/diccionario\/wp-json\/wp\/v2\/media?parent=3548"}],"curies":[{"name":"wp","href":"https:\/\/api.w.org\/{rel}","templated":true}]}}