{"id":3552,"date":"2023-06-22T16:21:24","date_gmt":"2023-06-22T16:21:24","guid":{"rendered":"https:\/\/www.appyweb.es\/diccionario\/?post_type=project&#038;p=3552"},"modified":"2024-03-27T14:57:21","modified_gmt":"2024-03-27T14:57:21","slug":"query","status":"publish","type":"page","link":"https:\/\/www.appyweb.es\/diccionario\/query\/","title":{"rendered":"Query"},"content":{"rendered":"<h1><img loading=\"lazy\" decoding=\"async\" class=\"alignnone  wp-image-12525\" src=\"https:\/\/www.appyweb.es\/diccionario\/wp-content\/uploads\/2024\/03\/query-300x180.jpg\" alt=\"Query\" width=\"978\" height=\"587\" srcset=\"https:\/\/www.appyweb.es\/diccionario\/wp-content\/uploads\/2024\/03\/query-300x180.jpg 300w, https:\/\/www.appyweb.es\/diccionario\/wp-content\/uploads\/2024\/03\/query-768x461.jpg 768w, https:\/\/www.appyweb.es\/diccionario\/wp-content\/uploads\/2024\/03\/query.jpg 1000w\" sizes=\"auto, (max-width: 978px) 100vw, 978px\" \/><\/h1>\n<p>Es un t\u00e9rmino en ingl\u00e9s que significa \u00abconsulta\u00bb, pero en el mundo del marketing digital, <strong>Query hace referencia a las palabras que introduce un usuario<\/strong> en la barra de un motor de b\u00fasqueda.<\/p>\n<h2>\u00bfQu\u00e9 es Query?<\/h2>\n<p>Se utiliza cuando se quiere hacer referencia a la consulta que tiene un usuario frente al buscador, es decir, lo que escribe en la barra de b\u00fasqueda. De esta forma, el <strong>Query incluye palabras que ser\u00e1n utilizadas por el algoritmo para ordenar los resultados<\/strong> de b\u00fasqueda, es decir las SERP\\&#8217;s. De esta forma, cumplen con un <a href=\"https:\/\/www.appyweb.es\/posicionamiento-web\/\">papel primordial en el posicionamiento web<\/a>, sobre todo para entender las tendencias de b\u00fasqueda de la audiencia.<\/p>\n<p>Aunque estas son palabras clave en s\u00ed, las \u00abconsultas\u00bb son m\u00e1s reales, es decir, pueden tener faltas gramaticales, errores de redacci\u00f3n, cacofon\u00edas, entre otros imperfectos. Con el paso del tiempo, el algoritmo aprendi\u00f3 a interpretarlas, pero a\u00fan se pueden utilizar para posicionar.<\/p>\n<h2>\u00bfPara qu\u00e9 sirven las Query?<\/h2>\n<p>Su principal funci\u00f3n es darle una pista al algoritmo del buscador sobre lo que se requiere en los resultados de b\u00fasqueda. Esto es importante porque <strong>en la Query se define la intenci\u00f3n del usuario<\/strong>, unido a las palabras clave, se espera que los resultados sean acordes a su intenci\u00f3n. De no ser as\u00ed, entonces el algoritmo habr\u00e1 fallado y el usuario tendr\u00e1 que intentar de nuevo con otra consulta.<\/p>\n<p>Por otro lado, tambi\u00e9n sirve para ayudar a las empresas a conseguir ideas de palabras clave que pueden <a href=\"https:\/\/www.appyweb.es\/marketing-de-contenidos\/\">utilizar en su marketing de contenidos<\/a>. Los motores de b\u00fasqueda est\u00e1n cada vez m\u00e1s preparados para interpretar consultas, pero si los sitios web est\u00e1n al tanto de los intereses de los usuarios entonces podr\u00e1n ser posicionados f\u00e1cilmente.<\/p>\n<h2>\u00bfQu\u00e9 es Query en Google Sheets?<\/h2>\n<p>Este concepto se utiliza en otras herramientas de Google como Sheets, en este escenario, <strong>una Query es una funci\u00f3n que permite filtrar o resumir informaci\u00f3n<\/strong> en hojas de c\u00e1lculo, usualmente se genera a partir de una base de datos.<\/p>\n<p>Tambi\u00e9n se hace referencia a su funcionalidad en el lenguaje de programaci\u00f3n MySQL, donde se utiliza para manejar, controlar, gestionar bases de datos. Esta tambi\u00e9n est\u00e1 disponible en otras herramientas de hojas de c\u00e1lculos como Excel.<\/p>\n<h2>Ejemplo de Query<\/h2>\n<p>Imaginemos que un usuario va a hacer una consulta en Internet sobre \u00abc\u00f3mo aprender english\u00bb, \u00e9sta \u00faltima hace referencia a una keyword, porque es la b\u00fasqueda ideal. Es decir, un instituto de idiomas espera que todos los usuarios utilizaran esa frase para hacer una b\u00fasqueda en Google, por lo que la utiliza para posicionar t\u00edtulos, contenidos y URL.<\/p>\n<p>Pero, la realidad es otra, <strong>es all\u00ed cuando se destacan las Query<\/strong>, por ejemplo, el usuario puede escribir \u00abc\u00f3mo aprender inglish\u00bb o algo parecido. En ocasiones, la barra de sugerencias lo corregir\u00e1, pero en otras, el usuario querr\u00e1 verificar los resultados para esa consulta espec\u00edfica (aunque tenga un error gramatical).<\/p>\n<p><script type=\"application\/ld+json\">{\"@context\":\"https:\/\/schema.org\",\"@type\":\"FAQPage\",\"mainEntity\":[ \n{\"@type\":\"Question\",\"name\":\"\ud83d\udccc \u00bfQu\u00e9 es Query?\",\"acceptedAnswer\":{\"@type\":\"Answer\",\"text\":\"<\/p>\n<p>Se utiliza cuando se quiere hacer referencia a la consulta que tiene un usuario frente al buscador, es decir, lo que escribe en la barra de b\u00fasqueda. De esta forma, el <strong>Query incluye palabras que ser\u00e1n utilizadas por el algoritmo para ordenar los resultados<\/strong> de b\u00fasqueda, es decir las SERP\\'s. De esta forma, cumplen con un <a href='https:\/\/www.appyweb.es\/posicionamiento-web\/'>papel primordial en el posicionamiento web<\/a>, sobre todo para entender las tendencias de b\u00fasqueda de la audiencia.<\/p>\n<p>Aunque estas son palabras clave en s\u00ed, las 'consultas' son m\u00e1s reales, es decir, pueden tener faltas gramaticales, errores de redacci\u00f3n, cacofon\u00edas, entre otros imperfectos. Con el paso del tiempo, el algoritmo aprendi\u00f3 a interpretarlas, pero a\u00fan se pueden utilizar para posicionar.<\/p>\n<p>\"}},\n{\"@type\":\"Question\",\"name\":\"\ud83d\udccc \u00bfPara qu\u00e9 sirven las Query?\",\"acceptedAnswer\":{\"@type\":\"Answer\",\"text\":\"<\/p>\n<p>Su principal funci\u00f3n es darle una pista al algoritmo del buscador sobre lo que se requiere en los resultados de b\u00fasqueda. Esto es importante porque <strong>en la Query se define la intenci\u00f3n del usuario<\/strong>, unido a las palabras clave, se espera que los resultados sean acordes a su intenci\u00f3n. De no ser as\u00ed, entonces el algoritmo habr\u00e1 fallado y el usuario tendr\u00e1 que intentar de nuevo con otra consulta.<\/p>\n<p>Por otro lado, tambi\u00e9n sirve para ayudar a las empresas a conseguir ideas de palabras clave que pueden <a href='https:\/\/www.appyweb.es\/marketing-de-contenidos\/'>utilizar en su marketing de contenidos<\/a>. Los motores de b\u00fasqueda est\u00e1n cada vez m\u00e1s preparados para interpretar consultas, pero si los sitios web est\u00e1n al tanto de los intereses de los usuarios entonces podr\u00e1n ser posicionados f\u00e1cilmente.<\/p>\n<p>\"}},\n{\"@type\":\"Question\",\"name\":\"\ud83d\udccc \u00bfQu\u00e9 es Query en Google Sheets?\",\"acceptedAnswer\":{\"@type\":\"Answer\",\"text\":\"<\/p>\n<p>Este concepto se utiliza en otras herramientas de Google como Sheets, en este escenario, <strong>una Query es una funci\u00f3n que permite filtrar o resumir informaci\u00f3n<\/strong> en hojas de c\u00e1lculo, usualmente se genera a partir de una base de datos.<\/p>\n<p>Tambi\u00e9n se hace referencia a su funcionalidad en el lenguaje de programaci\u00f3n MySQL, donde se utiliza para manejar, controlar, gestionar bases de datos. Esta tambi\u00e9n est\u00e1 disponible en otras herramientas de hojas de c\u00e1lculos como Excel.<\/p>\n<p>\"}},\n{\"@type\":\"Question\",\"name\":\"\ud83d\udccc Ejemplo de Query\",\"acceptedAnswer\":{\"@type\":\"Answer\",\"text\":\"<\/p>\n<p>Imaginemos que un usuario va a hacer una consulta en Internet sobre 'c\u00f3mo aprender english', \u00e9sta \u00faltima hace referencia a una keyword, porque es la b\u00fasqueda ideal. Es decir, un instituto de idiomas espera que todos los usuarios utilizaran esa frase para hacer una b\u00fasqueda en Google, por lo que la utiliza para posicionar t\u00edtulos, contenidos y URL.<\/p>\n<p>Pero, la realidad es otra, <strong>es all\u00ed cuando se destacan las Query<\/strong>, por ejemplo, el usuario puede escribir 'c\u00f3mo aprender inglish' o algo parecido. En ocasiones, la barra de sugerencias lo corregir\u00e1, pero en otras, el usuario querr\u00e1 verificar los resultados para esa consulta espec\u00edfica (aunque tenga un error gramatical).<\/p>\n<p>\"}}\n]}<\/script><\/p>\n<h2>M\u00e1s informaci\u00f3n sobre Query<\/h2>\n<p>Este aspecto es uno de los m\u00e1s importantes cuando se refiere a posicionamiento en Google, si quieres estar al tanto de c\u00f3mo funciona mira estos otros enlaces.<\/p>\n<ul>\n<li><a href=\"https:\/\/www.appyweb.es\/diccionario\/mysql\/\">\u00bfQu\u00e9 es el MySQL y para qu\u00e9 sirve?<\/a><\/li>\n<li><a href=\"https:\/\/cursogoogleads.online\/palabras-claves\/query-vs-keyword\/\" rel=\"nofollow noopener\" target=\"_blank\">Query vs Palabra Clave: el deseo y el anzuelo<\/a><\/li>\n<\/ul>\n<p>&nbsp;<\/p>\n","protected":false},"excerpt":{"rendered":"<p>Es un t\u00e9rmino en ingl\u00e9s que significa \u00abconsulta\u00bb, pero en el mundo del marketing digital, Query hace referencia a las palabras que introduce un usuario en la barra de un motor de b\u00fasqueda. \u00bfQu\u00e9 es Query? Se utiliza cuando se quiere hacer referencia a la consulta que tiene un usuario frente al buscador, es decir, [&hellip;]<\/p>\n","protected":false},"author":1,"featured_media":12525,"parent":0,"menu_order":0,"comment_status":"open","ping_status":"closed","template":"","meta":{"inline_featured_image":false,"footnotes":""},"class_list":["post-3552","page","type-page","status-publish","has-post-thumbnail","hentry"],"_links":{"self":[{"href":"https:\/\/www.appyweb.es\/diccionario\/wp-json\/wp\/v2\/pages\/3552","targetHints":{"allow":["GET"]}}],"collection":[{"href":"https:\/\/www.appyweb.es\/diccionario\/wp-json\/wp\/v2\/pages"}],"about":[{"href":"https:\/\/www.appyweb.es\/diccionario\/wp-json\/wp\/v2\/types\/page"}],"author":[{"embeddable":true,"href":"https:\/\/www.appyweb.es\/diccionario\/wp-json\/wp\/v2\/users\/1"}],"replies":[{"embeddable":true,"href":"https:\/\/www.appyweb.es\/diccionario\/wp-json\/wp\/v2\/comments?post=3552"}],"version-history":[{"count":5,"href":"https:\/\/www.appyweb.es\/diccionario\/wp-json\/wp\/v2\/pages\/3552\/revisions"}],"predecessor-version":[{"id":12528,"href":"https:\/\/www.appyweb.es\/diccionario\/wp-json\/wp\/v2\/pages\/3552\/revisions\/12528"}],"wp:featuredmedia":[{"embeddable":true,"href":"https:\/\/www.appyweb.es\/diccionario\/wp-json\/wp\/v2\/media\/12525"}],"wp:attachment":[{"href":"https:\/\/www.appyweb.es\/diccionario\/wp-json\/wp\/v2\/media?parent=3552"}],"curies":[{"name":"wp","href":"https:\/\/api.w.org\/{rel}","templated":true}]}}