{"id":3556,"date":"2023-06-22T16:22:47","date_gmt":"2023-06-22T16:22:47","guid":{"rendered":"https:\/\/www.appyweb.es\/diccionario\/?post_type=project&#038;p=3556"},"modified":"2024-03-28T15:28:13","modified_gmt":"2024-03-28T15:28:13","slug":"rankbrain","status":"publish","type":"page","link":"https:\/\/www.appyweb.es\/diccionario\/rankbrain\/","title":{"rendered":"RankBrain"},"content":{"rendered":"<h1><img loading=\"lazy\" decoding=\"async\" class=\"alignnone  wp-image-12753\" src=\"https:\/\/www.appyweb.es\/diccionario\/wp-content\/uploads\/2024\/03\/rankbrain-300x180.jpg\" alt=\"rankbrain\n\" width=\"973\" height=\"584\" srcset=\"https:\/\/www.appyweb.es\/diccionario\/wp-content\/uploads\/2024\/03\/rankbrain-300x180.jpg 300w, https:\/\/www.appyweb.es\/diccionario\/wp-content\/uploads\/2024\/03\/rankbrain-768x461.jpg 768w, https:\/\/www.appyweb.es\/diccionario\/wp-content\/uploads\/2024\/03\/rankbrain.jpg 1000w\" sizes=\"auto, (max-width: 973px) 100vw, 973px\" \/><\/h1>\n<p>Es un algoritmo de Google que funciona con inteligencia artificial, <strong>las tareas de RankBrain consisten en procesar las b\u00fasquedas de los usuarios<\/strong> y posicionar los que sean m\u00e1s relevantes. Es por eso que cuenta con gran importancia para las estrategias SEO.<\/p>\n<h2>\u00bfQu\u00e9 es RankBrain?<\/h2>\n<p>Se trata de un algoritmo que forma parte de los elementos de clasificaci\u00f3n de los resultados, entre los enlaces y los contenidos, RankBrain tambi\u00e9n cuenta con elementos que deben ser tenidos <a href=\"https:\/\/www.appyweb.es\/posicionamiento-web\/\">en cuenta para el posicionamiento web<\/a>. Desde su revelaci\u00f3n en el 2015, Google ha comentado que \u00e9ste cuenta con la participaci\u00f3n del 15% de los resultados de b\u00fasqueda.<\/p>\n<p>Al ser un sistema de inteligencia artificial, ayuda a <strong>interpretar o entender palabras que nunca hayan sido utilizadas en una b\u00fasqueda<\/strong>, o incluso puede verificar errores gramaticales y ofrecer resultados m\u00e1s acordes. Debido al hermetismo de los ingenieros de b\u00fasqueda, no es posible conocer cu\u00e1les son los aspectos que analiza para posicionar sitios web.<\/p>\n<h2>\u00bfPara qu\u00e9 sirve RankBrain?<\/h2>\n<p>Su funci\u00f3n principal es <strong>ofrecer resultados de b\u00fasqueda cada vez m\u00e1s apropiados<\/strong>, seg\u00fan las b\u00fasquedas de los usuarios. Es decir, que est\u00e1 hecho para ordenar o posicionar sitios que sean m\u00e1s espec\u00edficos con las b\u00fasquedas, sobre todo aquellas que pueden ser dif\u00edciles de interpretar, como t\u00e9rminos combinados, preguntas o consultas conversacionales, palabras clave de cola larga, entre otras.<\/p>\n<p>Se dice que es el tercer pilar <strong>para determinar el Rank de b\u00fasqueda de Google<\/strong>, junto a las se\u00f1ales sem\u00e1nticas (palabras clave, contenidos, etc.) y los enlaces. As\u00ed que puede que <a href=\"https:\/\/www.appyweb.es\/link-building\/\">aplicar estrategias de linkbuilding<\/a> sea sustancial para posicionar, pero estar al tanto de las exigencias del RankBrain tambi\u00e9n es importante.<\/p>\n<h2>\u00bfC\u00f3mo funciona el algoritmo de RankBrain?<\/h2>\n<p>Como se mencion\u00f3 antes, es dif\u00edcil saber c\u00f3mo funciona el algoritmo, pero, cuando sali\u00f3 a la luz esta nueva funcionalidad de Google, se revel\u00f3 que trabajaba a trav\u00e9s de vectores. Utiliza estos factores matem\u00e1ticos <strong>para encontrar elementos similares en consultas desconocidas<\/strong>. Esto lo hace consultando las bases de datos del motor de b\u00fasqueda, es decir, en el hist\u00f3rico de b\u00fasquedas.<\/p>\n<p>Asimismo, tambi\u00e9n es necesario mencionar que tiene como base lo que se conoci\u00f3 como <em>Hummingbird<\/em>, una actualizaci\u00f3n del algoritmo que permite mostrar el <em>Gr\u00e1fico de Conocimiento<\/em> o Knowledge Graph. Es un recuadro en los resultados de b\u00fasqueda que se muestra cuando se hacen b\u00fasquedas de personajes, lugares, sucesos hist\u00f3ricos, etc.<\/p>\n<h2>Importancia en el SEO y marketing digital<\/h2>\n<p>Aunque bien se trata de una herramienta poderosa, es compresible que en realidad no tenga mucha atenci\u00f3n de parte de los expertos en SEO, debido a que \u00e9ste no es utilizado en todas las ocasiones. Sino que el algoritmo lo emplea solo cuando se trata de b\u00fasquedas nuevas nunca antes hechas o consultas muy complejas.<\/p>\n<p>Sin embargo, <strong>sigue teniendo un impacto en el mundo del marketing digital<\/strong>, sobre todo en el avance de las b\u00fasquedas por voz, ya que la herramienta est\u00e1 hecha para entender c\u00f3mo hablan y se comunican los usuarios, por eso no ser\u00e1 sorpresa que se vuelva a\u00fan m\u00e1s importante mientras m\u00e1s aprenda.<\/p>\n<p><script type=\"application\/ld+json\">{\"@context\":\"https:\/\/schema.org\",\"@type\":\"FAQPage\",\"mainEntity\":[ \n{\"@type\":\"Question\",\"name\":\"\ud83d\udccc \u00bfQu\u00e9 es RankBrain?\",\"acceptedAnswer\":{\"@type\":\"Answer\",\"text\":\"<\/p>\n<p>Se trata de un algoritmo que forma parte de los elementos de clasificaci\u00f3n de los resultados, entre los enlaces y los contenidos, RankBrain tambi\u00e9n cuenta con elementos que deben ser tenidos <a href='https:\/\/www.appyweb.es\/posicionamiento-web\/'>en cuenta para el posicionamiento web<\/a>. Desde su revelaci\u00f3n en el 2015, Google ha comentado que \u00e9ste cuenta con la participaci\u00f3n del 15% de los resultados de b\u00fasqueda.<\/p>\n<p>Al ser un sistema de inteligencia artificial, ayuda a <strong>interpretar o entender palabras que nunca hayan sido utilizadas en una b\u00fasqueda<\/strong>, o incluso puede verificar errores gramaticales y ofrecer resultados m\u00e1s acordes. Debido al hermetismo de los ingenieros de b\u00fasqueda, no es posible conocer cu\u00e1les son los aspectos que analiza para posicionar sitios web.<\/p>\n<p>\"}},\n{\"@type\":\"Question\",\"name\":\"\ud83d\udccc \u00bfPara qu\u00e9 sirve RankBrain?\",\"acceptedAnswer\":{\"@type\":\"Answer\",\"text\":\"<\/p>\n<p>Su funci\u00f3n principal es <strong>ofrecer resultados de b\u00fasqueda cada vez m\u00e1s apropiados<\/strong>, seg\u00fan las b\u00fasquedas de los usuarios. Es decir, que est\u00e1 hecho para ordenar o posicionar sitios que sean m\u00e1s espec\u00edficos con las b\u00fasquedas, sobre todo aquellas que pueden ser dif\u00edciles de interpretar, como t\u00e9rminos combinados, preguntas o consultas conversacionales, palabras clave de cola larga, entre otras.<\/p>\n<p>Se dice que es el tercer pilar <strong>para determinar el Rank de b\u00fasqueda de Google<\/strong>, junto a las se\u00f1ales sem\u00e1nticas (palabras clave, contenidos, etc.) y los enlaces. As\u00ed que puede que <a href='https:\/\/www.appyweb.es\/link-building\/'>aplicar estrategias de linkbuilding<\/a> sea sustancial para posicionar, pero estar al tanto de las exigencias del RankBrain tambi\u00e9n es importante.<\/p>\n<p>\"}},\n{\"@type\":\"Question\",\"name\":\"\ud83d\udccc \u00bfC\u00f3mo funciona el algoritmo de RankBrain?\",\"acceptedAnswer\":{\"@type\":\"Answer\",\"text\":\"<\/p>\n<p>Como se mencion\u00f3 antes, es dif\u00edcil saber c\u00f3mo funciona el algoritmo, pero, cuando sali\u00f3 a la luz esta nueva funcionalidad de Google, se revel\u00f3 que trabajaba a trav\u00e9s de vectores. Utiliza estos factores matem\u00e1ticos <strong>para encontrar elementos similares en consultas desconocidas<\/strong>. Esto lo hace consultando las bases de datos del motor de b\u00fasqueda, es decir, en el hist\u00f3rico de b\u00fasquedas.<\/p>\n<p>Asimismo, tambi\u00e9n es necesario mencionar que tiene como base lo que se conoci\u00f3 como <em>Hummingbird<\/em>, una actualizaci\u00f3n del algoritmo que permite mostrar el <em>Gr\u00e1fico de Conocimiento<\/em> o Knowledge Graph. Es un recuadro en los resultados de b\u00fasqueda que se muestra cuando se hacen b\u00fasquedas de personajes, lugares, sucesos hist\u00f3ricos, etc.<\/p>\n<p>\"}},\n{\"@type\":\"Question\",\"name\":\"\ud83d\udccc Importancia en el SEO y marketing digital\",\"acceptedAnswer\":{\"@type\":\"Answer\",\"text\":\"<\/p>\n<p>Aunque bien se trata de una herramienta poderosa, es compresible que en realidad no tenga mucha atenci\u00f3n de parte de los expertos en SEO, debido a que \u00e9ste no es utilizado en todas las ocasiones. Sino que el algoritmo lo emplea solo cuando se trata de b\u00fasquedas nuevas nunca antes hechas o consultas muy complejas.<\/p>\n<p>Sin embargo, <strong>sigue teniendo un impacto en el mundo del marketing digital<\/strong>, sobre todo en el avance de las b\u00fasquedas por voz, ya que la herramienta est\u00e1 hecha para entender c\u00f3mo hablan y se comunican los usuarios, por eso no ser\u00e1 sorpresa que se vuelva a\u00fan m\u00e1s importante mientras m\u00e1s aprenda.<\/p>\n<p>\"}}\n]}<\/script><\/p>\n<h2>M\u00e1s informaci\u00f3n sobre RankBrain<\/h2>\n<p>Bien es cierto que <strong>la inteligencia artificial mejorar\u00e1 el rendimiento del motor de b\u00fasqueda<\/strong> al m\u00e1ximo. De hecho, gracias a \u00e9ste, Google desarroll\u00f3 otra tecnolog\u00eda que se basa en la comprensi\u00f3n sem\u00e1ntica, develada en el 2019, la actualizaci\u00f3n BERT se ha vuelto una herramienta poderosa, conoce m\u00e1s aqu\u00ed.<\/p>\n<ul>\n<li><a href=\"https:\/\/www.appyweb.es\/aumenta-trafico-web-busqueda-voz\/\">Consigue tr\u00e1fico a trav\u00e9s de la b\u00fasqueda por voz<\/a><\/li>\n<li><a href=\"https:\/\/marketing4ecommerce.net\/asi-es-bert-la-mayor-revolucion-del-seo-en-google-desde-rankbrain\/\" rel=\"nofollow noopener\" target=\"_blank\">As\u00ed es Bert, la mayor revoluci\u00f3n del SEO en Google desde RankBrain<\/a>rank<\/li>\n<\/ul>\n<p>&nbsp;<\/p>\n","protected":false},"excerpt":{"rendered":"<p>Es un algoritmo de Google que funciona con inteligencia artificial, las tareas de RankBrain consisten en procesar las b\u00fasquedas de los usuarios y posicionar los que sean m\u00e1s relevantes. Es por eso que cuenta con gran importancia para las estrategias SEO. \u00bfQu\u00e9 es RankBrain? Se trata de un algoritmo que forma parte de los elementos [&hellip;]<\/p>\n","protected":false},"author":1,"featured_media":12753,"parent":0,"menu_order":0,"comment_status":"open","ping_status":"closed","template":"","meta":{"inline_featured_image":false,"footnotes":""},"class_list":["post-3556","page","type-page","status-publish","has-post-thumbnail","hentry"],"_links":{"self":[{"href":"https:\/\/www.appyweb.es\/diccionario\/wp-json\/wp\/v2\/pages\/3556","targetHints":{"allow":["GET"]}}],"collection":[{"href":"https:\/\/www.appyweb.es\/diccionario\/wp-json\/wp\/v2\/pages"}],"about":[{"href":"https:\/\/www.appyweb.es\/diccionario\/wp-json\/wp\/v2\/types\/page"}],"author":[{"embeddable":true,"href":"https:\/\/www.appyweb.es\/diccionario\/wp-json\/wp\/v2\/users\/1"}],"replies":[{"embeddable":true,"href":"https:\/\/www.appyweb.es\/diccionario\/wp-json\/wp\/v2\/comments?post=3556"}],"version-history":[{"count":5,"href":"https:\/\/www.appyweb.es\/diccionario\/wp-json\/wp\/v2\/pages\/3556\/revisions"}],"predecessor-version":[{"id":12755,"href":"https:\/\/www.appyweb.es\/diccionario\/wp-json\/wp\/v2\/pages\/3556\/revisions\/12755"}],"wp:featuredmedia":[{"embeddable":true,"href":"https:\/\/www.appyweb.es\/diccionario\/wp-json\/wp\/v2\/media\/12753"}],"wp:attachment":[{"href":"https:\/\/www.appyweb.es\/diccionario\/wp-json\/wp\/v2\/media?parent=3556"}],"curies":[{"name":"wp","href":"https:\/\/api.w.org\/{rel}","templated":true}]}}