{"id":3560,"date":"2023-06-22T16:24:10","date_gmt":"2023-06-22T16:24:10","guid":{"rendered":"https:\/\/www.appyweb.es\/diccionario\/?post_type=project&#038;p=3560"},"modified":"2024-03-28T15:33:54","modified_gmt":"2024-03-28T15:33:54","slug":"ranking-del-anuncio","status":"publish","type":"page","link":"https:\/\/www.appyweb.es\/diccionario\/ranking-del-anuncio\/","title":{"rendered":"Ranking del anuncio"},"content":{"rendered":"<h1><img loading=\"lazy\" decoding=\"async\" class=\"alignnone  wp-image-12756\" src=\"https:\/\/www.appyweb.es\/diccionario\/wp-content\/uploads\/2024\/03\/ranking-del-anuncio-300x180.jpg\" alt=\"Ranking del anuncio\" width=\"973\" height=\"584\" srcset=\"https:\/\/www.appyweb.es\/diccionario\/wp-content\/uploads\/2024\/03\/ranking-del-anuncio-300x180.jpg 300w, https:\/\/www.appyweb.es\/diccionario\/wp-content\/uploads\/2024\/03\/ranking-del-anuncio-768x461.jpg 768w, https:\/\/www.appyweb.es\/diccionario\/wp-content\/uploads\/2024\/03\/ranking-del-anuncio.jpg 1000w\" sizes=\"auto, (max-width: 973px) 100vw, 973px\" \/><\/h1>\n<p>Es un valor determinado por Google Ads para ordenar los ads en los resultados de b\u00fasqueda. El <strong>ranking del anuncio es determinado por varios factores<\/strong>, como la relevancia con la b\u00fasqueda, su calidad de contenidos, entre otros.<\/p>\n<h2>\u00bfQu\u00e9 es el ranking del anuncio?<\/h2>\n<p>Se refiere a un t\u00e9rmino de calificaci\u00f3n <a href=\"https:\/\/www.appyweb.es\/campanas-google-adwords\/\">dentro de la plataforma de Google Ads<\/a>, es el que determina la posici\u00f3n en la que se mostrar\u00e1n en la p\u00e1gina de resultados de b\u00fasqueda (SERP\\&#8217;s) o bien en cu\u00e1l p\u00e1gina se mostrar\u00e1n. Se debe tener en cuenta por que <strong>usualmente los ads posicionados en los primeros lugares tienen mayor rentabilidad<\/strong>.<\/p>\n<p>Este se determina seg\u00fan varios factores, diferentes a los que se tienen en cuenta con el posicionamiento org\u00e1nico. Por ejemplo, seg\u00fan el importe de la oferta, la calidad de la campa\u00f1a en la subasta, la cantidad de clics que podr\u00eda generar, relevancia, competitividad, etc.<\/p>\n<h2>\u00bfPara qu\u00e9 sirve el ranking del anuncio?<\/h2>\n<p>Esto es utilizado <strong>para ofrecer el mejor nivel de calidad a los usuarios de Google<\/strong>, al igual que es exigente <a href=\"https:\/\/www.appyweb.es\/posicionamiento-web\/\">con el posicionamiento web org\u00e1nico<\/a>, tambi\u00e9n lo es con el ranking del anuncio. De forma que todo el sistema de publicidad est\u00e9 a la altura del servicio de posicionamiento y no solo sea ordenado seg\u00fan el que ofreci\u00f3 m\u00e1s dinero en la subasta.<\/p>\n<p>Con este posicionamiento, que se determina antes de lanzar las campa\u00f1as, las empresas pueden entender <strong>cu\u00e1l ser\u00e1 su nivel de tr\u00e1fico, visibilidad y exposici\u00f3n ante los usuarios<\/strong> que realicen las b\u00fasquedas. Con esto, pueden preavisar cu\u00e1les ser\u00e1n sus resultados, as\u00ed como tratar de impulsar u optimizar los elementos que tuvieron un bajo rendimiento en la evaluaci\u00f3n.<\/p>\n<h2>C\u00f3mo mejorar el ranking del anuncio<\/h2>\n<ul>\n<li>Crear ads o grupos muy espec\u00edficos, es decir, enfocarse en un producto o sector muy puntual.<\/li>\n<li>Utilizar palabras clave con alta relevancia con el contenido del ad y del landing page enlazado.<\/li>\n<li>Incluir <strong>palabras clave relacionadas en el texto de los ads<\/strong>, como sin\u00f3nimos o referencias.<\/li>\n<li>Gr\u00e1ficamente, deben ser sencillos pero atractivos, lo importante es hacer relevancia en la experiencia del usuario.<\/li>\n<li>A\u00f1adir un llamado a la acci\u00f3n atractivo y convincente.<\/li>\n<li>Revisar y probar las campa\u00f1as constantemente, para evitar que pierdan relevancia.<\/li>\n<\/ul>\n<h2>Ejemplo del ranking del anuncio<\/h2>\n<p>Este se calcula multiplicando el <em>CPC<\/em> (coste por clic) por el <em>nivel de calidad<\/em>, tambi\u00e9n conocido como Quality Score, tambi\u00e9n determinado por Google. Es por eso que incluso los ads con poco importe pueden llegar a posicionarse en los primeros lugares. Tambi\u00e9n es importante mencionar que aquellos que logren superar el ranking m\u00ednimo entonces se posicionar\u00e1n mejor.<\/p>\n<p>Por ejemplo, si un anunciante \u201cA\u201d cuenta con un CPC de 0,45$ y un nivel de calidad (QS) de 10 su ranking ser\u00eda de 4,5. Por otro lado, si un anunciante \u201cB\u201d cuenta con un CPC de 1,20$ y un QS de 3, tendr\u00eda un 3,6 de resultado. Entre ambos, <strong>el primero se posicionar\u00eda mejor, porque tiene un resultado m\u00e1s elevado <\/strong>y no precisamente por que puj\u00f3 a m\u00e1s.<\/p>\n<p>Por otro lado, este nivel tambi\u00e9n se calcula seg\u00fan el ranking m\u00ednimo (RM) de una palabra clave. Si ambos anunciantes quieren posicionar para la keyword \u00abcomprar bicicletas\u00bb con un RM de 4, el anunciante A se posicionar\u00eda de primero por que supera el promedio, mientras que el anunciante B ni siquiera mostrar\u00eda el anuncio por que no alcanz\u00f3 el nivel m\u00ednimo.<\/p>\n<p><script type=\"application\/ld+json\">{\"@context\":\"https:\/\/schema.org\",\"@type\":\"FAQPage\",\"mainEntity\":[ \n{\"@type\":\"Question\",\"name\":\"\ud83d\udccc \u00bfQu\u00e9 es el ranking del anuncio?\",\"acceptedAnswer\":{\"@type\":\"Answer\",\"text\":\"<\/p>\n<p>Se refiere a un t\u00e9rmino de calificaci\u00f3n <a href='https:\/\/www.appyweb.es\/campanas-google-adwords\/'>dentro de la plataforma de Google Ads<\/a>, es el que determina la posici\u00f3n en la que se mostrar\u00e1n en la p\u00e1gina de resultados de b\u00fasqueda (SERP\\'s) o bien en cu\u00e1l p\u00e1gina se mostrar\u00e1n. Se debe tener en cuenta por que <strong>usualmente los ads posicionados en los primeros lugares tienen mayor rentabilidad<\/strong>.<\/p>\n<p>Este se determina seg\u00fan varios factores, diferentes a los que se tienen en cuenta con el posicionamiento org\u00e1nico. Por ejemplo, seg\u00fan el importe de la oferta, la calidad de la campa\u00f1a en la subasta, la cantidad de clics que podr\u00eda generar, relevancia, competitividad, etc.<\/p>\n<p>\"}},\n{\"@type\":\"Question\",\"name\":\"\ud83d\udccc \u00bfPara qu\u00e9 sirve el ranking del anuncio?\",\"acceptedAnswer\":{\"@type\":\"Answer\",\"text\":\"<\/p>\n<p>Esto es utilizado <strong>para ofrecer el mejor nivel de calidad a los usuarios de Google<\/strong>, al igual que es exigente <a href='https:\/\/www.appyweb.es\/posicionamiento-web\/'>con el posicionamiento web org\u00e1nico<\/a>, tambi\u00e9n lo es con el ranking del anuncio. De forma que todo el sistema de publicidad est\u00e9 a la altura del servicio de posicionamiento y no solo sea ordenado seg\u00fan el que ofreci\u00f3 m\u00e1s dinero en la subasta.<\/p>\n<p>Con este posicionamiento, que se determina antes de lanzar las campa\u00f1as, las empresas pueden entender <strong>cu\u00e1l ser\u00e1 su nivel de tr\u00e1fico, visibilidad y exposici\u00f3n ante los usuarios<\/strong> que realicen las b\u00fasquedas. Con esto, pueden preavisar cu\u00e1les ser\u00e1n sus resultados, as\u00ed como tratar de impulsar u optimizar los elementos que tuvieron un bajo rendimiento en la evaluaci\u00f3n.<\/p>\n<p>\"}},\n{\"@type\":\"Question\",\"name\":\"\ud83d\udccc C\u00f3mo mejorar el ranking del anuncio\",\"acceptedAnswer\":{\"@type\":\"Answer\",\"text\":\"<\/p>\n<\/p>\n<ul>\n<\/p>\n<li>Crear ads o grupos muy espec\u00edficos, es decir, enfocarse en un producto o sector muy puntual.<\/li>\n<\/p>\n<\/p>\n<\/p>\n<li>Utilizar palabras clave con alta relevancia con el contenido del ad y del landing page enlazado.<\/li>\n<\/p>\n<\/p>\n<\/p>\n<li>Incluir <strong>palabras clave relacionadas en el texto de los ads<\/strong>, como sin\u00f3nimos o referencias.<\/li>\n<\/p>\n<\/p>\n<\/p>\n<li>Gr\u00e1ficamente, deben ser sencillos pero atractivos, lo importante es hacer relevancia en la experiencia del usuario.<\/li>\n<\/p>\n<\/p>\n<\/p>\n<li>A\u00f1adir un llamado a la acci\u00f3n atractivo y convincente.<\/li>\n<\/p>\n<\/p>\n<\/p>\n<li>Revisar y probar las campa\u00f1as constantemente, para evitar que pierdan relevancia.<\/li>\n<\/p>\n<\/p>\n<\/ul>\n<\/p>\n<\/p>\n<p>\"}},\n{\"@type\":\"Question\",\"name\":\"\ud83d\udccc Ejemplo del ranking del anuncio\",\"acceptedAnswer\":{\"@type\":\"Answer\",\"text\":\"<\/p>\n<p>Este se calcula multiplicando el <em>CPC<\/em> (coste por clic) por el <em>nivel de calidad<\/em>, tambi\u00e9n conocido como Quality Score, tambi\u00e9n determinado por Google. Es por eso que incluso los ads con poco importe pueden llegar a posicionarse en los primeros lugares. Tambi\u00e9n es importante mencionar que aquellos que logren superar el ranking m\u00ednimo entonces se posicionar\u00e1n mejor.<\/p>\n<p>Por ejemplo, si un anunciante \u201cA\u201d cuenta con un CPC de 0,45$ y un nivel de calidad (QS) de 10 su ranking ser\u00eda de 4,5. Por otro lado, si un anunciante \u201cB\u201d cuenta con un CPC de 1,20$ y un QS de 3, tendr\u00eda un 3,6 de resultado. Entre ambos, <strong>el primero se posicionar\u00eda mejor, porque tiene un resultado m\u00e1s elevado <\/strong>y no precisamente por que puj\u00f3 a m\u00e1s.<\/p>\n<p>Por otro lado, este nivel tambi\u00e9n se calcula seg\u00fan el ranking m\u00ednimo (RM) de una palabra clave. Si ambos anunciantes quieren posicionar para la keyword 'comprar bicicletas' con un RM de 4, el anunciante A se posicionar\u00eda de primero por que supera el promedio, mientras que el anunciante B ni siquiera mostrar\u00eda el anuncio por que no alcanz\u00f3 el nivel m\u00ednimo.<\/p>\n<p>Aqu\u00ed se muestra una imagen que lo muestra claramente.<\/p>\n<p>\"}}\n]}<\/script><\/p>\n<p>&nbsp;<\/p>\n<h2>M\u00e1s informaci\u00f3n sobre ranking del anuncio<\/h2>\n<p>En ocasiones, el posicionamiento org\u00e1nico puede interrumpir <strong>el posicionamiento de las campa\u00f1as de Ads<\/strong>, sin embargo, hay formas de evitarlo, mira los siguientes enlaces para aprender m\u00e1s.<\/p>\n<ul>\n<li><a href=\"https:\/\/www.appyweb.es\/sube-posicones-google-ahrefs\/\">Sube posiciones en Google con la ayuda de Ahrefs<\/a><\/li>\n<li><a href=\"https:\/\/support.google.com\/google-ads\/answer\/1722087?hl=es-419&amp;ref_topic=3121771\" rel=\"nofollow noopener\" target=\"_blank\">C\u00f3mo publicar anuncios arriba de los resultados de b\u00fasqueda de Google<\/a><\/li>\n<\/ul>\n<p>&nbsp;<\/p>\n","protected":false},"excerpt":{"rendered":"<p>Es un valor determinado por Google Ads para ordenar los ads en los resultados de b\u00fasqueda. El ranking del anuncio es determinado por varios factores, como la relevancia con la b\u00fasqueda, su calidad de contenidos, entre otros. \u00bfQu\u00e9 es el ranking del anuncio? Se refiere a un t\u00e9rmino de calificaci\u00f3n dentro de la plataforma de [&hellip;]<\/p>\n","protected":false},"author":1,"featured_media":12756,"parent":0,"menu_order":0,"comment_status":"open","ping_status":"closed","template":"","meta":{"inline_featured_image":false,"footnotes":""},"class_list":["post-3560","page","type-page","status-publish","has-post-thumbnail","hentry"],"_links":{"self":[{"href":"https:\/\/www.appyweb.es\/diccionario\/wp-json\/wp\/v2\/pages\/3560","targetHints":{"allow":["GET"]}}],"collection":[{"href":"https:\/\/www.appyweb.es\/diccionario\/wp-json\/wp\/v2\/pages"}],"about":[{"href":"https:\/\/www.appyweb.es\/diccionario\/wp-json\/wp\/v2\/types\/page"}],"author":[{"embeddable":true,"href":"https:\/\/www.appyweb.es\/diccionario\/wp-json\/wp\/v2\/users\/1"}],"replies":[{"embeddable":true,"href":"https:\/\/www.appyweb.es\/diccionario\/wp-json\/wp\/v2\/comments?post=3560"}],"version-history":[{"count":6,"href":"https:\/\/www.appyweb.es\/diccionario\/wp-json\/wp\/v2\/pages\/3560\/revisions"}],"predecessor-version":[{"id":12758,"href":"https:\/\/www.appyweb.es\/diccionario\/wp-json\/wp\/v2\/pages\/3560\/revisions\/12758"}],"wp:featuredmedia":[{"embeddable":true,"href":"https:\/\/www.appyweb.es\/diccionario\/wp-json\/wp\/v2\/media\/12756"}],"wp:attachment":[{"href":"https:\/\/www.appyweb.es\/diccionario\/wp-json\/wp\/v2\/media?parent=3560"}],"curies":[{"name":"wp","href":"https:\/\/api.w.org\/{rel}","templated":true}]}}