{"id":3569,"date":"2023-06-22T16:26:35","date_gmt":"2023-06-22T16:26:35","guid":{"rendered":"https:\/\/www.appyweb.es\/diccionario\/?post_type=project&#038;p=3569"},"modified":"2024-03-28T15:48:49","modified_gmt":"2024-03-28T15:48:49","slug":"ratio-de-bajas","status":"publish","type":"page","link":"https:\/\/www.appyweb.es\/diccionario\/ratio-de-bajas\/","title":{"rendered":"Ratio de Bajas"},"content":{"rendered":"<h1><img loading=\"lazy\" decoding=\"async\" class=\"alignnone  wp-image-12767\" src=\"https:\/\/www.appyweb.es\/diccionario\/wp-content\/uploads\/2024\/03\/ratio-de-bajas-300x180.jpg\" alt=\"Ratio De bajas\" width=\"972\" height=\"583\" srcset=\"https:\/\/www.appyweb.es\/diccionario\/wp-content\/uploads\/2024\/03\/ratio-de-bajas-300x180.jpg 300w, https:\/\/www.appyweb.es\/diccionario\/wp-content\/uploads\/2024\/03\/ratio-de-bajas-768x461.jpg 768w, https:\/\/www.appyweb.es\/diccionario\/wp-content\/uploads\/2024\/03\/ratio-de-bajas.jpg 1000w\" sizes=\"auto, (max-width: 972px) 100vw, 972px\" \/><\/h1>\n<p>Es la\u00a0 m\u00e9trica que calcula la cantidad de personas que se desuscriben al hacer una campa\u00f1a de env\u00edos. El ratio de bajas puede reflejar si las estrategias de email marketing est\u00e1n fracasando.<\/p>\n<h2>\u00bfQu\u00e9 es ratio de bajas?<\/h2>\n<p>El termino ratio de bajas es un concepto que <a href=\"https:\/\/www.appyweb.es\/email-marketing-para-empresas\/\">se aplica en email marketing<\/a>, se utiliza para indicar cu\u00e1ntos <strong>usuarios y \/ o clientes han tomado la decisi\u00f3n de darse de baja de una suscripci\u00f3n<\/strong>, en la cual recib\u00edan alg\u00fan tipo de informaci\u00f3n de la empresa o marca.<\/p>\n<p>Esto genera un n\u00famero para indicar qu\u00e9 tan efectivo o no est\u00e1n siendo las campa\u00f1as de marketing, mientras m\u00e1s bajo sea \u00e9ste indicador, significa que las estrategias de env\u00edos est\u00e1n siendo valoradas por los suscriptores.<\/p>\n<h2>\u00bfC\u00f3mo se calcula el ratio de bajas?<\/h2>\n<p>La forma de calcular es realmente sencilla, ya que solo se basa en una divisi\u00f3n. En algunas herramientas de an\u00e1lisis es posible tener los resultados en tiempo real, pero es m\u00e1s f\u00e1cil calcular esta m\u00e9trica con los resultados finales. Al tenerlos, se deben <strong>extraer la cantidad de desuscripciones y el n\u00famero total de env\u00edos realizados<\/strong>. Despu\u00e9s, se emplea la f\u00f3rmula.<\/p>\n<ul>\n<li><em>Ratio de bajas = total de bajas \/ total de mensajes enviados x 100<\/em><\/li>\n<\/ul>\n<p>Ahora, al tener el indicador, es importante compararlo con el promedio establecido por expertos para despu\u00e9s proceder con las estrategias m\u00e1s pertinentes <a href=\"https:\/\/www.appyweb.es\/gestion-newsletters\/\">en la gesti\u00f3n del newsletter<\/a>. Se indica que la tasa debe situarse entre el 0,4% y el 0,6%. Si \u00e9sta se acerca al 0,9% significa que las estrategias no est\u00e1n teniendo \u00e9xito.<\/p>\n<h2>\u00bfPara qu\u00e9 sirve el ratio de bajas?<\/h2>\n<p>Es utilizado para <strong>saber qu\u00e9 tan efectiva son las campa\u00f1as publicitarias<\/strong> y las estrategias que se est\u00e1n utilizando. En algunas herramientas automatizadas tambi\u00e9n se puede conocer el viaje del usuario, es decir, cu\u00e1les fueron los enlaces donde hizo clic antes de darse de baja. Con esta informaci\u00f3n es f\u00e1cil determinar los posibles errores y entender c\u00f3mo corregirlos.<\/p>\n<p>Por otro lado, con el ratio de bajas se puede calcular si los nuevos suscriptores est\u00e1n complacidos o no con el servicio. Normalmente, al convertirse, estos esperan el primer env\u00edo para determinar si quieren seguir suscritos o no, esto permite conocer qu\u00e9 tan efectivo son los primeros env\u00edos.<\/p>\n<h2>Ejemplo de ratio de bajas<\/h2>\n<p>Independientemente de cuantas personas se suscriban despu\u00e9s de cualquier tipo de campa\u00f1a (contenidos, anuncios, etc.) se deben contabilizar el total de mensajes enviados a una base de datos. Entonces, si la campa\u00f1a para una newsletter cuenta con 1000 env\u00edos, de los cuales, se produjeron 5 desuscripciones, el ratio de bajas (RB) se calcular\u00eda as\u00ed.<\/p>\n<ul>\n<li>RB = 5 \/ 1000 x 100<\/li>\n<li>RB = 0,5%<\/li>\n<\/ul>\n<p>Como el indicador se encuentra entre el promedio mencionado por expertos, entonces es un buen resultado, pero mientras m\u00e1s bajo sea, mejor.<\/p>\n<p><script type=\"application\/ld+json\">{\"@context\":\"https:\/\/schema.org\",\"@type\":\"FAQPage\",\"mainEntity\":[ \n{\"@type\":\"Question\",\"name\":\"\ud83d\udccc \u00bfQu\u00e9 es ratio de bajas?\",\"acceptedAnswer\":{\"@type\":\"Answer\",\"text\":\"<\/p>\n<p>El termino ratio de bajas es un concepto que <a href='https:\/\/www.appyweb.es\/email-marketing-para-empresas\/'>se aplica en email marketing<\/a>, se utiliza para indicar cu\u00e1ntos <strong>usuarios y \/ o clientes han tomado la decisi\u00f3n de darse de baja de una suscripci\u00f3n<\/strong>, en la cual recib\u00edan alg\u00fan tipo de informaci\u00f3n de la empresa o marca.<\/p>\n<p>Esto genera un n\u00famero para indicar qu\u00e9 tan efectivo o no est\u00e1n siendo las campa\u00f1as de marketing, mientras m\u00e1s bajo sea \u00e9ste indicador, significa que las estrategias de env\u00edos est\u00e1n siendo valoradas por los suscriptores. <\/p>\n<p>\"}},\n{\"@type\":\"Question\",\"name\":\"\ud83d\udccc \u00bfC\u00f3mo se calcula el ratio de bajas?\",\"acceptedAnswer\":{\"@type\":\"Answer\",\"text\":\"<\/p>\n<p>La forma de calcular es realmente sencilla, ya que solo se basa en una divisi\u00f3n. En algunas herramientas de an\u00e1lisis es posible tener los resultados en tiempo real, pero es m\u00e1s f\u00e1cil calcular esta m\u00e9trica con los resultados finales. Al tenerlos, se deben <strong>extraer la cantidad de desuscripciones y el n\u00famero total de env\u00edos realizados<\/strong>. Despu\u00e9s, se emplea la f\u00f3rmula.<\/p>\n<\/p>\n<ul>\n<\/p>\n<li><em>Ratio de bajas = total de bajas \/ total de mensajes enviados x 100<\/em><\/li>\n<\/p>\n<\/p>\n<\/ul>\n<\/p>\n<\/p>\n<p>Ahora, al tener el indicador, es importante compararlo con el promedio establecido por expertos para despu\u00e9s proceder con las estrategias m\u00e1s pertinentes <a href='https:\/\/www.appyweb.es\/gestion-newsletters\/'>en la gesti\u00f3n del newsletter<\/a>. Se indica que la tasa debe situarse entre el 0,4% y el 0,6%. Si \u00e9sta se acerca al 0,9% significa que las estrategias no est\u00e1n teniendo \u00e9xito.<\/p>\n<p>\"}},\n{\"@type\":\"Question\",\"name\":\"\ud83d\udccc \u00bfPara qu\u00e9 sirve el ratio de bajas?\",\"acceptedAnswer\":{\"@type\":\"Answer\",\"text\":\"<\/p>\n<p>Es utilizado para <strong>saber qu\u00e9 tan efectiva son las campa\u00f1as publicitarias<\/strong> y las estrategias que se est\u00e1n utilizando. En algunas herramientas automatizadas tambi\u00e9n se puede conocer el viaje del usuario, es decir, cu\u00e1les fueron los enlaces donde hizo clic antes de darse de baja. Con esta informaci\u00f3n es f\u00e1cil determinar los posibles errores y entender c\u00f3mo corregirlos.<\/p>\n<p>Por otro lado, con el ratio de bajas se puede calcular si los nuevos suscriptores est\u00e1n complacidos o no con el servicio. Normalmente, al convertirse, estos esperan el primer env\u00edo para determinar si quieren seguir suscritos o no, esto permite conocer qu\u00e9 tan efectivo son los primeros env\u00edos.<\/p>\n<p>\"}},\n{\"@type\":\"Question\",\"name\":\"\ud83d\udccc Ejemplo de ratio de bajas\",\"acceptedAnswer\":{\"@type\":\"Answer\",\"text\":\"<\/p>\n<p>Independientemente de cuantas personas se suscriban despu\u00e9s de cualquier tipo de campa\u00f1a (contenidos, anuncios, etc.) se deben contabilizar el total de mensajes enviados a una base de datos. Entonces, si la campa\u00f1a para una newsletter cuenta con 1000 env\u00edos, de los cuales, se produjeron 5 desuscripciones, el ratio de bajas (RB) se calcular\u00eda as\u00ed.<\/p>\n<\/p>\n<ul>\n<\/p>\n<li>RB = 5 \/ 1000 x 100<\/li>\n<\/p>\n<\/p>\n<\/p>\n<li>RB = 0,5%<\/li>\n<\/p>\n<\/p>\n<\/ul>\n<\/p>\n<\/p>\n<p>Como el indicador se encuentra entre el promedio mencionado por expertos, entonces es un buen resultado, pero mientras m\u00e1s bajo sea, mejor.<\/p>\n<p>\"}}\n]}<\/script><\/p>\n<h2>M\u00e1s informaci\u00f3n sobre ratio de bajas<\/h2>\n<p>Esta es apenas una de las m\u00e9tricas m\u00e1s importantes del email marketing, es importante conocerlas todas para mejorar las estrategias de env\u00edos. Mira los siguientes enlaces para informarte.<\/p>\n<ul>\n<li><a href=\"https:\/\/www.appyweb.es\/practicas-email-marketing-triunfar\/\">4 excelentes pr\u00e1cticas email marketing que te har\u00e1n triunfar<\/a><\/li>\n<li><a href=\"https:\/\/www.antevenio.com\/blog\/2015\/03\/8-metricas-esenciales-email-marketing\/\" rel=\"nofollow noopener\" target=\"_blank\">8 m\u00e9tricas esenciales para email marketing<\/a><\/li>\n<\/ul>\n<p>&nbsp;<\/p>\n","protected":false},"excerpt":{"rendered":"<p>Es la\u00a0 m\u00e9trica que calcula la cantidad de personas que se desuscriben al hacer una campa\u00f1a de env\u00edos. El ratio de bajas puede reflejar si las estrategias de email marketing est\u00e1n fracasando. \u00bfQu\u00e9 es ratio de bajas? El termino ratio de bajas es un concepto que se aplica en email marketing, se utiliza para indicar [&hellip;]<\/p>\n","protected":false},"author":1,"featured_media":12767,"parent":0,"menu_order":0,"comment_status":"open","ping_status":"closed","template":"","meta":{"inline_featured_image":false,"footnotes":""},"class_list":["post-3569","page","type-page","status-publish","has-post-thumbnail","hentry"],"_links":{"self":[{"href":"https:\/\/www.appyweb.es\/diccionario\/wp-json\/wp\/v2\/pages\/3569","targetHints":{"allow":["GET"]}}],"collection":[{"href":"https:\/\/www.appyweb.es\/diccionario\/wp-json\/wp\/v2\/pages"}],"about":[{"href":"https:\/\/www.appyweb.es\/diccionario\/wp-json\/wp\/v2\/types\/page"}],"author":[{"embeddable":true,"href":"https:\/\/www.appyweb.es\/diccionario\/wp-json\/wp\/v2\/users\/1"}],"replies":[{"embeddable":true,"href":"https:\/\/www.appyweb.es\/diccionario\/wp-json\/wp\/v2\/comments?post=3569"}],"version-history":[{"count":5,"href":"https:\/\/www.appyweb.es\/diccionario\/wp-json\/wp\/v2\/pages\/3569\/revisions"}],"predecessor-version":[{"id":12770,"href":"https:\/\/www.appyweb.es\/diccionario\/wp-json\/wp\/v2\/pages\/3569\/revisions\/12770"}],"wp:featuredmedia":[{"embeddable":true,"href":"https:\/\/www.appyweb.es\/diccionario\/wp-json\/wp\/v2\/media\/12767"}],"wp:attachment":[{"href":"https:\/\/www.appyweb.es\/diccionario\/wp-json\/wp\/v2\/media?parent=3569"}],"curies":[{"name":"wp","href":"https:\/\/api.w.org\/{rel}","templated":true}]}}