{"id":3578,"date":"2023-06-22T16:29:15","date_gmt":"2023-06-22T16:29:15","guid":{"rendered":"https:\/\/www.appyweb.es\/diccionario\/?post_type=project&#038;p=3578"},"modified":"2024-03-28T15:58:20","modified_gmt":"2024-03-28T15:58:20","slug":"ratio-de-conversion","status":"publish","type":"page","link":"https:\/\/www.appyweb.es\/diccionario\/ratio-de-conversion\/","title":{"rendered":"Ratio de Conversi\u00f3n"},"content":{"rendered":"<h1><img loading=\"lazy\" decoding=\"async\" class=\"alignnone  wp-image-12773\" src=\"https:\/\/www.appyweb.es\/diccionario\/wp-content\/uploads\/2024\/03\/ratio-de-conversion-300x180.jpg\" alt=\"Ratio de conversion\" width=\"977\" height=\"586\" srcset=\"https:\/\/www.appyweb.es\/diccionario\/wp-content\/uploads\/2024\/03\/ratio-de-conversion-300x180.jpg 300w, https:\/\/www.appyweb.es\/diccionario\/wp-content\/uploads\/2024\/03\/ratio-de-conversion-768x461.jpg 768w, https:\/\/www.appyweb.es\/diccionario\/wp-content\/uploads\/2024\/03\/ratio-de-conversion.jpg 1000w\" sizes=\"auto, (max-width: 977px) 100vw, 977px\" \/><\/h1>\n<p>Es un indicador que muestra la cantidad de acciones que los usuarios llevaron a cabo durante una campa\u00f1a, por ejemplo, una suscripci\u00f3n o una compra. <strong>El ratio de conversi\u00f3n siempre contabiliza las acciones que consisten en almacenar datos<\/strong> o informaci\u00f3n de usuarios.<\/p>\n<h2>\u00bfQu\u00e9 es ratio de conversi\u00f3n?<\/h2>\n<p>Tambi\u00e9n se conoce como <em>tasa de conversi\u00f3n<\/em>, es <strong>una medida que enumera la cantidad de veces que los usuarios interactuaron con una empresa<\/strong>. Las <a href=\"https:\/\/www.appyweb.es\/conversion-web\/\">conversiones web<\/a> son aquellas que significan un intercambio de valor e informaci\u00f3n, por ejemplo, las suscripciones a una newsletters permiten a la empresa registrar la direcci\u00f3n de email de los usuarios.<\/p>\n<p>Con este ratio es posible determinar cu\u00e1ndo las estrategias de registros est\u00e1n funcionando, existen muchas formas de generar leads (futuros clientes, usuarios que realizan una acci\u00f3n), como los recursos o productos digitales, e-books, encuestas, suscripciones al blog, anuncios, etc. Si esta tasa aumenta, quiere decir que esas t\u00e9cnicas funcionan, y si baja quiere decir que no son rentables.<\/p>\n<h2>\u00bfPara qu\u00e9 sirve el ratio de conversi\u00f3n?<\/h2>\n<p>Como ya mencion\u00f3 arriba, funciona para <strong>determinar qu\u00e9 tan efectivas est\u00e1n siendo las campa\u00f1as publicitarias<\/strong> o las estrategias de generaci\u00f3n de leads de una empresa en Internet. El ratio de conversi\u00f3n es tan importante <a href=\"https:\/\/www.appyweb.es\/embudo-ventas-e-commerce\/\">para el an\u00e1lisis del embudo de ventas<\/a> que incluso puede ser motivo para cambiar toda la filosof\u00eda de ventas.<\/p>\n<p>Por otro lado, tambi\u00e9n permite <strong>calcular si las inversiones est\u00e1n teniendo frutos<\/strong>, normalmente, los usuarios que se convierten tienen grandes posibilidades de comprar, pero si no lo hacen es un gasto significativo. De esta forma, tambi\u00e9n puede ser de ayuda para calcular el coste de cada lead.<\/p>\n<h2>\u00bfC\u00f3mo se calcula el ratio de conversi\u00f3n?<\/h2>\n<p>Como la generaci\u00f3n de leads puede llevarse a cabo en casi cualquier escenario del marketing digital (plataformas de emailing, redes sociales, apps&#8230;) es posible contar con herramientas automatizadas que analizan el promedio de cada campa\u00f1a. Pero nunca est\u00e1 de m\u00e1s <strong>estar al tanto de c\u00f3mo se calcula el ratio de conversi\u00f3n<\/strong> (RC) de forma manual.<\/p>\n<p>Lo que se debe tener en cuenta es la cantidad de visitantes o visualizaciones del recurso a utilizar, si se trata de un post en un blog, se enumeran la cantidad de visitas, si es un env\u00edo se enumeran la cantidad de env\u00edos. Y la cantidad de leads obtenidos, se utiliza la siguiente formula.<\/p>\n<ul>\n<li><em>RC = n\u00famero total de visitantes \/ n\u00famero total de conversiones * 100<\/em><\/li>\n<\/ul>\n<p>Entonces, un ejemplo, en caso de que se trate de <strong>una campa\u00f1a de suscripci\u00f3n para newsletter a trav\u00e9s de un formulario en un blog<\/strong>. Si se contabilizan 10.000 visitantes y un total de 100 nuevos leads, entonces el RC ser\u00eda el siguiente.<\/p>\n<ul>\n<li>RC = 100 \/ 10.000 * 100<\/li>\n<li>RC = 1%<\/li>\n<\/ul>\n<h2>\u00bfCu\u00e1l es un buen ratio de conversi\u00f3n?<\/h2>\n<p>Seg\u00fan los expertos del embudo de ventas o inbound marketing, esta tasa <strong>deber\u00eda tener un promedio entre 1% y 3%<\/strong>. Este es un c\u00e1lculo promedio para Espa\u00f1a, en otras localizaciones pueden variar seg\u00fan la cantidad de usuarios que realicen transacciones o compras en Internet.<\/p>\n<p>Esto quiere decir que si de cada 100 visitantes en un blog o sitio web, se convierten 3, entonces es un gran n\u00famero, al menos se considera que las estrategias est\u00e1n funcionando. Pero, un n\u00famero m\u00e1s alto siempre ser\u00e1 la meta.<\/p>\n<p><script type=\"application\/ld+json\">{\"@context\":\"https:\/\/schema.org\",\"@type\":\"FAQPage\",\"mainEntity\":[ \n{\"@type\":\"Question\",\"name\":\"\ud83d\udccc \u00bfQu\u00e9 es ratio de conversi\u00f3n?\",\"acceptedAnswer\":{\"@type\":\"Answer\",\"text\":\"<\/p>\n<p>Tambi\u00e9n se conoce como <em>tasa de conversi\u00f3n<\/em>, es <strong>una medida que enumera la cantidad de veces que los usuarios interactuaron con una empresa<\/strong>. Las <a href='https:\/\/www.appyweb.es\/conversion-web\/'>conversiones web<\/a> son aquellas que significan un intercambio de valor e informaci\u00f3n, por ejemplo, las suscripciones a una newsletters permiten a la empresa registrar la direcci\u00f3n de email de los usuarios.<\/p>\n<p>Con este ratio es posible determinar cu\u00e1ndo las estrategias de registros est\u00e1n funcionando, existen muchas formas de generar leads (futuros clientes, usuarios que realizan una acci\u00f3n), como los recursos o productos digitales, e-books, encuestas, suscripciones al blog, anuncios, etc. Si esta tasa aumenta, quiere decir que esas t\u00e9cnicas funcionan, y si baja quiere decir que no son rentables.<\/p>\n<p>\"}},\n{\"@type\":\"Question\",\"name\":\"\ud83d\udccc \u00bfPara qu\u00e9 sirve el ratio de conversi\u00f3n?\",\"acceptedAnswer\":{\"@type\":\"Answer\",\"text\":\"<\/p>\n<p>Como ya mencion\u00f3 arriba, funciona para <strong>determinar qu\u00e9 tan efectivas est\u00e1n siendo las campa\u00f1as publicitarias<\/strong> o las estrategias de generaci\u00f3n de leads de una empresa en Internet. El ratio de conversi\u00f3n es tan importante <a href='https:\/\/www.appyweb.es\/embudo-ventas-e-commerce\/'>para el an\u00e1lisis del embudo de ventas<\/a> que incluso puede ser motivo para cambiar toda la filosof\u00eda de ventas.<\/p>\n<p>Por otro lado, tambi\u00e9n permite <strong>calcular si las inversiones est\u00e1n teniendo frutos<\/strong>, normalmente, los usuarios que se convierten tienen grandes posibilidades de comprar, pero si no lo hacen es un gasto significativo. De esta forma, tambi\u00e9n puede ser de ayuda para calcular el coste de cada lead.<\/p>\n<p>\"}},\n{\"@type\":\"Question\",\"name\":\"\ud83d\udccc \u00bfC\u00f3mo se calcula el ratio de conversi\u00f3n?\",\"acceptedAnswer\":{\"@type\":\"Answer\",\"text\":\"<\/p>\n<p>Como la generaci\u00f3n de leads puede llevarse a cabo en casi cualquier escenario del marketing digital (plataformas de emailing, redes sociales, apps...) es posible contar con herramientas automatizadas que analizan el promedio de cada campa\u00f1a. Pero nunca est\u00e1 de m\u00e1s <strong>estar al tanto de c\u00f3mo se calcula el ratio de conversi\u00f3n<\/strong> (RC) de forma manual.<\/p>\n<p>Lo que se debe tener en cuenta es la cantidad de visitantes o visualizaciones del recurso a utilizar, si se trata de un post en un blog, se enumeran la cantidad de visitas, si es un env\u00edo se enumeran la cantidad de env\u00edos. Y la cantidad de leads obtenidos, se utiliza la siguiente formula.<\/p>\n<\/p>\n<ul>\n<\/p>\n<li><em>RC = n\u00famero total de visitantes \/ n\u00famero total de conversiones * 100<\/em><\/li>\n<\/p>\n<\/p>\n<\/ul>\n<\/p>\n<\/p>\n<p>Entonces, un ejemplo, en caso de que se trate de <strong>una campa\u00f1a de suscripci\u00f3n para newsletter a trav\u00e9s de un formulario en un blog<\/strong>. Si se contabilizan 10.000 visitantes y un total de 100 nuevos leads, entonces el RC ser\u00eda el siguiente.<\/p>\n<\/p>\n<ul>\n<\/p>\n<li>RC = 100 \/ 10.000 * 100<\/li>\n<\/p>\n<\/p>\n<\/p>\n<li>RC = 1%<\/li>\n<\/p>\n<\/p>\n<\/ul>\n<\/p>\n<\/p>\n<p>\"}},\n{\"@type\":\"Question\",\"name\":\"\ud83d\udccc \u00bfCu\u00e1l es un buen ratio de conversi\u00f3n?\",\"acceptedAnswer\":{\"@type\":\"Answer\",\"text\":\"<\/p>\n<p>Seg\u00fan los expertos del embudo de ventas o inbound marketing, esta tasa <strong>deber\u00eda tener un promedio entre 1% y 3%<\/strong>. Este es un c\u00e1lculo promedio para Espa\u00f1a, en otras localizaciones pueden variar seg\u00fan la cantidad de usuarios que realicen transacciones o compras en Internet.<\/p>\n<p>Esto quiere decir que si de cada 100 visitantes en un blog o sitio web, se convierten 3, entonces es un gran n\u00famero, al menos se considera que las estrategias est\u00e1n funcionando. Pero, un n\u00famero m\u00e1s alto siempre ser\u00e1 la meta.<\/p>\n<p>\"}}\n]}<\/script><\/p>\n<h2>M\u00e1s informaci\u00f3n sobre ratio de conversi\u00f3n<\/h2>\n<p>Existen muchos m\u00e9todos para lograr mejorar esta m\u00e9trica, si quieres incrementar los leads en tus estrategias mira estos enlaces.<\/p>\n<ul>\n<li><a href=\"https:\/\/www.appyweb.es\/11-estrategias-aumentar-conversion-la-fidelizacion-clientes\/\">11 estrategias para aumentar la conversi\u00f3n y fidelizaci\u00f3n<\/a><\/li>\n<li><a href=\"https:\/\/www.merca20.com\/como-optimizar-las-conversiones-de-tu-ecommerce-en-5-pasos\/\" rel=\"nofollow noopener\" target=\"_blank\">C\u00f3mo optimizar las conversiones de tu ecommerce en 5 pasos<\/a><\/li>\n<\/ul>\n<p>&nbsp;<\/p>\n","protected":false},"excerpt":{"rendered":"<p>Es un indicador que muestra la cantidad de acciones que los usuarios llevaron a cabo durante una campa\u00f1a, por ejemplo, una suscripci\u00f3n o una compra. El ratio de conversi\u00f3n siempre contabiliza las acciones que consisten en almacenar datos o informaci\u00f3n de usuarios. \u00bfQu\u00e9 es ratio de conversi\u00f3n? Tambi\u00e9n se conoce como tasa de conversi\u00f3n, es [&hellip;]<\/p>\n","protected":false},"author":1,"featured_media":12773,"parent":0,"menu_order":0,"comment_status":"open","ping_status":"closed","template":"","meta":{"inline_featured_image":false,"footnotes":""},"class_list":["post-3578","page","type-page","status-publish","has-post-thumbnail","hentry"],"_links":{"self":[{"href":"https:\/\/www.appyweb.es\/diccionario\/wp-json\/wp\/v2\/pages\/3578","targetHints":{"allow":["GET"]}}],"collection":[{"href":"https:\/\/www.appyweb.es\/diccionario\/wp-json\/wp\/v2\/pages"}],"about":[{"href":"https:\/\/www.appyweb.es\/diccionario\/wp-json\/wp\/v2\/types\/page"}],"author":[{"embeddable":true,"href":"https:\/\/www.appyweb.es\/diccionario\/wp-json\/wp\/v2\/users\/1"}],"replies":[{"embeddable":true,"href":"https:\/\/www.appyweb.es\/diccionario\/wp-json\/wp\/v2\/comments?post=3578"}],"version-history":[{"count":6,"href":"https:\/\/www.appyweb.es\/diccionario\/wp-json\/wp\/v2\/pages\/3578\/revisions"}],"predecessor-version":[{"id":15482,"href":"https:\/\/www.appyweb.es\/diccionario\/wp-json\/wp\/v2\/pages\/3578\/revisions\/15482"}],"wp:featuredmedia":[{"embeddable":true,"href":"https:\/\/www.appyweb.es\/diccionario\/wp-json\/wp\/v2\/media\/12773"}],"wp:attachment":[{"href":"https:\/\/www.appyweb.es\/diccionario\/wp-json\/wp\/v2\/media?parent=3578"}],"curies":[{"name":"wp","href":"https:\/\/api.w.org\/{rel}","templated":true}]}}