{"id":3581,"date":"2023-06-22T16:30:50","date_gmt":"2023-06-22T16:30:50","guid":{"rendered":"https:\/\/www.appyweb.es\/diccionario\/?post_type=project&#038;p=3581"},"modified":"2024-03-28T16:04:37","modified_gmt":"2024-03-28T16:04:37","slug":"ratio-viralidad","status":"publish","type":"page","link":"https:\/\/www.appyweb.es\/diccionario\/ratio-viralidad\/","title":{"rendered":"Ratio de Viralidad"},"content":{"rendered":"<h1><img loading=\"lazy\" decoding=\"async\" class=\"alignnone  wp-image-12776\" src=\"https:\/\/www.appyweb.es\/diccionario\/wp-content\/uploads\/2024\/03\/ratio-de-viralidad-300x180.jpg\" alt=\"Ratio de viralidad\" width=\"973\" height=\"584\" srcset=\"https:\/\/www.appyweb.es\/diccionario\/wp-content\/uploads\/2024\/03\/ratio-de-viralidad-300x180.jpg 300w, https:\/\/www.appyweb.es\/diccionario\/wp-content\/uploads\/2024\/03\/ratio-de-viralidad-768x461.jpg 768w, https:\/\/www.appyweb.es\/diccionario\/wp-content\/uploads\/2024\/03\/ratio-de-viralidad.jpg 1000w\" sizes=\"auto, (max-width: 973px) 100vw, 973px\" \/><\/h1>\n<p>Es un indicador que se utiliza con frecuencia en el email marketing, <strong>el ratio de viralidad permite medir la cantidad de veces que los usuarios reenviaron<\/strong> o compartieron un email enviado por la empresa.<\/p>\n<h2>\u00bfQu\u00e9 es ratio de viralidad?<\/h2>\n<p>Como se mencion\u00f3 arriba, esta tasa busca medir el resultado de interacciones m\u00e1s all\u00e1 que solo la apertura de un email. M\u00e1s bien, el ratio de viralidad se utiliza para<strong> estudiar la cantidad de veces que se comparte un email<\/strong> con otros usuarios de forma indirecta. Es decir, a un suscriptor le gusto el env\u00edo de una newsletter y la comparti\u00f3 con todos sus amigos despu\u00e9s.<\/p>\n<p>Aunque algunos expertos consideran que se trata de una m\u00e9trica de vanidad <a href=\"https:\/\/www.appyweb.es\/email-marketing-para-empresas\/\">en email marketing<\/a>, la verdad es que puede ser \u00fatil para generar nuevos leads o suscriptores. Aparte, es un gran indicador de efectividad y rentabilidad, ya que la empresa no pagar\u00e1 por esos env\u00edos extra.<\/p>\n<h2>\u00bfPara qu\u00e9 sirve el ratio de viralidad?<\/h2>\n<p>En primer lugar, sirven para <strong>medir la cantidad de veces que un email fue reenviado o compartido<\/strong>. Sin embargo, el ratio de viralidad tambi\u00e9n se puede medir en otras plataformas o tipos de campa\u00f1as, <a href=\"https:\/\/www.appyweb.es\/marketing-de-contenidos\/\">como en el marketing de contenidos<\/a> o las estrategias en redes sociales. B\u00e1sicamente, se analizan las visualizaciones que se generaron a partir de los mismos usuarios.<\/p>\n<p>Esto es muy \u00fatil no solo para conocer la rentabilidad y efectividad de las estrategias, sino tambi\u00e9n para determinar cu\u00e1les son los usuarios que pueden ser fidelizados o incluso utilizados como influencers en otras estrategias. De esta forma, los mismos usuarios se convierten en promotores voluntarios de la empresa.<\/p>\n<h2>\u00bfC\u00f3mo se calcula el ratio de viralidad?<\/h2>\n<p>Bien, ya se mencion\u00f3 que se puede utilizar para calcular los emails reenviados, y as\u00ed es como se plantea en la f\u00f3rmula, pero se puede utilizar para cualquier plataforma, estrategia o escenario, se calcula de la siguiente forma.<\/p>\n<ul>\n<li><em>Ratio de viralidad (RV) = n\u00famero total de emails o mensajes reenviados \/ n\u00famero total de emails enviados * 100.<\/em><\/li>\n<\/ul>\n<p>Por ejemplo, si en una campa\u00f1a de email marketing, una empresa env\u00eda 10.000 newsletters y de all\u00ed resultaron 100 reenv\u00edos, el RV se calcular\u00eda as\u00ed.<\/p>\n<ul>\n<li>RV = 100 \/ 10.000 * 100<\/li>\n<li>RV 1%<\/li>\n<\/ul>\n<h2>\u00bfY qu\u00e9 es el \u00edndice de viralidad de Facebook?<\/h2>\n<p>A partir del 2020, Facebook comparti\u00f3 nuevas funcionalidades con los usuarios de su secci\u00f3n Business en la p\u00e1gina de empresas. Con esto, sumaron nuevas m\u00e9tricas de an\u00e1lisis a Facebook Insights, como alcance potencial de \u00abamigos de fans\u00bb, alcance total semanal y People Talking About This (PTAT). Esta \u00faltima <strong>se refiere a la cantidad de interacciones que se generan en un post<\/strong>, lo que b\u00e1sicamente es un \u00edndice de viralidad.<\/p>\n<p>Lo mejor de estas nuevas herramientas es que est\u00e1n disponibles en tiempo real, es decir, las empresas sabr\u00e1n c\u00f3mo se produce el fen\u00f3meno viral a detalle. Esto permite establecer estrategias a futuro con m\u00e1s posibilidades de viralizaci\u00f3n, lo que favorece a la visibilidad de la empresa, a la generaci\u00f3n de leads y como no, a las ventas.<\/p>\n<p><script type=\"application\/ld+json\">{\"@context\":\"https:\/\/schema.org\",\"@type\":\"FAQPage\",\"mainEntity\":[ \n{\"@type\":\"Question\",\"name\":\"\ud83d\udccc \u00bfQu\u00e9 es ratio de viralidad?\",\"acceptedAnswer\":{\"@type\":\"Answer\",\"text\":\"<\/p>\n<p>Como se mencion\u00f3 arriba, esta tasa busca medir el resultado de interacciones m\u00e1s all\u00e1 que solo la apertura de un email. M\u00e1s bien, el ratio de viralidad se utiliza para<strong> estudiar la cantidad de veces que se comparte un email<\/strong> con otros usuarios de forma indirecta. Es decir, a un suscriptor le gusto el env\u00edo de una newsletter y la comparti\u00f3 con todos sus amigos despu\u00e9s.<\/p>\n<p>Aunque algunos expertos consideran que se trata de una m\u00e9trica de vanidad <a href='https:\/\/www.appyweb.es\/email-marketing-para-empresas\/'>en email marketing<\/a>, la verdad es que puede ser \u00fatil para generar nuevos leads o suscriptores. Aparte, es un gran indicador de efectividad y rentabilidad, ya que la empresa no pagar\u00e1 por esos env\u00edos extra.<\/p>\n<p>\"}},\n{\"@type\":\"Question\",\"name\":\"\ud83d\udccc \u00bfPara qu\u00e9 sirve el ratio de viralidad?\",\"acceptedAnswer\":{\"@type\":\"Answer\",\"text\":\"<\/p>\n<p>En primer lugar, sirven para <strong>medir la cantidad de veces que un email fue reenviado o compartido<\/strong>. Sin embargo, el ratio de viralidad tambi\u00e9n se puede medir en otras plataformas o tipos de campa\u00f1as, <a href='https:\/\/www.appyweb.es\/marketing-de-contenidos\/'>como en el marketing de contenidos<\/a> o las estrategias en redes sociales. B\u00e1sicamente, se analizan las visualizaciones que se generaron a partir de los mismos usuarios.<\/p>\n<p>Esto es muy \u00fatil no solo para conocer la rentabilidad y efectividad de las estrategias, sino tambi\u00e9n para determinar cu\u00e1les son los usuarios que pueden ser fidelizados o incluso utilizados como influencers en otras estrategias. De esta forma, los mismos usuarios se convierten en promotores voluntarios de la empresa.<\/p>\n<p>\"}},\n{\"@type\":\"Question\",\"name\":\"\ud83d\udccc \u00bfC\u00f3mo se calcula el ratio de viralidad?\",\"acceptedAnswer\":{\"@type\":\"Answer\",\"text\":\"<\/p>\n<p>Bien, ya se mencion\u00f3 que se puede utilizar para calcular los emails reenviados, y as\u00ed es como se plantea en la f\u00f3rmula, pero se puede utilizar para cualquier plataforma, estrategia o escenario, se calcula de la siguiente forma.<\/p>\n<\/p>\n<ul>\n<\/p>\n<li><em>Ratio de viralidad (RV) = n\u00famero total de emails o mensajes reenviados \/ n\u00famero total de emails enviados * 100.<\/em><\/li>\n<\/p>\n<\/p>\n<\/ul>\n<\/p>\n<\/p>\n<p>Por ejemplo, si en una campa\u00f1a de email marketing, una empresa env\u00eda 10.000 newsletters y de all\u00ed resultaron 100 reenv\u00edos, el RV se calcular\u00eda as\u00ed.<\/p>\n<\/p>\n<ul>\n<\/p>\n<li>RV = 100 \/ 10.000 * 100<\/li>\n<\/p>\n<\/p>\n<\/p>\n<li>RV 1%<\/li>\n<\/p>\n<\/p>\n<\/ul>\n<\/p>\n<\/p>\n<p>\"}},\n{\"@type\":\"Question\",\"name\":\"\ud83d\udccc \u00bfY qu\u00e9 es el \u00edndice de viralidad de Facebook?\",\"acceptedAnswer\":{\"@type\":\"Answer\",\"text\":\"<\/p>\n<p>A partir del 2020, Facebook comparti\u00f3 nuevas funcionalidades con los usuarios de su secci\u00f3n Business en la p\u00e1gina de empresas. Con esto, sumaron nuevas m\u00e9tricas de an\u00e1lisis a Facebook Insights, como alcance potencial de 'amigos de fans', alcance total semanal y People Talking About This (PTAT). Esta \u00faltima <strong>se refiere a la cantidad de interacciones que se generan en un post<\/strong>, lo que b\u00e1sicamente es un \u00edndice de viralidad.<\/p>\n<p>Lo mejor de estas nuevas herramientas es que est\u00e1n disponibles en tiempo real, es decir, las empresas sabr\u00e1n c\u00f3mo se produce el fen\u00f3meno viral a detalle. Esto permite establecer estrategias a futuro con m\u00e1s posibilidades de viralizaci\u00f3n, lo que favorece a la visibilidad de la empresa, a la generaci\u00f3n de leads y como no, a las ventas.<\/p>\n<p>\"}}\n]}<\/script><\/p>\n<h2>M\u00e1s informaci\u00f3n sobre ratio de viralidad<\/h2>\n<p>\u00bfSabes c\u00f3mo <strong>aprovechar los contenidos virales de tu empresa<\/strong> o c\u00f3mo crear las condiciones para hacerlo? mira estos enlaces para mejorar tus estrategias.<\/p>\n<ul>\n<li><a href=\"https:\/\/www.appyweb.es\/como-medir-efectividad-campanas-influencers\/\">C\u00f3mo medir la efectividad de tus campa\u00f1as con influencers<\/a><\/li>\n<li><a href=\"https:\/\/www.estrategiaweb360.com\/viralidad-redes-sociales\/\" rel=\"nofollow noopener\" target=\"_blank\">\u00bfC\u00f3mo aprovechar la viralidad en redes sociales?<\/a><\/li>\n<\/ul>\n<p>&nbsp;<\/p>\n","protected":false},"excerpt":{"rendered":"<p>Es un indicador que se utiliza con frecuencia en el email marketing, el ratio de viralidad permite medir la cantidad de veces que los usuarios reenviaron o compartieron un email enviado por la empresa. \u00bfQu\u00e9 es ratio de viralidad? Como se mencion\u00f3 arriba, esta tasa busca medir el resultado de interacciones m\u00e1s all\u00e1 que solo [&hellip;]<\/p>\n","protected":false},"author":1,"featured_media":12776,"parent":0,"menu_order":0,"comment_status":"open","ping_status":"closed","template":"","meta":{"inline_featured_image":false,"footnotes":""},"class_list":["post-3581","page","type-page","status-publish","has-post-thumbnail","hentry"],"_links":{"self":[{"href":"https:\/\/www.appyweb.es\/diccionario\/wp-json\/wp\/v2\/pages\/3581","targetHints":{"allow":["GET"]}}],"collection":[{"href":"https:\/\/www.appyweb.es\/diccionario\/wp-json\/wp\/v2\/pages"}],"about":[{"href":"https:\/\/www.appyweb.es\/diccionario\/wp-json\/wp\/v2\/types\/page"}],"author":[{"embeddable":true,"href":"https:\/\/www.appyweb.es\/diccionario\/wp-json\/wp\/v2\/users\/1"}],"replies":[{"embeddable":true,"href":"https:\/\/www.appyweb.es\/diccionario\/wp-json\/wp\/v2\/comments?post=3581"}],"version-history":[{"count":5,"href":"https:\/\/www.appyweb.es\/diccionario\/wp-json\/wp\/v2\/pages\/3581\/revisions"}],"predecessor-version":[{"id":12778,"href":"https:\/\/www.appyweb.es\/diccionario\/wp-json\/wp\/v2\/pages\/3581\/revisions\/12778"}],"wp:featuredmedia":[{"embeddable":true,"href":"https:\/\/www.appyweb.es\/diccionario\/wp-json\/wp\/v2\/media\/12776"}],"wp:attachment":[{"href":"https:\/\/www.appyweb.es\/diccionario\/wp-json\/wp\/v2\/media?parent=3581"}],"curies":[{"name":"wp","href":"https:\/\/api.w.org\/{rel}","templated":true}]}}