{"id":3585,"date":"2023-06-22T16:31:56","date_gmt":"2023-06-22T16:31:56","guid":{"rendered":"https:\/\/www.appyweb.es\/diccionario\/?post_type=project&#038;p=3585"},"modified":"2024-03-28T16:16:23","modified_gmt":"2024-03-28T16:16:23","slug":"realidad-aumentada","status":"publish","type":"page","link":"https:\/\/www.appyweb.es\/diccionario\/realidad-aumentada\/","title":{"rendered":"Realidad Aumentada"},"content":{"rendered":"<p><img loading=\"lazy\" decoding=\"async\" class=\"alignnone  wp-image-12782\" src=\"https:\/\/www.appyweb.es\/diccionario\/wp-content\/uploads\/2024\/03\/realidad-aumentada-300x180.jpg\" alt=\"Realidad Aumentada\" width=\"977\" height=\"586\" srcset=\"https:\/\/www.appyweb.es\/diccionario\/wp-content\/uploads\/2024\/03\/realidad-aumentada-300x180.jpg 300w, https:\/\/www.appyweb.es\/diccionario\/wp-content\/uploads\/2024\/03\/realidad-aumentada-768x461.jpg 768w, https:\/\/www.appyweb.es\/diccionario\/wp-content\/uploads\/2024\/03\/realidad-aumentada.jpg 1000w\" sizes=\"auto, (max-width: 977px) 100vw, 977px\" \/><\/p>\n<p>Se trata de una tecnolog\u00eda que permite visualizar elementos en el mundo real a trav\u00e9s de dispositivos inteligentes. <strong>La realidad aumentada permite generar experiencias gr\u00e1ficas v\u00edvidas<\/strong> y entretenidas.<\/p>\n<h2>\u00bfQu\u00e9 es la realidad aumentada?<\/h2>\n<p>Para definir lo que es la realidad aumentada, debemos decir que es una tecnolog\u00eda que est\u00e1 ganando mucho terreno en la actualidad. Consiste principalmente <strong>en lo que se conoce como las superposiciones de las im\u00e1genes<\/strong>, es decir una sobre otra. La mayor\u00eda de las veces se generan en im\u00e1genes captadas por una c\u00e1mara.<\/p>\n<p>Es utilizada con frecuencia <a href=\"https:\/\/www.appyweb.es\/marketing-de-atraccion\/\">en el marketing de atracci\u00f3n<\/a> en el sector turismo, ya que permiten ofrecer experiencias virtuales desde monumentos o lugares populares. Con esta tecnolog\u00eda los usuarios pueden llegar a interactuar con el mundo virtual y real al mismo tiempo.<\/p>\n<h2>\u00bfPara qu\u00e9 sirve la realidad aumentada?<\/h2>\n<p>Se utilizan con frecuencia en campa\u00f1as de marketing, como el ejemplo anterior, existen muchas aplicaciones y tecnolog\u00eda como Google Lens o Google Art que permite apuntar la c\u00e1mara de un dispositivo inteligente hacia un punto espec\u00edfico (como una estatua o monumento) y generar elementos como un texto explicativo o fotograf\u00edas hist\u00f3ricas del mismo.<\/p>\n<p>Tambi\u00e9n existen <a href=\"https:\/\/www.appyweb.es\/desarrollo-app\/\">recursos digitales y desarrollos de apps<\/a> que permiten <strong>utilizar la realidad aumentada para entretener<\/strong>. Por ejemplo, Pok\u00e9mon Go es un juego que utiliza esta tecnolog\u00eda, se pueden visualizar los elementos a trav\u00e9s de la c\u00e1mara en lugares reales.<\/p>\n<h2>Tipos de realidad aumentada<\/h2>\n<ul>\n<li><strong>Basada en reconocimiento<\/strong>: Utilizan se\u00f1ales o figuras para mostrar los elementos virtuales, como una se\u00f1al de tr\u00e1nsito o un rostro.<\/li>\n<li><strong>Superposici\u00f3n<\/strong>: Se genera <strong>mostrando una vista diferente de un elemento en el mundo real<\/strong>, por ejemplo, un plano original sobre un monumento arruinado.<\/li>\n<li><strong>Localizaci\u00f3n<\/strong>: Estos aparecen en puntos de referencia, como lugares tur\u00edsticos muy populares, restaurantes, locales, hoteles, etc.<\/li>\n<li><strong>Turismo<\/strong>: Como se mencion\u00f3 arriba, existen muchos lugares tur\u00edsticos que utilizan esta tecnolog\u00eda para informar y entretener.<\/li>\n<li><strong>Medicina<\/strong>: Se emplea para la formaci\u00f3n, por ejemplo, explicar c\u00f3mo funciona un \u00f3rgano o cu\u00e1les son las reacciones de un paciente al operar.<\/li>\n<\/ul>\n<h2>Ejemplo de realidad aumentada<\/h2>\n<p>Actualmente, existen muchos museos que cuentan con esta tecnolog\u00eda para informar o mostrar eventos hist\u00f3ricos de forma sorprendente. Por ejemplo, <strong>en M\u00e9xico se inaugur\u00f3 un museo de realidad aumentada<\/strong>, llamado Trick Eye que ofrece ilusiones \u00f3ptimas y divertidas a trav\u00e9s de pantallas y objetos inteligentes.<\/p>\n<p>Los juegos como Pok\u00e9mon Go o Harry Potter tambi\u00e9n cuentan con esta tecnolog\u00eda. La verdad es que se est\u00e1 empezando a utilizar en un mont\u00f3n de contextos, lo que permite que su desarrollo crezca y sea la principal competencia de la realidad virtual.<\/p>\n<p><script type=\"application\/ld+json\">{\"@context\":\"https:\/\/schema.org\",\"@type\":\"FAQPage\",\"mainEntity\":[ \n{\"@type\":\"Question\",\"name\":\"\ud83d\udccc \u00bfQu\u00e9 es la realidad aumentada?\",\"acceptedAnswer\":{\"@type\":\"Answer\",\"text\":\"<\/p>\n<p>Para definir lo que es la realidad aumentada, debemos decir que es una tecnolog\u00eda que est\u00e1 ganando mucho terreno en la actualidad. Consiste principalmente <strong>en lo que se conoce como las superposiciones de las im\u00e1genes<\/strong>, es decir una sobre otra. La mayor\u00eda de las veces se generan en im\u00e1genes captadas por una c\u00e1mara.<\/p>\n<p>Es utilizada con frecuencia <a href='https:\/\/www.appyweb.es\/marketing-de-atraccion\/'>en el marketing de atracci\u00f3n<\/a> en el sector turismo, ya que permiten ofrecer experiencias virtuales desde monumentos o lugares populares. Con esta tecnolog\u00eda los usuarios pueden llegar a interactuar con el mundo virtual y real al mismo tiempo.<\/p>\n<p>\"}},\n{\"@type\":\"Question\",\"name\":\"\ud83d\udccc \u00bfPara qu\u00e9 sirve la realidad aumentada?\",\"acceptedAnswer\":{\"@type\":\"Answer\",\"text\":\"<\/p>\n<p>Se utilizan con frecuencia en campa\u00f1as de marketing, como el ejemplo anterior, existen muchas aplicaciones y tecnolog\u00eda como Google Lens o Google Art que permite apuntar la c\u00e1mara de un dispositivo inteligente hacia un punto espec\u00edfico (como una estatua o monumento) y generar elementos como un texto explicativo o fotograf\u00edas hist\u00f3ricas del mismo.<\/p>\n<p>Tambi\u00e9n existen <a href='https:\/\/www.appyweb.es\/desarrollo-app\/'>recursos digitales y desarrollos de apps<\/a> que permiten <strong>utilizar la realidad aumentada para entretener<\/strong>. Por ejemplo, Pok\u00e9mon Go es un juego que utiliza esta tecnolog\u00eda, se pueden visualizar los elementos a trav\u00e9s de la c\u00e1mara en lugares reales.<\/p>\n<p>\"}},\n{\"@type\":\"Question\",\"name\":\"\ud83d\udccc Tipos de realidad aumentada\",\"acceptedAnswer\":{\"@type\":\"Answer\",\"text\":\"<\/p>\n<\/p>\n<ul>\n<\/p>\n<li><strong>Basada en reconocimiento<\/strong>: Utilizan se\u00f1ales o figuras para mostrar los elementos virtuales, como una se\u00f1al de tr\u00e1nsito o un rostro.<\/li>\n<\/p>\n<\/p>\n<\/p>\n<li><strong>Superposici\u00f3n<\/strong>: Se genera <strong>mostrando una vista diferente de un elemento en el mundo real<\/strong>, por ejemplo, un plano original sobre un monumento arruinado.<\/li>\n<\/p>\n<\/p>\n<\/p>\n<li><strong>Localizaci\u00f3n<\/strong>: Estos aparecen en puntos de referencia, como lugares tur\u00edsticos muy populares, restaurantes, locales, hoteles, etc.<\/li>\n<\/p>\n<\/p>\n<\/p>\n<li><strong>Turismo<\/strong>: Como se mencion\u00f3 arriba, existen muchos lugares tur\u00edsticos que utilizan esta tecnolog\u00eda para informar y entretener.<\/li>\n<\/p>\n<\/p>\n<\/p>\n<li><strong>Medicina<\/strong>: Se emplea para la formaci\u00f3n, por ejemplo, explicar c\u00f3mo funciona un \u00f3rgano o cu\u00e1les son las reacciones de un paciente al operar.<\/li>\n<\/p>\n<\/p>\n<\/ul>\n<\/p>\n<\/p>\n<p>\"}},\n{\"@type\":\"Question\",\"name\":\"\ud83d\udccc Ejemplo de realidad aumentada\",\"acceptedAnswer\":{\"@type\":\"Answer\",\"text\":\"<\/p>\n<p>Actualmente, existen muchos museos que cuentan con esta tecnolog\u00eda para informar o mostrar eventos hist\u00f3ricos de forma sorprendente. Por ejemplo, <strong>en M\u00e9xico se inaugur\u00f3 un museo de realidad aumentada<\/strong>, llamado Trick Eye que ofrece ilusiones \u00f3ptimas y divertidas a trav\u00e9s de pantallas y objetos inteligentes.<\/p>\n<p>Los juegos como Pok\u00e9mon Go o Harry Potter tambi\u00e9n cuentan con esta tecnolog\u00eda. La verdad es que se est\u00e1 empezando a utilizar en un mont\u00f3n de contextos, lo que permite que su desarrollo crezca y sea la principal competencia de la realidad virtual.<\/p>\n<p>\"}}\n]}<\/script><\/p>\n<h2>M\u00e1s informaci\u00f3n sobre realidad aumentada<\/h2>\n<p>Si quieres ver m\u00e1s ejemplos de esta tecnolog\u00eda, lo puedes hacer desde apps como TikTok o Instagram, la utilizan en filtros muy creativos para entretener. Mira estos enlaces para m\u00e1s informaci\u00f3n.<\/p>\n<ul>\n<li><a href=\"https:\/\/www.appyweb.es\/seo-local-multiples-ubicaciones\/\">SEO local: necesitas saber m\u00faltiples ubicaciones<\/a><\/li>\n<li><a href=\"https:\/\/hipertextual.com\/2021\/03\/arloopa-realidad-aumentada-mundo-real\" rel=\"nofollow noopener\" target=\"_blank\">Con esta app, la realidad aumentada se funde con el mundo real<\/a><\/li>\n<\/ul>\n<p>&nbsp;<\/p>\n","protected":false},"excerpt":{"rendered":"<p>Se trata de una tecnolog\u00eda que permite visualizar elementos en el mundo real a trav\u00e9s de dispositivos inteligentes. La realidad aumentada permite generar experiencias gr\u00e1ficas v\u00edvidas y entretenidas. \u00bfQu\u00e9 es la realidad aumentada? Para definir lo que es la realidad aumentada, debemos decir que es una tecnolog\u00eda que est\u00e1 ganando mucho terreno en la actualidad. [&hellip;]<\/p>\n","protected":false},"author":1,"featured_media":12782,"parent":0,"menu_order":0,"comment_status":"open","ping_status":"closed","template":"","meta":{"inline_featured_image":false,"footnotes":""},"class_list":["post-3585","page","type-page","status-publish","has-post-thumbnail","hentry"],"_links":{"self":[{"href":"https:\/\/www.appyweb.es\/diccionario\/wp-json\/wp\/v2\/pages\/3585","targetHints":{"allow":["GET"]}}],"collection":[{"href":"https:\/\/www.appyweb.es\/diccionario\/wp-json\/wp\/v2\/pages"}],"about":[{"href":"https:\/\/www.appyweb.es\/diccionario\/wp-json\/wp\/v2\/types\/page"}],"author":[{"embeddable":true,"href":"https:\/\/www.appyweb.es\/diccionario\/wp-json\/wp\/v2\/users\/1"}],"replies":[{"embeddable":true,"href":"https:\/\/www.appyweb.es\/diccionario\/wp-json\/wp\/v2\/comments?post=3585"}],"version-history":[{"count":5,"href":"https:\/\/www.appyweb.es\/diccionario\/wp-json\/wp\/v2\/pages\/3585\/revisions"}],"predecessor-version":[{"id":12787,"href":"https:\/\/www.appyweb.es\/diccionario\/wp-json\/wp\/v2\/pages\/3585\/revisions\/12787"}],"wp:featuredmedia":[{"embeddable":true,"href":"https:\/\/www.appyweb.es\/diccionario\/wp-json\/wp\/v2\/media\/12782"}],"wp:attachment":[{"href":"https:\/\/www.appyweb.es\/diccionario\/wp-json\/wp\/v2\/media?parent=3585"}],"curies":[{"name":"wp","href":"https:\/\/api.w.org\/{rel}","templated":true}]}}