{"id":3590,"date":"2023-06-22T16:32:54","date_gmt":"2023-06-22T16:32:54","guid":{"rendered":"https:\/\/www.appyweb.es\/diccionario\/?post_type=project&#038;p=3590"},"modified":"2024-03-28T16:27:36","modified_gmt":"2024-03-28T16:27:36","slug":"red-de-busqueda","status":"publish","type":"page","link":"https:\/\/www.appyweb.es\/diccionario\/red-de-busqueda\/","title":{"rendered":"Red de b\u00fasqueda"},"content":{"rendered":"<h1><img loading=\"lazy\" decoding=\"async\" class=\"alignnone  wp-image-12793\" src=\"https:\/\/www.appyweb.es\/diccionario\/wp-content\/uploads\/2024\/03\/red-de-busqueda-300x180.jpg\" alt=\"Red de Busqueda\" width=\"972\" height=\"583\" srcset=\"https:\/\/www.appyweb.es\/diccionario\/wp-content\/uploads\/2024\/03\/red-de-busqueda-300x180.jpg 300w, https:\/\/www.appyweb.es\/diccionario\/wp-content\/uploads\/2024\/03\/red-de-busqueda-768x461.jpg 768w, https:\/\/www.appyweb.es\/diccionario\/wp-content\/uploads\/2024\/03\/red-de-busqueda.jpg 1000w\" sizes=\"auto, (max-width: 972px) 100vw, 972px\" \/><\/h1>\n<p>Es una secci\u00f3n de la red de Google que muestra todos los sitios web <strong>donde se puede mostrar un anuncio<\/strong>, en algunas plataformas de consulta de la empresa. La red de b\u00fasqueda se refiere a Google Maps, Google Im\u00e1genes, Shopping, etc.<\/p>\n<h2>\u00bfQu\u00e9 es la red de b\u00fasqueda?<\/h2>\n<p>Engloba servicios y sitios web que est\u00e1n disponibles <strong>para promover anuncios a partir de las consultas de los usuarios<\/strong>. Es un t\u00e9rmino muy similar a la herramienta de display <a href=\"https:\/\/www.appyweb.es\/campanas-google-adwords\/\">de Google Ads<\/a> pero, se refiere a la demanda m\u00e1s que a la oferta, es decir, la relaci\u00f3n que guarda el anuncio con las consultas de los usuarios.<\/p>\n<p>Usualmente, la plataforma de anuncios utiliza el m\u00e9todo de pago por clic (PPC) para publicitar en la red de b\u00fasqueda. Es decir, que no importa la cantidad de veces que aparezca un anuncio en esas plataformas o sitios webs asociados, sino la cantidad de veces que los usuarios hagan clic sobre \u00e9l.<\/p>\n<h2>\u00bfPara qu\u00e9 sirve la red de b\u00fasqueda?<\/h2>\n<p>Cuando un anunciante hace una campa\u00f1a para la red de b\u00fasqueda tiene grandes posibilidades de rentabilidad, ya que se obtiene una tasa de conversi\u00f3n m\u00e1s alta. Esto es debido a que los usuarios <strong>est\u00e1n buscando algo en lo que posiblemente tengan un inter\u00e9s comercial<\/strong>, aunque tambi\u00e9n pueden hacerlo para encontrar soluci\u00f3n a una necesidad o consulta.<\/p>\n<p>Igualmente, esta estrategia de anuncios permite conocer algunos rasgos <a href=\"https:\/\/www.appyweb.es\/posicionamiento-web\/\">para el posicionamiento web<\/a>, por ejemplo, como cu\u00e1les son las palabras clave que utilizan los usuarios en las consultas del motor. Esta informaci\u00f3n puede funcionar para conocer el posicionamiento web org\u00e1nico y mejorar las optimizaciones SEO.<\/p>\n<h2>\u00bfCu\u00e1l es la diferencia entre red de b\u00fasqueda y de display?<\/h2>\n<p>Ahora bien, es cierto que la red de display es muy similar, sin embargo, \u00e9sta se enfoca seg\u00fan la oferta, es decir, existe una competencia entre anunciantes por el posicionamiento de los anuncios en el buscador o en sitios web asociados. Pero, <strong>la de b\u00fasqueda se enfoca m\u00e1s en la relaci\u00f3n del anuncio con la consulta del consumidor<\/strong>, sin la necesidad de competir solo por las visualizaciones.<\/p>\n<p>De all\u00ed se establece su m\u00e9todo de pago por clic, ya que solo se cobrar\u00e1 el anuncio seg\u00fan la cantidad de veces que las personas hagan clic. En la de display se puede cobrar por visualizaciones o conversiones.<\/p>\n<h2>\u00bfQui\u00e9nes conforman la red de b\u00fasqueda?<\/h2>\n<p>El propio buscador de Google es la plataforma principal que la conforma, entre otras como Google Maps, Play Store, Google Shopping y por supuesto, los partners de Google que son sitios web certificados, que cuentan con espacios publicitarios para los anunciantes de la plataforma.<\/p>\n<p><script type=\"application\/ld+json\">{\"@context\":\"https:\/\/schema.org\",\"@type\":\"FAQPage\",\"mainEntity\":[ \n{\"@type\":\"Question\",\"name\":\"\ud83d\udccc \u00bfQu\u00e9 es la red de b\u00fasqueda?\",\"acceptedAnswer\":{\"@type\":\"Answer\",\"text\":\"<\/p>\n<p>Engloba servicios y sitios web que est\u00e1n disponibles <strong>para promover anuncios a partir de las consultas de los usuarios<\/strong>. Es un t\u00e9rmino muy similar a la herramienta de display <a href='https:\/\/www.appyweb.es\/campanas-google-adwords\/'>de Google Ads<\/a> pero, se refiere a la demanda m\u00e1s que a la oferta, es decir, la relaci\u00f3n que guarda el anuncio con las consultas de los usuarios.<\/p>\n<p>Usualmente, la plataforma de anuncios utiliza el m\u00e9todo de pago por clic (PPC) para publicitar en la red de b\u00fasqueda. Es decir, que no importa la cantidad de veces que aparezca un anuncio en esas plataformas o sitios webs asociados, sino la cantidad de veces que los usuarios hagan clic sobre \u00e9l.<\/p>\n<p>\"}},\n{\"@type\":\"Question\",\"name\":\"\ud83d\udccc \u00bfPara qu\u00e9 sirve la red de b\u00fasqueda?\",\"acceptedAnswer\":{\"@type\":\"Answer\",\"text\":\"<\/p>\n<p>Cuando un anunciante hace una campa\u00f1a para la red de b\u00fasqueda tiene grandes posibilidades de rentabilidad, ya que se obtiene una tasa de conversi\u00f3n m\u00e1s alta. Esto es debido a que los usuarios <strong>est\u00e1n buscando algo en lo que posiblemente tengan un inter\u00e9s comercial<\/strong>, aunque tambi\u00e9n pueden hacerlo para encontrar soluci\u00f3n a una necesidad o consulta.<\/p>\n<p>Igualmente, esta estrategia de anuncios permite conocer algunos rasgos <a href='https:\/\/www.appyweb.es\/posicionamiento-web\/'>para el posicionamiento web<\/a>, por ejemplo, como cu\u00e1les son las palabras clave que utilizan los usuarios en las consultas del motor. Esta informaci\u00f3n puede funcionar para conocer el posicionamiento web org\u00e1nico y mejorar las optimizaciones SEO.<\/p>\n<p>\"}},\n{\"@type\":\"Question\",\"name\":\"\ud83d\udccc \u00bfCu\u00e1l es la diferencia entre red de b\u00fasqueda y de display?\",\"acceptedAnswer\":{\"@type\":\"Answer\",\"text\":\"<\/p>\n<p>Ahora bien, es cierto que la red de display es muy similar, sin embargo, \u00e9sta se enfoca seg\u00fan la oferta, es decir, existe una competencia entre anunciantes por el posicionamiento de los anuncios en el buscador o en sitios web asociados. Pero, <strong>la de b\u00fasqueda se enfoca m\u00e1s en la relaci\u00f3n del anuncio con la consulta del consumidor<\/strong>, sin la necesidad de competir solo por las visualizaciones.<\/p>\n<p>De all\u00ed se establece su m\u00e9todo de pago por clic, ya que solo se cobrar\u00e1 el anuncio seg\u00fan la cantidad de veces que las personas hagan clic. En la de display se puede cobrar por visualizaciones o conversiones.<\/p>\n<p>\"}},\n{\"@type\":\"Question\",\"name\":\"\ud83d\udccc \u00bfQui\u00e9nes conforman la red de b\u00fasqueda?\",\"acceptedAnswer\":{\"@type\":\"Answer\",\"text\":\"<\/p>\n<p>El propio buscador de Google es la plataforma principal que la conforma, entre otras como Google Maps, Play Store, Google Shopping y por supuesto, los partners de Google que son sitios web certificados, que cuentan con espacios publicitarios para los anunciantes de la plataforma.<\/p>\n<p>\"}}\n]}<\/script><\/p>\n<h2>M\u00e1s informaci\u00f3n sobre red de b\u00fasqueda<\/h2>\n<p>Existen muchas caracter\u00edsticas importantes sobre esta funcionalidad en la plataforma de anuncios \u00bfquieres saber m\u00e1s? mira estos enlaces.<\/p>\n<ul>\n<li><a href=\"https:\/\/www.appyweb.es\/diccionario\/red-de-display\/\">\u00bfQu\u00e9 es la Red de Display y para qu\u00e9 sirve?<\/a><\/li>\n<li><a href=\"https:\/\/support.google.com\/google-ads\/answer\/1722047\" rel=\"nofollow noopener\" target=\"_blank\">Acerca de la Red de B\u00fasqueda de Google<\/a><\/li>\n<\/ul>\n<p>&nbsp;<\/p>\n","protected":false},"excerpt":{"rendered":"<p>Es una secci\u00f3n de la red de Google que muestra todos los sitios web donde se puede mostrar un anuncio, en algunas plataformas de consulta de la empresa. La red de b\u00fasqueda se refiere a Google Maps, Google Im\u00e1genes, Shopping, etc. \u00bfQu\u00e9 es la red de b\u00fasqueda? Engloba servicios y sitios web que est\u00e1n disponibles [&hellip;]<\/p>\n","protected":false},"author":1,"featured_media":12793,"parent":0,"menu_order":0,"comment_status":"open","ping_status":"closed","template":"","meta":{"inline_featured_image":false,"footnotes":""},"class_list":["post-3590","page","type-page","status-publish","has-post-thumbnail","hentry"],"_links":{"self":[{"href":"https:\/\/www.appyweb.es\/diccionario\/wp-json\/wp\/v2\/pages\/3590","targetHints":{"allow":["GET"]}}],"collection":[{"href":"https:\/\/www.appyweb.es\/diccionario\/wp-json\/wp\/v2\/pages"}],"about":[{"href":"https:\/\/www.appyweb.es\/diccionario\/wp-json\/wp\/v2\/types\/page"}],"author":[{"embeddable":true,"href":"https:\/\/www.appyweb.es\/diccionario\/wp-json\/wp\/v2\/users\/1"}],"replies":[{"embeddable":true,"href":"https:\/\/www.appyweb.es\/diccionario\/wp-json\/wp\/v2\/comments?post=3590"}],"version-history":[{"count":5,"href":"https:\/\/www.appyweb.es\/diccionario\/wp-json\/wp\/v2\/pages\/3590\/revisions"}],"predecessor-version":[{"id":12795,"href":"https:\/\/www.appyweb.es\/diccionario\/wp-json\/wp\/v2\/pages\/3590\/revisions\/12795"}],"wp:featuredmedia":[{"embeddable":true,"href":"https:\/\/www.appyweb.es\/diccionario\/wp-json\/wp\/v2\/media\/12793"}],"wp:attachment":[{"href":"https:\/\/www.appyweb.es\/diccionario\/wp-json\/wp\/v2\/media?parent=3590"}],"curies":[{"name":"wp","href":"https:\/\/api.w.org\/{rel}","templated":true}]}}